{"id":2417,"date":"2022-12-28T10:50:28","date_gmt":"2022-12-28T02:50:28","guid":{"rendered":"https:\/\/www.joker-fastener.com\/product\/hammer-in-fixingsnew-fixing\/"},"modified":"2023-02-08T16:18:28","modified_gmt":"2023-02-08T08:18:28","slug":"hammer-in-fixingsnew-fixing","status":"publish","type":"product","link":"https:\/\/www.joker-fastener.com\/de\/product\/hammer-in-fixingsnew-fixing\/","title":{"rendered":"Gipskarton Einschlagd\u00fcbel"},"content":{"rendered":"<p><span style=\"font-weight: 400;\">Gipskarton Einschlagd\u00fcbel eignet sich f\u00fcr leichte bis mittelschwere Anwendungen, beispielsweise zur Befestigung von Konvektoren, Rohren und Leuchten.<\/span><\/p>\n<p><span style=\"font-weight: 400;\">Hierzu wird er einfach mit dem Hammer eingeschlagen. Seine Zentrierspitze erm\u00f6glicht genaues Setzen am gew\u00fcnschten Punkt und die innere Gewindef\u00fchrung sorgt f\u00fcr einen sicheren Halt des Schraubengewindes. Empfohlen wird die Verarbeitung mit Spanplattenschrauben. Beim Eindrehen der Schraube spreizt der D\u00fcbel auf, verankert sich an der R\u00fcckseite des Baustoffes und bietet somit sicheren Halt.<\/span><\/p>\n","protected":false},"excerpt":{"rendered":"<p>Gipskarton Einschlagd\u00fcbel eignet sich f\u00fcr leichte bis mittelschwere Anwendungen, beispielsweise zur Befestigung von Konvektoren, Rohren und Leuchten. Hierzu wird er einfach mit dem Hammer eingeschlagen. Seine Zentrierspitze erm\u00f6glicht genaues Setzen am gew\u00fcnschten Punkt und die innere Gewindef\u00fchrung sorgt f\u00fcr einen sicheren Halt des Schraubengewindes. Empfohlen wird die Verarbeitung mit Spanplattenschrauben. Beim Eindrehen der Schraube spreizt [&hellip;]<\/p>\n","protected":false},"featured_media":5255,"template":"","meta":{"_acf_changed":false},"product_brand":[],"product_cat":[158,141],"product_tag":[],"class_list":{"0":"post-2417","1":"product","2":"type-product","3":"status-publish","4":"has-post-thumbnail","6":"product_cat-cavity-plasterboard-fixings-order-de","7":"product_cat-hammer-in-fixings-order-de","9":"first","10":"instock","11":"shipping-taxable","12":"product-type-simple"},"acf":[],"yoast_head":"<!-- This site is optimized with the Yoast SEO plugin v25.0 - https:\/\/yoast.com\/wordpress\/plugins\/seo\/ -->\n<title>Gipskarton Einschlagd\u00fcbel - JOKER INDUSTRIAL CO., LTD<\/title>\n<meta name=\"description\" content=\"Gipskarton Einschlagd\u00fcbel eignet sich f\u00fcr leichte bis mittelschwere Anwendungen, beispielsweise zur Befestigung von Konvektoren, Rohren und Leuchten.\" \/>\n<meta name=\"robots\" content=\"index, follow, max-snippet:-1, max-image-preview:large, max-video-preview:-1\" \/>\n<link rel=\"canonical\" href=\"https:\/\/www.joker-fastener.com\/de\/product\/hammer-in-fixingsnew-fixing\/\" \/>\n<meta property=\"og:locale\" content=\"de_DE\" \/>\n<meta property=\"og:type\" content=\"article\" \/>\n<meta property=\"og:title\" content=\"Gipskarton Einschlagd\u00fcbel - JOKER INDUSTRIAL CO., LTD\" \/>\n<meta property=\"og:description\" content=\"Gipskarton Einschlagd\u00fcbel eignet sich f\u00fcr leichte bis mittelschwere Anwendungen, beispielsweise zur Befestigung von Konvektoren, Rohren und Leuchten.\" \/>\n<meta property=\"og:url\" content=\"https:\/\/www.joker-fastener.com\/de\/product\/hammer-in-fixingsnew-fixing\/\" \/>\n<meta property=\"og:site_name\" content=\"JOKER INDUSTRIAL CO., LTD\" \/>\n<meta property=\"article:modified_time\" content=\"2023-02-08T08:18:28+00:00\" \/>\n<meta property=\"og:image\" content=\"https:\/\/www.joker-fastener.com\/wp-content\/uploads\/2022\/11\/new-fixings.jpg\" \/>\n\t<meta property=\"og:image:width\" content=\"360\" \/>\n\t<meta property=\"og:image:height\" content=\"360\" \/>\n\t<meta property=\"og:image:type\" content=\"image\/jpeg\" \/>\n<meta name=\"twitter:card\" content=\"summary_large_image\" \/>\n<meta name=\"twitter:label1\" content=\"Gesch\u00e4tzte Lesezeit\" \/>\n\t<meta name=\"twitter:data1\" content=\"1\u00a0Minute\" \/>\n<script type=\"application\/ld+json\" class=\"yoast-schema-graph\">{\"@context\":\"https:\/\/schema.org\",\"@graph\":[{\"@type\":\"WebPage\",\"@id\":\"https:\/\/www.joker-fastener.com\/de\/product\/hammer-in-fixingsnew-fixing\/\",\"url\":\"https:\/\/www.joker-fastener.com\/de\/product\/hammer-in-fixingsnew-fixing\/\",\"name\":\"Gipskarton Einschlagd\u00fcbel - JOKER INDUSTRIAL CO., LTD\",\"isPartOf\":{\"@id\":\"https:\/\/www.joker-fastener.com\/#website\"},\"primaryImageOfPage\":{\"@id\":\"https:\/\/www.joker-fastener.com\/de\/product\/hammer-in-fixingsnew-fixing\/#primaryimage\"},\"image\":{\"@id\":\"https:\/\/www.joker-fastener.com\/de\/product\/hammer-in-fixingsnew-fixing\/#primaryimage\"},\"thumbnailUrl\":\"https:\/\/www.joker-fastener.com\/wp-content\/uploads\/2022\/11\/new-fixings.jpg\",\"datePublished\":\"2022-12-28T02:50:28+00:00\",\"dateModified\":\"2023-02-08T08:18:28+00:00\",\"description\":\"Gipskarton Einschlagd\u00fcbel eignet sich f\u00fcr leichte bis mittelschwere Anwendungen, beispielsweise zur Befestigung von Konvektoren, Rohren und Leuchten.\",\"breadcrumb\":{\"@id\":\"https:\/\/www.joker-fastener.com\/de\/product\/hammer-in-fixingsnew-fixing\/#breadcrumb\"},\"inLanguage\":\"de\",\"potentialAction\":[{\"@type\":\"ReadAction\",\"target\":[\"https:\/\/www.joker-fastener.com\/de\/product\/hammer-in-fixingsnew-fixing\/\"]}]},{\"@type\":\"ImageObject\",\"inLanguage\":\"de\",\"@id\":\"https:\/\/www.joker-fastener.com\/de\/product\/hammer-in-fixingsnew-fixing\/#primaryimage\",\"url\":\"https:\/\/www.joker-fastener.com\/wp-content\/uploads\/2022\/11\/new-fixings.jpg\",\"contentUrl\":\"https:\/\/www.joker-fastener.com\/wp-content\/uploads\/2022\/11\/new-fixings.jpg\",\"width\":360,\"height\":360,\"caption\":\"new fixings\"},{\"@type\":\"BreadcrumbList\",\"@id\":\"https:\/\/www.joker-fastener.com\/de\/product\/hammer-in-fixingsnew-fixing\/#breadcrumb\",\"itemListElement\":[{\"@type\":\"ListItem\",\"position\":1,\"name\":\"Home\",\"item\":\"https:\/\/www.joker-fastener.com\/de\/\"},{\"@type\":\"ListItem\",\"position\":2,\"name\":\"Product\",\"item\":\"https:\/\/www.joker-fastener.com\/product\/\"},{\"@type\":\"ListItem\",\"position\":3,\"name\":\"Gipskarton Einschlagd\u00fcbel\"}]},{\"@type\":\"WebSite\",\"@id\":\"https:\/\/www.joker-fastener.com\/#website\",\"url\":\"https:\/\/www.joker-fastener.com\/\",\"name\":\"JOKER INDUSTRIAL CO., LTD\",\"description\":\"Supplier Manufacturer\",\"potentialAction\":[{\"@type\":\"SearchAction\",\"target\":{\"@type\":\"EntryPoint\",\"urlTemplate\":\"https:\/\/www.joker-fastener.com\/?s={search_term_string}\"},\"query-input\":{\"@type\":\"PropertyValueSpecification\",\"valueRequired\":true,\"valueName\":\"search_term_string\"}}],\"inLanguage\":\"de\"}]}<\/script>\n<!-- \/ Yoast SEO plugin. -->","yoast_head_json":{"title":"Gipskarton Einschlagd\u00fcbel - JOKER INDUSTRIAL CO., LTD","description":"Gipskarton Einschlagd\u00fcbel eignet sich f\u00fcr leichte bis mittelschwere Anwendungen, beispielsweise zur Befestigung von Konvektoren, Rohren und Leuchten.","robots":{"index":"index","follow":"follow","max-snippet":"max-snippet:-1","max-image-preview":"max-image-preview:large","max-video-preview":"max-video-preview:-1"},"canonical":"https:\/\/www.joker-fastener.com\/de\/product\/hammer-in-fixingsnew-fixing\/","og_locale":"de_DE","og_type":"article","og_title":"Gipskarton Einschlagd\u00fcbel - JOKER INDUSTRIAL CO., LTD","og_description":"Gipskarton Einschlagd\u00fcbel eignet sich f\u00fcr leichte bis mittelschwere Anwendungen, beispielsweise zur Befestigung von Konvektoren, Rohren und Leuchten.","og_url":"https:\/\/www.joker-fastener.com\/de\/product\/hammer-in-fixingsnew-fixing\/","og_site_name":"JOKER INDUSTRIAL CO., LTD","article_modified_time":"2023-02-08T08:18:28+00:00","og_image":[{"width":360,"height":360,"url":"https:\/\/www.joker-fastener.com\/wp-content\/uploads\/2022\/11\/new-fixings.jpg","type":"image\/jpeg"}],"twitter_card":"summary_large_image","twitter_misc":{"Gesch\u00e4tzte Lesezeit":"1\u00a0Minute"},"schema":{"@context":"https:\/\/schema.org","@graph":[{"@type":"WebPage","@id":"https:\/\/www.joker-fastener.com\/de\/product\/hammer-in-fixingsnew-fixing\/","url":"https:\/\/www.joker-fastener.com\/de\/product\/hammer-in-fixingsnew-fixing\/","name":"Gipskarton Einschlagd\u00fcbel - JOKER INDUSTRIAL CO., LTD","isPartOf":{"@id":"https:\/\/www.joker-fastener.com\/#website"},"primaryImageOfPage":{"@id":"https:\/\/www.joker-fastener.com\/de\/product\/hammer-in-fixingsnew-fixing\/#primaryimage"},"image":{"@id":"https:\/\/www.joker-fastener.com\/de\/product\/hammer-in-fixingsnew-fixing\/#primaryimage"},"thumbnailUrl":"https:\/\/www.joker-fastener.com\/wp-content\/uploads\/2022\/11\/new-fixings.jpg","datePublished":"2022-12-28T02:50:28+00:00","dateModified":"2023-02-08T08:18:28+00:00","description":"Gipskarton Einschlagd\u00fcbel eignet sich f\u00fcr leichte bis mittelschwere Anwendungen, beispielsweise zur Befestigung von Konvektoren, Rohren und Leuchten.","breadcrumb":{"@id":"https:\/\/www.joker-fastener.com\/de\/product\/hammer-in-fixingsnew-fixing\/#breadcrumb"},"inLanguage":"de","potentialAction":[{"@type":"ReadAction","target":["https:\/\/www.joker-fastener.com\/de\/product\/hammer-in-fixingsnew-fixing\/"]}]},{"@type":"ImageObject","inLanguage":"de","@id":"https:\/\/www.joker-fastener.com\/de\/product\/hammer-in-fixingsnew-fixing\/#primaryimage","url":"https:\/\/www.joker-fastener.com\/wp-content\/uploads\/2022\/11\/new-fixings.jpg","contentUrl":"https:\/\/www.joker-fastener.com\/wp-content\/uploads\/2022\/11\/new-fixings.jpg","width":360,"height":360,"caption":"new fixings"},{"@type":"BreadcrumbList","@id":"https:\/\/www.joker-fastener.com\/de\/product\/hammer-in-fixingsnew-fixing\/#breadcrumb","itemListElement":[{"@type":"ListItem","position":1,"name":"Home","item":"https:\/\/www.joker-fastener.com\/de\/"},{"@type":"ListItem","position":2,"name":"Product","item":"https:\/\/www.joker-fastener.com\/product\/"},{"@type":"ListItem","position":3,"name":"Gipskarton Einschlagd\u00fcbel"}]},{"@type":"WebSite","@id":"https:\/\/www.joker-fastener.com\/#website","url":"https:\/\/www.joker-fastener.com\/","name":"JOKER INDUSTRIAL CO., LTD","description":"Supplier Manufacturer","potentialAction":[{"@type":"SearchAction","target":{"@type":"EntryPoint","urlTemplate":"https:\/\/www.joker-fastener.com\/?s={search_term_string}"},"query-input":{"@type":"PropertyValueSpecification","valueRequired":true,"valueName":"search_term_string"}}],"inLanguage":"de"}]}},"_links":{"self":[{"href":"https:\/\/www.joker-fastener.com\/de\/wp-json\/wp\/v2\/product\/2417","targetHints":{"allow":["GET"]}}],"collection":[{"href":"https:\/\/www.joker-fastener.com\/de\/wp-json\/wp\/v2\/product"}],"about":[{"href":"https:\/\/www.joker-fastener.com\/de\/wp-json\/wp\/v2\/types\/product"}],"wp:featuredmedia":[{"embeddable":true,"href":"https:\/\/www.joker-fastener.com\/de\/wp-json\/wp\/v2\/media\/5255"}],"wp:attachment":[{"href":"https:\/\/www.joker-fastener.com\/de\/wp-json\/wp\/v2\/media?parent=2417"}],"wp:term":[{"taxonomy":"product_brand","embeddable":true,"href":"https:\/\/www.joker-fastener.com\/de\/wp-json\/wp\/v2\/product_brand?post=2417"},{"taxonomy":"product_cat","embeddable":true,"href":"https:\/\/www.joker-fastener.com\/de\/wp-json\/wp\/v2\/product_cat?post=2417"},{"taxonomy":"product_tag","embeddable":true,"href":"https:\/\/www.joker-fastener.com\/de\/wp-json\/wp\/v2\/product_tag?post=2417"}],"curies":[{"name":"wp","href":"https:\/\/api.w.org\/{rel}","templated":true}]}}