{"id":2428,"date":"2022-06-03T11:10:02","date_gmt":"2022-06-03T03:10:02","guid":{"rendered":"https:\/\/www.joker-fastener.com\/product\/o-c-l-hollow-wall-hook-anchor\/"},"modified":"2022-09-22T13:30:57","modified_gmt":"2022-09-22T05:30:57","slug":"o-c-l-hollow-wall-hook-anchor","status":"publish","type":"product","link":"https:\/\/www.joker-fastener.com\/de\/product\/o-c-l-hollow-wall-hook-anchor\/","title":{"rendered":"Metall Hohlraumd\u00fcbel mit O and C and L haken"},"content":{"rendered":"<p><span style=\"font-weight: 400;\">Mit Schraubhaken zur Befestigung von M\u00f6bel aller Art.<\/span><\/p>\n<p><span style=\"font-weight: 400;\">D\u00fcbel f\u00fcr untergeordnete Befestigungen in Hohl- und Leichtbauw\u00e4nden aus Plattenbaustoffen und in Hohlziegel- oder Hohlk\u00f6rperdecken.<\/span><\/p>\n<p><span style=\"font-weight: 400;\">Drei Arten von Haken k\u00f6nnen in vielen Anwendungen eingesetzt werden, mit O, C, L \u00d6SENSCHRAUBE<\/span><\/p>\n<p><span style=\"font-weight: 400;\">Gewindeart x D\u00fcbeldurchmesser: M6<\/span><\/p>\n","protected":false},"excerpt":{"rendered":"<p>Mit Schraubhaken zur Befestigung von M\u00f6bel aller Art. D\u00fcbel f\u00fcr untergeordnete Befestigungen in Hohl- und Leichtbauw\u00e4nden aus Plattenbaustoffen und in Hohlziegel- oder Hohlk\u00f6rperdecken. Drei Arten von Haken k\u00f6nnen in vielen Anwendungen eingesetzt werden, mit O, C, L \u00d6SENSCHRAUBE Gewindeart x D\u00fcbeldurchmesser: M6<\/p>\n","protected":false},"featured_media":2425,"template":"","meta":{"_acf_changed":false},"product_brand":[],"product_cat":[158],"product_tag":[],"class_list":{"0":"post-2428","1":"product","2":"type-product","3":"status-publish","4":"has-post-thumbnail","6":"product_cat-cavity-plasterboard-fixings-order-de","8":"first","9":"instock","10":"shipping-taxable","11":"product-type-simple"},"acf":[],"yoast_head":"<!-- This site is optimized with the Yoast SEO plugin v25.0 - https:\/\/yoast.com\/wordpress\/plugins\/seo\/ -->\n<title>Metall Hohlraumd\u00fcbel mit O and C and L haken - JOKER INDUSTRIAL CO., LTD<\/title>\n<meta name=\"robots\" content=\"index, follow, max-snippet:-1, max-image-preview:large, max-video-preview:-1\" \/>\n<link rel=\"canonical\" href=\"https:\/\/www.joker-fastener.com\/de\/product\/o-c-l-hollow-wall-hook-anchor\/\" \/>\n<meta property=\"og:locale\" content=\"de_DE\" \/>\n<meta property=\"og:type\" content=\"article\" \/>\n<meta property=\"og:title\" content=\"Metall Hohlraumd\u00fcbel mit O and C and L haken - JOKER INDUSTRIAL CO., LTD\" \/>\n<meta property=\"og:description\" content=\"Mit Schraubhaken zur Befestigung von M\u00f6bel aller Art. D\u00fcbel f\u00fcr untergeordnete Befestigungen in Hohl- und Leichtbauw\u00e4nden aus Plattenbaustoffen und in Hohlziegel- oder Hohlk\u00f6rperdecken. Drei Arten von Haken k\u00f6nnen in vielen Anwendungen eingesetzt werden, mit O, C, L \u00d6SENSCHRAUBE Gewindeart x D\u00fcbeldurchmesser: M6\" \/>\n<meta property=\"og:url\" content=\"https:\/\/www.joker-fastener.com\/de\/product\/o-c-l-hollow-wall-hook-anchor\/\" \/>\n<meta property=\"og:site_name\" content=\"JOKER INDUSTRIAL CO., LTD\" \/>\n<meta property=\"article:modified_time\" content=\"2022-09-22T05:30:57+00:00\" \/>\n<meta property=\"og:image\" content=\"https:\/\/www.joker-fastener.com\/wp-content\/uploads\/2022\/06\/OCL-hollow-wall-anchor-01.jpg\" \/>\n\t<meta property=\"og:image:width\" content=\"806\" \/>\n\t<meta property=\"og:image:height\" content=\"806\" \/>\n\t<meta property=\"og:image:type\" content=\"image\/jpeg\" \/>\n<meta name=\"twitter:card\" content=\"summary_large_image\" \/>\n<script type=\"application\/ld+json\" class=\"yoast-schema-graph\">{\"@context\":\"https:\/\/schema.org\",\"@graph\":[{\"@type\":\"WebPage\",\"@id\":\"https:\/\/www.joker-fastener.com\/de\/product\/o-c-l-hollow-wall-hook-anchor\/\",\"url\":\"https:\/\/www.joker-fastener.com\/de\/product\/o-c-l-hollow-wall-hook-anchor\/\",\"name\":\"Metall Hohlraumd\u00fcbel mit O and C and L haken - JOKER INDUSTRIAL CO., LTD\",\"isPartOf\":{\"@id\":\"https:\/\/www.joker-fastener.com\/#website\"},\"primaryImageOfPage\":{\"@id\":\"https:\/\/www.joker-fastener.com\/de\/product\/o-c-l-hollow-wall-hook-anchor\/#primaryimage\"},\"image\":{\"@id\":\"https:\/\/www.joker-fastener.com\/de\/product\/o-c-l-hollow-wall-hook-anchor\/#primaryimage\"},\"thumbnailUrl\":\"https:\/\/www.joker-fastener.com\/wp-content\/uploads\/2022\/06\/OCL-hollow-wall-anchor-01.jpg\",\"datePublished\":\"2022-06-03T03:10:02+00:00\",\"dateModified\":\"2022-09-22T05:30:57+00:00\",\"breadcrumb\":{\"@id\":\"https:\/\/www.joker-fastener.com\/de\/product\/o-c-l-hollow-wall-hook-anchor\/#breadcrumb\"},\"inLanguage\":\"de\",\"potentialAction\":[{\"@type\":\"ReadAction\",\"target\":[\"https:\/\/www.joker-fastener.com\/de\/product\/o-c-l-hollow-wall-hook-anchor\/\"]}]},{\"@type\":\"ImageObject\",\"inLanguage\":\"de\",\"@id\":\"https:\/\/www.joker-fastener.com\/de\/product\/o-c-l-hollow-wall-hook-anchor\/#primaryimage\",\"url\":\"https:\/\/www.joker-fastener.com\/wp-content\/uploads\/2022\/06\/OCL-hollow-wall-anchor-01.jpg\",\"contentUrl\":\"https:\/\/www.joker-fastener.com\/wp-content\/uploads\/2022\/06\/OCL-hollow-wall-anchor-01.jpg\",\"width\":806,\"height\":806,\"caption\":\"OCL hook hollow wall anchor\"},{\"@type\":\"BreadcrumbList\",\"@id\":\"https:\/\/www.joker-fastener.com\/de\/product\/o-c-l-hollow-wall-hook-anchor\/#breadcrumb\",\"itemListElement\":[{\"@type\":\"ListItem\",\"position\":1,\"name\":\"Home\",\"item\":\"https:\/\/www.joker-fastener.com\/de\/\"},{\"@type\":\"ListItem\",\"position\":2,\"name\":\"Product\",\"item\":\"https:\/\/www.joker-fastener.com\/product\/\"},{\"@type\":\"ListItem\",\"position\":3,\"name\":\"Metall Hohlraumd\u00fcbel mit O and C and L haken\"}]},{\"@type\":\"WebSite\",\"@id\":\"https:\/\/www.joker-fastener.com\/#website\",\"url\":\"https:\/\/www.joker-fastener.com\/\",\"name\":\"JOKER INDUSTRIAL CO., LTD\",\"description\":\"Supplier Manufacturer\",\"potentialAction\":[{\"@type\":\"SearchAction\",\"target\":{\"@type\":\"EntryPoint\",\"urlTemplate\":\"https:\/\/www.joker-fastener.com\/?s={search_term_string}\"},\"query-input\":{\"@type\":\"PropertyValueSpecification\",\"valueRequired\":true,\"valueName\":\"search_term_string\"}}],\"inLanguage\":\"de\"}]}<\/script>\n<!-- \/ Yoast SEO plugin. -->","yoast_head_json":{"title":"Metall Hohlraumd\u00fcbel mit O and C and L haken - JOKER INDUSTRIAL CO., LTD","robots":{"index":"index","follow":"follow","max-snippet":"max-snippet:-1","max-image-preview":"max-image-preview:large","max-video-preview":"max-video-preview:-1"},"canonical":"https:\/\/www.joker-fastener.com\/de\/product\/o-c-l-hollow-wall-hook-anchor\/","og_locale":"de_DE","og_type":"article","og_title":"Metall Hohlraumd\u00fcbel mit O and C and L haken - JOKER INDUSTRIAL CO., LTD","og_description":"Mit Schraubhaken zur Befestigung von M\u00f6bel aller Art. D\u00fcbel f\u00fcr untergeordnete Befestigungen in Hohl- und Leichtbauw\u00e4nden aus Plattenbaustoffen und in Hohlziegel- oder Hohlk\u00f6rperdecken. Drei Arten von Haken k\u00f6nnen in vielen Anwendungen eingesetzt werden, mit O, C, L \u00d6SENSCHRAUBE Gewindeart x D\u00fcbeldurchmesser: M6","og_url":"https:\/\/www.joker-fastener.com\/de\/product\/o-c-l-hollow-wall-hook-anchor\/","og_site_name":"JOKER INDUSTRIAL CO., LTD","article_modified_time":"2022-09-22T05:30:57+00:00","og_image":[{"width":806,"height":806,"url":"https:\/\/www.joker-fastener.com\/wp-content\/uploads\/2022\/06\/OCL-hollow-wall-anchor-01.jpg","type":"image\/jpeg"}],"twitter_card":"summary_large_image","schema":{"@context":"https:\/\/schema.org","@graph":[{"@type":"WebPage","@id":"https:\/\/www.joker-fastener.com\/de\/product\/o-c-l-hollow-wall-hook-anchor\/","url":"https:\/\/www.joker-fastener.com\/de\/product\/o-c-l-hollow-wall-hook-anchor\/","name":"Metall Hohlraumd\u00fcbel mit O and C and L haken - JOKER INDUSTRIAL CO., LTD","isPartOf":{"@id":"https:\/\/www.joker-fastener.com\/#website"},"primaryImageOfPage":{"@id":"https:\/\/www.joker-fastener.com\/de\/product\/o-c-l-hollow-wall-hook-anchor\/#primaryimage"},"image":{"@id":"https:\/\/www.joker-fastener.com\/de\/product\/o-c-l-hollow-wall-hook-anchor\/#primaryimage"},"thumbnailUrl":"https:\/\/www.joker-fastener.com\/wp-content\/uploads\/2022\/06\/OCL-hollow-wall-anchor-01.jpg","datePublished":"2022-06-03T03:10:02+00:00","dateModified":"2022-09-22T05:30:57+00:00","breadcrumb":{"@id":"https:\/\/www.joker-fastener.com\/de\/product\/o-c-l-hollow-wall-hook-anchor\/#breadcrumb"},"inLanguage":"de","potentialAction":[{"@type":"ReadAction","target":["https:\/\/www.joker-fastener.com\/de\/product\/o-c-l-hollow-wall-hook-anchor\/"]}]},{"@type":"ImageObject","inLanguage":"de","@id":"https:\/\/www.joker-fastener.com\/de\/product\/o-c-l-hollow-wall-hook-anchor\/#primaryimage","url":"https:\/\/www.joker-fastener.com\/wp-content\/uploads\/2022\/06\/OCL-hollow-wall-anchor-01.jpg","contentUrl":"https:\/\/www.joker-fastener.com\/wp-content\/uploads\/2022\/06\/OCL-hollow-wall-anchor-01.jpg","width":806,"height":806,"caption":"OCL hook hollow wall anchor"},{"@type":"BreadcrumbList","@id":"https:\/\/www.joker-fastener.com\/de\/product\/o-c-l-hollow-wall-hook-anchor\/#breadcrumb","itemListElement":[{"@type":"ListItem","position":1,"name":"Home","item":"https:\/\/www.joker-fastener.com\/de\/"},{"@type":"ListItem","position":2,"name":"Product","item":"https:\/\/www.joker-fastener.com\/product\/"},{"@type":"ListItem","position":3,"name":"Metall Hohlraumd\u00fcbel mit O and C and L haken"}]},{"@type":"WebSite","@id":"https:\/\/www.joker-fastener.com\/#website","url":"https:\/\/www.joker-fastener.com\/","name":"JOKER INDUSTRIAL CO., LTD","description":"Supplier Manufacturer","potentialAction":[{"@type":"SearchAction","target":{"@type":"EntryPoint","urlTemplate":"https:\/\/www.joker-fastener.com\/?s={search_term_string}"},"query-input":{"@type":"PropertyValueSpecification","valueRequired":true,"valueName":"search_term_string"}}],"inLanguage":"de"}]}},"_links":{"self":[{"href":"https:\/\/www.joker-fastener.com\/de\/wp-json\/wp\/v2\/product\/2428","targetHints":{"allow":["GET"]}}],"collection":[{"href":"https:\/\/www.joker-fastener.com\/de\/wp-json\/wp\/v2\/product"}],"about":[{"href":"https:\/\/www.joker-fastener.com\/de\/wp-json\/wp\/v2\/types\/product"}],"wp:featuredmedia":[{"embeddable":true,"href":"https:\/\/www.joker-fastener.com\/de\/wp-json\/wp\/v2\/media\/2425"}],"wp:attachment":[{"href":"https:\/\/www.joker-fastener.com\/de\/wp-json\/wp\/v2\/media?parent=2428"}],"wp:term":[{"taxonomy":"product_brand","embeddable":true,"href":"https:\/\/www.joker-fastener.com\/de\/wp-json\/wp\/v2\/product_brand?post=2428"},{"taxonomy":"product_cat","embeddable":true,"href":"https:\/\/www.joker-fastener.com\/de\/wp-json\/wp\/v2\/product_cat?post=2428"},{"taxonomy":"product_tag","embeddable":true,"href":"https:\/\/www.joker-fastener.com\/de\/wp-json\/wp\/v2\/product_tag?post=2428"}],"curies":[{"name":"wp","href":"https:\/\/api.w.org\/{rel}","templated":true}]}}