{"id":2555,"date":"2022-05-23T11:37:20","date_gmt":"2022-05-23T03:37:20","guid":{"rendered":"https:\/\/www.joker-fastener.com\/product\/jack-nut\/"},"modified":"2023-02-16T14:27:42","modified_gmt":"2023-02-16T06:27:42","slug":"jack-nut","status":"publish","type":"product","link":"https:\/\/www.joker-fastener.com\/de\/product\/jack-nut\/","title":{"rendered":"K\u00e4fig-Blindnietmuttern"},"content":{"rendered":"<p>Geschlitzte Blindnietmutter (Autobefestigungen) mit Gewindeeinsatz speziell f\u00fcr den Einsatz in spr\u00f6den, weichen Materialien wie zum Beispiel Kunststoff oder Plexiglas. Einbringen in weiche und spr\u00f6de Werkstoffe, hohe Verdrehfestigkeit auf rauhen Untergr\u00fcnden, schnelle und einfache Montage.<\/p>\n<p>&nbsp;<\/p>\n<p>Blindbuchsenmuttern sind eine wirtschaftliche Niete bei der Befestigung von Kraftfahrzeugen. Gut f\u00fcr die d\u00fcnne Blechbefestigung, immer an den Automobilen angebrachte Plaketten und Dekorationen.<\/p>\n<p>&nbsp;<\/p>\n<p>Kohlenstoffstahl\/Edelstahl beide erh\u00e4ltlich.<br \/>\nIATF 16949-Zertifizierung.<\/p>\n<p>&nbsp;<\/p>\n<p><img loading=\"lazy\" decoding=\"async\" class=\"alignleft size-thumbnail wp-image-5565\" src=\"https:\/\/www.joker-fastener.com\/wp-content\/uploads\/2022\/05\/IATF-16949-ISO-9001_URS-URS-150x86.jpg\" alt=\"IATF 16949 URS\" width=\"150\" height=\"86\" srcset=\"https:\/\/www.joker-fastener.com\/wp-content\/uploads\/2022\/05\/IATF-16949-ISO-9001_URS-URS-150x86.jpg 150w, https:\/\/www.joker-fastener.com\/wp-content\/uploads\/2022\/05\/IATF-16949-ISO-9001_URS-URS-600x343.jpg 600w, https:\/\/www.joker-fastener.com\/wp-content\/uploads\/2022\/05\/IATF-16949-ISO-9001_URS-URS-1024x586.jpg 1024w, https:\/\/www.joker-fastener.com\/wp-content\/uploads\/2022\/05\/IATF-16949-ISO-9001_URS-URS-768x439.jpg 768w, https:\/\/www.joker-fastener.com\/wp-content\/uploads\/2022\/05\/IATF-16949-ISO-9001_URS-URS.jpg 1241w\" sizes=\"auto, (max-width: 150px) 100vw, 150px\" \/><\/p>\n","protected":false},"excerpt":{"rendered":"<p>Geschlitzte Blindnietmutter (Autobefestigungen) mit Gewindeeinsatz speziell f\u00fcr den Einsatz in spr\u00f6den, weichen Materialien wie zum Beispiel Kunststoff oder Plexiglas. Einbringen in weiche und spr\u00f6de Werkstoffe, hohe Verdrehfestigkeit auf rauhen Untergr\u00fcnden, schnelle und einfache Montage. &nbsp; Blindbuchsenmuttern sind eine wirtschaftliche Niete bei der Befestigung von Kraftfahrzeugen. Gut f\u00fcr die d\u00fcnne Blechbefestigung, immer an den Automobilen angebrachte [&hellip;]<\/p>\n","protected":false},"featured_media":1622,"template":"","meta":{"_acf_changed":false},"product_brand":[],"product_cat":[153],"product_tag":[],"class_list":{"0":"post-2555","1":"product","2":"type-product","3":"status-publish","4":"has-post-thumbnail","6":"product_cat-blind-jack-nuts-order-de","8":"first","9":"instock","10":"shipping-taxable","11":"product-type-simple"},"acf":[],"yoast_head":"<!-- This site is optimized with the Yoast SEO plugin v25.0 - https:\/\/yoast.com\/wordpress\/plugins\/seo\/ -->\n<title>K\u00e4fig-Blindnietmuttern - JOKER INDUSTRIAL CO., LTD<\/title>\n<meta name=\"description\" content=\"Blindbuchsenmuttern sind eine wirtschaftliche Niete bei der Befestigung von Kraftfahrzeugen. Gut f\u00fcr die d\u00fcnne Blechbefestigung, immer an den Automobilen angebrachte Plaketten und Dekorationen.\" \/>\n<meta name=\"robots\" content=\"index, follow, max-snippet:-1, max-image-preview:large, max-video-preview:-1\" \/>\n<link rel=\"canonical\" href=\"https:\/\/www.joker-fastener.com\/de\/product\/jack-nut\/\" \/>\n<meta property=\"og:locale\" content=\"de_DE\" \/>\n<meta property=\"og:type\" content=\"article\" \/>\n<meta property=\"og:title\" content=\"K\u00e4fig-Blindnietmuttern - JOKER INDUSTRIAL CO., LTD\" \/>\n<meta property=\"og:description\" content=\"Blindbuchsenmuttern sind eine wirtschaftliche Niete bei der Befestigung von Kraftfahrzeugen. Gut f\u00fcr die d\u00fcnne Blechbefestigung, immer an den Automobilen angebrachte Plaketten und Dekorationen.\" \/>\n<meta property=\"og:url\" content=\"https:\/\/www.joker-fastener.com\/de\/product\/jack-nut\/\" \/>\n<meta property=\"og:site_name\" content=\"JOKER INDUSTRIAL CO., LTD\" \/>\n<meta property=\"article:modified_time\" content=\"2023-02-16T06:27:42+00:00\" \/>\n<meta property=\"og:image\" content=\"https:\/\/www.joker-fastener.com\/wp-content\/uploads\/2022\/05\/JACK-NUT-1.png\" \/>\n\t<meta property=\"og:image:width\" content=\"1000\" \/>\n\t<meta property=\"og:image:height\" content=\"1000\" \/>\n\t<meta property=\"og:image:type\" content=\"image\/png\" \/>\n<meta name=\"twitter:card\" content=\"summary_large_image\" \/>\n<meta name=\"twitter:label1\" content=\"Gesch\u00e4tzte Lesezeit\" \/>\n\t<meta name=\"twitter:data1\" content=\"1\u00a0Minute\" \/>\n<script type=\"application\/ld+json\" class=\"yoast-schema-graph\">{\"@context\":\"https:\/\/schema.org\",\"@graph\":[{\"@type\":\"WebPage\",\"@id\":\"https:\/\/www.joker-fastener.com\/de\/product\/jack-nut\/\",\"url\":\"https:\/\/www.joker-fastener.com\/de\/product\/jack-nut\/\",\"name\":\"K\u00e4fig-Blindnietmuttern - JOKER INDUSTRIAL CO., LTD\",\"isPartOf\":{\"@id\":\"https:\/\/www.joker-fastener.com\/#website\"},\"primaryImageOfPage\":{\"@id\":\"https:\/\/www.joker-fastener.com\/de\/product\/jack-nut\/#primaryimage\"},\"image\":{\"@id\":\"https:\/\/www.joker-fastener.com\/de\/product\/jack-nut\/#primaryimage\"},\"thumbnailUrl\":\"https:\/\/www.joker-fastener.com\/wp-content\/uploads\/2022\/05\/JACK-NUT-1.png\",\"datePublished\":\"2022-05-23T03:37:20+00:00\",\"dateModified\":\"2023-02-16T06:27:42+00:00\",\"description\":\"Blindbuchsenmuttern sind eine wirtschaftliche Niete bei der Befestigung von Kraftfahrzeugen. Gut f\u00fcr die d\u00fcnne Blechbefestigung, immer an den Automobilen angebrachte Plaketten und Dekorationen.\",\"breadcrumb\":{\"@id\":\"https:\/\/www.joker-fastener.com\/de\/product\/jack-nut\/#breadcrumb\"},\"inLanguage\":\"de\",\"potentialAction\":[{\"@type\":\"ReadAction\",\"target\":[\"https:\/\/www.joker-fastener.com\/de\/product\/jack-nut\/\"]}]},{\"@type\":\"ImageObject\",\"inLanguage\":\"de\",\"@id\":\"https:\/\/www.joker-fastener.com\/de\/product\/jack-nut\/#primaryimage\",\"url\":\"https:\/\/www.joker-fastener.com\/wp-content\/uploads\/2022\/05\/JACK-NUT-1.png\",\"contentUrl\":\"https:\/\/www.joker-fastener.com\/wp-content\/uploads\/2022\/05\/JACK-NUT-1.png\",\"width\":1000,\"height\":1000,\"caption\":\"jack nut\"},{\"@type\":\"BreadcrumbList\",\"@id\":\"https:\/\/www.joker-fastener.com\/de\/product\/jack-nut\/#breadcrumb\",\"itemListElement\":[{\"@type\":\"ListItem\",\"position\":1,\"name\":\"Home\",\"item\":\"https:\/\/www.joker-fastener.com\/de\/\"},{\"@type\":\"ListItem\",\"position\":2,\"name\":\"Product\",\"item\":\"https:\/\/www.joker-fastener.com\/product\/\"},{\"@type\":\"ListItem\",\"position\":3,\"name\":\"K\u00e4fig-Blindnietmuttern\"}]},{\"@type\":\"WebSite\",\"@id\":\"https:\/\/www.joker-fastener.com\/#website\",\"url\":\"https:\/\/www.joker-fastener.com\/\",\"name\":\"JOKER INDUSTRIAL CO., LTD\",\"description\":\"Supplier Manufacturer\",\"potentialAction\":[{\"@type\":\"SearchAction\",\"target\":{\"@type\":\"EntryPoint\",\"urlTemplate\":\"https:\/\/www.joker-fastener.com\/?s={search_term_string}\"},\"query-input\":{\"@type\":\"PropertyValueSpecification\",\"valueRequired\":true,\"valueName\":\"search_term_string\"}}],\"inLanguage\":\"de\"}]}<\/script>\n<!-- \/ Yoast SEO plugin. -->","yoast_head_json":{"title":"K\u00e4fig-Blindnietmuttern - JOKER INDUSTRIAL CO., LTD","description":"Blindbuchsenmuttern sind eine wirtschaftliche Niete bei der Befestigung von Kraftfahrzeugen. Gut f\u00fcr die d\u00fcnne Blechbefestigung, immer an den Automobilen angebrachte Plaketten und Dekorationen.","robots":{"index":"index","follow":"follow","max-snippet":"max-snippet:-1","max-image-preview":"max-image-preview:large","max-video-preview":"max-video-preview:-1"},"canonical":"https:\/\/www.joker-fastener.com\/de\/product\/jack-nut\/","og_locale":"de_DE","og_type":"article","og_title":"K\u00e4fig-Blindnietmuttern - JOKER INDUSTRIAL CO., LTD","og_description":"Blindbuchsenmuttern sind eine wirtschaftliche Niete bei der Befestigung von Kraftfahrzeugen. Gut f\u00fcr die d\u00fcnne Blechbefestigung, immer an den Automobilen angebrachte Plaketten und Dekorationen.","og_url":"https:\/\/www.joker-fastener.com\/de\/product\/jack-nut\/","og_site_name":"JOKER INDUSTRIAL CO., LTD","article_modified_time":"2023-02-16T06:27:42+00:00","og_image":[{"width":1000,"height":1000,"url":"https:\/\/www.joker-fastener.com\/wp-content\/uploads\/2022\/05\/JACK-NUT-1.png","type":"image\/png"}],"twitter_card":"summary_large_image","twitter_misc":{"Gesch\u00e4tzte Lesezeit":"1\u00a0Minute"},"schema":{"@context":"https:\/\/schema.org","@graph":[{"@type":"WebPage","@id":"https:\/\/www.joker-fastener.com\/de\/product\/jack-nut\/","url":"https:\/\/www.joker-fastener.com\/de\/product\/jack-nut\/","name":"K\u00e4fig-Blindnietmuttern - JOKER INDUSTRIAL CO., LTD","isPartOf":{"@id":"https:\/\/www.joker-fastener.com\/#website"},"primaryImageOfPage":{"@id":"https:\/\/www.joker-fastener.com\/de\/product\/jack-nut\/#primaryimage"},"image":{"@id":"https:\/\/www.joker-fastener.com\/de\/product\/jack-nut\/#primaryimage"},"thumbnailUrl":"https:\/\/www.joker-fastener.com\/wp-content\/uploads\/2022\/05\/JACK-NUT-1.png","datePublished":"2022-05-23T03:37:20+00:00","dateModified":"2023-02-16T06:27:42+00:00","description":"Blindbuchsenmuttern sind eine wirtschaftliche Niete bei der Befestigung von Kraftfahrzeugen. Gut f\u00fcr die d\u00fcnne Blechbefestigung, immer an den Automobilen angebrachte Plaketten und Dekorationen.","breadcrumb":{"@id":"https:\/\/www.joker-fastener.com\/de\/product\/jack-nut\/#breadcrumb"},"inLanguage":"de","potentialAction":[{"@type":"ReadAction","target":["https:\/\/www.joker-fastener.com\/de\/product\/jack-nut\/"]}]},{"@type":"ImageObject","inLanguage":"de","@id":"https:\/\/www.joker-fastener.com\/de\/product\/jack-nut\/#primaryimage","url":"https:\/\/www.joker-fastener.com\/wp-content\/uploads\/2022\/05\/JACK-NUT-1.png","contentUrl":"https:\/\/www.joker-fastener.com\/wp-content\/uploads\/2022\/05\/JACK-NUT-1.png","width":1000,"height":1000,"caption":"jack nut"},{"@type":"BreadcrumbList","@id":"https:\/\/www.joker-fastener.com\/de\/product\/jack-nut\/#breadcrumb","itemListElement":[{"@type":"ListItem","position":1,"name":"Home","item":"https:\/\/www.joker-fastener.com\/de\/"},{"@type":"ListItem","position":2,"name":"Product","item":"https:\/\/www.joker-fastener.com\/product\/"},{"@type":"ListItem","position":3,"name":"K\u00e4fig-Blindnietmuttern"}]},{"@type":"WebSite","@id":"https:\/\/www.joker-fastener.com\/#website","url":"https:\/\/www.joker-fastener.com\/","name":"JOKER INDUSTRIAL CO., LTD","description":"Supplier Manufacturer","potentialAction":[{"@type":"SearchAction","target":{"@type":"EntryPoint","urlTemplate":"https:\/\/www.joker-fastener.com\/?s={search_term_string}"},"query-input":{"@type":"PropertyValueSpecification","valueRequired":true,"valueName":"search_term_string"}}],"inLanguage":"de"}]}},"_links":{"self":[{"href":"https:\/\/www.joker-fastener.com\/de\/wp-json\/wp\/v2\/product\/2555","targetHints":{"allow":["GET"]}}],"collection":[{"href":"https:\/\/www.joker-fastener.com\/de\/wp-json\/wp\/v2\/product"}],"about":[{"href":"https:\/\/www.joker-fastener.com\/de\/wp-json\/wp\/v2\/types\/product"}],"wp:featuredmedia":[{"embeddable":true,"href":"https:\/\/www.joker-fastener.com\/de\/wp-json\/wp\/v2\/media\/1622"}],"wp:attachment":[{"href":"https:\/\/www.joker-fastener.com\/de\/wp-json\/wp\/v2\/media?parent=2555"}],"wp:term":[{"taxonomy":"product_brand","embeddable":true,"href":"https:\/\/www.joker-fastener.com\/de\/wp-json\/wp\/v2\/product_brand?post=2555"},{"taxonomy":"product_cat","embeddable":true,"href":"https:\/\/www.joker-fastener.com\/de\/wp-json\/wp\/v2\/product_cat?post=2555"},{"taxonomy":"product_tag","embeddable":true,"href":"https:\/\/www.joker-fastener.com\/de\/wp-json\/wp\/v2\/product_tag?post=2555"}],"curies":[{"name":"wp","href":"https:\/\/api.w.org\/{rel}","templated":true}]}}