{"id":2557,"date":"2022-12-28T15:23:53","date_gmt":"2022-12-28T07:23:53","guid":{"rendered":"https:\/\/www.joker-fastener.com\/product\/sissy-anchor\/"},"modified":"2024-07-15T09:32:45","modified_gmt":"2024-07-15T01:32:45","slug":"sissy-anchor","status":"publish","type":"product","link":"https:\/\/www.joker-fastener.com\/de\/product\/sissy-anchor\/","title":{"rendered":"Schraubanker mit innengewinde"},"content":{"rendered":"<p><span style=\"font-weight: 400;\">Der Joker Anker Schraubanker mit innengewinde ist der innovativste selbstschneidende Beton H\u00fclsenanker aller Zeiten. Er kann Einschlaganker ersetzen und l\u00e4sst sich mit einem elektrischen Schlagschrauber, einem Inbusschl\u00fcssel und einem Drehmomentschl\u00fcssel einfach direkt in allen festen Grundmaterialien, auch in Holz, installieren. Die Standardinstallation des Sissy-Ankers ist flach mit Grundmaterial. Wenn Sie die Auszugslast erh\u00f6hen m\u00f6chten, ben\u00f6tigen Sie keine l\u00e4ngeren Schrauben, sondern erh\u00f6hen Sie einfach die Setztiefe. Und das Innengewinde bedeutet, dass Sie sie mit allen metrischen Bolzen, Gewindestangen, Befestigungselementen oder Komponenten verwenden k\u00f6nnen.<\/span><\/p>\n","protected":false},"excerpt":{"rendered":"<p>Der Joker Anker Schraubanker mit innengewinde ist der innovativste selbstschneidende Beton H\u00fclsenanker aller Zeiten. Er kann Einschlaganker ersetzen und l\u00e4sst sich mit einem elektrischen Schlagschrauber, einem Inbusschl\u00fcssel und einem Drehmomentschl\u00fcssel einfach direkt in allen festen Grundmaterialien, auch in Holz, installieren. Die Standardinstallation des Sissy-Ankers ist flach mit Grundmaterial. Wenn Sie die Auszugslast erh\u00f6hen m\u00f6chten, ben\u00f6tigen [&hellip;]<\/p>\n","protected":false},"featured_media":3186,"template":"","meta":{"_acf_changed":false},"product_brand":[],"product_cat":[147],"product_tag":[],"class_list":{"0":"post-2557","1":"product","2":"type-product","3":"status-publish","4":"has-post-thumbnail","6":"product_cat-concrete-fixings-order-de","8":"first","9":"instock","10":"shipping-taxable","11":"product-type-simple"},"acf":[],"yoast_head":"<!-- This site is optimized with the Yoast SEO plugin v25.0 - https:\/\/yoast.com\/wordpress\/plugins\/seo\/ -->\n<title>Schraubanker mit innengewinde - JOKER INDUSTRIAL CO., LTD<\/title>\n<meta name=\"description\" content=\"Der Joker Anker Schraubanker mit innengewinde ist der innovativste selbstschneidende Beton H\u00fclsenanker aller Zeiten. Er kann Einschlaganker ersetzen und l\u00e4sst sich mit einem elektrischen Schlagschrauber, einem Inbusschl\u00fcssel und einem Drehmomentschl\u00fcssel einfach direkt in allen festen Grundmaterialien, auch in Holz, installieren. Wenn Sie die Auszugslast erh\u00f6hen m\u00f6chten, ben\u00f6tigen Sie keine l\u00e4ngeren Schrauben, sondern erh\u00f6hen Sie einfach die Setztiefe. Und das Innengewinde bedeutet, dass Sie sie mit allen metrischen Bolzen, Gewindestangen, Befestigungselementen oder Komponenten verwenden k\u00f6nnen.\" \/>\n<meta name=\"robots\" content=\"index, follow, max-snippet:-1, max-image-preview:large, max-video-preview:-1\" \/>\n<link rel=\"canonical\" href=\"https:\/\/www.joker-fastener.com\/de\/product\/sissy-anchor\/\" \/>\n<meta property=\"og:locale\" content=\"de_DE\" \/>\n<meta property=\"og:type\" content=\"article\" \/>\n<meta property=\"og:title\" content=\"Schraubanker mit innengewinde - JOKER INDUSTRIAL CO., LTD\" \/>\n<meta property=\"og:description\" content=\"Der Joker Anker Schraubanker mit innengewinde ist der innovativste selbstschneidende Beton H\u00fclsenanker aller Zeiten. Er kann Einschlaganker ersetzen und l\u00e4sst sich mit einem elektrischen Schlagschrauber, einem Inbusschl\u00fcssel und einem Drehmomentschl\u00fcssel einfach direkt in allen festen Grundmaterialien, auch in Holz, installieren. Wenn Sie die Auszugslast erh\u00f6hen m\u00f6chten, ben\u00f6tigen Sie keine l\u00e4ngeren Schrauben, sondern erh\u00f6hen Sie einfach die Setztiefe. Und das Innengewinde bedeutet, dass Sie sie mit allen metrischen Bolzen, Gewindestangen, Befestigungselementen oder Komponenten verwenden k\u00f6nnen.\" \/>\n<meta property=\"og:url\" content=\"https:\/\/www.joker-fastener.com\/de\/product\/sissy-anchor\/\" \/>\n<meta property=\"og:site_name\" content=\"JOKER INDUSTRIAL CO., LTD\" \/>\n<meta property=\"article:modified_time\" content=\"2024-07-15T01:32:45+00:00\" \/>\n<meta property=\"og:image\" content=\"https:\/\/www.joker-fastener.com\/wp-content\/uploads\/2022\/06\/sissy-anchor.jpg\" \/>\n\t<meta property=\"og:image:width\" content=\"806\" \/>\n\t<meta property=\"og:image:height\" content=\"806\" \/>\n\t<meta property=\"og:image:type\" content=\"image\/jpeg\" \/>\n<meta name=\"twitter:card\" content=\"summary_large_image\" \/>\n<meta name=\"twitter:label1\" content=\"Gesch\u00e4tzte Lesezeit\" \/>\n\t<meta name=\"twitter:data1\" content=\"1\u00a0Minute\" \/>\n<script type=\"application\/ld+json\" class=\"yoast-schema-graph\">{\"@context\":\"https:\/\/schema.org\",\"@graph\":[{\"@type\":\"WebPage\",\"@id\":\"https:\/\/www.joker-fastener.com\/de\/product\/sissy-anchor\/\",\"url\":\"https:\/\/www.joker-fastener.com\/de\/product\/sissy-anchor\/\",\"name\":\"Schraubanker mit innengewinde - JOKER INDUSTRIAL CO., LTD\",\"isPartOf\":{\"@id\":\"https:\/\/www.joker-fastener.com\/#website\"},\"primaryImageOfPage\":{\"@id\":\"https:\/\/www.joker-fastener.com\/de\/product\/sissy-anchor\/#primaryimage\"},\"image\":{\"@id\":\"https:\/\/www.joker-fastener.com\/de\/product\/sissy-anchor\/#primaryimage\"},\"thumbnailUrl\":\"https:\/\/www.joker-fastener.com\/wp-content\/uploads\/2022\/06\/sissy-anchor.jpg\",\"datePublished\":\"2022-12-28T07:23:53+00:00\",\"dateModified\":\"2024-07-15T01:32:45+00:00\",\"description\":\"Der Joker Anker Schraubanker mit innengewinde ist der innovativste selbstschneidende Beton H\u00fclsenanker aller Zeiten. Er kann Einschlaganker ersetzen und l\u00e4sst sich mit einem elektrischen Schlagschrauber, einem Inbusschl\u00fcssel und einem Drehmomentschl\u00fcssel einfach direkt in allen festen Grundmaterialien, auch in Holz, installieren. Wenn Sie die Auszugslast erh\u00f6hen m\u00f6chten, ben\u00f6tigen Sie keine l\u00e4ngeren Schrauben, sondern erh\u00f6hen Sie einfach die Setztiefe. Und das Innengewinde bedeutet, dass Sie sie mit allen metrischen Bolzen, Gewindestangen, Befestigungselementen oder Komponenten verwenden k\u00f6nnen.\",\"breadcrumb\":{\"@id\":\"https:\/\/www.joker-fastener.com\/de\/product\/sissy-anchor\/#breadcrumb\"},\"inLanguage\":\"de\",\"potentialAction\":[{\"@type\":\"ReadAction\",\"target\":[\"https:\/\/www.joker-fastener.com\/de\/product\/sissy-anchor\/\"]}]},{\"@type\":\"ImageObject\",\"inLanguage\":\"de\",\"@id\":\"https:\/\/www.joker-fastener.com\/de\/product\/sissy-anchor\/#primaryimage\",\"url\":\"https:\/\/www.joker-fastener.com\/wp-content\/uploads\/2022\/06\/sissy-anchor.jpg\",\"contentUrl\":\"https:\/\/www.joker-fastener.com\/wp-content\/uploads\/2022\/06\/sissy-anchor.jpg\",\"width\":806,\"height\":806,\"caption\":\"internal thread cutting screw anchor\"},{\"@type\":\"BreadcrumbList\",\"@id\":\"https:\/\/www.joker-fastener.com\/de\/product\/sissy-anchor\/#breadcrumb\",\"itemListElement\":[{\"@type\":\"ListItem\",\"position\":1,\"name\":\"Home\",\"item\":\"https:\/\/www.joker-fastener.com\/de\/\"},{\"@type\":\"ListItem\",\"position\":2,\"name\":\"Product\",\"item\":\"https:\/\/www.joker-fastener.com\/product\/\"},{\"@type\":\"ListItem\",\"position\":3,\"name\":\"Schraubanker mit innengewinde\"}]},{\"@type\":\"WebSite\",\"@id\":\"https:\/\/www.joker-fastener.com\/#website\",\"url\":\"https:\/\/www.joker-fastener.com\/\",\"name\":\"JOKER INDUSTRIAL CO., LTD\",\"description\":\"Supplier Manufacturer\",\"potentialAction\":[{\"@type\":\"SearchAction\",\"target\":{\"@type\":\"EntryPoint\",\"urlTemplate\":\"https:\/\/www.joker-fastener.com\/?s={search_term_string}\"},\"query-input\":{\"@type\":\"PropertyValueSpecification\",\"valueRequired\":true,\"valueName\":\"search_term_string\"}}],\"inLanguage\":\"de\"}]}<\/script>\n<!-- \/ Yoast SEO plugin. -->","yoast_head_json":{"title":"Schraubanker mit innengewinde - JOKER INDUSTRIAL CO., LTD","description":"Der Joker Anker Schraubanker mit innengewinde ist der innovativste selbstschneidende Beton H\u00fclsenanker aller Zeiten. Er kann Einschlaganker ersetzen und l\u00e4sst sich mit einem elektrischen Schlagschrauber, einem Inbusschl\u00fcssel und einem Drehmomentschl\u00fcssel einfach direkt in allen festen Grundmaterialien, auch in Holz, installieren. Wenn Sie die Auszugslast erh\u00f6hen m\u00f6chten, ben\u00f6tigen Sie keine l\u00e4ngeren Schrauben, sondern erh\u00f6hen Sie einfach die Setztiefe. Und das Innengewinde bedeutet, dass Sie sie mit allen metrischen Bolzen, Gewindestangen, Befestigungselementen oder Komponenten verwenden k\u00f6nnen.","robots":{"index":"index","follow":"follow","max-snippet":"max-snippet:-1","max-image-preview":"max-image-preview:large","max-video-preview":"max-video-preview:-1"},"canonical":"https:\/\/www.joker-fastener.com\/de\/product\/sissy-anchor\/","og_locale":"de_DE","og_type":"article","og_title":"Schraubanker mit innengewinde - JOKER INDUSTRIAL CO., LTD","og_description":"Der Joker Anker Schraubanker mit innengewinde ist der innovativste selbstschneidende Beton H\u00fclsenanker aller Zeiten. Er kann Einschlaganker ersetzen und l\u00e4sst sich mit einem elektrischen Schlagschrauber, einem Inbusschl\u00fcssel und einem Drehmomentschl\u00fcssel einfach direkt in allen festen Grundmaterialien, auch in Holz, installieren. Wenn Sie die Auszugslast erh\u00f6hen m\u00f6chten, ben\u00f6tigen Sie keine l\u00e4ngeren Schrauben, sondern erh\u00f6hen Sie einfach die Setztiefe. Und das Innengewinde bedeutet, dass Sie sie mit allen metrischen Bolzen, Gewindestangen, Befestigungselementen oder Komponenten verwenden k\u00f6nnen.","og_url":"https:\/\/www.joker-fastener.com\/de\/product\/sissy-anchor\/","og_site_name":"JOKER INDUSTRIAL CO., LTD","article_modified_time":"2024-07-15T01:32:45+00:00","og_image":[{"width":806,"height":806,"url":"https:\/\/www.joker-fastener.com\/wp-content\/uploads\/2022\/06\/sissy-anchor.jpg","type":"image\/jpeg"}],"twitter_card":"summary_large_image","twitter_misc":{"Gesch\u00e4tzte Lesezeit":"1\u00a0Minute"},"schema":{"@context":"https:\/\/schema.org","@graph":[{"@type":"WebPage","@id":"https:\/\/www.joker-fastener.com\/de\/product\/sissy-anchor\/","url":"https:\/\/www.joker-fastener.com\/de\/product\/sissy-anchor\/","name":"Schraubanker mit innengewinde - JOKER INDUSTRIAL CO., LTD","isPartOf":{"@id":"https:\/\/www.joker-fastener.com\/#website"},"primaryImageOfPage":{"@id":"https:\/\/www.joker-fastener.com\/de\/product\/sissy-anchor\/#primaryimage"},"image":{"@id":"https:\/\/www.joker-fastener.com\/de\/product\/sissy-anchor\/#primaryimage"},"thumbnailUrl":"https:\/\/www.joker-fastener.com\/wp-content\/uploads\/2022\/06\/sissy-anchor.jpg","datePublished":"2022-12-28T07:23:53+00:00","dateModified":"2024-07-15T01:32:45+00:00","description":"Der Joker Anker Schraubanker mit innengewinde ist der innovativste selbstschneidende Beton H\u00fclsenanker aller Zeiten. Er kann Einschlaganker ersetzen und l\u00e4sst sich mit einem elektrischen Schlagschrauber, einem Inbusschl\u00fcssel und einem Drehmomentschl\u00fcssel einfach direkt in allen festen Grundmaterialien, auch in Holz, installieren. Wenn Sie die Auszugslast erh\u00f6hen m\u00f6chten, ben\u00f6tigen Sie keine l\u00e4ngeren Schrauben, sondern erh\u00f6hen Sie einfach die Setztiefe. Und das Innengewinde bedeutet, dass Sie sie mit allen metrischen Bolzen, Gewindestangen, Befestigungselementen oder Komponenten verwenden k\u00f6nnen.","breadcrumb":{"@id":"https:\/\/www.joker-fastener.com\/de\/product\/sissy-anchor\/#breadcrumb"},"inLanguage":"de","potentialAction":[{"@type":"ReadAction","target":["https:\/\/www.joker-fastener.com\/de\/product\/sissy-anchor\/"]}]},{"@type":"ImageObject","inLanguage":"de","@id":"https:\/\/www.joker-fastener.com\/de\/product\/sissy-anchor\/#primaryimage","url":"https:\/\/www.joker-fastener.com\/wp-content\/uploads\/2022\/06\/sissy-anchor.jpg","contentUrl":"https:\/\/www.joker-fastener.com\/wp-content\/uploads\/2022\/06\/sissy-anchor.jpg","width":806,"height":806,"caption":"internal thread cutting screw anchor"},{"@type":"BreadcrumbList","@id":"https:\/\/www.joker-fastener.com\/de\/product\/sissy-anchor\/#breadcrumb","itemListElement":[{"@type":"ListItem","position":1,"name":"Home","item":"https:\/\/www.joker-fastener.com\/de\/"},{"@type":"ListItem","position":2,"name":"Product","item":"https:\/\/www.joker-fastener.com\/product\/"},{"@type":"ListItem","position":3,"name":"Schraubanker mit innengewinde"}]},{"@type":"WebSite","@id":"https:\/\/www.joker-fastener.com\/#website","url":"https:\/\/www.joker-fastener.com\/","name":"JOKER INDUSTRIAL CO., LTD","description":"Supplier Manufacturer","potentialAction":[{"@type":"SearchAction","target":{"@type":"EntryPoint","urlTemplate":"https:\/\/www.joker-fastener.com\/?s={search_term_string}"},"query-input":{"@type":"PropertyValueSpecification","valueRequired":true,"valueName":"search_term_string"}}],"inLanguage":"de"}]}},"_links":{"self":[{"href":"https:\/\/www.joker-fastener.com\/de\/wp-json\/wp\/v2\/product\/2557","targetHints":{"allow":["GET"]}}],"collection":[{"href":"https:\/\/www.joker-fastener.com\/de\/wp-json\/wp\/v2\/product"}],"about":[{"href":"https:\/\/www.joker-fastener.com\/de\/wp-json\/wp\/v2\/types\/product"}],"wp:featuredmedia":[{"embeddable":true,"href":"https:\/\/www.joker-fastener.com\/de\/wp-json\/wp\/v2\/media\/3186"}],"wp:attachment":[{"href":"https:\/\/www.joker-fastener.com\/de\/wp-json\/wp\/v2\/media?parent=2557"}],"wp:term":[{"taxonomy":"product_brand","embeddable":true,"href":"https:\/\/www.joker-fastener.com\/de\/wp-json\/wp\/v2\/product_brand?post=2557"},{"taxonomy":"product_cat","embeddable":true,"href":"https:\/\/www.joker-fastener.com\/de\/wp-json\/wp\/v2\/product_cat?post=2557"},{"taxonomy":"product_tag","embeddable":true,"href":"https:\/\/www.joker-fastener.com\/de\/wp-json\/wp\/v2\/product_tag?post=2557"}],"curies":[{"name":"wp","href":"https:\/\/api.w.org\/{rel}","templated":true}]}}