{"id":2558,"date":"2022-06-22T11:19:43","date_gmt":"2022-06-22T03:19:43","guid":{"rendered":"https:\/\/www.joker-fastener.com\/product\/zamac-hammer-drive-anchor\/"},"modified":"2022-09-19T18:27:01","modified_gmt":"2022-09-19T10:27:01","slug":"zamac-hammer-drive-anchor","status":"publish","type":"product","link":"https:\/\/www.joker-fastener.com\/de\/product\/zamac-hammer-drive-anchor\/","title":{"rendered":"Metall Nageld\u00fcbel"},"content":{"rendered":"<p><span style=\"font-weight: 400;\">Der <\/span><span style=\"font-weight: 400;\">Metall <\/span><span style=\"font-weight: 400;\">Zamak <\/span><span style=\"font-weight: 400;\">Nageld\u00fcbel <\/span><span style=\"font-weight: 400;\">\u00a0ist ein einstufiger Nagel Schlaganker. Der K\u00f6rper besteht aus einer Zinklegierung und der Nagel aus Kohlenstoffstahl. Diese Anker eignen sich f\u00fcr leichte Anwendungen, einschlie\u00dflich Dacheindeckungen, Ziegel Schwellen, elektrische Befestigungen, Tragleisten, leichte mechanische Befestigungen und Wartungsarbeiten, sollten jedoch nicht f\u00fcr Anwendungen mit \u00dcberkopf- oder Dauer Zugbelastung verwendet werden. Einfache und schnelle Montage dieser leichten Anker durch Einschlagen.<\/span><\/p>\n","protected":false},"excerpt":{"rendered":"<p>Der Metall Zamak Nageld\u00fcbel \u00a0ist ein einstufiger Nagel Schlaganker. Der K\u00f6rper besteht aus einer Zinklegierung und der Nagel aus Kohlenstoffstahl. Diese Anker eignen sich f\u00fcr leichte Anwendungen, einschlie\u00dflich Dacheindeckungen, Ziegel Schwellen, elektrische Befestigungen, Tragleisten, leichte mechanische Befestigungen und Wartungsarbeiten, sollten jedoch nicht f\u00fcr Anwendungen mit \u00dcberkopf- oder Dauer Zugbelastung verwendet werden. Einfache und schnelle Montage [&hellip;]<\/p>\n","protected":false},"featured_media":1792,"template":"","meta":{"_acf_changed":false},"product_brand":[],"product_cat":[141],"product_tag":[],"class_list":{"0":"post-2558","1":"product","2":"type-product","3":"status-publish","4":"has-post-thumbnail","6":"product_cat-hammer-in-fixings-order-de","8":"first","9":"instock","10":"shipping-taxable","11":"product-type-simple"},"acf":[],"yoast_head":"<!-- This site is optimized with the Yoast SEO plugin v25.0 - https:\/\/yoast.com\/wordpress\/plugins\/seo\/ -->\n<title>Metall Nageld\u00fcbel - JOKER INDUSTRIAL CO., LTD<\/title>\n<meta name=\"robots\" content=\"index, follow, max-snippet:-1, max-image-preview:large, max-video-preview:-1\" \/>\n<link rel=\"canonical\" href=\"https:\/\/www.joker-fastener.com\/de\/product\/zamac-hammer-drive-anchor\/\" \/>\n<meta property=\"og:locale\" content=\"de_DE\" \/>\n<meta property=\"og:type\" content=\"article\" \/>\n<meta property=\"og:title\" content=\"Metall Nageld\u00fcbel - JOKER INDUSTRIAL CO., LTD\" \/>\n<meta property=\"og:description\" content=\"Der Metall Zamak Nageld\u00fcbel \u00a0ist ein einstufiger Nagel Schlaganker. Der K\u00f6rper besteht aus einer Zinklegierung und der Nagel aus Kohlenstoffstahl. Diese Anker eignen sich f\u00fcr leichte Anwendungen, einschlie\u00dflich Dacheindeckungen, Ziegel Schwellen, elektrische Befestigungen, Tragleisten, leichte mechanische Befestigungen und Wartungsarbeiten, sollten jedoch nicht f\u00fcr Anwendungen mit \u00dcberkopf- oder Dauer Zugbelastung verwendet werden. Einfache und schnelle Montage [&hellip;]\" \/>\n<meta property=\"og:url\" content=\"https:\/\/www.joker-fastener.com\/de\/product\/zamac-hammer-drive-anchor\/\" \/>\n<meta property=\"og:site_name\" content=\"JOKER INDUSTRIAL CO., LTD\" \/>\n<meta property=\"article:modified_time\" content=\"2022-09-19T10:27:01+00:00\" \/>\n<meta property=\"og:image\" content=\"https:\/\/www.joker-fastener.com\/wp-content\/uploads\/2022\/06\/02-2-1024x1024.png\" \/>\n\t<meta property=\"og:image:width\" content=\"1024\" \/>\n\t<meta property=\"og:image:height\" content=\"1024\" \/>\n\t<meta property=\"og:image:type\" content=\"image\/png\" \/>\n<meta name=\"twitter:card\" content=\"summary_large_image\" \/>\n<script type=\"application\/ld+json\" class=\"yoast-schema-graph\">{\"@context\":\"https:\/\/schema.org\",\"@graph\":[{\"@type\":\"WebPage\",\"@id\":\"https:\/\/www.joker-fastener.com\/de\/product\/zamac-hammer-drive-anchor\/\",\"url\":\"https:\/\/www.joker-fastener.com\/de\/product\/zamac-hammer-drive-anchor\/\",\"name\":\"Metall Nageld\u00fcbel - JOKER INDUSTRIAL CO., LTD\",\"isPartOf\":{\"@id\":\"https:\/\/www.joker-fastener.com\/#website\"},\"primaryImageOfPage\":{\"@id\":\"https:\/\/www.joker-fastener.com\/de\/product\/zamac-hammer-drive-anchor\/#primaryimage\"},\"image\":{\"@id\":\"https:\/\/www.joker-fastener.com\/de\/product\/zamac-hammer-drive-anchor\/#primaryimage\"},\"thumbnailUrl\":\"https:\/\/www.joker-fastener.com\/wp-content\/uploads\/2022\/06\/02-2.png\",\"datePublished\":\"2022-06-22T03:19:43+00:00\",\"dateModified\":\"2022-09-19T10:27:01+00:00\",\"breadcrumb\":{\"@id\":\"https:\/\/www.joker-fastener.com\/de\/product\/zamac-hammer-drive-anchor\/#breadcrumb\"},\"inLanguage\":\"de\",\"potentialAction\":[{\"@type\":\"ReadAction\",\"target\":[\"https:\/\/www.joker-fastener.com\/de\/product\/zamac-hammer-drive-anchor\/\"]}]},{\"@type\":\"ImageObject\",\"inLanguage\":\"de\",\"@id\":\"https:\/\/www.joker-fastener.com\/de\/product\/zamac-hammer-drive-anchor\/#primaryimage\",\"url\":\"https:\/\/www.joker-fastener.com\/wp-content\/uploads\/2022\/06\/02-2.png\",\"contentUrl\":\"https:\/\/www.joker-fastener.com\/wp-content\/uploads\/2022\/06\/02-2.png\",\"width\":2000,\"height\":2000,\"caption\":\"Hammer drive anchor\"},{\"@type\":\"BreadcrumbList\",\"@id\":\"https:\/\/www.joker-fastener.com\/de\/product\/zamac-hammer-drive-anchor\/#breadcrumb\",\"itemListElement\":[{\"@type\":\"ListItem\",\"position\":1,\"name\":\"Home\",\"item\":\"https:\/\/www.joker-fastener.com\/de\/\"},{\"@type\":\"ListItem\",\"position\":2,\"name\":\"Product\",\"item\":\"https:\/\/www.joker-fastener.com\/product\/\"},{\"@type\":\"ListItem\",\"position\":3,\"name\":\"Metall Nageld\u00fcbel\"}]},{\"@type\":\"WebSite\",\"@id\":\"https:\/\/www.joker-fastener.com\/#website\",\"url\":\"https:\/\/www.joker-fastener.com\/\",\"name\":\"JOKER INDUSTRIAL CO., LTD\",\"description\":\"Supplier Manufacturer\",\"potentialAction\":[{\"@type\":\"SearchAction\",\"target\":{\"@type\":\"EntryPoint\",\"urlTemplate\":\"https:\/\/www.joker-fastener.com\/?s={search_term_string}\"},\"query-input\":{\"@type\":\"PropertyValueSpecification\",\"valueRequired\":true,\"valueName\":\"search_term_string\"}}],\"inLanguage\":\"de\"}]}<\/script>\n<!-- \/ Yoast SEO plugin. -->","yoast_head_json":{"title":"Metall Nageld\u00fcbel - JOKER INDUSTRIAL CO., LTD","robots":{"index":"index","follow":"follow","max-snippet":"max-snippet:-1","max-image-preview":"max-image-preview:large","max-video-preview":"max-video-preview:-1"},"canonical":"https:\/\/www.joker-fastener.com\/de\/product\/zamac-hammer-drive-anchor\/","og_locale":"de_DE","og_type":"article","og_title":"Metall Nageld\u00fcbel - JOKER INDUSTRIAL CO., LTD","og_description":"Der Metall Zamak Nageld\u00fcbel \u00a0ist ein einstufiger Nagel Schlaganker. Der K\u00f6rper besteht aus einer Zinklegierung und der Nagel aus Kohlenstoffstahl. Diese Anker eignen sich f\u00fcr leichte Anwendungen, einschlie\u00dflich Dacheindeckungen, Ziegel Schwellen, elektrische Befestigungen, Tragleisten, leichte mechanische Befestigungen und Wartungsarbeiten, sollten jedoch nicht f\u00fcr Anwendungen mit \u00dcberkopf- oder Dauer Zugbelastung verwendet werden. Einfache und schnelle Montage [&hellip;]","og_url":"https:\/\/www.joker-fastener.com\/de\/product\/zamac-hammer-drive-anchor\/","og_site_name":"JOKER INDUSTRIAL CO., LTD","article_modified_time":"2022-09-19T10:27:01+00:00","og_image":[{"width":1024,"height":1024,"url":"https:\/\/www.joker-fastener.com\/wp-content\/uploads\/2022\/06\/02-2-1024x1024.png","type":"image\/png"}],"twitter_card":"summary_large_image","schema":{"@context":"https:\/\/schema.org","@graph":[{"@type":"WebPage","@id":"https:\/\/www.joker-fastener.com\/de\/product\/zamac-hammer-drive-anchor\/","url":"https:\/\/www.joker-fastener.com\/de\/product\/zamac-hammer-drive-anchor\/","name":"Metall Nageld\u00fcbel - JOKER INDUSTRIAL CO., LTD","isPartOf":{"@id":"https:\/\/www.joker-fastener.com\/#website"},"primaryImageOfPage":{"@id":"https:\/\/www.joker-fastener.com\/de\/product\/zamac-hammer-drive-anchor\/#primaryimage"},"image":{"@id":"https:\/\/www.joker-fastener.com\/de\/product\/zamac-hammer-drive-anchor\/#primaryimage"},"thumbnailUrl":"https:\/\/www.joker-fastener.com\/wp-content\/uploads\/2022\/06\/02-2.png","datePublished":"2022-06-22T03:19:43+00:00","dateModified":"2022-09-19T10:27:01+00:00","breadcrumb":{"@id":"https:\/\/www.joker-fastener.com\/de\/product\/zamac-hammer-drive-anchor\/#breadcrumb"},"inLanguage":"de","potentialAction":[{"@type":"ReadAction","target":["https:\/\/www.joker-fastener.com\/de\/product\/zamac-hammer-drive-anchor\/"]}]},{"@type":"ImageObject","inLanguage":"de","@id":"https:\/\/www.joker-fastener.com\/de\/product\/zamac-hammer-drive-anchor\/#primaryimage","url":"https:\/\/www.joker-fastener.com\/wp-content\/uploads\/2022\/06\/02-2.png","contentUrl":"https:\/\/www.joker-fastener.com\/wp-content\/uploads\/2022\/06\/02-2.png","width":2000,"height":2000,"caption":"Hammer drive anchor"},{"@type":"BreadcrumbList","@id":"https:\/\/www.joker-fastener.com\/de\/product\/zamac-hammer-drive-anchor\/#breadcrumb","itemListElement":[{"@type":"ListItem","position":1,"name":"Home","item":"https:\/\/www.joker-fastener.com\/de\/"},{"@type":"ListItem","position":2,"name":"Product","item":"https:\/\/www.joker-fastener.com\/product\/"},{"@type":"ListItem","position":3,"name":"Metall Nageld\u00fcbel"}]},{"@type":"WebSite","@id":"https:\/\/www.joker-fastener.com\/#website","url":"https:\/\/www.joker-fastener.com\/","name":"JOKER INDUSTRIAL CO., LTD","description":"Supplier Manufacturer","potentialAction":[{"@type":"SearchAction","target":{"@type":"EntryPoint","urlTemplate":"https:\/\/www.joker-fastener.com\/?s={search_term_string}"},"query-input":{"@type":"PropertyValueSpecification","valueRequired":true,"valueName":"search_term_string"}}],"inLanguage":"de"}]}},"_links":{"self":[{"href":"https:\/\/www.joker-fastener.com\/de\/wp-json\/wp\/v2\/product\/2558","targetHints":{"allow":["GET"]}}],"collection":[{"href":"https:\/\/www.joker-fastener.com\/de\/wp-json\/wp\/v2\/product"}],"about":[{"href":"https:\/\/www.joker-fastener.com\/de\/wp-json\/wp\/v2\/types\/product"}],"wp:featuredmedia":[{"embeddable":true,"href":"https:\/\/www.joker-fastener.com\/de\/wp-json\/wp\/v2\/media\/1792"}],"wp:attachment":[{"href":"https:\/\/www.joker-fastener.com\/de\/wp-json\/wp\/v2\/media?parent=2558"}],"wp:term":[{"taxonomy":"product_brand","embeddable":true,"href":"https:\/\/www.joker-fastener.com\/de\/wp-json\/wp\/v2\/product_brand?post=2558"},{"taxonomy":"product_cat","embeddable":true,"href":"https:\/\/www.joker-fastener.com\/de\/wp-json\/wp\/v2\/product_cat?post=2558"},{"taxonomy":"product_tag","embeddable":true,"href":"https:\/\/www.joker-fastener.com\/de\/wp-json\/wp\/v2\/product_tag?post=2558"}],"curies":[{"name":"wp","href":"https:\/\/api.w.org\/{rel}","templated":true}]}}