{"id":2560,"date":"2022-12-23T11:29:47","date_gmt":"2022-12-23T03:29:47","guid":{"rendered":"https:\/\/www.joker-fastener.com\/product\/express-nail-spring-pin\/"},"modified":"2022-09-21T11:19:59","modified_gmt":"2022-09-21T03:19:59","slug":"express-nail-spring-pin","status":"publish","type":"product","link":"https:\/\/www.joker-fastener.com\/de\/product\/express-nail-spring-pin\/","title":{"rendered":"Expressnagel"},"content":{"rendered":"<p><span style=\"font-weight: 400;\">BLITZD\u00dcBEL oder auch Einschlagh\u00fcsen\/ B\u00f6rdelrandstift genannt\/ <\/span><span style=\"font-weight: 400;\">Nagelh\u00fclse\/ Fix-Anker<\/span><\/p>\n<p><span style=\"font-weight: 400;\">\u00a0<\/span><span style=\"font-weight: 400;\">Express-N\u00e4gel <\/span><span style=\"font-weight: 400;\">er besteht aus hochwertigem Stahl geh\u00e4rtet verzinkt und bietet in Beton und Mauerwerk einwandfreien Halt, auch gut geeignet bei tempor\u00e4ren Befestigungen.<\/span><\/p>\n","protected":false},"excerpt":{"rendered":"<p>BLITZD\u00dcBEL oder auch Einschlagh\u00fcsen\/ B\u00f6rdelrandstift genannt\/ Nagelh\u00fclse\/ Fix-Anker \u00a0Express-N\u00e4gel er besteht aus hochwertigem Stahl geh\u00e4rtet verzinkt und bietet in Beton und Mauerwerk einwandfreien Halt, auch gut geeignet bei tempor\u00e4ren Befestigungen.<\/p>\n","protected":false},"featured_media":3180,"template":"","meta":{"_acf_changed":false},"product_brand":[],"product_cat":[141,147],"product_tag":[],"class_list":{"0":"post-2560","1":"product","2":"type-product","3":"status-publish","4":"has-post-thumbnail","6":"product_cat-hammer-in-fixings-order-de","7":"product_cat-concrete-fixings-order-de","9":"first","10":"instock","11":"shipping-taxable","12":"product-type-simple"},"acf":[],"yoast_head":"<!-- This site is optimized with the Yoast SEO plugin v25.0 - https:\/\/yoast.com\/wordpress\/plugins\/seo\/ -->\n<title>Expressnagel - JOKER INDUSTRIAL CO., LTD<\/title>\n<meta name=\"robots\" content=\"index, follow, max-snippet:-1, max-image-preview:large, max-video-preview:-1\" \/>\n<link rel=\"canonical\" href=\"https:\/\/www.joker-fastener.com\/de\/product\/express-nail-spring-pin\/\" \/>\n<meta property=\"og:locale\" content=\"de_DE\" \/>\n<meta property=\"og:type\" content=\"article\" \/>\n<meta property=\"og:title\" content=\"Expressnagel - JOKER INDUSTRIAL CO., LTD\" \/>\n<meta property=\"og:description\" content=\"BLITZD\u00dcBEL oder auch Einschlagh\u00fcsen\/ B\u00f6rdelrandstift genannt\/ Nagelh\u00fclse\/ Fix-Anker \u00a0Express-N\u00e4gel er besteht aus hochwertigem Stahl geh\u00e4rtet verzinkt und bietet in Beton und Mauerwerk einwandfreien Halt, auch gut geeignet bei tempor\u00e4ren Befestigungen.\" \/>\n<meta property=\"og:url\" content=\"https:\/\/www.joker-fastener.com\/de\/product\/express-nail-spring-pin\/\" \/>\n<meta property=\"og:site_name\" content=\"JOKER INDUSTRIAL CO., LTD\" \/>\n<meta property=\"og:image\" content=\"https:\/\/www.joker-fastener.com\/wp-content\/uploads\/2022\/06\/SPRING-PIN-1.png\" \/>\n\t<meta property=\"og:image:width\" content=\"600\" \/>\n\t<meta property=\"og:image:height\" content=\"600\" \/>\n\t<meta property=\"og:image:type\" content=\"image\/png\" \/>\n<meta name=\"twitter:card\" content=\"summary_large_image\" \/>\n<script type=\"application\/ld+json\" class=\"yoast-schema-graph\">{\"@context\":\"https:\/\/schema.org\",\"@graph\":[{\"@type\":\"WebPage\",\"@id\":\"https:\/\/www.joker-fastener.com\/de\/product\/express-nail-spring-pin\/\",\"url\":\"https:\/\/www.joker-fastener.com\/de\/product\/express-nail-spring-pin\/\",\"name\":\"Expressnagel - JOKER INDUSTRIAL CO., LTD\",\"isPartOf\":{\"@id\":\"https:\/\/www.joker-fastener.com\/#website\"},\"primaryImageOfPage\":{\"@id\":\"https:\/\/www.joker-fastener.com\/de\/product\/express-nail-spring-pin\/#primaryimage\"},\"image\":{\"@id\":\"https:\/\/www.joker-fastener.com\/de\/product\/express-nail-spring-pin\/#primaryimage\"},\"thumbnailUrl\":\"https:\/\/www.joker-fastener.com\/wp-content\/uploads\/2022\/06\/SPRING-PIN-1.png\",\"datePublished\":\"2022-12-23T03:29:47+00:00\",\"breadcrumb\":{\"@id\":\"https:\/\/www.joker-fastener.com\/de\/product\/express-nail-spring-pin\/#breadcrumb\"},\"inLanguage\":\"de\",\"potentialAction\":[{\"@type\":\"ReadAction\",\"target\":[\"https:\/\/www.joker-fastener.com\/de\/product\/express-nail-spring-pin\/\"]}]},{\"@type\":\"ImageObject\",\"inLanguage\":\"de\",\"@id\":\"https:\/\/www.joker-fastener.com\/de\/product\/express-nail-spring-pin\/#primaryimage\",\"url\":\"https:\/\/www.joker-fastener.com\/wp-content\/uploads\/2022\/06\/SPRING-PIN-1.png\",\"contentUrl\":\"https:\/\/www.joker-fastener.com\/wp-content\/uploads\/2022\/06\/SPRING-PIN-1.png\",\"width\":600,\"height\":600,\"caption\":\"express hammer fixing nail\"},{\"@type\":\"BreadcrumbList\",\"@id\":\"https:\/\/www.joker-fastener.com\/de\/product\/express-nail-spring-pin\/#breadcrumb\",\"itemListElement\":[{\"@type\":\"ListItem\",\"position\":1,\"name\":\"Home\",\"item\":\"https:\/\/www.joker-fastener.com\/de\/\"},{\"@type\":\"ListItem\",\"position\":2,\"name\":\"Product\",\"item\":\"https:\/\/www.joker-fastener.com\/product\/\"},{\"@type\":\"ListItem\",\"position\":3,\"name\":\"Expressnagel\"}]},{\"@type\":\"WebSite\",\"@id\":\"https:\/\/www.joker-fastener.com\/#website\",\"url\":\"https:\/\/www.joker-fastener.com\/\",\"name\":\"JOKER INDUSTRIAL CO., LTD\",\"description\":\"Supplier Manufacturer\",\"potentialAction\":[{\"@type\":\"SearchAction\",\"target\":{\"@type\":\"EntryPoint\",\"urlTemplate\":\"https:\/\/www.joker-fastener.com\/?s={search_term_string}\"},\"query-input\":{\"@type\":\"PropertyValueSpecification\",\"valueRequired\":true,\"valueName\":\"search_term_string\"}}],\"inLanguage\":\"de\"}]}<\/script>\n<!-- \/ Yoast SEO plugin. -->","yoast_head_json":{"title":"Expressnagel - JOKER INDUSTRIAL CO., LTD","robots":{"index":"index","follow":"follow","max-snippet":"max-snippet:-1","max-image-preview":"max-image-preview:large","max-video-preview":"max-video-preview:-1"},"canonical":"https:\/\/www.joker-fastener.com\/de\/product\/express-nail-spring-pin\/","og_locale":"de_DE","og_type":"article","og_title":"Expressnagel - JOKER INDUSTRIAL CO., LTD","og_description":"BLITZD\u00dcBEL oder auch Einschlagh\u00fcsen\/ B\u00f6rdelrandstift genannt\/ Nagelh\u00fclse\/ Fix-Anker \u00a0Express-N\u00e4gel er besteht aus hochwertigem Stahl geh\u00e4rtet verzinkt und bietet in Beton und Mauerwerk einwandfreien Halt, auch gut geeignet bei tempor\u00e4ren Befestigungen.","og_url":"https:\/\/www.joker-fastener.com\/de\/product\/express-nail-spring-pin\/","og_site_name":"JOKER INDUSTRIAL CO., LTD","og_image":[{"width":600,"height":600,"url":"https:\/\/www.joker-fastener.com\/wp-content\/uploads\/2022\/06\/SPRING-PIN-1.png","type":"image\/png"}],"twitter_card":"summary_large_image","schema":{"@context":"https:\/\/schema.org","@graph":[{"@type":"WebPage","@id":"https:\/\/www.joker-fastener.com\/de\/product\/express-nail-spring-pin\/","url":"https:\/\/www.joker-fastener.com\/de\/product\/express-nail-spring-pin\/","name":"Expressnagel - JOKER INDUSTRIAL CO., LTD","isPartOf":{"@id":"https:\/\/www.joker-fastener.com\/#website"},"primaryImageOfPage":{"@id":"https:\/\/www.joker-fastener.com\/de\/product\/express-nail-spring-pin\/#primaryimage"},"image":{"@id":"https:\/\/www.joker-fastener.com\/de\/product\/express-nail-spring-pin\/#primaryimage"},"thumbnailUrl":"https:\/\/www.joker-fastener.com\/wp-content\/uploads\/2022\/06\/SPRING-PIN-1.png","datePublished":"2022-12-23T03:29:47+00:00","breadcrumb":{"@id":"https:\/\/www.joker-fastener.com\/de\/product\/express-nail-spring-pin\/#breadcrumb"},"inLanguage":"de","potentialAction":[{"@type":"ReadAction","target":["https:\/\/www.joker-fastener.com\/de\/product\/express-nail-spring-pin\/"]}]},{"@type":"ImageObject","inLanguage":"de","@id":"https:\/\/www.joker-fastener.com\/de\/product\/express-nail-spring-pin\/#primaryimage","url":"https:\/\/www.joker-fastener.com\/wp-content\/uploads\/2022\/06\/SPRING-PIN-1.png","contentUrl":"https:\/\/www.joker-fastener.com\/wp-content\/uploads\/2022\/06\/SPRING-PIN-1.png","width":600,"height":600,"caption":"express hammer fixing nail"},{"@type":"BreadcrumbList","@id":"https:\/\/www.joker-fastener.com\/de\/product\/express-nail-spring-pin\/#breadcrumb","itemListElement":[{"@type":"ListItem","position":1,"name":"Home","item":"https:\/\/www.joker-fastener.com\/de\/"},{"@type":"ListItem","position":2,"name":"Product","item":"https:\/\/www.joker-fastener.com\/product\/"},{"@type":"ListItem","position":3,"name":"Expressnagel"}]},{"@type":"WebSite","@id":"https:\/\/www.joker-fastener.com\/#website","url":"https:\/\/www.joker-fastener.com\/","name":"JOKER INDUSTRIAL CO., LTD","description":"Supplier Manufacturer","potentialAction":[{"@type":"SearchAction","target":{"@type":"EntryPoint","urlTemplate":"https:\/\/www.joker-fastener.com\/?s={search_term_string}"},"query-input":{"@type":"PropertyValueSpecification","valueRequired":true,"valueName":"search_term_string"}}],"inLanguage":"de"}]}},"_links":{"self":[{"href":"https:\/\/www.joker-fastener.com\/de\/wp-json\/wp\/v2\/product\/2560","targetHints":{"allow":["GET"]}}],"collection":[{"href":"https:\/\/www.joker-fastener.com\/de\/wp-json\/wp\/v2\/product"}],"about":[{"href":"https:\/\/www.joker-fastener.com\/de\/wp-json\/wp\/v2\/types\/product"}],"wp:featuredmedia":[{"embeddable":true,"href":"https:\/\/www.joker-fastener.com\/de\/wp-json\/wp\/v2\/media\/3180"}],"wp:attachment":[{"href":"https:\/\/www.joker-fastener.com\/de\/wp-json\/wp\/v2\/media?parent=2560"}],"wp:term":[{"taxonomy":"product_brand","embeddable":true,"href":"https:\/\/www.joker-fastener.com\/de\/wp-json\/wp\/v2\/product_brand?post=2560"},{"taxonomy":"product_cat","embeddable":true,"href":"https:\/\/www.joker-fastener.com\/de\/wp-json\/wp\/v2\/product_cat?post=2560"},{"taxonomy":"product_tag","embeddable":true,"href":"https:\/\/www.joker-fastener.com\/de\/wp-json\/wp\/v2\/product_tag?post=2560"}],"curies":[{"name":"wp","href":"https:\/\/api.w.org\/{rel}","templated":true}]}}