{"id":2594,"date":"2022-12-22T13:06:33","date_gmt":"2022-12-22T05:06:33","guid":{"rendered":"https:\/\/www.joker-fastener.com\/product\/spendarl-anchor-2\/"},"modified":"2022-09-21T10:27:28","modified_gmt":"2022-09-21T02:27:28","slug":"spendarl-anchor-2","status":"publish","type":"product","link":"https:\/\/www.joker-fastener.com\/de\/product\/spendarl-anchor-2\/","title":{"rendered":"Kohlenstoffstahl Metall Nageld\u00fcbel"},"content":{"rendered":"<p><span style=\"font-weight: 400;\">Der Joker-Spendarl-Anker ist eine neue Art von Hammer im Spreizd\u00fcbel mit patentiertem Design und h\u00f6herer Auszugslast als Hammerschlaganker, seine Auszugslast ist \u00e4hnlich wie bei deckenanker (verzinkt), der Preis ist jedoch mindestens 30% ~ 40% niedriger\u00a0<\/span><span style=\"font-weight: 400;\">.<\/span><\/p>\n","protected":false},"excerpt":{"rendered":"<p>Der Joker-Spendarl-Anker ist eine neue Art von Hammer im Spreizd\u00fcbel mit patentiertem Design und h\u00f6herer Auszugslast als Hammerschlaganker, seine Auszugslast ist \u00e4hnlich wie bei deckenanker (verzinkt), der Preis ist jedoch mindestens 30% ~ 40% niedriger\u00a0.<\/p>\n","protected":false},"featured_media":2579,"template":"","meta":{"_acf_changed":false},"product_brand":[],"product_cat":[141,147],"product_tag":[],"class_list":{"0":"post-2594","1":"product","2":"type-product","3":"status-publish","4":"has-post-thumbnail","6":"product_cat-hammer-in-fixings-order-de","7":"product_cat-concrete-fixings-order-de","9":"first","10":"instock","11":"shipping-taxable","12":"product-type-simple"},"acf":[],"yoast_head":"<!-- This site is optimized with the Yoast SEO plugin v25.0 - https:\/\/yoast.com\/wordpress\/plugins\/seo\/ -->\n<title>Kohlenstoffstahl Metall Nageld\u00fcbel - JOKER INDUSTRIAL CO., LTD<\/title>\n<meta name=\"robots\" content=\"index, follow, max-snippet:-1, max-image-preview:large, max-video-preview:-1\" \/>\n<link rel=\"canonical\" href=\"https:\/\/www.joker-fastener.com\/de\/product\/spendarl-anchor-2\/\" \/>\n<meta property=\"og:locale\" content=\"de_DE\" \/>\n<meta property=\"og:type\" content=\"article\" \/>\n<meta property=\"og:title\" content=\"Kohlenstoffstahl Metall Nageld\u00fcbel - JOKER INDUSTRIAL CO., LTD\" \/>\n<meta property=\"og:description\" content=\"Der Joker-Spendarl-Anker ist eine neue Art von Hammer im Spreizd\u00fcbel mit patentiertem Design und h\u00f6herer Auszugslast als Hammerschlaganker, seine Auszugslast ist \u00e4hnlich wie bei deckenanker (verzinkt), der Preis ist jedoch mindestens 30% ~ 40% niedriger\u00a0.\" \/>\n<meta property=\"og:url\" content=\"https:\/\/www.joker-fastener.com\/de\/product\/spendarl-anchor-2\/\" \/>\n<meta property=\"og:site_name\" content=\"JOKER INDUSTRIAL CO., LTD\" \/>\n<meta property=\"og:image\" content=\"https:\/\/www.joker-fastener.com\/wp-content\/uploads\/2022\/07\/1.SPENDARL-ANCHOR.jpg\" \/>\n\t<meta property=\"og:image:width\" content=\"587\" \/>\n\t<meta property=\"og:image:height\" content=\"590\" \/>\n\t<meta property=\"og:image:type\" content=\"image\/jpeg\" \/>\n<meta name=\"twitter:card\" content=\"summary_large_image\" \/>\n<script type=\"application\/ld+json\" class=\"yoast-schema-graph\">{\"@context\":\"https:\/\/schema.org\",\"@graph\":[{\"@type\":\"WebPage\",\"@id\":\"https:\/\/www.joker-fastener.com\/de\/product\/spendarl-anchor-2\/\",\"url\":\"https:\/\/www.joker-fastener.com\/de\/product\/spendarl-anchor-2\/\",\"name\":\"Kohlenstoffstahl Metall Nageld\u00fcbel - JOKER INDUSTRIAL CO., LTD\",\"isPartOf\":{\"@id\":\"https:\/\/www.joker-fastener.com\/#website\"},\"primaryImageOfPage\":{\"@id\":\"https:\/\/www.joker-fastener.com\/de\/product\/spendarl-anchor-2\/#primaryimage\"},\"image\":{\"@id\":\"https:\/\/www.joker-fastener.com\/de\/product\/spendarl-anchor-2\/#primaryimage\"},\"thumbnailUrl\":\"https:\/\/www.joker-fastener.com\/wp-content\/uploads\/2022\/07\/1.SPENDARL-ANCHOR.jpg\",\"datePublished\":\"2022-12-22T05:06:33+00:00\",\"breadcrumb\":{\"@id\":\"https:\/\/www.joker-fastener.com\/de\/product\/spendarl-anchor-2\/#breadcrumb\"},\"inLanguage\":\"de\",\"potentialAction\":[{\"@type\":\"ReadAction\",\"target\":[\"https:\/\/www.joker-fastener.com\/de\/product\/spendarl-anchor-2\/\"]}]},{\"@type\":\"ImageObject\",\"inLanguage\":\"de\",\"@id\":\"https:\/\/www.joker-fastener.com\/de\/product\/spendarl-anchor-2\/#primaryimage\",\"url\":\"https:\/\/www.joker-fastener.com\/wp-content\/uploads\/2022\/07\/1.SPENDARL-ANCHOR.jpg\",\"contentUrl\":\"https:\/\/www.joker-fastener.com\/wp-content\/uploads\/2022\/07\/1.SPENDARL-ANCHOR.jpg\",\"width\":587,\"height\":590,\"caption\":\"SPENDARL hammer anchor\"},{\"@type\":\"BreadcrumbList\",\"@id\":\"https:\/\/www.joker-fastener.com\/de\/product\/spendarl-anchor-2\/#breadcrumb\",\"itemListElement\":[{\"@type\":\"ListItem\",\"position\":1,\"name\":\"Home\",\"item\":\"https:\/\/www.joker-fastener.com\/de\/\"},{\"@type\":\"ListItem\",\"position\":2,\"name\":\"Product\",\"item\":\"https:\/\/www.joker-fastener.com\/product\/\"},{\"@type\":\"ListItem\",\"position\":3,\"name\":\"Kohlenstoffstahl Metall Nageld\u00fcbel\"}]},{\"@type\":\"WebSite\",\"@id\":\"https:\/\/www.joker-fastener.com\/#website\",\"url\":\"https:\/\/www.joker-fastener.com\/\",\"name\":\"JOKER INDUSTRIAL CO., LTD\",\"description\":\"Supplier Manufacturer\",\"potentialAction\":[{\"@type\":\"SearchAction\",\"target\":{\"@type\":\"EntryPoint\",\"urlTemplate\":\"https:\/\/www.joker-fastener.com\/?s={search_term_string}\"},\"query-input\":{\"@type\":\"PropertyValueSpecification\",\"valueRequired\":true,\"valueName\":\"search_term_string\"}}],\"inLanguage\":\"de\"}]}<\/script>\n<!-- \/ Yoast SEO plugin. -->","yoast_head_json":{"title":"Kohlenstoffstahl Metall Nageld\u00fcbel - JOKER INDUSTRIAL CO., LTD","robots":{"index":"index","follow":"follow","max-snippet":"max-snippet:-1","max-image-preview":"max-image-preview:large","max-video-preview":"max-video-preview:-1"},"canonical":"https:\/\/www.joker-fastener.com\/de\/product\/spendarl-anchor-2\/","og_locale":"de_DE","og_type":"article","og_title":"Kohlenstoffstahl Metall Nageld\u00fcbel - JOKER INDUSTRIAL CO., LTD","og_description":"Der Joker-Spendarl-Anker ist eine neue Art von Hammer im Spreizd\u00fcbel mit patentiertem Design und h\u00f6herer Auszugslast als Hammerschlaganker, seine Auszugslast ist \u00e4hnlich wie bei deckenanker (verzinkt), der Preis ist jedoch mindestens 30% ~ 40% niedriger\u00a0.","og_url":"https:\/\/www.joker-fastener.com\/de\/product\/spendarl-anchor-2\/","og_site_name":"JOKER INDUSTRIAL CO., LTD","og_image":[{"width":587,"height":590,"url":"https:\/\/www.joker-fastener.com\/wp-content\/uploads\/2022\/07\/1.SPENDARL-ANCHOR.jpg","type":"image\/jpeg"}],"twitter_card":"summary_large_image","schema":{"@context":"https:\/\/schema.org","@graph":[{"@type":"WebPage","@id":"https:\/\/www.joker-fastener.com\/de\/product\/spendarl-anchor-2\/","url":"https:\/\/www.joker-fastener.com\/de\/product\/spendarl-anchor-2\/","name":"Kohlenstoffstahl Metall Nageld\u00fcbel - JOKER INDUSTRIAL CO., LTD","isPartOf":{"@id":"https:\/\/www.joker-fastener.com\/#website"},"primaryImageOfPage":{"@id":"https:\/\/www.joker-fastener.com\/de\/product\/spendarl-anchor-2\/#primaryimage"},"image":{"@id":"https:\/\/www.joker-fastener.com\/de\/product\/spendarl-anchor-2\/#primaryimage"},"thumbnailUrl":"https:\/\/www.joker-fastener.com\/wp-content\/uploads\/2022\/07\/1.SPENDARL-ANCHOR.jpg","datePublished":"2022-12-22T05:06:33+00:00","breadcrumb":{"@id":"https:\/\/www.joker-fastener.com\/de\/product\/spendarl-anchor-2\/#breadcrumb"},"inLanguage":"de","potentialAction":[{"@type":"ReadAction","target":["https:\/\/www.joker-fastener.com\/de\/product\/spendarl-anchor-2\/"]}]},{"@type":"ImageObject","inLanguage":"de","@id":"https:\/\/www.joker-fastener.com\/de\/product\/spendarl-anchor-2\/#primaryimage","url":"https:\/\/www.joker-fastener.com\/wp-content\/uploads\/2022\/07\/1.SPENDARL-ANCHOR.jpg","contentUrl":"https:\/\/www.joker-fastener.com\/wp-content\/uploads\/2022\/07\/1.SPENDARL-ANCHOR.jpg","width":587,"height":590,"caption":"SPENDARL hammer anchor"},{"@type":"BreadcrumbList","@id":"https:\/\/www.joker-fastener.com\/de\/product\/spendarl-anchor-2\/#breadcrumb","itemListElement":[{"@type":"ListItem","position":1,"name":"Home","item":"https:\/\/www.joker-fastener.com\/de\/"},{"@type":"ListItem","position":2,"name":"Product","item":"https:\/\/www.joker-fastener.com\/product\/"},{"@type":"ListItem","position":3,"name":"Kohlenstoffstahl Metall Nageld\u00fcbel"}]},{"@type":"WebSite","@id":"https:\/\/www.joker-fastener.com\/#website","url":"https:\/\/www.joker-fastener.com\/","name":"JOKER INDUSTRIAL CO., LTD","description":"Supplier Manufacturer","potentialAction":[{"@type":"SearchAction","target":{"@type":"EntryPoint","urlTemplate":"https:\/\/www.joker-fastener.com\/?s={search_term_string}"},"query-input":{"@type":"PropertyValueSpecification","valueRequired":true,"valueName":"search_term_string"}}],"inLanguage":"de"}]}},"_links":{"self":[{"href":"https:\/\/www.joker-fastener.com\/de\/wp-json\/wp\/v2\/product\/2594","targetHints":{"allow":["GET"]}}],"collection":[{"href":"https:\/\/www.joker-fastener.com\/de\/wp-json\/wp\/v2\/product"}],"about":[{"href":"https:\/\/www.joker-fastener.com\/de\/wp-json\/wp\/v2\/types\/product"}],"wp:featuredmedia":[{"embeddable":true,"href":"https:\/\/www.joker-fastener.com\/de\/wp-json\/wp\/v2\/media\/2579"}],"wp:attachment":[{"href":"https:\/\/www.joker-fastener.com\/de\/wp-json\/wp\/v2\/media?parent=2594"}],"wp:term":[{"taxonomy":"product_brand","embeddable":true,"href":"https:\/\/www.joker-fastener.com\/de\/wp-json\/wp\/v2\/product_brand?post=2594"},{"taxonomy":"product_cat","embeddable":true,"href":"https:\/\/www.joker-fastener.com\/de\/wp-json\/wp\/v2\/product_cat?post=2594"},{"taxonomy":"product_tag","embeddable":true,"href":"https:\/\/www.joker-fastener.com\/de\/wp-json\/wp\/v2\/product_tag?post=2594"}],"curies":[{"name":"wp","href":"https:\/\/api.w.org\/{rel}","templated":true}]}}