{"id":2621,"date":"2022-07-04T13:13:08","date_gmt":"2022-07-04T05:13:08","guid":{"rendered":"https:\/\/www.joker-fastener.com\/product\/metal-plug\/"},"modified":"2022-09-19T18:25:14","modified_gmt":"2022-09-19T10:25:14","slug":"metal-plug","status":"publish","type":"product","link":"https:\/\/www.joker-fastener.com\/de\/product\/metal-plug\/","title":{"rendered":"Metall-Universal-D\u00fcbel"},"content":{"rendered":"<p><span style=\"font-weight: 400;\">Metallspreizd\u00fcbel f\u00fcr Befestigungen in Porenbeton und anderen Untergr\u00fcnden.<\/span><\/p>\n<p><span style=\"font-weight: 400;\">Es ist 4-fach Spreizung und \u00e4u\u00dfere Verzahnung garantieren hohe Tragf\u00e4higkeit.<\/span><\/p>\n","protected":false},"excerpt":{"rendered":"<p>Metallspreizd\u00fcbel f\u00fcr Befestigungen in Porenbeton und anderen Untergr\u00fcnden. Es ist 4-fach Spreizung und \u00e4u\u00dfere Verzahnung garantieren hohe Tragf\u00e4higkeit.<\/p>\n","protected":false},"featured_media":2606,"template":"","meta":{"_acf_changed":false},"product_brand":[],"product_cat":[141],"product_tag":[],"class_list":{"0":"post-2621","1":"product","2":"type-product","3":"status-publish","4":"has-post-thumbnail","6":"product_cat-hammer-in-fixings-order-de","8":"first","9":"instock","10":"shipping-taxable","11":"product-type-simple"},"acf":[],"yoast_head":"<!-- This site is optimized with the Yoast SEO plugin v25.0 - https:\/\/yoast.com\/wordpress\/plugins\/seo\/ -->\n<title>Metall-Universal-D\u00fcbel - JOKER INDUSTRIAL CO., LTD<\/title>\n<meta name=\"robots\" content=\"index, follow, max-snippet:-1, max-image-preview:large, max-video-preview:-1\" \/>\n<link rel=\"canonical\" href=\"https:\/\/www.joker-fastener.com\/de\/product\/metal-plug\/\" \/>\n<meta property=\"og:locale\" content=\"de_DE\" \/>\n<meta property=\"og:type\" content=\"article\" \/>\n<meta property=\"og:title\" content=\"Metall-Universal-D\u00fcbel - JOKER INDUSTRIAL CO., LTD\" \/>\n<meta property=\"og:description\" content=\"Metallspreizd\u00fcbel f\u00fcr Befestigungen in Porenbeton und anderen Untergr\u00fcnden. Es ist 4-fach Spreizung und \u00e4u\u00dfere Verzahnung garantieren hohe Tragf\u00e4higkeit.\" \/>\n<meta property=\"og:url\" content=\"https:\/\/www.joker-fastener.com\/de\/product\/metal-plug\/\" \/>\n<meta property=\"og:site_name\" content=\"JOKER INDUSTRIAL CO., LTD\" \/>\n<meta property=\"article:modified_time\" content=\"2022-09-19T10:25:14+00:00\" \/>\n<meta property=\"og:image\" content=\"https:\/\/www.joker-fastener.com\/wp-content\/uploads\/2022\/07\/1.-metal-universal-plug-01.jpg\" \/>\n\t<meta property=\"og:image:width\" content=\"806\" \/>\n\t<meta property=\"og:image:height\" content=\"806\" \/>\n\t<meta property=\"og:image:type\" content=\"image\/jpeg\" \/>\n<meta name=\"twitter:card\" content=\"summary_large_image\" \/>\n<script type=\"application\/ld+json\" class=\"yoast-schema-graph\">{\"@context\":\"https:\/\/schema.org\",\"@graph\":[{\"@type\":\"WebPage\",\"@id\":\"https:\/\/www.joker-fastener.com\/de\/product\/metal-plug\/\",\"url\":\"https:\/\/www.joker-fastener.com\/de\/product\/metal-plug\/\",\"name\":\"Metall-Universal-D\u00fcbel - JOKER INDUSTRIAL CO., LTD\",\"isPartOf\":{\"@id\":\"https:\/\/www.joker-fastener.com\/#website\"},\"primaryImageOfPage\":{\"@id\":\"https:\/\/www.joker-fastener.com\/de\/product\/metal-plug\/#primaryimage\"},\"image\":{\"@id\":\"https:\/\/www.joker-fastener.com\/de\/product\/metal-plug\/#primaryimage\"},\"thumbnailUrl\":\"https:\/\/www.joker-fastener.com\/wp-content\/uploads\/2022\/07\/1.-metal-universal-plug-01.jpg\",\"datePublished\":\"2022-07-04T05:13:08+00:00\",\"dateModified\":\"2022-09-19T10:25:14+00:00\",\"breadcrumb\":{\"@id\":\"https:\/\/www.joker-fastener.com\/de\/product\/metal-plug\/#breadcrumb\"},\"inLanguage\":\"de\",\"potentialAction\":[{\"@type\":\"ReadAction\",\"target\":[\"https:\/\/www.joker-fastener.com\/de\/product\/metal-plug\/\"]}]},{\"@type\":\"ImageObject\",\"inLanguage\":\"de\",\"@id\":\"https:\/\/www.joker-fastener.com\/de\/product\/metal-plug\/#primaryimage\",\"url\":\"https:\/\/www.joker-fastener.com\/wp-content\/uploads\/2022\/07\/1.-metal-universal-plug-01.jpg\",\"contentUrl\":\"https:\/\/www.joker-fastener.com\/wp-content\/uploads\/2022\/07\/1.-metal-universal-plug-01.jpg\",\"width\":806,\"height\":806,\"caption\":\"metal universal plug\"},{\"@type\":\"BreadcrumbList\",\"@id\":\"https:\/\/www.joker-fastener.com\/de\/product\/metal-plug\/#breadcrumb\",\"itemListElement\":[{\"@type\":\"ListItem\",\"position\":1,\"name\":\"Home\",\"item\":\"https:\/\/www.joker-fastener.com\/de\/\"},{\"@type\":\"ListItem\",\"position\":2,\"name\":\"Product\",\"item\":\"https:\/\/www.joker-fastener.com\/product\/\"},{\"@type\":\"ListItem\",\"position\":3,\"name\":\"Metall-Universal-D\u00fcbel\"}]},{\"@type\":\"WebSite\",\"@id\":\"https:\/\/www.joker-fastener.com\/#website\",\"url\":\"https:\/\/www.joker-fastener.com\/\",\"name\":\"JOKER INDUSTRIAL CO., LTD\",\"description\":\"Supplier Manufacturer\",\"potentialAction\":[{\"@type\":\"SearchAction\",\"target\":{\"@type\":\"EntryPoint\",\"urlTemplate\":\"https:\/\/www.joker-fastener.com\/?s={search_term_string}\"},\"query-input\":{\"@type\":\"PropertyValueSpecification\",\"valueRequired\":true,\"valueName\":\"search_term_string\"}}],\"inLanguage\":\"de\"}]}<\/script>\n<!-- \/ Yoast SEO plugin. -->","yoast_head_json":{"title":"Metall-Universal-D\u00fcbel - JOKER INDUSTRIAL CO., LTD","robots":{"index":"index","follow":"follow","max-snippet":"max-snippet:-1","max-image-preview":"max-image-preview:large","max-video-preview":"max-video-preview:-1"},"canonical":"https:\/\/www.joker-fastener.com\/de\/product\/metal-plug\/","og_locale":"de_DE","og_type":"article","og_title":"Metall-Universal-D\u00fcbel - JOKER INDUSTRIAL CO., LTD","og_description":"Metallspreizd\u00fcbel f\u00fcr Befestigungen in Porenbeton und anderen Untergr\u00fcnden. Es ist 4-fach Spreizung und \u00e4u\u00dfere Verzahnung garantieren hohe Tragf\u00e4higkeit.","og_url":"https:\/\/www.joker-fastener.com\/de\/product\/metal-plug\/","og_site_name":"JOKER INDUSTRIAL CO., LTD","article_modified_time":"2022-09-19T10:25:14+00:00","og_image":[{"width":806,"height":806,"url":"https:\/\/www.joker-fastener.com\/wp-content\/uploads\/2022\/07\/1.-metal-universal-plug-01.jpg","type":"image\/jpeg"}],"twitter_card":"summary_large_image","schema":{"@context":"https:\/\/schema.org","@graph":[{"@type":"WebPage","@id":"https:\/\/www.joker-fastener.com\/de\/product\/metal-plug\/","url":"https:\/\/www.joker-fastener.com\/de\/product\/metal-plug\/","name":"Metall-Universal-D\u00fcbel - JOKER INDUSTRIAL CO., LTD","isPartOf":{"@id":"https:\/\/www.joker-fastener.com\/#website"},"primaryImageOfPage":{"@id":"https:\/\/www.joker-fastener.com\/de\/product\/metal-plug\/#primaryimage"},"image":{"@id":"https:\/\/www.joker-fastener.com\/de\/product\/metal-plug\/#primaryimage"},"thumbnailUrl":"https:\/\/www.joker-fastener.com\/wp-content\/uploads\/2022\/07\/1.-metal-universal-plug-01.jpg","datePublished":"2022-07-04T05:13:08+00:00","dateModified":"2022-09-19T10:25:14+00:00","breadcrumb":{"@id":"https:\/\/www.joker-fastener.com\/de\/product\/metal-plug\/#breadcrumb"},"inLanguage":"de","potentialAction":[{"@type":"ReadAction","target":["https:\/\/www.joker-fastener.com\/de\/product\/metal-plug\/"]}]},{"@type":"ImageObject","inLanguage":"de","@id":"https:\/\/www.joker-fastener.com\/de\/product\/metal-plug\/#primaryimage","url":"https:\/\/www.joker-fastener.com\/wp-content\/uploads\/2022\/07\/1.-metal-universal-plug-01.jpg","contentUrl":"https:\/\/www.joker-fastener.com\/wp-content\/uploads\/2022\/07\/1.-metal-universal-plug-01.jpg","width":806,"height":806,"caption":"metal universal plug"},{"@type":"BreadcrumbList","@id":"https:\/\/www.joker-fastener.com\/de\/product\/metal-plug\/#breadcrumb","itemListElement":[{"@type":"ListItem","position":1,"name":"Home","item":"https:\/\/www.joker-fastener.com\/de\/"},{"@type":"ListItem","position":2,"name":"Product","item":"https:\/\/www.joker-fastener.com\/product\/"},{"@type":"ListItem","position":3,"name":"Metall-Universal-D\u00fcbel"}]},{"@type":"WebSite","@id":"https:\/\/www.joker-fastener.com\/#website","url":"https:\/\/www.joker-fastener.com\/","name":"JOKER INDUSTRIAL CO., LTD","description":"Supplier Manufacturer","potentialAction":[{"@type":"SearchAction","target":{"@type":"EntryPoint","urlTemplate":"https:\/\/www.joker-fastener.com\/?s={search_term_string}"},"query-input":{"@type":"PropertyValueSpecification","valueRequired":true,"valueName":"search_term_string"}}],"inLanguage":"de"}]}},"_links":{"self":[{"href":"https:\/\/www.joker-fastener.com\/de\/wp-json\/wp\/v2\/product\/2621","targetHints":{"allow":["GET"]}}],"collection":[{"href":"https:\/\/www.joker-fastener.com\/de\/wp-json\/wp\/v2\/product"}],"about":[{"href":"https:\/\/www.joker-fastener.com\/de\/wp-json\/wp\/v2\/types\/product"}],"wp:featuredmedia":[{"embeddable":true,"href":"https:\/\/www.joker-fastener.com\/de\/wp-json\/wp\/v2\/media\/2606"}],"wp:attachment":[{"href":"https:\/\/www.joker-fastener.com\/de\/wp-json\/wp\/v2\/media?parent=2621"}],"wp:term":[{"taxonomy":"product_brand","embeddable":true,"href":"https:\/\/www.joker-fastener.com\/de\/wp-json\/wp\/v2\/product_brand?post=2621"},{"taxonomy":"product_cat","embeddable":true,"href":"https:\/\/www.joker-fastener.com\/de\/wp-json\/wp\/v2\/product_cat?post=2621"},{"taxonomy":"product_tag","embeddable":true,"href":"https:\/\/www.joker-fastener.com\/de\/wp-json\/wp\/v2\/product_tag?post=2621"}],"curies":[{"name":"wp","href":"https:\/\/api.w.org\/{rel}","templated":true}]}}