{"id":2676,"date":"2022-12-24T12:06:11","date_gmt":"2022-12-24T04:06:11","guid":{"rendered":"https:\/\/www.joker-fastener.com\/product\/hook-and-eye\/"},"modified":"2022-11-29T11:23:12","modified_gmt":"2022-11-29T03:23:12","slug":"hook-and-eye","status":"publish","type":"product","link":"https:\/\/www.joker-fastener.com\/de\/product\/hook-and-eye\/","title":{"rendered":"H\u00fclsenanker mit Haken \u00d6se"},"content":{"rendered":"<p><span style=\"font-weight: 400;\">Joker H\u00fclsenanker ist ideal f\u00fcr leichte oder schwere vormontierte Befestigungen in gerissenem und ungerissenem Beton. Wie zum Beispiel Kragarme, Handl\u00e4ufe, Kabelrinnen und die Sicherung der Balken von Terrassendielen. Der Endbenutzer mit optimiertem Patentdesign kann den Anker leicht verdrehen und installieren. H\u00fclsenanker funktionieren, indem sie in ein in Beton gebohrtes Loch eingesetzt werden. Durch Drehen der Mutter wird das Arbeitsende des D\u00fcbels nach oben durch die H\u00fclse gezogen, spreizt und verankert sich sicher im Beton, Ziegel oder Block.<\/span><\/p>\n","protected":false},"excerpt":{"rendered":"<p>Joker H\u00fclsenanker ist ideal f\u00fcr leichte oder schwere vormontierte Befestigungen in gerissenem und ungerissenem Beton. Wie zum Beispiel Kragarme, Handl\u00e4ufe, Kabelrinnen und die Sicherung der Balken von Terrassendielen. Der Endbenutzer mit optimiertem Patentdesign kann den Anker leicht verdrehen und installieren. H\u00fclsenanker funktionieren, indem sie in ein in Beton gebohrtes Loch eingesetzt werden. Durch Drehen der [&hellip;]<\/p>\n","protected":false},"featured_media":1912,"template":"","meta":{"_acf_changed":false},"product_brand":[],"product_cat":[147],"product_tag":[],"class_list":{"0":"post-2676","1":"product","2":"type-product","3":"status-publish","4":"has-post-thumbnail","6":"product_cat-concrete-fixings-order-de","8":"first","9":"instock","10":"shipping-taxable","11":"product-type-simple"},"acf":[],"yoast_head":"<!-- This site is optimized with the Yoast SEO plugin v25.0 - https:\/\/yoast.com\/wordpress\/plugins\/seo\/ -->\n<title>H\u00fclsenanker mit Haken \u00d6se - JOKER INDUSTRIAL CO., LTD<\/title>\n<meta name=\"robots\" content=\"index, follow, max-snippet:-1, max-image-preview:large, max-video-preview:-1\" \/>\n<link rel=\"canonical\" href=\"https:\/\/www.joker-fastener.com\/de\/product\/hook-and-eye\/\" \/>\n<meta property=\"og:locale\" content=\"de_DE\" \/>\n<meta property=\"og:type\" content=\"article\" \/>\n<meta property=\"og:title\" content=\"H\u00fclsenanker mit Haken \u00d6se - JOKER INDUSTRIAL CO., LTD\" \/>\n<meta property=\"og:description\" content=\"Joker H\u00fclsenanker ist ideal f\u00fcr leichte oder schwere vormontierte Befestigungen in gerissenem und ungerissenem Beton. Wie zum Beispiel Kragarme, Handl\u00e4ufe, Kabelrinnen und die Sicherung der Balken von Terrassendielen. Der Endbenutzer mit optimiertem Patentdesign kann den Anker leicht verdrehen und installieren. H\u00fclsenanker funktionieren, indem sie in ein in Beton gebohrtes Loch eingesetzt werden. Durch Drehen der [&hellip;]\" \/>\n<meta property=\"og:url\" content=\"https:\/\/www.joker-fastener.com\/de\/product\/hook-and-eye\/\" \/>\n<meta property=\"og:site_name\" content=\"JOKER INDUSTRIAL CO., LTD\" \/>\n<meta property=\"og:image\" content=\"https:\/\/www.joker-fastener.com\/wp-content\/uploads\/2022\/06\/Sleeve-anchor-01.jpg\" \/>\n\t<meta property=\"og:image:width\" content=\"806\" \/>\n\t<meta property=\"og:image:height\" content=\"806\" \/>\n\t<meta property=\"og:image:type\" content=\"image\/jpeg\" \/>\n<meta name=\"twitter:card\" content=\"summary_large_image\" \/>\n<meta name=\"twitter:label1\" content=\"Gesch\u00e4tzte Lesezeit\" \/>\n\t<meta name=\"twitter:data1\" content=\"1\u00a0Minute\" \/>\n<script type=\"application\/ld+json\" class=\"yoast-schema-graph\">{\"@context\":\"https:\/\/schema.org\",\"@graph\":[{\"@type\":\"WebPage\",\"@id\":\"https:\/\/www.joker-fastener.com\/de\/product\/hook-and-eye\/\",\"url\":\"https:\/\/www.joker-fastener.com\/de\/product\/hook-and-eye\/\",\"name\":\"H\u00fclsenanker mit Haken \u00d6se - JOKER INDUSTRIAL CO., LTD\",\"isPartOf\":{\"@id\":\"https:\/\/www.joker-fastener.com\/#website\"},\"primaryImageOfPage\":{\"@id\":\"https:\/\/www.joker-fastener.com\/de\/product\/hook-and-eye\/#primaryimage\"},\"image\":{\"@id\":\"https:\/\/www.joker-fastener.com\/de\/product\/hook-and-eye\/#primaryimage\"},\"thumbnailUrl\":\"https:\/\/www.joker-fastener.com\/wp-content\/uploads\/2022\/06\/Sleeve-anchor-01.jpg\",\"datePublished\":\"2022-12-24T04:06:11+00:00\",\"breadcrumb\":{\"@id\":\"https:\/\/www.joker-fastener.com\/de\/product\/hook-and-eye\/#breadcrumb\"},\"inLanguage\":\"de\",\"potentialAction\":[{\"@type\":\"ReadAction\",\"target\":[\"https:\/\/www.joker-fastener.com\/de\/product\/hook-and-eye\/\"]}]},{\"@type\":\"ImageObject\",\"inLanguage\":\"de\",\"@id\":\"https:\/\/www.joker-fastener.com\/de\/product\/hook-and-eye\/#primaryimage\",\"url\":\"https:\/\/www.joker-fastener.com\/wp-content\/uploads\/2022\/06\/Sleeve-anchor-01.jpg\",\"contentUrl\":\"https:\/\/www.joker-fastener.com\/wp-content\/uploads\/2022\/06\/Sleeve-anchor-01.jpg\",\"width\":806,\"height\":806,\"caption\":\"sleeve with hook and eye\"},{\"@type\":\"BreadcrumbList\",\"@id\":\"https:\/\/www.joker-fastener.com\/de\/product\/hook-and-eye\/#breadcrumb\",\"itemListElement\":[{\"@type\":\"ListItem\",\"position\":1,\"name\":\"Home\",\"item\":\"https:\/\/www.joker-fastener.com\/de\/\"},{\"@type\":\"ListItem\",\"position\":2,\"name\":\"Product\",\"item\":\"https:\/\/www.joker-fastener.com\/product\/\"},{\"@type\":\"ListItem\",\"position\":3,\"name\":\"H\u00fclsenanker mit Haken \u00d6se\"}]},{\"@type\":\"WebSite\",\"@id\":\"https:\/\/www.joker-fastener.com\/#website\",\"url\":\"https:\/\/www.joker-fastener.com\/\",\"name\":\"JOKER INDUSTRIAL CO., LTD\",\"description\":\"Supplier Manufacturer\",\"potentialAction\":[{\"@type\":\"SearchAction\",\"target\":{\"@type\":\"EntryPoint\",\"urlTemplate\":\"https:\/\/www.joker-fastener.com\/?s={search_term_string}\"},\"query-input\":{\"@type\":\"PropertyValueSpecification\",\"valueRequired\":true,\"valueName\":\"search_term_string\"}}],\"inLanguage\":\"de\"}]}<\/script>\n<!-- \/ Yoast SEO plugin. -->","yoast_head_json":{"title":"H\u00fclsenanker mit Haken \u00d6se - JOKER INDUSTRIAL CO., LTD","robots":{"index":"index","follow":"follow","max-snippet":"max-snippet:-1","max-image-preview":"max-image-preview:large","max-video-preview":"max-video-preview:-1"},"canonical":"https:\/\/www.joker-fastener.com\/de\/product\/hook-and-eye\/","og_locale":"de_DE","og_type":"article","og_title":"H\u00fclsenanker mit Haken \u00d6se - JOKER INDUSTRIAL CO., LTD","og_description":"Joker H\u00fclsenanker ist ideal f\u00fcr leichte oder schwere vormontierte Befestigungen in gerissenem und ungerissenem Beton. Wie zum Beispiel Kragarme, Handl\u00e4ufe, Kabelrinnen und die Sicherung der Balken von Terrassendielen. Der Endbenutzer mit optimiertem Patentdesign kann den Anker leicht verdrehen und installieren. H\u00fclsenanker funktionieren, indem sie in ein in Beton gebohrtes Loch eingesetzt werden. Durch Drehen der [&hellip;]","og_url":"https:\/\/www.joker-fastener.com\/de\/product\/hook-and-eye\/","og_site_name":"JOKER INDUSTRIAL CO., LTD","og_image":[{"width":806,"height":806,"url":"https:\/\/www.joker-fastener.com\/wp-content\/uploads\/2022\/06\/Sleeve-anchor-01.jpg","type":"image\/jpeg"}],"twitter_card":"summary_large_image","twitter_misc":{"Gesch\u00e4tzte Lesezeit":"1\u00a0Minute"},"schema":{"@context":"https:\/\/schema.org","@graph":[{"@type":"WebPage","@id":"https:\/\/www.joker-fastener.com\/de\/product\/hook-and-eye\/","url":"https:\/\/www.joker-fastener.com\/de\/product\/hook-and-eye\/","name":"H\u00fclsenanker mit Haken \u00d6se - JOKER INDUSTRIAL CO., LTD","isPartOf":{"@id":"https:\/\/www.joker-fastener.com\/#website"},"primaryImageOfPage":{"@id":"https:\/\/www.joker-fastener.com\/de\/product\/hook-and-eye\/#primaryimage"},"image":{"@id":"https:\/\/www.joker-fastener.com\/de\/product\/hook-and-eye\/#primaryimage"},"thumbnailUrl":"https:\/\/www.joker-fastener.com\/wp-content\/uploads\/2022\/06\/Sleeve-anchor-01.jpg","datePublished":"2022-12-24T04:06:11+00:00","breadcrumb":{"@id":"https:\/\/www.joker-fastener.com\/de\/product\/hook-and-eye\/#breadcrumb"},"inLanguage":"de","potentialAction":[{"@type":"ReadAction","target":["https:\/\/www.joker-fastener.com\/de\/product\/hook-and-eye\/"]}]},{"@type":"ImageObject","inLanguage":"de","@id":"https:\/\/www.joker-fastener.com\/de\/product\/hook-and-eye\/#primaryimage","url":"https:\/\/www.joker-fastener.com\/wp-content\/uploads\/2022\/06\/Sleeve-anchor-01.jpg","contentUrl":"https:\/\/www.joker-fastener.com\/wp-content\/uploads\/2022\/06\/Sleeve-anchor-01.jpg","width":806,"height":806,"caption":"sleeve with hook and eye"},{"@type":"BreadcrumbList","@id":"https:\/\/www.joker-fastener.com\/de\/product\/hook-and-eye\/#breadcrumb","itemListElement":[{"@type":"ListItem","position":1,"name":"Home","item":"https:\/\/www.joker-fastener.com\/de\/"},{"@type":"ListItem","position":2,"name":"Product","item":"https:\/\/www.joker-fastener.com\/product\/"},{"@type":"ListItem","position":3,"name":"H\u00fclsenanker mit Haken \u00d6se"}]},{"@type":"WebSite","@id":"https:\/\/www.joker-fastener.com\/#website","url":"https:\/\/www.joker-fastener.com\/","name":"JOKER INDUSTRIAL CO., LTD","description":"Supplier Manufacturer","potentialAction":[{"@type":"SearchAction","target":{"@type":"EntryPoint","urlTemplate":"https:\/\/www.joker-fastener.com\/?s={search_term_string}"},"query-input":{"@type":"PropertyValueSpecification","valueRequired":true,"valueName":"search_term_string"}}],"inLanguage":"de"}]}},"_links":{"self":[{"href":"https:\/\/www.joker-fastener.com\/de\/wp-json\/wp\/v2\/product\/2676","targetHints":{"allow":["GET"]}}],"collection":[{"href":"https:\/\/www.joker-fastener.com\/de\/wp-json\/wp\/v2\/product"}],"about":[{"href":"https:\/\/www.joker-fastener.com\/de\/wp-json\/wp\/v2\/types\/product"}],"wp:featuredmedia":[{"embeddable":true,"href":"https:\/\/www.joker-fastener.com\/de\/wp-json\/wp\/v2\/media\/1912"}],"wp:attachment":[{"href":"https:\/\/www.joker-fastener.com\/de\/wp-json\/wp\/v2\/media?parent=2676"}],"wp:term":[{"taxonomy":"product_brand","embeddable":true,"href":"https:\/\/www.joker-fastener.com\/de\/wp-json\/wp\/v2\/product_brand?post=2676"},{"taxonomy":"product_cat","embeddable":true,"href":"https:\/\/www.joker-fastener.com\/de\/wp-json\/wp\/v2\/product_cat?post=2676"},{"taxonomy":"product_tag","embeddable":true,"href":"https:\/\/www.joker-fastener.com\/de\/wp-json\/wp\/v2\/product_tag?post=2676"}],"curies":[{"name":"wp","href":"https:\/\/api.w.org\/{rel}","templated":true}]}}