{"id":2763,"date":"2022-07-04T14:26:40","date_gmt":"2022-07-04T06:26:40","guid":{"rendered":"https:\/\/www.joker-fastener.com\/product\/frame-fixing-screw-2\/"},"modified":"2022-09-19T18:22:10","modified_gmt":"2022-09-19T10:22:10","slug":"frame-fixing-screw-2","status":"publish","type":"product","link":"https:\/\/www.joker-fastener.com\/de\/product\/frame-fixing-screw-2\/","title":{"rendered":"Rahmenschraube zur Befestigung von Fenster Zinkguss"},"content":{"rendered":"<p><span style=\"font-weight: 400;\">Die Rahmenschraube kann ohne feste Bl\u00f6cke montiert werden und erm\u00f6glicht eine vollst\u00e4ndig einstellbare und abnehmbare Installation ohne Besch\u00e4digung von Rahmen oder Basis.<\/span><\/p>\n<p><span style=\"font-weight: 400;\">F\u00fcr trockene Innenr\u00e4ume und zeitlich begrenzt im Au\u00dfenbereich und besteht aus zwei Elementen: dem K\u00f6rper (einer Doppelschraube) und dem Einstellelement.<\/span><\/p>\n<p>&nbsp;<\/p>\n","protected":false},"excerpt":{"rendered":"<p>Die Rahmenschraube kann ohne feste Bl\u00f6cke montiert werden und erm\u00f6glicht eine vollst\u00e4ndig einstellbare und abnehmbare Installation ohne Besch\u00e4digung von Rahmen oder Basis. F\u00fcr trockene Innenr\u00e4ume und zeitlich begrenzt im Au\u00dfenbereich und besteht aus zwei Elementen: dem K\u00f6rper (einer Doppelschraube) und dem Einstellelement. &nbsp;<\/p>\n","protected":false},"featured_media":2754,"template":"","meta":{"_acf_changed":false},"product_brand":[],"product_cat":[141],"product_tag":[],"class_list":{"0":"post-2763","1":"product","2":"type-product","3":"status-publish","4":"has-post-thumbnail","6":"product_cat-hammer-in-fixings-order-de","8":"first","9":"instock","10":"shipping-taxable","11":"product-type-simple"},"acf":[],"yoast_head":"<!-- This site is optimized with the Yoast SEO plugin v25.0 - https:\/\/yoast.com\/wordpress\/plugins\/seo\/ -->\n<title>Rahmenschraube zur Befestigung von Fenster Zinkguss - JOKER INDUSTRIAL CO., LTD<\/title>\n<meta name=\"robots\" content=\"index, follow, max-snippet:-1, max-image-preview:large, max-video-preview:-1\" \/>\n<link rel=\"canonical\" href=\"https:\/\/www.joker-fastener.com\/de\/product\/frame-fixing-screw-2\/\" \/>\n<meta property=\"og:locale\" content=\"de_DE\" \/>\n<meta property=\"og:type\" content=\"article\" \/>\n<meta property=\"og:title\" content=\"Rahmenschraube zur Befestigung von Fenster Zinkguss - JOKER INDUSTRIAL CO., LTD\" \/>\n<meta property=\"og:description\" content=\"Die Rahmenschraube kann ohne feste Bl\u00f6cke montiert werden und erm\u00f6glicht eine vollst\u00e4ndig einstellbare und abnehmbare Installation ohne Besch\u00e4digung von Rahmen oder Basis. F\u00fcr trockene Innenr\u00e4ume und zeitlich begrenzt im Au\u00dfenbereich und besteht aus zwei Elementen: dem K\u00f6rper (einer Doppelschraube) und dem Einstellelement. &nbsp;\" \/>\n<meta property=\"og:url\" content=\"https:\/\/www.joker-fastener.com\/de\/product\/frame-fixing-screw-2\/\" \/>\n<meta property=\"og:site_name\" content=\"JOKER INDUSTRIAL CO., LTD\" \/>\n<meta property=\"article:modified_time\" content=\"2022-09-19T10:22:10+00:00\" \/>\n<meta property=\"og:image\" content=\"https:\/\/www.joker-fastener.com\/wp-content\/uploads\/2022\/07\/Adjustment-frame-screw-01.jpg\" \/>\n\t<meta property=\"og:image:width\" content=\"806\" \/>\n\t<meta property=\"og:image:height\" content=\"806\" \/>\n\t<meta property=\"og:image:type\" content=\"image\/jpeg\" \/>\n<meta name=\"twitter:card\" content=\"summary_large_image\" \/>\n<script type=\"application\/ld+json\" class=\"yoast-schema-graph\">{\"@context\":\"https:\/\/schema.org\",\"@graph\":[{\"@type\":\"WebPage\",\"@id\":\"https:\/\/www.joker-fastener.com\/de\/product\/frame-fixing-screw-2\/\",\"url\":\"https:\/\/www.joker-fastener.com\/de\/product\/frame-fixing-screw-2\/\",\"name\":\"Rahmenschraube zur Befestigung von Fenster Zinkguss - JOKER INDUSTRIAL CO., LTD\",\"isPartOf\":{\"@id\":\"https:\/\/www.joker-fastener.com\/#website\"},\"primaryImageOfPage\":{\"@id\":\"https:\/\/www.joker-fastener.com\/de\/product\/frame-fixing-screw-2\/#primaryimage\"},\"image\":{\"@id\":\"https:\/\/www.joker-fastener.com\/de\/product\/frame-fixing-screw-2\/#primaryimage\"},\"thumbnailUrl\":\"https:\/\/www.joker-fastener.com\/wp-content\/uploads\/2022\/07\/Adjustment-frame-screw-01.jpg\",\"datePublished\":\"2022-07-04T06:26:40+00:00\",\"dateModified\":\"2022-09-19T10:22:10+00:00\",\"breadcrumb\":{\"@id\":\"https:\/\/www.joker-fastener.com\/de\/product\/frame-fixing-screw-2\/#breadcrumb\"},\"inLanguage\":\"de\",\"potentialAction\":[{\"@type\":\"ReadAction\",\"target\":[\"https:\/\/www.joker-fastener.com\/de\/product\/frame-fixing-screw-2\/\"]}]},{\"@type\":\"ImageObject\",\"inLanguage\":\"de\",\"@id\":\"https:\/\/www.joker-fastener.com\/de\/product\/frame-fixing-screw-2\/#primaryimage\",\"url\":\"https:\/\/www.joker-fastener.com\/wp-content\/uploads\/2022\/07\/Adjustment-frame-screw-01.jpg\",\"contentUrl\":\"https:\/\/www.joker-fastener.com\/wp-content\/uploads\/2022\/07\/Adjustment-frame-screw-01.jpg\",\"width\":806,\"height\":806,\"caption\":\"Adjustment frame screw\"},{\"@type\":\"BreadcrumbList\",\"@id\":\"https:\/\/www.joker-fastener.com\/de\/product\/frame-fixing-screw-2\/#breadcrumb\",\"itemListElement\":[{\"@type\":\"ListItem\",\"position\":1,\"name\":\"Home\",\"item\":\"https:\/\/www.joker-fastener.com\/de\/\"},{\"@type\":\"ListItem\",\"position\":2,\"name\":\"Product\",\"item\":\"https:\/\/www.joker-fastener.com\/product\/\"},{\"@type\":\"ListItem\",\"position\":3,\"name\":\"Rahmenschraube zur Befestigung von Fenster Zinkguss\"}]},{\"@type\":\"WebSite\",\"@id\":\"https:\/\/www.joker-fastener.com\/#website\",\"url\":\"https:\/\/www.joker-fastener.com\/\",\"name\":\"JOKER INDUSTRIAL CO., LTD\",\"description\":\"Supplier Manufacturer\",\"potentialAction\":[{\"@type\":\"SearchAction\",\"target\":{\"@type\":\"EntryPoint\",\"urlTemplate\":\"https:\/\/www.joker-fastener.com\/?s={search_term_string}\"},\"query-input\":{\"@type\":\"PropertyValueSpecification\",\"valueRequired\":true,\"valueName\":\"search_term_string\"}}],\"inLanguage\":\"de\"}]}<\/script>\n<!-- \/ Yoast SEO plugin. -->","yoast_head_json":{"title":"Rahmenschraube zur Befestigung von Fenster Zinkguss - JOKER INDUSTRIAL CO., LTD","robots":{"index":"index","follow":"follow","max-snippet":"max-snippet:-1","max-image-preview":"max-image-preview:large","max-video-preview":"max-video-preview:-1"},"canonical":"https:\/\/www.joker-fastener.com\/de\/product\/frame-fixing-screw-2\/","og_locale":"de_DE","og_type":"article","og_title":"Rahmenschraube zur Befestigung von Fenster Zinkguss - JOKER INDUSTRIAL CO., LTD","og_description":"Die Rahmenschraube kann ohne feste Bl\u00f6cke montiert werden und erm\u00f6glicht eine vollst\u00e4ndig einstellbare und abnehmbare Installation ohne Besch\u00e4digung von Rahmen oder Basis. F\u00fcr trockene Innenr\u00e4ume und zeitlich begrenzt im Au\u00dfenbereich und besteht aus zwei Elementen: dem K\u00f6rper (einer Doppelschraube) und dem Einstellelement. &nbsp;","og_url":"https:\/\/www.joker-fastener.com\/de\/product\/frame-fixing-screw-2\/","og_site_name":"JOKER INDUSTRIAL CO., LTD","article_modified_time":"2022-09-19T10:22:10+00:00","og_image":[{"width":806,"height":806,"url":"https:\/\/www.joker-fastener.com\/wp-content\/uploads\/2022\/07\/Adjustment-frame-screw-01.jpg","type":"image\/jpeg"}],"twitter_card":"summary_large_image","schema":{"@context":"https:\/\/schema.org","@graph":[{"@type":"WebPage","@id":"https:\/\/www.joker-fastener.com\/de\/product\/frame-fixing-screw-2\/","url":"https:\/\/www.joker-fastener.com\/de\/product\/frame-fixing-screw-2\/","name":"Rahmenschraube zur Befestigung von Fenster Zinkguss - JOKER INDUSTRIAL CO., LTD","isPartOf":{"@id":"https:\/\/www.joker-fastener.com\/#website"},"primaryImageOfPage":{"@id":"https:\/\/www.joker-fastener.com\/de\/product\/frame-fixing-screw-2\/#primaryimage"},"image":{"@id":"https:\/\/www.joker-fastener.com\/de\/product\/frame-fixing-screw-2\/#primaryimage"},"thumbnailUrl":"https:\/\/www.joker-fastener.com\/wp-content\/uploads\/2022\/07\/Adjustment-frame-screw-01.jpg","datePublished":"2022-07-04T06:26:40+00:00","dateModified":"2022-09-19T10:22:10+00:00","breadcrumb":{"@id":"https:\/\/www.joker-fastener.com\/de\/product\/frame-fixing-screw-2\/#breadcrumb"},"inLanguage":"de","potentialAction":[{"@type":"ReadAction","target":["https:\/\/www.joker-fastener.com\/de\/product\/frame-fixing-screw-2\/"]}]},{"@type":"ImageObject","inLanguage":"de","@id":"https:\/\/www.joker-fastener.com\/de\/product\/frame-fixing-screw-2\/#primaryimage","url":"https:\/\/www.joker-fastener.com\/wp-content\/uploads\/2022\/07\/Adjustment-frame-screw-01.jpg","contentUrl":"https:\/\/www.joker-fastener.com\/wp-content\/uploads\/2022\/07\/Adjustment-frame-screw-01.jpg","width":806,"height":806,"caption":"Adjustment frame screw"},{"@type":"BreadcrumbList","@id":"https:\/\/www.joker-fastener.com\/de\/product\/frame-fixing-screw-2\/#breadcrumb","itemListElement":[{"@type":"ListItem","position":1,"name":"Home","item":"https:\/\/www.joker-fastener.com\/de\/"},{"@type":"ListItem","position":2,"name":"Product","item":"https:\/\/www.joker-fastener.com\/product\/"},{"@type":"ListItem","position":3,"name":"Rahmenschraube zur Befestigung von Fenster Zinkguss"}]},{"@type":"WebSite","@id":"https:\/\/www.joker-fastener.com\/#website","url":"https:\/\/www.joker-fastener.com\/","name":"JOKER INDUSTRIAL CO., LTD","description":"Supplier Manufacturer","potentialAction":[{"@type":"SearchAction","target":{"@type":"EntryPoint","urlTemplate":"https:\/\/www.joker-fastener.com\/?s={search_term_string}"},"query-input":{"@type":"PropertyValueSpecification","valueRequired":true,"valueName":"search_term_string"}}],"inLanguage":"de"}]}},"_links":{"self":[{"href":"https:\/\/www.joker-fastener.com\/de\/wp-json\/wp\/v2\/product\/2763","targetHints":{"allow":["GET"]}}],"collection":[{"href":"https:\/\/www.joker-fastener.com\/de\/wp-json\/wp\/v2\/product"}],"about":[{"href":"https:\/\/www.joker-fastener.com\/de\/wp-json\/wp\/v2\/types\/product"}],"wp:featuredmedia":[{"embeddable":true,"href":"https:\/\/www.joker-fastener.com\/de\/wp-json\/wp\/v2\/media\/2754"}],"wp:attachment":[{"href":"https:\/\/www.joker-fastener.com\/de\/wp-json\/wp\/v2\/media?parent=2763"}],"wp:term":[{"taxonomy":"product_brand","embeddable":true,"href":"https:\/\/www.joker-fastener.com\/de\/wp-json\/wp\/v2\/product_brand?post=2763"},{"taxonomy":"product_cat","embeddable":true,"href":"https:\/\/www.joker-fastener.com\/de\/wp-json\/wp\/v2\/product_cat?post=2763"},{"taxonomy":"product_tag","embeddable":true,"href":"https:\/\/www.joker-fastener.com\/de\/wp-json\/wp\/v2\/product_tag?post=2763"}],"curies":[{"name":"wp","href":"https:\/\/api.w.org\/{rel}","templated":true}]}}