{"id":2764,"date":"2022-06-22T13:20:33","date_gmt":"2022-06-22T05:20:33","guid":{"rendered":"https:\/\/www.joker-fastener.com\/product\/nylon-nail-frame-fixing\/"},"modified":"2022-10-25T11:51:31","modified_gmt":"2022-10-25T03:51:31","slug":"nylon-nail-frame-fixing","status":"publish","type":"product","link":"https:\/\/www.joker-fastener.com\/de\/product\/nylon-nail-frame-fixing\/","title":{"rendered":"Schlagd\u00fcbel Nageld\u00fcbel"},"content":{"rendered":"<p>Nageld\u00fcbel <span style=\"font-weight: 400;\">sind auch unter dem Namen Nageld\u00fcbel bekannt. Sie werden zur Befestigung von Rahmen, Pfosten, Dachlatten und Metallleisten verwendet. Zudem eignen sie sich hervorragend f\u00fcr verschiedene Durchsteckmontagen. Schlagd\u00fcbel bestehen aus zwei Teilen. Einem vormontiertem, galvanisch verzinktem Schraubnagel und einem D\u00fcbel aus schlagfestem Polyamid (Nylon). <\/span><\/p>\n","protected":false},"excerpt":{"rendered":"<p>Nageld\u00fcbel sind auch unter dem Namen Nageld\u00fcbel bekannt. Sie werden zur Befestigung von Rahmen, Pfosten, Dachlatten und Metallleisten verwendet. Zudem eignen sie sich hervorragend f\u00fcr verschiedene Durchsteckmontagen. Schlagd\u00fcbel bestehen aus zwei Teilen. Einem vormontiertem, galvanisch verzinktem Schraubnagel und einem D\u00fcbel aus schlagfestem Polyamid (Nylon).<\/p>\n","protected":false},"featured_media":2706,"template":"","meta":{"_acf_changed":false},"product_brand":[],"product_cat":[141],"product_tag":[],"class_list":{"0":"post-2764","1":"product","2":"type-product","3":"status-publish","4":"has-post-thumbnail","6":"product_cat-hammer-in-fixings-order-de","8":"first","9":"instock","10":"shipping-taxable","11":"product-type-simple"},"acf":[],"yoast_head":"<!-- This site is optimized with the Yoast SEO plugin v25.0 - https:\/\/yoast.com\/wordpress\/plugins\/seo\/ -->\n<title>Schlagd\u00fcbel Nageld\u00fcbel - JOKER INDUSTRIAL CO., LTD<\/title>\n<meta name=\"robots\" content=\"index, follow, max-snippet:-1, max-image-preview:large, max-video-preview:-1\" \/>\n<link rel=\"canonical\" href=\"https:\/\/www.joker-fastener.com\/de\/product\/nylon-nail-frame-fixing\/\" \/>\n<meta property=\"og:locale\" content=\"de_DE\" \/>\n<meta property=\"og:type\" content=\"article\" \/>\n<meta property=\"og:title\" content=\"Schlagd\u00fcbel Nageld\u00fcbel - JOKER INDUSTRIAL CO., LTD\" \/>\n<meta property=\"og:description\" content=\"Nageld\u00fcbel sind auch unter dem Namen Nageld\u00fcbel bekannt. Sie werden zur Befestigung von Rahmen, Pfosten, Dachlatten und Metallleisten verwendet. Zudem eignen sie sich hervorragend f\u00fcr verschiedene Durchsteckmontagen. Schlagd\u00fcbel bestehen aus zwei Teilen. Einem vormontiertem, galvanisch verzinktem Schraubnagel und einem D\u00fcbel aus schlagfestem Polyamid (Nylon).\" \/>\n<meta property=\"og:url\" content=\"https:\/\/www.joker-fastener.com\/de\/product\/nylon-nail-frame-fixing\/\" \/>\n<meta property=\"og:site_name\" content=\"JOKER INDUSTRIAL CO., LTD\" \/>\n<meta property=\"article:modified_time\" content=\"2022-10-25T03:51:31+00:00\" \/>\n<meta property=\"og:image\" content=\"https:\/\/www.joker-fastener.com\/wp-content\/uploads\/2022\/07\/nylon-frame-hammer-fixing.jpg\" \/>\n\t<meta property=\"og:image:width\" content=\"681\" \/>\n\t<meta property=\"og:image:height\" content=\"646\" \/>\n\t<meta property=\"og:image:type\" content=\"image\/jpeg\" \/>\n<meta name=\"twitter:card\" content=\"summary_large_image\" \/>\n<script type=\"application\/ld+json\" class=\"yoast-schema-graph\">{\"@context\":\"https:\/\/schema.org\",\"@graph\":[{\"@type\":\"WebPage\",\"@id\":\"https:\/\/www.joker-fastener.com\/de\/product\/nylon-nail-frame-fixing\/\",\"url\":\"https:\/\/www.joker-fastener.com\/de\/product\/nylon-nail-frame-fixing\/\",\"name\":\"Schlagd\u00fcbel Nageld\u00fcbel - JOKER INDUSTRIAL CO., LTD\",\"isPartOf\":{\"@id\":\"https:\/\/www.joker-fastener.com\/#website\"},\"primaryImageOfPage\":{\"@id\":\"https:\/\/www.joker-fastener.com\/de\/product\/nylon-nail-frame-fixing\/#primaryimage\"},\"image\":{\"@id\":\"https:\/\/www.joker-fastener.com\/de\/product\/nylon-nail-frame-fixing\/#primaryimage\"},\"thumbnailUrl\":\"https:\/\/www.joker-fastener.com\/wp-content\/uploads\/2022\/07\/nylon-frame-hammer-fixing.jpg\",\"datePublished\":\"2022-06-22T05:20:33+00:00\",\"dateModified\":\"2022-10-25T03:51:31+00:00\",\"breadcrumb\":{\"@id\":\"https:\/\/www.joker-fastener.com\/de\/product\/nylon-nail-frame-fixing\/#breadcrumb\"},\"inLanguage\":\"de\",\"potentialAction\":[{\"@type\":\"ReadAction\",\"target\":[\"https:\/\/www.joker-fastener.com\/de\/product\/nylon-nail-frame-fixing\/\"]}]},{\"@type\":\"ImageObject\",\"inLanguage\":\"de\",\"@id\":\"https:\/\/www.joker-fastener.com\/de\/product\/nylon-nail-frame-fixing\/#primaryimage\",\"url\":\"https:\/\/www.joker-fastener.com\/wp-content\/uploads\/2022\/07\/nylon-frame-hammer-fixing.jpg\",\"contentUrl\":\"https:\/\/www.joker-fastener.com\/wp-content\/uploads\/2022\/07\/nylon-frame-hammer-fixing.jpg\",\"width\":681,\"height\":646,\"caption\":\"nylon frame hammer fixing\"},{\"@type\":\"BreadcrumbList\",\"@id\":\"https:\/\/www.joker-fastener.com\/de\/product\/nylon-nail-frame-fixing\/#breadcrumb\",\"itemListElement\":[{\"@type\":\"ListItem\",\"position\":1,\"name\":\"Home\",\"item\":\"https:\/\/www.joker-fastener.com\/de\/\"},{\"@type\":\"ListItem\",\"position\":2,\"name\":\"Product\",\"item\":\"https:\/\/www.joker-fastener.com\/product\/\"},{\"@type\":\"ListItem\",\"position\":3,\"name\":\"Schlagd\u00fcbel Nageld\u00fcbel\"}]},{\"@type\":\"WebSite\",\"@id\":\"https:\/\/www.joker-fastener.com\/#website\",\"url\":\"https:\/\/www.joker-fastener.com\/\",\"name\":\"JOKER INDUSTRIAL CO., LTD\",\"description\":\"Supplier Manufacturer\",\"potentialAction\":[{\"@type\":\"SearchAction\",\"target\":{\"@type\":\"EntryPoint\",\"urlTemplate\":\"https:\/\/www.joker-fastener.com\/?s={search_term_string}\"},\"query-input\":{\"@type\":\"PropertyValueSpecification\",\"valueRequired\":true,\"valueName\":\"search_term_string\"}}],\"inLanguage\":\"de\"}]}<\/script>\n<!-- \/ Yoast SEO plugin. -->","yoast_head_json":{"title":"Schlagd\u00fcbel Nageld\u00fcbel - JOKER INDUSTRIAL CO., LTD","robots":{"index":"index","follow":"follow","max-snippet":"max-snippet:-1","max-image-preview":"max-image-preview:large","max-video-preview":"max-video-preview:-1"},"canonical":"https:\/\/www.joker-fastener.com\/de\/product\/nylon-nail-frame-fixing\/","og_locale":"de_DE","og_type":"article","og_title":"Schlagd\u00fcbel Nageld\u00fcbel - JOKER INDUSTRIAL CO., LTD","og_description":"Nageld\u00fcbel sind auch unter dem Namen Nageld\u00fcbel bekannt. Sie werden zur Befestigung von Rahmen, Pfosten, Dachlatten und Metallleisten verwendet. Zudem eignen sie sich hervorragend f\u00fcr verschiedene Durchsteckmontagen. Schlagd\u00fcbel bestehen aus zwei Teilen. Einem vormontiertem, galvanisch verzinktem Schraubnagel und einem D\u00fcbel aus schlagfestem Polyamid (Nylon).","og_url":"https:\/\/www.joker-fastener.com\/de\/product\/nylon-nail-frame-fixing\/","og_site_name":"JOKER INDUSTRIAL CO., LTD","article_modified_time":"2022-10-25T03:51:31+00:00","og_image":[{"width":681,"height":646,"url":"https:\/\/www.joker-fastener.com\/wp-content\/uploads\/2022\/07\/nylon-frame-hammer-fixing.jpg","type":"image\/jpeg"}],"twitter_card":"summary_large_image","schema":{"@context":"https:\/\/schema.org","@graph":[{"@type":"WebPage","@id":"https:\/\/www.joker-fastener.com\/de\/product\/nylon-nail-frame-fixing\/","url":"https:\/\/www.joker-fastener.com\/de\/product\/nylon-nail-frame-fixing\/","name":"Schlagd\u00fcbel Nageld\u00fcbel - JOKER INDUSTRIAL CO., LTD","isPartOf":{"@id":"https:\/\/www.joker-fastener.com\/#website"},"primaryImageOfPage":{"@id":"https:\/\/www.joker-fastener.com\/de\/product\/nylon-nail-frame-fixing\/#primaryimage"},"image":{"@id":"https:\/\/www.joker-fastener.com\/de\/product\/nylon-nail-frame-fixing\/#primaryimage"},"thumbnailUrl":"https:\/\/www.joker-fastener.com\/wp-content\/uploads\/2022\/07\/nylon-frame-hammer-fixing.jpg","datePublished":"2022-06-22T05:20:33+00:00","dateModified":"2022-10-25T03:51:31+00:00","breadcrumb":{"@id":"https:\/\/www.joker-fastener.com\/de\/product\/nylon-nail-frame-fixing\/#breadcrumb"},"inLanguage":"de","potentialAction":[{"@type":"ReadAction","target":["https:\/\/www.joker-fastener.com\/de\/product\/nylon-nail-frame-fixing\/"]}]},{"@type":"ImageObject","inLanguage":"de","@id":"https:\/\/www.joker-fastener.com\/de\/product\/nylon-nail-frame-fixing\/#primaryimage","url":"https:\/\/www.joker-fastener.com\/wp-content\/uploads\/2022\/07\/nylon-frame-hammer-fixing.jpg","contentUrl":"https:\/\/www.joker-fastener.com\/wp-content\/uploads\/2022\/07\/nylon-frame-hammer-fixing.jpg","width":681,"height":646,"caption":"nylon frame hammer fixing"},{"@type":"BreadcrumbList","@id":"https:\/\/www.joker-fastener.com\/de\/product\/nylon-nail-frame-fixing\/#breadcrumb","itemListElement":[{"@type":"ListItem","position":1,"name":"Home","item":"https:\/\/www.joker-fastener.com\/de\/"},{"@type":"ListItem","position":2,"name":"Product","item":"https:\/\/www.joker-fastener.com\/product\/"},{"@type":"ListItem","position":3,"name":"Schlagd\u00fcbel Nageld\u00fcbel"}]},{"@type":"WebSite","@id":"https:\/\/www.joker-fastener.com\/#website","url":"https:\/\/www.joker-fastener.com\/","name":"JOKER INDUSTRIAL CO., LTD","description":"Supplier Manufacturer","potentialAction":[{"@type":"SearchAction","target":{"@type":"EntryPoint","urlTemplate":"https:\/\/www.joker-fastener.com\/?s={search_term_string}"},"query-input":{"@type":"PropertyValueSpecification","valueRequired":true,"valueName":"search_term_string"}}],"inLanguage":"de"}]}},"_links":{"self":[{"href":"https:\/\/www.joker-fastener.com\/de\/wp-json\/wp\/v2\/product\/2764","targetHints":{"allow":["GET"]}}],"collection":[{"href":"https:\/\/www.joker-fastener.com\/de\/wp-json\/wp\/v2\/product"}],"about":[{"href":"https:\/\/www.joker-fastener.com\/de\/wp-json\/wp\/v2\/types\/product"}],"wp:featuredmedia":[{"embeddable":true,"href":"https:\/\/www.joker-fastener.com\/de\/wp-json\/wp\/v2\/media\/2706"}],"wp:attachment":[{"href":"https:\/\/www.joker-fastener.com\/de\/wp-json\/wp\/v2\/media?parent=2764"}],"wp:term":[{"taxonomy":"product_brand","embeddable":true,"href":"https:\/\/www.joker-fastener.com\/de\/wp-json\/wp\/v2\/product_brand?post=2764"},{"taxonomy":"product_cat","embeddable":true,"href":"https:\/\/www.joker-fastener.com\/de\/wp-json\/wp\/v2\/product_cat?post=2764"},{"taxonomy":"product_tag","embeddable":true,"href":"https:\/\/www.joker-fastener.com\/de\/wp-json\/wp\/v2\/product_tag?post=2764"}],"curies":[{"name":"wp","href":"https:\/\/api.w.org\/{rel}","templated":true}]}}