{"id":2779,"date":"2022-06-22T13:43:58","date_gmt":"2022-06-22T05:43:58","guid":{"rendered":"https:\/\/www.joker-fastener.com\/product\/metal-insulation-plug\/"},"modified":"2024-07-15T10:34:09","modified_gmt":"2024-07-15T02:34:09","slug":"metal-insulation-plug","status":"publish","type":"product","link":"https:\/\/www.joker-fastener.com\/de\/product\/metal-insulation-plug\/","title":{"rendered":"Metall D\u00e4mmstoffd\u00fcbe"},"content":{"rendered":"<p><span style=\"font-weight: 400;\">Metall-D\u00e4mmd\u00fcbel mit verzinktem Design zum einfachen Einschlagen und Befestigen der D\u00e4mmplatten in Beton oder Mauerwerk. Das Produkt dehnt sich f\u00fcr eine sichere Befestigung \u00fcber seine gesamte L\u00e4nge aus und ist schnell und einfach zu installieren.<\/span><\/p>\n","protected":false},"excerpt":{"rendered":"<p>Metall-D\u00e4mmd\u00fcbel mit verzinktem Design zum einfachen Einschlagen und Befestigen der D\u00e4mmplatten in Beton oder Mauerwerk. Das Produkt dehnt sich f\u00fcr eine sichere Befestigung \u00fcber seine gesamte L\u00e4nge aus und ist schnell und einfach zu installieren.<\/p>\n","protected":false},"featured_media":2002,"template":"","meta":{"_acf_changed":false},"product_brand":[],"product_cat":[128],"product_tag":[],"class_list":{"0":"post-2779","1":"product","2":"type-product","3":"status-publish","4":"has-post-thumbnail","6":"product_cat-insulation-fixings-order-de","8":"first","9":"instock","10":"shipping-taxable","11":"product-type-simple"},"acf":[],"yoast_head":"<!-- This site is optimized with the Yoast SEO plugin v25.0 - https:\/\/yoast.com\/wordpress\/plugins\/seo\/ -->\n<title>Metall D\u00e4mmstoffd\u00fcbe - JOKER INDUSTRIAL CO., LTD<\/title>\n<meta name=\"robots\" content=\"index, follow, max-snippet:-1, max-image-preview:large, max-video-preview:-1\" \/>\n<link rel=\"canonical\" href=\"https:\/\/www.joker-fastener.com\/de\/product\/metal-insulation-plug\/\" \/>\n<meta property=\"og:locale\" content=\"de_DE\" \/>\n<meta property=\"og:type\" content=\"article\" \/>\n<meta property=\"og:title\" content=\"Metall D\u00e4mmstoffd\u00fcbe - JOKER INDUSTRIAL CO., LTD\" \/>\n<meta property=\"og:description\" content=\"Metall-D\u00e4mmd\u00fcbel mit verzinktem Design zum einfachen Einschlagen und Befestigen der D\u00e4mmplatten in Beton oder Mauerwerk. Das Produkt dehnt sich f\u00fcr eine sichere Befestigung \u00fcber seine gesamte L\u00e4nge aus und ist schnell und einfach zu installieren.\" \/>\n<meta property=\"og:url\" content=\"https:\/\/www.joker-fastener.com\/de\/product\/metal-insulation-plug\/\" \/>\n<meta property=\"og:site_name\" content=\"JOKER INDUSTRIAL CO., LTD\" \/>\n<meta property=\"article:modified_time\" content=\"2024-07-15T02:34:09+00:00\" \/>\n<meta property=\"og:image\" content=\"https:\/\/www.joker-fastener.com\/wp-content\/uploads\/2022\/06\/01-2-1-1024x1024.png\" \/>\n\t<meta property=\"og:image:width\" content=\"1024\" \/>\n\t<meta property=\"og:image:height\" content=\"1024\" \/>\n\t<meta property=\"og:image:type\" content=\"image\/png\" \/>\n<meta name=\"twitter:card\" content=\"summary_large_image\" \/>\n<meta name=\"twitter:label1\" content=\"Gesch\u00e4tzte Lesezeit\" \/>\n\t<meta name=\"twitter:data1\" content=\"1\u00a0Minute\" \/>\n<script type=\"application\/ld+json\" class=\"yoast-schema-graph\">{\"@context\":\"https:\/\/schema.org\",\"@graph\":[{\"@type\":\"WebPage\",\"@id\":\"https:\/\/www.joker-fastener.com\/de\/product\/metal-insulation-plug\/\",\"url\":\"https:\/\/www.joker-fastener.com\/de\/product\/metal-insulation-plug\/\",\"name\":\"Metall D\u00e4mmstoffd\u00fcbe - JOKER INDUSTRIAL CO., LTD\",\"isPartOf\":{\"@id\":\"https:\/\/www.joker-fastener.com\/#website\"},\"primaryImageOfPage\":{\"@id\":\"https:\/\/www.joker-fastener.com\/de\/product\/metal-insulation-plug\/#primaryimage\"},\"image\":{\"@id\":\"https:\/\/www.joker-fastener.com\/de\/product\/metal-insulation-plug\/#primaryimage\"},\"thumbnailUrl\":\"https:\/\/www.joker-fastener.com\/wp-content\/uploads\/2022\/06\/01-2-1.png\",\"datePublished\":\"2022-06-22T05:43:58+00:00\",\"dateModified\":\"2024-07-15T02:34:09+00:00\",\"breadcrumb\":{\"@id\":\"https:\/\/www.joker-fastener.com\/de\/product\/metal-insulation-plug\/#breadcrumb\"},\"inLanguage\":\"de\",\"potentialAction\":[{\"@type\":\"ReadAction\",\"target\":[\"https:\/\/www.joker-fastener.com\/de\/product\/metal-insulation-plug\/\"]}]},{\"@type\":\"ImageObject\",\"inLanguage\":\"de\",\"@id\":\"https:\/\/www.joker-fastener.com\/de\/product\/metal-insulation-plug\/#primaryimage\",\"url\":\"https:\/\/www.joker-fastener.com\/wp-content\/uploads\/2022\/06\/01-2-1.png\",\"contentUrl\":\"https:\/\/www.joker-fastener.com\/wp-content\/uploads\/2022\/06\/01-2-1.png\",\"width\":2000,\"height\":2000,\"caption\":\"metal plug\"},{\"@type\":\"BreadcrumbList\",\"@id\":\"https:\/\/www.joker-fastener.com\/de\/product\/metal-insulation-plug\/#breadcrumb\",\"itemListElement\":[{\"@type\":\"ListItem\",\"position\":1,\"name\":\"Home\",\"item\":\"https:\/\/www.joker-fastener.com\/de\/\"},{\"@type\":\"ListItem\",\"position\":2,\"name\":\"Product\",\"item\":\"https:\/\/www.joker-fastener.com\/product\/\"},{\"@type\":\"ListItem\",\"position\":3,\"name\":\"Metall D\u00e4mmstoffd\u00fcbe\"}]},{\"@type\":\"WebSite\",\"@id\":\"https:\/\/www.joker-fastener.com\/#website\",\"url\":\"https:\/\/www.joker-fastener.com\/\",\"name\":\"JOKER INDUSTRIAL CO., LTD\",\"description\":\"Supplier Manufacturer\",\"potentialAction\":[{\"@type\":\"SearchAction\",\"target\":{\"@type\":\"EntryPoint\",\"urlTemplate\":\"https:\/\/www.joker-fastener.com\/?s={search_term_string}\"},\"query-input\":{\"@type\":\"PropertyValueSpecification\",\"valueRequired\":true,\"valueName\":\"search_term_string\"}}],\"inLanguage\":\"de\"}]}<\/script>\n<!-- \/ Yoast SEO plugin. -->","yoast_head_json":{"title":"Metall D\u00e4mmstoffd\u00fcbe - JOKER INDUSTRIAL CO., LTD","robots":{"index":"index","follow":"follow","max-snippet":"max-snippet:-1","max-image-preview":"max-image-preview:large","max-video-preview":"max-video-preview:-1"},"canonical":"https:\/\/www.joker-fastener.com\/de\/product\/metal-insulation-plug\/","og_locale":"de_DE","og_type":"article","og_title":"Metall D\u00e4mmstoffd\u00fcbe - JOKER INDUSTRIAL CO., LTD","og_description":"Metall-D\u00e4mmd\u00fcbel mit verzinktem Design zum einfachen Einschlagen und Befestigen der D\u00e4mmplatten in Beton oder Mauerwerk. Das Produkt dehnt sich f\u00fcr eine sichere Befestigung \u00fcber seine gesamte L\u00e4nge aus und ist schnell und einfach zu installieren.","og_url":"https:\/\/www.joker-fastener.com\/de\/product\/metal-insulation-plug\/","og_site_name":"JOKER INDUSTRIAL CO., LTD","article_modified_time":"2024-07-15T02:34:09+00:00","og_image":[{"width":1024,"height":1024,"url":"https:\/\/www.joker-fastener.com\/wp-content\/uploads\/2022\/06\/01-2-1-1024x1024.png","type":"image\/png"}],"twitter_card":"summary_large_image","twitter_misc":{"Gesch\u00e4tzte Lesezeit":"1\u00a0Minute"},"schema":{"@context":"https:\/\/schema.org","@graph":[{"@type":"WebPage","@id":"https:\/\/www.joker-fastener.com\/de\/product\/metal-insulation-plug\/","url":"https:\/\/www.joker-fastener.com\/de\/product\/metal-insulation-plug\/","name":"Metall D\u00e4mmstoffd\u00fcbe - JOKER INDUSTRIAL CO., LTD","isPartOf":{"@id":"https:\/\/www.joker-fastener.com\/#website"},"primaryImageOfPage":{"@id":"https:\/\/www.joker-fastener.com\/de\/product\/metal-insulation-plug\/#primaryimage"},"image":{"@id":"https:\/\/www.joker-fastener.com\/de\/product\/metal-insulation-plug\/#primaryimage"},"thumbnailUrl":"https:\/\/www.joker-fastener.com\/wp-content\/uploads\/2022\/06\/01-2-1.png","datePublished":"2022-06-22T05:43:58+00:00","dateModified":"2024-07-15T02:34:09+00:00","breadcrumb":{"@id":"https:\/\/www.joker-fastener.com\/de\/product\/metal-insulation-plug\/#breadcrumb"},"inLanguage":"de","potentialAction":[{"@type":"ReadAction","target":["https:\/\/www.joker-fastener.com\/de\/product\/metal-insulation-plug\/"]}]},{"@type":"ImageObject","inLanguage":"de","@id":"https:\/\/www.joker-fastener.com\/de\/product\/metal-insulation-plug\/#primaryimage","url":"https:\/\/www.joker-fastener.com\/wp-content\/uploads\/2022\/06\/01-2-1.png","contentUrl":"https:\/\/www.joker-fastener.com\/wp-content\/uploads\/2022\/06\/01-2-1.png","width":2000,"height":2000,"caption":"metal plug"},{"@type":"BreadcrumbList","@id":"https:\/\/www.joker-fastener.com\/de\/product\/metal-insulation-plug\/#breadcrumb","itemListElement":[{"@type":"ListItem","position":1,"name":"Home","item":"https:\/\/www.joker-fastener.com\/de\/"},{"@type":"ListItem","position":2,"name":"Product","item":"https:\/\/www.joker-fastener.com\/product\/"},{"@type":"ListItem","position":3,"name":"Metall D\u00e4mmstoffd\u00fcbe"}]},{"@type":"WebSite","@id":"https:\/\/www.joker-fastener.com\/#website","url":"https:\/\/www.joker-fastener.com\/","name":"JOKER INDUSTRIAL CO., LTD","description":"Supplier Manufacturer","potentialAction":[{"@type":"SearchAction","target":{"@type":"EntryPoint","urlTemplate":"https:\/\/www.joker-fastener.com\/?s={search_term_string}"},"query-input":{"@type":"PropertyValueSpecification","valueRequired":true,"valueName":"search_term_string"}}],"inLanguage":"de"}]}},"_links":{"self":[{"href":"https:\/\/www.joker-fastener.com\/de\/wp-json\/wp\/v2\/product\/2779","targetHints":{"allow":["GET"]}}],"collection":[{"href":"https:\/\/www.joker-fastener.com\/de\/wp-json\/wp\/v2\/product"}],"about":[{"href":"https:\/\/www.joker-fastener.com\/de\/wp-json\/wp\/v2\/types\/product"}],"wp:featuredmedia":[{"embeddable":true,"href":"https:\/\/www.joker-fastener.com\/de\/wp-json\/wp\/v2\/media\/2002"}],"wp:attachment":[{"href":"https:\/\/www.joker-fastener.com\/de\/wp-json\/wp\/v2\/media?parent=2779"}],"wp:term":[{"taxonomy":"product_brand","embeddable":true,"href":"https:\/\/www.joker-fastener.com\/de\/wp-json\/wp\/v2\/product_brand?post=2779"},{"taxonomy":"product_cat","embeddable":true,"href":"https:\/\/www.joker-fastener.com\/de\/wp-json\/wp\/v2\/product_cat?post=2779"},{"taxonomy":"product_tag","embeddable":true,"href":"https:\/\/www.joker-fastener.com\/de\/wp-json\/wp\/v2\/product_tag?post=2779"}],"curies":[{"name":"wp","href":"https:\/\/api.w.org\/{rel}","templated":true}]}}