{"id":3085,"date":"2022-09-30T14:26:06","date_gmt":"2022-09-30T06:26:06","guid":{"rendered":"http:\/\/localhost:8888\/joker\/product\/hex-washer-head\/"},"modified":"2024-07-15T15:22:46","modified_gmt":"2024-07-15T07:22:46","slug":"hex-washer-head","status":"publish","type":"product","link":"https:\/\/www.joker-fastener.com\/de\/product\/hex-washer-head\/","title":{"rendered":"Betonschrauben mit Unterlegscheibe"},"content":{"rendered":"<p><span style=\"font-weight: 400;\"><img loading=\"lazy\" decoding=\"async\" class=\"alignnone wp-image-365\" src=\"https:\/\/www.joker-fastener.com\/wp-content\/uploads\/2022\/02\/ETA.png\" alt=\"\" width=\"60\" height=\"60\" srcset=\"https:\/\/www.joker-fastener.com\/wp-content\/uploads\/2022\/02\/ETA.png 200w, https:\/\/www.joker-fastener.com\/wp-content\/uploads\/2022\/02\/ETA-150x150.png 150w, https:\/\/www.joker-fastener.com\/wp-content\/uploads\/2022\/02\/ETA-100x100.png 100w\" sizes=\"auto, (max-width: 60px) 100vw, 60px\" \/> <\/span><span style=\"font-weight: 400;\"><img loading=\"lazy\" decoding=\"async\" class=\"alignnone wp-image-366\" src=\"https:\/\/www.joker-fastener.com\/wp-content\/uploads\/2022\/02\/FIRE-RESISTANCE.png\" alt=\"\" width=\"60\" height=\"60\" srcset=\"https:\/\/www.joker-fastener.com\/wp-content\/uploads\/2022\/02\/FIRE-RESISTANCE.png 200w, https:\/\/www.joker-fastener.com\/wp-content\/uploads\/2022\/02\/FIRE-RESISTANCE-150x150.png 150w, https:\/\/www.joker-fastener.com\/wp-content\/uploads\/2022\/02\/FIRE-RESISTANCE-100x100.png 100w\" sizes=\"auto, (max-width: 60px) 100vw, 60px\" \/> <\/span><span style=\"font-weight: 400;\"><img loading=\"lazy\" decoding=\"async\" class=\"alignnone wp-image-368\" src=\"https:\/\/www.joker-fastener.com\/wp-content\/uploads\/2022\/02\/SEISMIC.png\" alt=\"\" width=\"60\" height=\"60\" srcset=\"https:\/\/www.joker-fastener.com\/wp-content\/uploads\/2022\/02\/SEISMIC.png 200w, https:\/\/www.joker-fastener.com\/wp-content\/uploads\/2022\/02\/SEISMIC-150x150.png 150w, https:\/\/www.joker-fastener.com\/wp-content\/uploads\/2022\/02\/SEISMIC-100x100.png 100w\" sizes=\"auto, (max-width: 60px) 100vw, 60px\" \/> <\/span><span style=\"font-weight: 400;\"><img loading=\"lazy\" decoding=\"async\" class=\"alignnone wp-image-369\" src=\"https:\/\/www.joker-fastener.com\/wp-content\/uploads\/2022\/02\/ISO\u5c0f\u5716\u793a-1.png\" alt=\"\" width=\"60\" height=\"60\" srcset=\"https:\/\/www.joker-fastener.com\/wp-content\/uploads\/2022\/02\/ISO\u5c0f\u5716\u793a-1.png 200w, https:\/\/www.joker-fastener.com\/wp-content\/uploads\/2022\/02\/ISO\u5c0f\u5716\u793a-1-150x150.png 150w, https:\/\/www.joker-fastener.com\/wp-content\/uploads\/2022\/02\/ISO\u5c0f\u5716\u793a-1-100x100.png 100w\" sizes=\"auto, (max-width: 60px) 100vw, 60px\" \/><\/span><\/p>\n<p>&nbsp;<\/p>\n<p><span style=\"font-weight: 400;\">Betonschrauben mit Unterlegscheibe sind haupts\u00e4chlich auf dem Markt beliebteste Anwendungskopftypen.<\/span><\/p>\n<p><span style=\"font-weight: 400;\">Dieser Kopf in Kombination mit dem patentierten Joker-Design mit dreifachem Hi-Low-Gewinde erh\u00f6ht die Auszugskraft, sodass diese Schraube perfekt f\u00fcr dauerhafte und vor\u00fcbergehende Anwendungen geeignet ist. Betonschrauben sind in verschiedenen Gr\u00f6\u00dfen f\u00fcr Ihre Anwendung erh\u00e4ltlich und k\u00f6nnen f\u00fcr eine Vielzahl von Aufgaben verwendet werden, z. B. zum Befestigen von Vollziegel- und Hohlplattenplatten aus PVC und Holzrahmen an Mauerwerk.<\/span><\/p>\n<p><span style=\"font-weight: 400;\">Zwei zugelassene ETAs (Europ\u00e4ische Technische Zulassung) erm\u00f6glichen den Einsatz in gerissenem und ungerissenem Beton sowie in Spannbeton-Fertigteildecken f\u00fcr redundante nichttragende Systeme und die Einstufung in die Feuerwiderstandsklasse F120 garantiert noch mehr Sicherheit.<\/span><\/p>\n<p><span style=\"font-weight: 400;\">Es sind zwei Beschichtungen erh\u00e4ltlich, eine verzinkte und eine 1000-Stunden-Salzspr\u00fchtest-Silber-Ruspert-Beschichtung.<\/span><\/p>\n","protected":false},"excerpt":{"rendered":"<p>&nbsp; Betonschrauben mit Unterlegscheibe sind haupts\u00e4chlich auf dem Markt beliebteste Anwendungskopftypen. Dieser Kopf in Kombination mit dem patentierten Joker-Design mit dreifachem Hi-Low-Gewinde erh\u00f6ht die Auszugskraft, sodass diese Schraube perfekt f\u00fcr dauerhafte und vor\u00fcbergehende Anwendungen geeignet ist. Betonschrauben sind in verschiedenen Gr\u00f6\u00dfen f\u00fcr Ihre Anwendung erh\u00e4ltlich und k\u00f6nnen f\u00fcr eine Vielzahl von Aufgaben verwendet werden, z. [&hellip;]<\/p>\n","protected":false},"featured_media":2172,"template":"","meta":{"_acf_changed":false},"product_brand":[],"product_cat":[147,165],"product_tag":[],"class_list":{"0":"post-3085","1":"product","2":"type-product","3":"status-publish","4":"has-post-thumbnail","6":"product_cat-concrete-fixings-order-de","7":"product_cat-concrete-screw-order-de","9":"first","10":"instock","11":"shipping-taxable","12":"product-type-simple"},"acf":[],"yoast_head":"<!-- This site is optimized with the Yoast SEO plugin v25.0 - https:\/\/yoast.com\/wordpress\/plugins\/seo\/ -->\n<title>Betonschrauben mit Unterlegscheibe - Joker Industrial<\/title>\n<meta name=\"description\" content=\"Joker Betonschrauben mit Unterlegscheibe sind haupts\u00e4chlich auf dem Markt beliebteste Anwendungskopftypen mit ETA Zulassung.\" \/>\n<meta name=\"robots\" content=\"index, follow, max-snippet:-1, max-image-preview:large, max-video-preview:-1\" \/>\n<link rel=\"canonical\" href=\"https:\/\/www.joker-fastener.com\/de\/product\/hex-washer-head\/\" \/>\n<meta property=\"og:locale\" content=\"de_DE\" \/>\n<meta property=\"og:type\" content=\"article\" \/>\n<meta property=\"og:title\" content=\"Betonschrauben mit Unterlegscheibe - Joker Industrial\" \/>\n<meta property=\"og:description\" content=\"Joker Betonschrauben mit Unterlegscheibe sind haupts\u00e4chlich auf dem Markt beliebteste Anwendungskopftypen mit ETA Zulassung.\" \/>\n<meta property=\"og:url\" content=\"https:\/\/www.joker-fastener.com\/de\/product\/hex-washer-head\/\" \/>\n<meta property=\"og:site_name\" content=\"JOKER INDUSTRIAL CO., LTD\" \/>\n<meta property=\"article:modified_time\" content=\"2024-07-15T07:22:46+00:00\" \/>\n<meta property=\"og:image\" content=\"https:\/\/www.joker-fastener.com\/wp-content\/uploads\/2022\/06\/Hex-washer-head-concrete-screw.jpg\" \/>\n\t<meta property=\"og:image:width\" content=\"745\" \/>\n\t<meta property=\"og:image:height\" content=\"788\" \/>\n\t<meta property=\"og:image:type\" content=\"image\/jpeg\" \/>\n<meta name=\"twitter:card\" content=\"summary_large_image\" \/>\n<meta name=\"twitter:label1\" content=\"Gesch\u00e4tzte Lesezeit\" \/>\n\t<meta name=\"twitter:data1\" content=\"2\u00a0Minuten\" \/>\n<script type=\"application\/ld+json\" class=\"yoast-schema-graph\">{\"@context\":\"https:\/\/schema.org\",\"@graph\":[{\"@type\":\"WebPage\",\"@id\":\"https:\/\/www.joker-fastener.com\/de\/product\/hex-washer-head\/\",\"url\":\"https:\/\/www.joker-fastener.com\/de\/product\/hex-washer-head\/\",\"name\":\"Betonschrauben mit Unterlegscheibe - Joker Industrial\",\"isPartOf\":{\"@id\":\"https:\/\/www.joker-fastener.com\/#website\"},\"primaryImageOfPage\":{\"@id\":\"https:\/\/www.joker-fastener.com\/de\/product\/hex-washer-head\/#primaryimage\"},\"image\":{\"@id\":\"https:\/\/www.joker-fastener.com\/de\/product\/hex-washer-head\/#primaryimage\"},\"thumbnailUrl\":\"https:\/\/www.joker-fastener.com\/wp-content\/uploads\/2022\/06\/Hex-washer-head-concrete-screw.jpg\",\"datePublished\":\"2022-09-30T06:26:06+00:00\",\"dateModified\":\"2024-07-15T07:22:46+00:00\",\"description\":\"Joker Betonschrauben mit Unterlegscheibe sind haupts\u00e4chlich auf dem Markt beliebteste Anwendungskopftypen mit ETA Zulassung.\",\"breadcrumb\":{\"@id\":\"https:\/\/www.joker-fastener.com\/de\/product\/hex-washer-head\/#breadcrumb\"},\"inLanguage\":\"de\",\"potentialAction\":[{\"@type\":\"ReadAction\",\"target\":[\"https:\/\/www.joker-fastener.com\/de\/product\/hex-washer-head\/\"]}]},{\"@type\":\"ImageObject\",\"inLanguage\":\"de\",\"@id\":\"https:\/\/www.joker-fastener.com\/de\/product\/hex-washer-head\/#primaryimage\",\"url\":\"https:\/\/www.joker-fastener.com\/wp-content\/uploads\/2022\/06\/Hex-washer-head-concrete-screw.jpg\",\"contentUrl\":\"https:\/\/www.joker-fastener.com\/wp-content\/uploads\/2022\/06\/Hex-washer-head-concrete-screw.jpg\",\"width\":745,\"height\":788,\"caption\":\"Flange concrete screw 1000 hour ruspert coating\"},{\"@type\":\"BreadcrumbList\",\"@id\":\"https:\/\/www.joker-fastener.com\/de\/product\/hex-washer-head\/#breadcrumb\",\"itemListElement\":[{\"@type\":\"ListItem\",\"position\":1,\"name\":\"Home\",\"item\":\"https:\/\/www.joker-fastener.com\/de\/\"},{\"@type\":\"ListItem\",\"position\":2,\"name\":\"Product\",\"item\":\"https:\/\/www.joker-fastener.com\/product\/\"},{\"@type\":\"ListItem\",\"position\":3,\"name\":\"Betonschrauben mit Unterlegscheibe\"}]},{\"@type\":\"WebSite\",\"@id\":\"https:\/\/www.joker-fastener.com\/#website\",\"url\":\"https:\/\/www.joker-fastener.com\/\",\"name\":\"JOKER INDUSTRIAL CO., LTD\",\"description\":\"Supplier Manufacturer\",\"potentialAction\":[{\"@type\":\"SearchAction\",\"target\":{\"@type\":\"EntryPoint\",\"urlTemplate\":\"https:\/\/www.joker-fastener.com\/?s={search_term_string}\"},\"query-input\":{\"@type\":\"PropertyValueSpecification\",\"valueRequired\":true,\"valueName\":\"search_term_string\"}}],\"inLanguage\":\"de\"}]}<\/script>\n<!-- \/ Yoast SEO plugin. -->","yoast_head_json":{"title":"Betonschrauben mit Unterlegscheibe - Joker Industrial","description":"Joker Betonschrauben mit Unterlegscheibe sind haupts\u00e4chlich auf dem Markt beliebteste Anwendungskopftypen mit ETA Zulassung.","robots":{"index":"index","follow":"follow","max-snippet":"max-snippet:-1","max-image-preview":"max-image-preview:large","max-video-preview":"max-video-preview:-1"},"canonical":"https:\/\/www.joker-fastener.com\/de\/product\/hex-washer-head\/","og_locale":"de_DE","og_type":"article","og_title":"Betonschrauben mit Unterlegscheibe - Joker Industrial","og_description":"Joker Betonschrauben mit Unterlegscheibe sind haupts\u00e4chlich auf dem Markt beliebteste Anwendungskopftypen mit ETA Zulassung.","og_url":"https:\/\/www.joker-fastener.com\/de\/product\/hex-washer-head\/","og_site_name":"JOKER INDUSTRIAL CO., LTD","article_modified_time":"2024-07-15T07:22:46+00:00","og_image":[{"width":745,"height":788,"url":"https:\/\/www.joker-fastener.com\/wp-content\/uploads\/2022\/06\/Hex-washer-head-concrete-screw.jpg","type":"image\/jpeg"}],"twitter_card":"summary_large_image","twitter_misc":{"Gesch\u00e4tzte Lesezeit":"2\u00a0Minuten"},"schema":{"@context":"https:\/\/schema.org","@graph":[{"@type":"WebPage","@id":"https:\/\/www.joker-fastener.com\/de\/product\/hex-washer-head\/","url":"https:\/\/www.joker-fastener.com\/de\/product\/hex-washer-head\/","name":"Betonschrauben mit Unterlegscheibe - Joker Industrial","isPartOf":{"@id":"https:\/\/www.joker-fastener.com\/#website"},"primaryImageOfPage":{"@id":"https:\/\/www.joker-fastener.com\/de\/product\/hex-washer-head\/#primaryimage"},"image":{"@id":"https:\/\/www.joker-fastener.com\/de\/product\/hex-washer-head\/#primaryimage"},"thumbnailUrl":"https:\/\/www.joker-fastener.com\/wp-content\/uploads\/2022\/06\/Hex-washer-head-concrete-screw.jpg","datePublished":"2022-09-30T06:26:06+00:00","dateModified":"2024-07-15T07:22:46+00:00","description":"Joker Betonschrauben mit Unterlegscheibe sind haupts\u00e4chlich auf dem Markt beliebteste Anwendungskopftypen mit ETA Zulassung.","breadcrumb":{"@id":"https:\/\/www.joker-fastener.com\/de\/product\/hex-washer-head\/#breadcrumb"},"inLanguage":"de","potentialAction":[{"@type":"ReadAction","target":["https:\/\/www.joker-fastener.com\/de\/product\/hex-washer-head\/"]}]},{"@type":"ImageObject","inLanguage":"de","@id":"https:\/\/www.joker-fastener.com\/de\/product\/hex-washer-head\/#primaryimage","url":"https:\/\/www.joker-fastener.com\/wp-content\/uploads\/2022\/06\/Hex-washer-head-concrete-screw.jpg","contentUrl":"https:\/\/www.joker-fastener.com\/wp-content\/uploads\/2022\/06\/Hex-washer-head-concrete-screw.jpg","width":745,"height":788,"caption":"Flange concrete screw 1000 hour ruspert coating"},{"@type":"BreadcrumbList","@id":"https:\/\/www.joker-fastener.com\/de\/product\/hex-washer-head\/#breadcrumb","itemListElement":[{"@type":"ListItem","position":1,"name":"Home","item":"https:\/\/www.joker-fastener.com\/de\/"},{"@type":"ListItem","position":2,"name":"Product","item":"https:\/\/www.joker-fastener.com\/product\/"},{"@type":"ListItem","position":3,"name":"Betonschrauben mit Unterlegscheibe"}]},{"@type":"WebSite","@id":"https:\/\/www.joker-fastener.com\/#website","url":"https:\/\/www.joker-fastener.com\/","name":"JOKER INDUSTRIAL CO., LTD","description":"Supplier Manufacturer","potentialAction":[{"@type":"SearchAction","target":{"@type":"EntryPoint","urlTemplate":"https:\/\/www.joker-fastener.com\/?s={search_term_string}"},"query-input":{"@type":"PropertyValueSpecification","valueRequired":true,"valueName":"search_term_string"}}],"inLanguage":"de"}]}},"_links":{"self":[{"href":"https:\/\/www.joker-fastener.com\/de\/wp-json\/wp\/v2\/product\/3085","targetHints":{"allow":["GET"]}}],"collection":[{"href":"https:\/\/www.joker-fastener.com\/de\/wp-json\/wp\/v2\/product"}],"about":[{"href":"https:\/\/www.joker-fastener.com\/de\/wp-json\/wp\/v2\/types\/product"}],"wp:featuredmedia":[{"embeddable":true,"href":"https:\/\/www.joker-fastener.com\/de\/wp-json\/wp\/v2\/media\/2172"}],"wp:attachment":[{"href":"https:\/\/www.joker-fastener.com\/de\/wp-json\/wp\/v2\/media?parent=3085"}],"wp:term":[{"taxonomy":"product_brand","embeddable":true,"href":"https:\/\/www.joker-fastener.com\/de\/wp-json\/wp\/v2\/product_brand?post=3085"},{"taxonomy":"product_cat","embeddable":true,"href":"https:\/\/www.joker-fastener.com\/de\/wp-json\/wp\/v2\/product_cat?post=3085"},{"taxonomy":"product_tag","embeddable":true,"href":"https:\/\/www.joker-fastener.com\/de\/wp-json\/wp\/v2\/product_tag?post=3085"}],"curies":[{"name":"wp","href":"https:\/\/api.w.org\/{rel}","templated":true}]}}