{"id":3115,"date":"2022-09-28T14:22:36","date_gmt":"2022-09-28T06:22:36","guid":{"rendered":"http:\/\/localhost:8888\/joker\/product\/pan\/"},"modified":"2022-09-20T10:09:21","modified_gmt":"2022-09-20T02:09:21","slug":"pan","status":"publish","type":"product","link":"https:\/\/www.joker-fastener.com\/de\/product\/pan\/","title":{"rendered":"Betonschraube mit Linsenkopf"},"content":{"rendered":"<p><span><img loading=\"lazy\" decoding=\"async\" class=\"alignnone wp-image-365\" src=\"https:\/\/www.joker-fastener.com\/wp-content\/uploads\/2022\/02\/ETA.png\" alt=\"\" width=\"60\" height=\"60\" srcset=\"https:\/\/www.joker-fastener.com\/wp-content\/uploads\/2022\/02\/ETA.png 200w, https:\/\/www.joker-fastener.com\/wp-content\/uploads\/2022\/02\/ETA-150x150.png 150w, https:\/\/www.joker-fastener.com\/wp-content\/uploads\/2022\/02\/ETA-100x100.png 100w\" sizes=\"auto, (max-width: 60px) 100vw, 60px\" \/> <\/span><span><img loading=\"lazy\" decoding=\"async\" class=\"alignnone wp-image-366\" src=\"https:\/\/www.joker-fastener.com\/wp-content\/uploads\/2022\/02\/FIRE-RESISTANCE.png\" alt=\"\" width=\"60\" height=\"60\" srcset=\"https:\/\/www.joker-fastener.com\/wp-content\/uploads\/2022\/02\/FIRE-RESISTANCE.png 200w, https:\/\/www.joker-fastener.com\/wp-content\/uploads\/2022\/02\/FIRE-RESISTANCE-150x150.png 150w, https:\/\/www.joker-fastener.com\/wp-content\/uploads\/2022\/02\/FIRE-RESISTANCE-100x100.png 100w\" sizes=\"auto, (max-width: 60px) 100vw, 60px\" \/> <\/span><span><img loading=\"lazy\" decoding=\"async\" class=\"alignnone wp-image-368\" src=\"https:\/\/www.joker-fastener.com\/wp-content\/uploads\/2022\/02\/SEISMIC.png\" alt=\"\" width=\"60\" height=\"60\" srcset=\"https:\/\/www.joker-fastener.com\/wp-content\/uploads\/2022\/02\/SEISMIC.png 200w, https:\/\/www.joker-fastener.com\/wp-content\/uploads\/2022\/02\/SEISMIC-150x150.png 150w, https:\/\/www.joker-fastener.com\/wp-content\/uploads\/2022\/02\/SEISMIC-100x100.png 100w\" sizes=\"auto, (max-width: 60px) 100vw, 60px\" \/> <\/span><span><img loading=\"lazy\" decoding=\"async\" class=\"alignnone wp-image-369\" src=\"https:\/\/www.joker-fastener.com\/wp-content\/uploads\/2022\/02\/ISO\u5c0f\u5716\u793a-1.png\" alt=\"\" width=\"60\" height=\"60\" srcset=\"https:\/\/www.joker-fastener.com\/wp-content\/uploads\/2022\/02\/ISO\u5c0f\u5716\u793a-1.png 200w, https:\/\/www.joker-fastener.com\/wp-content\/uploads\/2022\/02\/ISO\u5c0f\u5716\u793a-1-150x150.png 150w, https:\/\/www.joker-fastener.com\/wp-content\/uploads\/2022\/02\/ISO\u5c0f\u5716\u793a-1-100x100.png 100w\" sizes=\"auto, (max-width: 60px) 100vw, 60px\" \/><\/span><\/p>\n<p>&nbsp;<\/p>\n<p><span style=\"font-weight: 400;\">Joker Betonschraube mit <\/span><span style=\"font-weight: 400;\">Linsenkopf<\/span><span style=\"font-weight: 400;\"> ist eine leistungsstarke Verankerungsl\u00f6sung f\u00fcr eine einfache und schnelle Installation und mit einer besseren Korrosion der Beschichtung und einer hohen Tragf\u00e4higkeit.<\/span><\/p>\n<p><span style=\"font-weight: 400;\">Es ist f\u00fcr Anwendungen wie die Befestigung von Klimaanlageneinstellungen, Ladestapeln, Sprinkleranlagen, Gel\u00e4ndern und Turnhallensitzen konzipiert. Die ETA-Zulassung (Europ\u00e4ische Technische Zulassung) erm\u00f6glicht den Einsatz in gerissenem und ungerissenem Beton sowie in Spannbeton-Fertigteildecken f\u00fcr redundante nichttragende Systeme und die Einstufung in die Feuerwiderstandsklasse F120 garantieren noch mehr Sicherheit.<\/span><\/p>\n<p><span style=\"font-weight: 400;\">Es sind zwei Beschichtungen erh\u00e4ltlich, eine verzinkte und eine 1000-Stunden-Salzspr\u00fchtest-Silber-Ruspert-Beschichtung.<\/span><\/p>\n","protected":false},"excerpt":{"rendered":"<p>&nbsp; Joker Betonschraube mit Linsenkopf ist eine leistungsstarke Verankerungsl\u00f6sung f\u00fcr eine einfache und schnelle Installation und mit einer besseren Korrosion der Beschichtung und einer hohen Tragf\u00e4higkeit. Es ist f\u00fcr Anwendungen wie die Befestigung von Klimaanlageneinstellungen, Ladestapeln, Sprinkleranlagen, Gel\u00e4ndern und Turnhallensitzen konzipiert. Die ETA-Zulassung (Europ\u00e4ische Technische Zulassung) erm\u00f6glicht den Einsatz in gerissenem und ungerissenem Beton sowie [&hellip;]<\/p>\n","protected":false},"featured_media":2481,"template":"","meta":{"_acf_changed":false},"product_brand":[],"product_cat":[165],"product_tag":[],"class_list":{"0":"post-3115","1":"product","2":"type-product","3":"status-publish","4":"has-post-thumbnail","6":"product_cat-concrete-screw-order-de","8":"first","9":"instock","10":"shipping-taxable","11":"product-type-simple"},"acf":[],"yoast_head":"<!-- This site is optimized with the Yoast SEO plugin v25.0 - https:\/\/yoast.com\/wordpress\/plugins\/seo\/ -->\n<title>Betonschraube mit Linsenkopf - JOKER INDUSTRIAL CO., LTD<\/title>\n<meta name=\"robots\" content=\"index, follow, max-snippet:-1, max-image-preview:large, max-video-preview:-1\" \/>\n<link rel=\"canonical\" href=\"https:\/\/www.joker-fastener.com\/de\/product\/pan\/\" \/>\n<meta property=\"og:locale\" content=\"de_DE\" \/>\n<meta property=\"og:type\" content=\"article\" \/>\n<meta property=\"og:title\" content=\"Betonschraube mit Linsenkopf - JOKER INDUSTRIAL CO., LTD\" \/>\n<meta property=\"og:description\" content=\"&nbsp; Joker Betonschraube mit Linsenkopf ist eine leistungsstarke Verankerungsl\u00f6sung f\u00fcr eine einfache und schnelle Installation und mit einer besseren Korrosion der Beschichtung und einer hohen Tragf\u00e4higkeit. Es ist f\u00fcr Anwendungen wie die Befestigung von Klimaanlageneinstellungen, Ladestapeln, Sprinkleranlagen, Gel\u00e4ndern und Turnhallensitzen konzipiert. Die ETA-Zulassung (Europ\u00e4ische Technische Zulassung) erm\u00f6glicht den Einsatz in gerissenem und ungerissenem Beton sowie [&hellip;]\" \/>\n<meta property=\"og:url\" content=\"https:\/\/www.joker-fastener.com\/de\/product\/pan\/\" \/>\n<meta property=\"og:site_name\" content=\"JOKER INDUSTRIAL CO., LTD\" \/>\n<meta property=\"og:image\" content=\"https:\/\/www.joker-fastener.com\/wp-content\/uploads\/2022\/06\/1.-Pan-head-01.jpg\" \/>\n\t<meta property=\"og:image:width\" content=\"806\" \/>\n\t<meta property=\"og:image:height\" content=\"806\" \/>\n\t<meta property=\"og:image:type\" content=\"image\/jpeg\" \/>\n<meta name=\"twitter:card\" content=\"summary_large_image\" \/>\n<script type=\"application\/ld+json\" class=\"yoast-schema-graph\">{\"@context\":\"https:\/\/schema.org\",\"@graph\":[{\"@type\":\"WebPage\",\"@id\":\"https:\/\/www.joker-fastener.com\/de\/product\/pan\/\",\"url\":\"https:\/\/www.joker-fastener.com\/de\/product\/pan\/\",\"name\":\"Betonschraube mit Linsenkopf - JOKER INDUSTRIAL CO., LTD\",\"isPartOf\":{\"@id\":\"https:\/\/www.joker-fastener.com\/#website\"},\"primaryImageOfPage\":{\"@id\":\"https:\/\/www.joker-fastener.com\/de\/product\/pan\/#primaryimage\"},\"image\":{\"@id\":\"https:\/\/www.joker-fastener.com\/de\/product\/pan\/#primaryimage\"},\"thumbnailUrl\":\"https:\/\/www.joker-fastener.com\/wp-content\/uploads\/2022\/06\/1.-Pan-head-01.jpg\",\"datePublished\":\"2022-09-28T06:22:36+00:00\",\"breadcrumb\":{\"@id\":\"https:\/\/www.joker-fastener.com\/de\/product\/pan\/#breadcrumb\"},\"inLanguage\":\"de\",\"potentialAction\":[{\"@type\":\"ReadAction\",\"target\":[\"https:\/\/www.joker-fastener.com\/de\/product\/pan\/\"]}]},{\"@type\":\"ImageObject\",\"inLanguage\":\"de\",\"@id\":\"https:\/\/www.joker-fastener.com\/de\/product\/pan\/#primaryimage\",\"url\":\"https:\/\/www.joker-fastener.com\/wp-content\/uploads\/2022\/06\/1.-Pan-head-01.jpg\",\"contentUrl\":\"https:\/\/www.joker-fastener.com\/wp-content\/uploads\/2022\/06\/1.-Pan-head-01.jpg\",\"width\":806,\"height\":806,\"caption\":\"Pan head concrete screw\"},{\"@type\":\"BreadcrumbList\",\"@id\":\"https:\/\/www.joker-fastener.com\/de\/product\/pan\/#breadcrumb\",\"itemListElement\":[{\"@type\":\"ListItem\",\"position\":1,\"name\":\"Home\",\"item\":\"https:\/\/www.joker-fastener.com\/de\/\"},{\"@type\":\"ListItem\",\"position\":2,\"name\":\"Product\",\"item\":\"https:\/\/www.joker-fastener.com\/product\/\"},{\"@type\":\"ListItem\",\"position\":3,\"name\":\"Betonschraube mit Linsenkopf\"}]},{\"@type\":\"WebSite\",\"@id\":\"https:\/\/www.joker-fastener.com\/#website\",\"url\":\"https:\/\/www.joker-fastener.com\/\",\"name\":\"JOKER INDUSTRIAL CO., LTD\",\"description\":\"Supplier Manufacturer\",\"potentialAction\":[{\"@type\":\"SearchAction\",\"target\":{\"@type\":\"EntryPoint\",\"urlTemplate\":\"https:\/\/www.joker-fastener.com\/?s={search_term_string}\"},\"query-input\":{\"@type\":\"PropertyValueSpecification\",\"valueRequired\":true,\"valueName\":\"search_term_string\"}}],\"inLanguage\":\"de\"}]}<\/script>\n<!-- \/ Yoast SEO plugin. -->","yoast_head_json":{"title":"Betonschraube mit Linsenkopf - JOKER INDUSTRIAL CO., LTD","robots":{"index":"index","follow":"follow","max-snippet":"max-snippet:-1","max-image-preview":"max-image-preview:large","max-video-preview":"max-video-preview:-1"},"canonical":"https:\/\/www.joker-fastener.com\/de\/product\/pan\/","og_locale":"de_DE","og_type":"article","og_title":"Betonschraube mit Linsenkopf - JOKER INDUSTRIAL CO., LTD","og_description":"&nbsp; Joker Betonschraube mit Linsenkopf ist eine leistungsstarke Verankerungsl\u00f6sung f\u00fcr eine einfache und schnelle Installation und mit einer besseren Korrosion der Beschichtung und einer hohen Tragf\u00e4higkeit. Es ist f\u00fcr Anwendungen wie die Befestigung von Klimaanlageneinstellungen, Ladestapeln, Sprinkleranlagen, Gel\u00e4ndern und Turnhallensitzen konzipiert. Die ETA-Zulassung (Europ\u00e4ische Technische Zulassung) erm\u00f6glicht den Einsatz in gerissenem und ungerissenem Beton sowie [&hellip;]","og_url":"https:\/\/www.joker-fastener.com\/de\/product\/pan\/","og_site_name":"JOKER INDUSTRIAL CO., LTD","og_image":[{"width":806,"height":806,"url":"https:\/\/www.joker-fastener.com\/wp-content\/uploads\/2022\/06\/1.-Pan-head-01.jpg","type":"image\/jpeg"}],"twitter_card":"summary_large_image","schema":{"@context":"https:\/\/schema.org","@graph":[{"@type":"WebPage","@id":"https:\/\/www.joker-fastener.com\/de\/product\/pan\/","url":"https:\/\/www.joker-fastener.com\/de\/product\/pan\/","name":"Betonschraube mit Linsenkopf - JOKER INDUSTRIAL CO., LTD","isPartOf":{"@id":"https:\/\/www.joker-fastener.com\/#website"},"primaryImageOfPage":{"@id":"https:\/\/www.joker-fastener.com\/de\/product\/pan\/#primaryimage"},"image":{"@id":"https:\/\/www.joker-fastener.com\/de\/product\/pan\/#primaryimage"},"thumbnailUrl":"https:\/\/www.joker-fastener.com\/wp-content\/uploads\/2022\/06\/1.-Pan-head-01.jpg","datePublished":"2022-09-28T06:22:36+00:00","breadcrumb":{"@id":"https:\/\/www.joker-fastener.com\/de\/product\/pan\/#breadcrumb"},"inLanguage":"de","potentialAction":[{"@type":"ReadAction","target":["https:\/\/www.joker-fastener.com\/de\/product\/pan\/"]}]},{"@type":"ImageObject","inLanguage":"de","@id":"https:\/\/www.joker-fastener.com\/de\/product\/pan\/#primaryimage","url":"https:\/\/www.joker-fastener.com\/wp-content\/uploads\/2022\/06\/1.-Pan-head-01.jpg","contentUrl":"https:\/\/www.joker-fastener.com\/wp-content\/uploads\/2022\/06\/1.-Pan-head-01.jpg","width":806,"height":806,"caption":"Pan head concrete screw"},{"@type":"BreadcrumbList","@id":"https:\/\/www.joker-fastener.com\/de\/product\/pan\/#breadcrumb","itemListElement":[{"@type":"ListItem","position":1,"name":"Home","item":"https:\/\/www.joker-fastener.com\/de\/"},{"@type":"ListItem","position":2,"name":"Product","item":"https:\/\/www.joker-fastener.com\/product\/"},{"@type":"ListItem","position":3,"name":"Betonschraube mit Linsenkopf"}]},{"@type":"WebSite","@id":"https:\/\/www.joker-fastener.com\/#website","url":"https:\/\/www.joker-fastener.com\/","name":"JOKER INDUSTRIAL CO., LTD","description":"Supplier Manufacturer","potentialAction":[{"@type":"SearchAction","target":{"@type":"EntryPoint","urlTemplate":"https:\/\/www.joker-fastener.com\/?s={search_term_string}"},"query-input":{"@type":"PropertyValueSpecification","valueRequired":true,"valueName":"search_term_string"}}],"inLanguage":"de"}]}},"_links":{"self":[{"href":"https:\/\/www.joker-fastener.com\/de\/wp-json\/wp\/v2\/product\/3115","targetHints":{"allow":["GET"]}}],"collection":[{"href":"https:\/\/www.joker-fastener.com\/de\/wp-json\/wp\/v2\/product"}],"about":[{"href":"https:\/\/www.joker-fastener.com\/de\/wp-json\/wp\/v2\/types\/product"}],"wp:featuredmedia":[{"embeddable":true,"href":"https:\/\/www.joker-fastener.com\/de\/wp-json\/wp\/v2\/media\/2481"}],"wp:attachment":[{"href":"https:\/\/www.joker-fastener.com\/de\/wp-json\/wp\/v2\/media?parent=3115"}],"wp:term":[{"taxonomy":"product_brand","embeddable":true,"href":"https:\/\/www.joker-fastener.com\/de\/wp-json\/wp\/v2\/product_brand?post=3115"},{"taxonomy":"product_cat","embeddable":true,"href":"https:\/\/www.joker-fastener.com\/de\/wp-json\/wp\/v2\/product_cat?post=3115"},{"taxonomy":"product_tag","embeddable":true,"href":"https:\/\/www.joker-fastener.com\/de\/wp-json\/wp\/v2\/product_tag?post=3115"}],"curies":[{"name":"wp","href":"https:\/\/api.w.org\/{rel}","templated":true}]}}