{"id":3133,"date":"2022-06-02T14:55:34","date_gmt":"2022-06-02T06:55:34","guid":{"rendered":"http:\/\/localhost:8888\/joker\/product\/assebling-rod-hanging\/"},"modified":"2023-11-08T15:58:41","modified_gmt":"2023-11-08T07:58:41","slug":"assebling-rod-hanging","status":"publish","type":"product","link":"https:\/\/www.joker-fastener.com\/de\/product\/assebling-rod-hanging\/","title":{"rendered":"Betonschraube mit Innengewinde"},"content":{"rendered":"<p><span style=\"font-weight: 400;\"><img loading=\"lazy\" decoding=\"async\" class=\"alignnone wp-image-365\" src=\"https:\/\/www.joker-fastener.com\/wp-content\/uploads\/2022\/02\/ETA.png\" alt=\"\" width=\"60\" height=\"60\" srcset=\"https:\/\/www.joker-fastener.com\/wp-content\/uploads\/2022\/02\/ETA.png 200w, https:\/\/www.joker-fastener.com\/wp-content\/uploads\/2022\/02\/ETA-150x150.png 150w, https:\/\/www.joker-fastener.com\/wp-content\/uploads\/2022\/02\/ETA-100x100.png 100w\" sizes=\"auto, (max-width: 60px) 100vw, 60px\" \/> <img loading=\"lazy\" decoding=\"async\" class=\"alignnone wp-image-5839\" src=\"https:\/\/www.joker-fastener.com\/wp-content\/uploads\/2023\/04\/\u7051\u6c34\u8a8d\u8b49\u5716\u793a-1-600x600.png\" alt=\"VdS CEA 4001\" width=\"60\" height=\"60\" srcset=\"https:\/\/www.joker-fastener.com\/wp-content\/uploads\/2023\/04\/\u7051\u6c34\u8a8d\u8b49\u5716\u793a-1-600x600.png 600w, https:\/\/www.joker-fastener.com\/wp-content\/uploads\/2023\/04\/\u7051\u6c34\u8a8d\u8b49\u5716\u793a-1-150x150.png 150w, https:\/\/www.joker-fastener.com\/wp-content\/uploads\/2023\/04\/\u7051\u6c34\u8a8d\u8b49\u5716\u793a-1-768x768.png 768w, https:\/\/www.joker-fastener.com\/wp-content\/uploads\/2023\/04\/\u7051\u6c34\u8a8d\u8b49\u5716\u793a-1-300x300.png 300w, https:\/\/www.joker-fastener.com\/wp-content\/uploads\/2023\/04\/\u7051\u6c34\u8a8d\u8b49\u5716\u793a-1-100x100.png 100w, https:\/\/www.joker-fastener.com\/wp-content\/uploads\/2023\/04\/\u7051\u6c34\u8a8d\u8b49\u5716\u793a-1.png 850w\" sizes=\"auto, (max-width: 60px) 100vw, 60px\" \/><\/span><span style=\"font-weight: 400;\"><img loading=\"lazy\" decoding=\"async\" class=\"alignnone wp-image-366\" src=\"https:\/\/www.joker-fastener.com\/wp-content\/uploads\/2022\/02\/FIRE-RESISTANCE.png\" alt=\"\" width=\"60\" height=\"60\" srcset=\"https:\/\/www.joker-fastener.com\/wp-content\/uploads\/2022\/02\/FIRE-RESISTANCE.png 200w, https:\/\/www.joker-fastener.com\/wp-content\/uploads\/2022\/02\/FIRE-RESISTANCE-150x150.png 150w, https:\/\/www.joker-fastener.com\/wp-content\/uploads\/2022\/02\/FIRE-RESISTANCE-100x100.png 100w\" sizes=\"auto, (max-width: 60px) 100vw, 60px\" \/> <\/span><span style=\"font-weight: 400;\"><img loading=\"lazy\" decoding=\"async\" class=\"alignnone wp-image-368\" src=\"https:\/\/www.joker-fastener.com\/wp-content\/uploads\/2022\/02\/SEISMIC.png\" alt=\"\" width=\"60\" height=\"60\" srcset=\"https:\/\/www.joker-fastener.com\/wp-content\/uploads\/2022\/02\/SEISMIC.png 200w, https:\/\/www.joker-fastener.com\/wp-content\/uploads\/2022\/02\/SEISMIC-150x150.png 150w, https:\/\/www.joker-fastener.com\/wp-content\/uploads\/2022\/02\/SEISMIC-100x100.png 100w\" sizes=\"auto, (max-width: 60px) 100vw, 60px\" \/> <\/span><span style=\"font-weight: 400;\"><img loading=\"lazy\" decoding=\"async\" class=\"alignnone wp-image-369\" src=\"https:\/\/www.joker-fastener.com\/wp-content\/uploads\/2022\/02\/ISO\u5c0f\u5716\u793a-1.png\" alt=\"\" width=\"60\" height=\"60\" srcset=\"https:\/\/www.joker-fastener.com\/wp-content\/uploads\/2022\/02\/ISO\u5c0f\u5716\u793a-1.png 200w, https:\/\/www.joker-fastener.com\/wp-content\/uploads\/2022\/02\/ISO\u5c0f\u5716\u793a-1-150x150.png 150w, https:\/\/www.joker-fastener.com\/wp-content\/uploads\/2022\/02\/ISO\u5c0f\u5716\u793a-1-100x100.png 100w\" sizes=\"auto, (max-width: 60px) 100vw, 60px\" \/><\/span><\/p>\n<p><span style=\"font-weight: 400;\">Joker Betonschraube mit Innengewinde M8\/M10 ist aus verzinktem Stahl, hohe Belastbarkeit, einfache und schnelle Montage. Es ist f\u00fcr Anwendungen wie die Befestigung von Rohrtrassen, Sprinkleranlagen, Kabeltrassen und L\u00fcftungskan\u00e4len konzipiert. Die ETA-Zulassung (Europ\u00e4ische Technische Zulassung) erm\u00f6glicht den Einsatz in gerissenem und ungerissenem Beton sowie in Spannbeton-Fertigteildecken f\u00fcr redundante nichttragende Systeme und die Einstufung in die Feuerwiderstandsklasse garantieren noch mehr Sicherheit.<\/span><\/p>\n","protected":false},"excerpt":{"rendered":"<p>Joker Betonschraube mit Innengewinde M8\/M10 ist aus verzinktem Stahl, hohe Belastbarkeit, einfache und schnelle Montage. Es ist f\u00fcr Anwendungen wie die Befestigung von Rohrtrassen, Sprinkleranlagen, Kabeltrassen und L\u00fcftungskan\u00e4len konzipiert. Die ETA-Zulassung (Europ\u00e4ische Technische Zulassung) erm\u00f6glicht den Einsatz in gerissenem und ungerissenem Beton sowie in Spannbeton-Fertigteildecken f\u00fcr redundante nichttragende Systeme und die Einstufung in die Feuerwiderstandsklasse [&hellip;]<\/p>\n","protected":false},"featured_media":2533,"template":"","meta":{"_acf_changed":false},"product_brand":[],"product_cat":[165],"product_tag":[],"class_list":{"0":"post-3133","1":"product","2":"type-product","3":"status-publish","4":"has-post-thumbnail","6":"product_cat-concrete-screw-order-de","8":"first","9":"instock","10":"shipping-taxable","11":"product-type-simple"},"acf":[],"yoast_head":"<!-- This site is optimized with the Yoast SEO plugin v25.0 - https:\/\/yoast.com\/wordpress\/plugins\/seo\/ -->\n<title>Betonschraube mit Innengewinde - JOKER INDUSTRIAL CO., LTD<\/title>\n<meta name=\"description\" content=\"Joker Betonschraube mit Innengewinde es ist f\u00fcr Anwendungen wie die Sprinkleranlagen, Kabeltrassen und L\u00fcftungskan\u00e4len konzipiert.\" \/>\n<meta name=\"robots\" content=\"index, follow, max-snippet:-1, max-image-preview:large, max-video-preview:-1\" \/>\n<link rel=\"canonical\" href=\"https:\/\/www.joker-fastener.com\/de\/product\/assebling-rod-hanging\/\" \/>\n<meta property=\"og:locale\" content=\"de_DE\" \/>\n<meta property=\"og:type\" content=\"article\" \/>\n<meta property=\"og:title\" content=\"Betonschraube mit Innengewinde - JOKER INDUSTRIAL CO., LTD\" \/>\n<meta property=\"og:description\" content=\"Joker Betonschraube mit Innengewinde es ist f\u00fcr Anwendungen wie die Sprinkleranlagen, Kabeltrassen und L\u00fcftungskan\u00e4len konzipiert.\" \/>\n<meta property=\"og:url\" content=\"https:\/\/www.joker-fastener.com\/de\/product\/assebling-rod-hanging\/\" \/>\n<meta property=\"og:site_name\" content=\"JOKER INDUSTRIAL CO., LTD\" \/>\n<meta property=\"article:modified_time\" content=\"2023-11-08T07:58:41+00:00\" \/>\n<meta property=\"og:image\" content=\"https:\/\/www.joker-fastener.com\/wp-content\/uploads\/2022\/06\/1.-Rog-hanger-bolt-assembling.jpg\" \/>\n\t<meta property=\"og:image:width\" content=\"806\" \/>\n\t<meta property=\"og:image:height\" content=\"806\" \/>\n\t<meta property=\"og:image:type\" content=\"image\/jpeg\" \/>\n<meta name=\"twitter:card\" content=\"summary_large_image\" \/>\n<meta name=\"twitter:label1\" content=\"Gesch\u00e4tzte Lesezeit\" \/>\n\t<meta name=\"twitter:data1\" content=\"2\u00a0Minuten\" \/>\n<script type=\"application\/ld+json\" class=\"yoast-schema-graph\">{\"@context\":\"https:\/\/schema.org\",\"@graph\":[{\"@type\":\"WebPage\",\"@id\":\"https:\/\/www.joker-fastener.com\/de\/product\/assebling-rod-hanging\/\",\"url\":\"https:\/\/www.joker-fastener.com\/de\/product\/assebling-rod-hanging\/\",\"name\":\"Betonschraube mit Innengewinde - JOKER INDUSTRIAL CO., LTD\",\"isPartOf\":{\"@id\":\"https:\/\/www.joker-fastener.com\/#website\"},\"primaryImageOfPage\":{\"@id\":\"https:\/\/www.joker-fastener.com\/de\/product\/assebling-rod-hanging\/#primaryimage\"},\"image\":{\"@id\":\"https:\/\/www.joker-fastener.com\/de\/product\/assebling-rod-hanging\/#primaryimage\"},\"thumbnailUrl\":\"https:\/\/www.joker-fastener.com\/wp-content\/uploads\/2022\/06\/1.-Rog-hanger-bolt-assembling.jpg\",\"datePublished\":\"2022-06-02T06:55:34+00:00\",\"dateModified\":\"2023-11-08T07:58:41+00:00\",\"description\":\"Joker Betonschraube mit Innengewinde es ist f\u00fcr Anwendungen wie die Sprinkleranlagen, Kabeltrassen und L\u00fcftungskan\u00e4len konzipiert.\",\"breadcrumb\":{\"@id\":\"https:\/\/www.joker-fastener.com\/de\/product\/assebling-rod-hanging\/#breadcrumb\"},\"inLanguage\":\"de\",\"potentialAction\":[{\"@type\":\"ReadAction\",\"target\":[\"https:\/\/www.joker-fastener.com\/de\/product\/assebling-rod-hanging\/\"]}]},{\"@type\":\"ImageObject\",\"inLanguage\":\"de\",\"@id\":\"https:\/\/www.joker-fastener.com\/de\/product\/assebling-rod-hanging\/#primaryimage\",\"url\":\"https:\/\/www.joker-fastener.com\/wp-content\/uploads\/2022\/06\/1.-Rog-hanger-bolt-assembling.jpg\",\"contentUrl\":\"https:\/\/www.joker-fastener.com\/wp-content\/uploads\/2022\/06\/1.-Rog-hanger-bolt-assembling.jpg\",\"width\":806,\"height\":806,\"caption\":\"Rog hanger bolt by assembling\"},{\"@type\":\"BreadcrumbList\",\"@id\":\"https:\/\/www.joker-fastener.com\/de\/product\/assebling-rod-hanging\/#breadcrumb\",\"itemListElement\":[{\"@type\":\"ListItem\",\"position\":1,\"name\":\"Home\",\"item\":\"https:\/\/www.joker-fastener.com\/de\/\"},{\"@type\":\"ListItem\",\"position\":2,\"name\":\"Product\",\"item\":\"https:\/\/www.joker-fastener.com\/product\/\"},{\"@type\":\"ListItem\",\"position\":3,\"name\":\"Betonschraube mit Innengewinde\"}]},{\"@type\":\"WebSite\",\"@id\":\"https:\/\/www.joker-fastener.com\/#website\",\"url\":\"https:\/\/www.joker-fastener.com\/\",\"name\":\"JOKER INDUSTRIAL CO., LTD\",\"description\":\"Supplier Manufacturer\",\"potentialAction\":[{\"@type\":\"SearchAction\",\"target\":{\"@type\":\"EntryPoint\",\"urlTemplate\":\"https:\/\/www.joker-fastener.com\/?s={search_term_string}\"},\"query-input\":{\"@type\":\"PropertyValueSpecification\",\"valueRequired\":true,\"valueName\":\"search_term_string\"}}],\"inLanguage\":\"de\"}]}<\/script>\n<!-- \/ Yoast SEO plugin. -->","yoast_head_json":{"title":"Betonschraube mit Innengewinde - JOKER INDUSTRIAL CO., LTD","description":"Joker Betonschraube mit Innengewinde es ist f\u00fcr Anwendungen wie die Sprinkleranlagen, Kabeltrassen und L\u00fcftungskan\u00e4len konzipiert.","robots":{"index":"index","follow":"follow","max-snippet":"max-snippet:-1","max-image-preview":"max-image-preview:large","max-video-preview":"max-video-preview:-1"},"canonical":"https:\/\/www.joker-fastener.com\/de\/product\/assebling-rod-hanging\/","og_locale":"de_DE","og_type":"article","og_title":"Betonschraube mit Innengewinde - JOKER INDUSTRIAL CO., LTD","og_description":"Joker Betonschraube mit Innengewinde es ist f\u00fcr Anwendungen wie die Sprinkleranlagen, Kabeltrassen und L\u00fcftungskan\u00e4len konzipiert.","og_url":"https:\/\/www.joker-fastener.com\/de\/product\/assebling-rod-hanging\/","og_site_name":"JOKER INDUSTRIAL CO., LTD","article_modified_time":"2023-11-08T07:58:41+00:00","og_image":[{"width":806,"height":806,"url":"https:\/\/www.joker-fastener.com\/wp-content\/uploads\/2022\/06\/1.-Rog-hanger-bolt-assembling.jpg","type":"image\/jpeg"}],"twitter_card":"summary_large_image","twitter_misc":{"Gesch\u00e4tzte Lesezeit":"2\u00a0Minuten"},"schema":{"@context":"https:\/\/schema.org","@graph":[{"@type":"WebPage","@id":"https:\/\/www.joker-fastener.com\/de\/product\/assebling-rod-hanging\/","url":"https:\/\/www.joker-fastener.com\/de\/product\/assebling-rod-hanging\/","name":"Betonschraube mit Innengewinde - JOKER INDUSTRIAL CO., LTD","isPartOf":{"@id":"https:\/\/www.joker-fastener.com\/#website"},"primaryImageOfPage":{"@id":"https:\/\/www.joker-fastener.com\/de\/product\/assebling-rod-hanging\/#primaryimage"},"image":{"@id":"https:\/\/www.joker-fastener.com\/de\/product\/assebling-rod-hanging\/#primaryimage"},"thumbnailUrl":"https:\/\/www.joker-fastener.com\/wp-content\/uploads\/2022\/06\/1.-Rog-hanger-bolt-assembling.jpg","datePublished":"2022-06-02T06:55:34+00:00","dateModified":"2023-11-08T07:58:41+00:00","description":"Joker Betonschraube mit Innengewinde es ist f\u00fcr Anwendungen wie die Sprinkleranlagen, Kabeltrassen und L\u00fcftungskan\u00e4len konzipiert.","breadcrumb":{"@id":"https:\/\/www.joker-fastener.com\/de\/product\/assebling-rod-hanging\/#breadcrumb"},"inLanguage":"de","potentialAction":[{"@type":"ReadAction","target":["https:\/\/www.joker-fastener.com\/de\/product\/assebling-rod-hanging\/"]}]},{"@type":"ImageObject","inLanguage":"de","@id":"https:\/\/www.joker-fastener.com\/de\/product\/assebling-rod-hanging\/#primaryimage","url":"https:\/\/www.joker-fastener.com\/wp-content\/uploads\/2022\/06\/1.-Rog-hanger-bolt-assembling.jpg","contentUrl":"https:\/\/www.joker-fastener.com\/wp-content\/uploads\/2022\/06\/1.-Rog-hanger-bolt-assembling.jpg","width":806,"height":806,"caption":"Rog hanger bolt by assembling"},{"@type":"BreadcrumbList","@id":"https:\/\/www.joker-fastener.com\/de\/product\/assebling-rod-hanging\/#breadcrumb","itemListElement":[{"@type":"ListItem","position":1,"name":"Home","item":"https:\/\/www.joker-fastener.com\/de\/"},{"@type":"ListItem","position":2,"name":"Product","item":"https:\/\/www.joker-fastener.com\/product\/"},{"@type":"ListItem","position":3,"name":"Betonschraube mit Innengewinde"}]},{"@type":"WebSite","@id":"https:\/\/www.joker-fastener.com\/#website","url":"https:\/\/www.joker-fastener.com\/","name":"JOKER INDUSTRIAL CO., LTD","description":"Supplier Manufacturer","potentialAction":[{"@type":"SearchAction","target":{"@type":"EntryPoint","urlTemplate":"https:\/\/www.joker-fastener.com\/?s={search_term_string}"},"query-input":{"@type":"PropertyValueSpecification","valueRequired":true,"valueName":"search_term_string"}}],"inLanguage":"de"}]}},"_links":{"self":[{"href":"https:\/\/www.joker-fastener.com\/de\/wp-json\/wp\/v2\/product\/3133","targetHints":{"allow":["GET"]}}],"collection":[{"href":"https:\/\/www.joker-fastener.com\/de\/wp-json\/wp\/v2\/product"}],"about":[{"href":"https:\/\/www.joker-fastener.com\/de\/wp-json\/wp\/v2\/types\/product"}],"wp:featuredmedia":[{"embeddable":true,"href":"https:\/\/www.joker-fastener.com\/de\/wp-json\/wp\/v2\/media\/2533"}],"wp:attachment":[{"href":"https:\/\/www.joker-fastener.com\/de\/wp-json\/wp\/v2\/media?parent=3133"}],"wp:term":[{"taxonomy":"product_brand","embeddable":true,"href":"https:\/\/www.joker-fastener.com\/de\/wp-json\/wp\/v2\/product_brand?post=3133"},{"taxonomy":"product_cat","embeddable":true,"href":"https:\/\/www.joker-fastener.com\/de\/wp-json\/wp\/v2\/product_cat?post=3133"},{"taxonomy":"product_tag","embeddable":true,"href":"https:\/\/www.joker-fastener.com\/de\/wp-json\/wp\/v2\/product_tag?post=3133"}],"curies":[{"name":"wp","href":"https:\/\/api.w.org\/{rel}","templated":true}]}}