{"id":3135,"date":"2022-10-02T11:22:25","date_gmt":"2022-10-02T03:22:25","guid":{"rendered":"http:\/\/localhost:8888\/joker\/product\/bi-metal\/"},"modified":"2024-07-10T16:45:51","modified_gmt":"2024-07-10T08:45:51","slug":"bi-metal","status":"publish","type":"product","link":"https:\/\/www.joker-fastener.com\/de\/product\/bi-metal\/","title":{"rendered":"Betonschrauben Sechskant Edelstahl A4"},"content":{"rendered":"<p style=\"text-align: left;\"><span style=\"font-weight: 400;\"><img loading=\"lazy\" decoding=\"async\" class=\"alignnone wp-image-365\" src=\"https:\/\/www.joker-fastener.com\/wp-content\/uploads\/2022\/02\/ETA.png\" alt=\"\" width=\"60\" height=\"60\" srcset=\"https:\/\/www.joker-fastener.com\/wp-content\/uploads\/2022\/02\/ETA.png 200w, https:\/\/www.joker-fastener.com\/wp-content\/uploads\/2022\/02\/ETA-150x150.png 150w, https:\/\/www.joker-fastener.com\/wp-content\/uploads\/2022\/02\/ETA-100x100.png 100w\" sizes=\"auto, (max-width: 60px) 100vw, 60px\" \/> <\/span><span style=\"font-weight: 400;\"><img loading=\"lazy\" decoding=\"async\" class=\"alignnone wp-image-366\" src=\"https:\/\/www.joker-fastener.com\/wp-content\/uploads\/2022\/02\/FIRE-RESISTANCE.png\" alt=\"\" width=\"60\" height=\"60\" srcset=\"https:\/\/www.joker-fastener.com\/wp-content\/uploads\/2022\/02\/FIRE-RESISTANCE.png 200w, https:\/\/www.joker-fastener.com\/wp-content\/uploads\/2022\/02\/FIRE-RESISTANCE-150x150.png 150w, https:\/\/www.joker-fastener.com\/wp-content\/uploads\/2022\/02\/FIRE-RESISTANCE-100x100.png 100w\" sizes=\"auto, (max-width: 60px) 100vw, 60px\" \/> <\/span><span style=\"font-weight: 400;\">\u00a0<\/span><span style=\"font-weight: 400;\"><img loading=\"lazy\" decoding=\"async\" class=\"alignnone wp-image-369\" src=\"https:\/\/www.joker-fastener.com\/wp-content\/uploads\/2022\/02\/ISO\u5c0f\u5716\u793a-1.png\" alt=\"\" width=\"60\" height=\"60\" srcset=\"https:\/\/www.joker-fastener.com\/wp-content\/uploads\/2022\/02\/ISO\u5c0f\u5716\u793a-1.png 200w, https:\/\/www.joker-fastener.com\/wp-content\/uploads\/2022\/02\/ISO\u5c0f\u5716\u793a-1-150x150.png 150w, https:\/\/www.joker-fastener.com\/wp-content\/uploads\/2022\/02\/ISO\u5c0f\u5716\u793a-1-100x100.png 100w\" sizes=\"auto, (max-width: 60px) 100vw, 60px\" \/><\/span><\/p>\n<p>&nbsp;<\/p>\n<p><span style=\"font-weight: 400;\">Dieser Kopf in Kombination mit dem patentierten Joker-Design mit dreifachem Hi-Low-Gewinde erh\u00f6ht die Auszugskraft, sodass diese Schraube perfekt f\u00fcr dauerhafte und vor\u00fcbergehende Anwendungen geeignet ist. Betonschrauben sind in verschiedenen Gr\u00f6\u00dfen f\u00fcr Ihre Anwendung erh\u00e4ltlich und k\u00f6nnen f\u00fcr eine Vielzahl von Aufgaben verwendet werden.<\/span><\/p>\n<p><span style=\"font-weight: 400;\">Edelstahl A4-316 BETONSCHRAUBE<\/span> <span style=\"font-weight: 400;\">darf unter den Bedingungen trockener Innenr\u00e4ume sowie im Freien (einschlie\u00dflich Industrieatmosph\u00e4re und Meeresn\u00e4he) oder in Feuchtr\u00e4umen verwendet werden.<\/span><\/p>\n","protected":false},"excerpt":{"rendered":"<p>\u00a0 &nbsp; Dieser Kopf in Kombination mit dem patentierten Joker-Design mit dreifachem Hi-Low-Gewinde erh\u00f6ht die Auszugskraft, sodass diese Schraube perfekt f\u00fcr dauerhafte und vor\u00fcbergehende Anwendungen geeignet ist. Betonschrauben sind in verschiedenen Gr\u00f6\u00dfen f\u00fcr Ihre Anwendung erh\u00e4ltlich und k\u00f6nnen f\u00fcr eine Vielzahl von Aufgaben verwendet werden. Edelstahl A4-316 BETONSCHRAUBE darf unter den Bedingungen trockener Innenr\u00e4ume sowie [&hellip;]<\/p>\n","protected":false},"featured_media":5409,"template":"","meta":{"_acf_changed":false},"product_brand":[],"product_cat":[147,165],"product_tag":[],"class_list":{"0":"post-3135","1":"product","2":"type-product","3":"status-publish","4":"has-post-thumbnail","6":"product_cat-concrete-fixings-order-de","7":"product_cat-concrete-screw-order-de","9":"first","10":"instock","11":"shipping-taxable","12":"product-type-simple"},"acf":[],"yoast_head":"<!-- This site is optimized with the Yoast SEO plugin v25.0 - https:\/\/yoast.com\/wordpress\/plugins\/seo\/ -->\n<title>Betonschrauben Sechskant Edelstahl A4 - JOKER INDUSTRIAL CO., LTD<\/title>\n<meta name=\"description\" content=\"Betonschrauben Sechskant Edelstahl A4 dieser Kopf in Kombination mit dem patentierten Joker-Design mit dreifachem Hi-Low-Gewinde erh\u00f6ht die Auszugskraft, sodass diese Schraube perfekt f\u00fcr dauerhafte und vor\u00fcbergehende Anwendungen geeignet ist. Betonschrauben sind in verschiedenen Gr\u00f6\u00dfen f\u00fcr Ihre Anwendung erh\u00e4ltlich und k\u00f6nnen f\u00fcr eine Vielzahl von Aufgaben verwendet werden.\" \/>\n<meta name=\"robots\" content=\"index, follow, max-snippet:-1, max-image-preview:large, max-video-preview:-1\" \/>\n<link rel=\"canonical\" href=\"https:\/\/www.joker-fastener.com\/de\/product\/bi-metal\/\" \/>\n<meta property=\"og:locale\" content=\"de_DE\" \/>\n<meta property=\"og:type\" content=\"article\" \/>\n<meta property=\"og:title\" content=\"Betonschrauben Sechskant Edelstahl A4 - JOKER INDUSTRIAL CO., LTD\" \/>\n<meta property=\"og:description\" content=\"Betonschrauben Sechskant Edelstahl A4 dieser Kopf in Kombination mit dem patentierten Joker-Design mit dreifachem Hi-Low-Gewinde erh\u00f6ht die Auszugskraft, sodass diese Schraube perfekt f\u00fcr dauerhafte und vor\u00fcbergehende Anwendungen geeignet ist. Betonschrauben sind in verschiedenen Gr\u00f6\u00dfen f\u00fcr Ihre Anwendung erh\u00e4ltlich und k\u00f6nnen f\u00fcr eine Vielzahl von Aufgaben verwendet werden.\" \/>\n<meta property=\"og:url\" content=\"https:\/\/www.joker-fastener.com\/de\/product\/bi-metal\/\" \/>\n<meta property=\"og:site_name\" content=\"JOKER INDUSTRIAL CO., LTD\" \/>\n<meta property=\"article:modified_time\" content=\"2024-07-10T08:45:51+00:00\" \/>\n<meta property=\"og:image\" content=\"https:\/\/www.joker-fastener.com\/wp-content\/uploads\/2022\/12\/Bi-metal-concrete-screw-01.jpg\" \/>\n\t<meta property=\"og:image:width\" content=\"800\" \/>\n\t<meta property=\"og:image:height\" content=\"800\" \/>\n\t<meta property=\"og:image:type\" content=\"image\/jpeg\" \/>\n<meta name=\"twitter:card\" content=\"summary_large_image\" \/>\n<meta name=\"twitter:label1\" content=\"Gesch\u00e4tzte Lesezeit\" \/>\n\t<meta name=\"twitter:data1\" content=\"2\u00a0Minuten\" \/>\n<script type=\"application\/ld+json\" class=\"yoast-schema-graph\">{\"@context\":\"https:\/\/schema.org\",\"@graph\":[{\"@type\":\"WebPage\",\"@id\":\"https:\/\/www.joker-fastener.com\/de\/product\/bi-metal\/\",\"url\":\"https:\/\/www.joker-fastener.com\/de\/product\/bi-metal\/\",\"name\":\"Betonschrauben Sechskant Edelstahl A4 - JOKER INDUSTRIAL CO., LTD\",\"isPartOf\":{\"@id\":\"https:\/\/www.joker-fastener.com\/#website\"},\"primaryImageOfPage\":{\"@id\":\"https:\/\/www.joker-fastener.com\/de\/product\/bi-metal\/#primaryimage\"},\"image\":{\"@id\":\"https:\/\/www.joker-fastener.com\/de\/product\/bi-metal\/#primaryimage\"},\"thumbnailUrl\":\"https:\/\/www.joker-fastener.com\/wp-content\/uploads\/2022\/12\/Bi-metal-concrete-screw-01.jpg\",\"datePublished\":\"2022-10-02T03:22:25+00:00\",\"dateModified\":\"2024-07-10T08:45:51+00:00\",\"description\":\"Betonschrauben Sechskant Edelstahl A4 dieser Kopf in Kombination mit dem patentierten Joker-Design mit dreifachem Hi-Low-Gewinde erh\u00f6ht die Auszugskraft, sodass diese Schraube perfekt f\u00fcr dauerhafte und vor\u00fcbergehende Anwendungen geeignet ist. Betonschrauben sind in verschiedenen Gr\u00f6\u00dfen f\u00fcr Ihre Anwendung erh\u00e4ltlich und k\u00f6nnen f\u00fcr eine Vielzahl von Aufgaben verwendet werden.\",\"breadcrumb\":{\"@id\":\"https:\/\/www.joker-fastener.com\/de\/product\/bi-metal\/#breadcrumb\"},\"inLanguage\":\"de\",\"potentialAction\":[{\"@type\":\"ReadAction\",\"target\":[\"https:\/\/www.joker-fastener.com\/de\/product\/bi-metal\/\"]}]},{\"@type\":\"ImageObject\",\"inLanguage\":\"de\",\"@id\":\"https:\/\/www.joker-fastener.com\/de\/product\/bi-metal\/#primaryimage\",\"url\":\"https:\/\/www.joker-fastener.com\/wp-content\/uploads\/2022\/12\/Bi-metal-concrete-screw-01.jpg\",\"contentUrl\":\"https:\/\/www.joker-fastener.com\/wp-content\/uploads\/2022\/12\/Bi-metal-concrete-screw-01.jpg\",\"width\":800,\"height\":800,\"caption\":\"Bi-metal concrete screw\"},{\"@type\":\"BreadcrumbList\",\"@id\":\"https:\/\/www.joker-fastener.com\/de\/product\/bi-metal\/#breadcrumb\",\"itemListElement\":[{\"@type\":\"ListItem\",\"position\":1,\"name\":\"Home\",\"item\":\"https:\/\/www.joker-fastener.com\/de\/\"},{\"@type\":\"ListItem\",\"position\":2,\"name\":\"Product\",\"item\":\"https:\/\/www.joker-fastener.com\/product\/\"},{\"@type\":\"ListItem\",\"position\":3,\"name\":\"Betonschrauben Sechskant Edelstahl A4\"}]},{\"@type\":\"WebSite\",\"@id\":\"https:\/\/www.joker-fastener.com\/#website\",\"url\":\"https:\/\/www.joker-fastener.com\/\",\"name\":\"JOKER INDUSTRIAL CO., LTD\",\"description\":\"Supplier Manufacturer\",\"potentialAction\":[{\"@type\":\"SearchAction\",\"target\":{\"@type\":\"EntryPoint\",\"urlTemplate\":\"https:\/\/www.joker-fastener.com\/?s={search_term_string}\"},\"query-input\":{\"@type\":\"PropertyValueSpecification\",\"valueRequired\":true,\"valueName\":\"search_term_string\"}}],\"inLanguage\":\"de\"}]}<\/script>\n<!-- \/ Yoast SEO plugin. -->","yoast_head_json":{"title":"Betonschrauben Sechskant Edelstahl A4 - JOKER INDUSTRIAL CO., LTD","description":"Betonschrauben Sechskant Edelstahl A4 dieser Kopf in Kombination mit dem patentierten Joker-Design mit dreifachem Hi-Low-Gewinde erh\u00f6ht die Auszugskraft, sodass diese Schraube perfekt f\u00fcr dauerhafte und vor\u00fcbergehende Anwendungen geeignet ist. Betonschrauben sind in verschiedenen Gr\u00f6\u00dfen f\u00fcr Ihre Anwendung erh\u00e4ltlich und k\u00f6nnen f\u00fcr eine Vielzahl von Aufgaben verwendet werden.","robots":{"index":"index","follow":"follow","max-snippet":"max-snippet:-1","max-image-preview":"max-image-preview:large","max-video-preview":"max-video-preview:-1"},"canonical":"https:\/\/www.joker-fastener.com\/de\/product\/bi-metal\/","og_locale":"de_DE","og_type":"article","og_title":"Betonschrauben Sechskant Edelstahl A4 - JOKER INDUSTRIAL CO., LTD","og_description":"Betonschrauben Sechskant Edelstahl A4 dieser Kopf in Kombination mit dem patentierten Joker-Design mit dreifachem Hi-Low-Gewinde erh\u00f6ht die Auszugskraft, sodass diese Schraube perfekt f\u00fcr dauerhafte und vor\u00fcbergehende Anwendungen geeignet ist. Betonschrauben sind in verschiedenen Gr\u00f6\u00dfen f\u00fcr Ihre Anwendung erh\u00e4ltlich und k\u00f6nnen f\u00fcr eine Vielzahl von Aufgaben verwendet werden.","og_url":"https:\/\/www.joker-fastener.com\/de\/product\/bi-metal\/","og_site_name":"JOKER INDUSTRIAL CO., LTD","article_modified_time":"2024-07-10T08:45:51+00:00","og_image":[{"width":800,"height":800,"url":"https:\/\/www.joker-fastener.com\/wp-content\/uploads\/2022\/12\/Bi-metal-concrete-screw-01.jpg","type":"image\/jpeg"}],"twitter_card":"summary_large_image","twitter_misc":{"Gesch\u00e4tzte Lesezeit":"2\u00a0Minuten"},"schema":{"@context":"https:\/\/schema.org","@graph":[{"@type":"WebPage","@id":"https:\/\/www.joker-fastener.com\/de\/product\/bi-metal\/","url":"https:\/\/www.joker-fastener.com\/de\/product\/bi-metal\/","name":"Betonschrauben Sechskant Edelstahl A4 - JOKER INDUSTRIAL CO., LTD","isPartOf":{"@id":"https:\/\/www.joker-fastener.com\/#website"},"primaryImageOfPage":{"@id":"https:\/\/www.joker-fastener.com\/de\/product\/bi-metal\/#primaryimage"},"image":{"@id":"https:\/\/www.joker-fastener.com\/de\/product\/bi-metal\/#primaryimage"},"thumbnailUrl":"https:\/\/www.joker-fastener.com\/wp-content\/uploads\/2022\/12\/Bi-metal-concrete-screw-01.jpg","datePublished":"2022-10-02T03:22:25+00:00","dateModified":"2024-07-10T08:45:51+00:00","description":"Betonschrauben Sechskant Edelstahl A4 dieser Kopf in Kombination mit dem patentierten Joker-Design mit dreifachem Hi-Low-Gewinde erh\u00f6ht die Auszugskraft, sodass diese Schraube perfekt f\u00fcr dauerhafte und vor\u00fcbergehende Anwendungen geeignet ist. Betonschrauben sind in verschiedenen Gr\u00f6\u00dfen f\u00fcr Ihre Anwendung erh\u00e4ltlich und k\u00f6nnen f\u00fcr eine Vielzahl von Aufgaben verwendet werden.","breadcrumb":{"@id":"https:\/\/www.joker-fastener.com\/de\/product\/bi-metal\/#breadcrumb"},"inLanguage":"de","potentialAction":[{"@type":"ReadAction","target":["https:\/\/www.joker-fastener.com\/de\/product\/bi-metal\/"]}]},{"@type":"ImageObject","inLanguage":"de","@id":"https:\/\/www.joker-fastener.com\/de\/product\/bi-metal\/#primaryimage","url":"https:\/\/www.joker-fastener.com\/wp-content\/uploads\/2022\/12\/Bi-metal-concrete-screw-01.jpg","contentUrl":"https:\/\/www.joker-fastener.com\/wp-content\/uploads\/2022\/12\/Bi-metal-concrete-screw-01.jpg","width":800,"height":800,"caption":"Bi-metal concrete screw"},{"@type":"BreadcrumbList","@id":"https:\/\/www.joker-fastener.com\/de\/product\/bi-metal\/#breadcrumb","itemListElement":[{"@type":"ListItem","position":1,"name":"Home","item":"https:\/\/www.joker-fastener.com\/de\/"},{"@type":"ListItem","position":2,"name":"Product","item":"https:\/\/www.joker-fastener.com\/product\/"},{"@type":"ListItem","position":3,"name":"Betonschrauben Sechskant Edelstahl A4"}]},{"@type":"WebSite","@id":"https:\/\/www.joker-fastener.com\/#website","url":"https:\/\/www.joker-fastener.com\/","name":"JOKER INDUSTRIAL CO., LTD","description":"Supplier Manufacturer","potentialAction":[{"@type":"SearchAction","target":{"@type":"EntryPoint","urlTemplate":"https:\/\/www.joker-fastener.com\/?s={search_term_string}"},"query-input":{"@type":"PropertyValueSpecification","valueRequired":true,"valueName":"search_term_string"}}],"inLanguage":"de"}]}},"_links":{"self":[{"href":"https:\/\/www.joker-fastener.com\/de\/wp-json\/wp\/v2\/product\/3135","targetHints":{"allow":["GET"]}}],"collection":[{"href":"https:\/\/www.joker-fastener.com\/de\/wp-json\/wp\/v2\/product"}],"about":[{"href":"https:\/\/www.joker-fastener.com\/de\/wp-json\/wp\/v2\/types\/product"}],"wp:featuredmedia":[{"embeddable":true,"href":"https:\/\/www.joker-fastener.com\/de\/wp-json\/wp\/v2\/media\/5409"}],"wp:attachment":[{"href":"https:\/\/www.joker-fastener.com\/de\/wp-json\/wp\/v2\/media?parent=3135"}],"wp:term":[{"taxonomy":"product_brand","embeddable":true,"href":"https:\/\/www.joker-fastener.com\/de\/wp-json\/wp\/v2\/product_brand?post=3135"},{"taxonomy":"product_cat","embeddable":true,"href":"https:\/\/www.joker-fastener.com\/de\/wp-json\/wp\/v2\/product_cat?post=3135"},{"taxonomy":"product_tag","embeddable":true,"href":"https:\/\/www.joker-fastener.com\/de\/wp-json\/wp\/v2\/product_tag?post=3135"}],"curies":[{"name":"wp","href":"https:\/\/api.w.org\/{rel}","templated":true}]}}