{"id":4598,"date":"2022-01-27T11:17:20","date_gmt":"2022-01-27T03:17:20","guid":{"rendered":"https:\/\/www.joker-fastener.com\/home\/"},"modified":"2025-03-05T11:57:44","modified_gmt":"2025-03-05T03:57:44","slug":"home","status":"publish","type":"page","link":"https:\/\/www.joker-fastener.com\/es\/","title":{"rendered":"Home"},"content":{"rendered":"","protected":false},"excerpt":{"rendered":"","protected":false},"author":1,"featured_media":0,"parent":0,"menu_order":0,"comment_status":"closed","ping_status":"closed","template":"","meta":{"_acf_changed":false,"footnotes":""},"class_list":["post-4598","page","type-page","status-publish","hentry"],"acf":[],"yoast_head":"<!-- This site is optimized with the Yoast SEO plugin v25.0 - https:\/\/yoast.com\/wordpress\/plugins\/seo\/ -->\n<title>Proveedor de sujetadores | JOKER | ETA certificaci\u00f3n IATF 16949<\/title>\n<meta name=\"description\" content=\"Joker Fastener es un proveedor y fabricante de calidad con aprobaci\u00f3n ETA Opci\u00f3n 1 en Taiw\u00e1n. Con m\u00e1s de 40 a\u00f1os de experiencia en la fabricaci\u00f3n de anclajes de construcci\u00f3n y certificaci\u00f3n IATF 16949 para la industria automotriz, somos expertos en el desarrollo de nuevos elementos de fijaci\u00f3n y la mejora de los procesos de producci\u00f3n. Como proveedor confiable de elementos de fijaci\u00f3n, atendemos a una amplia variedad de clientes en las industrias de la construcci\u00f3n y automotriz en todo el mundo.\" \/>\n<meta name=\"robots\" content=\"index, follow, max-snippet:-1, max-image-preview:large, max-video-preview:-1\" \/>\n<link rel=\"canonical\" href=\"https:\/\/www.joker-fastener.com\/es\/\" \/>\n<meta property=\"og:locale\" content=\"es_ES\" \/>\n<meta property=\"og:type\" content=\"article\" \/>\n<meta property=\"og:title\" content=\"Proveedor de sujetadores | JOKER | ETA certificaci\u00f3n IATF 16949\" \/>\n<meta property=\"og:description\" content=\"Joker Fastener es un proveedor y fabricante de calidad con aprobaci\u00f3n ETA Opci\u00f3n 1 en Taiw\u00e1n. Con m\u00e1s de 40 a\u00f1os de experiencia en la fabricaci\u00f3n de anclajes de construcci\u00f3n y certificaci\u00f3n IATF 16949 para la industria automotriz, somos expertos en el desarrollo de nuevos elementos de fijaci\u00f3n y la mejora de los procesos de producci\u00f3n. Como proveedor confiable de elementos de fijaci\u00f3n, atendemos a una amplia variedad de clientes en las industrias de la construcci\u00f3n y automotriz en todo el mundo.\" \/>\n<meta property=\"og:url\" content=\"https:\/\/www.joker-fastener.com\/es\/\" \/>\n<meta property=\"og:site_name\" content=\"JOKER INDUSTRIAL CO., LTD\" \/>\n<meta property=\"article:modified_time\" content=\"2025-03-05T03:57:44+00:00\" \/>\n<meta name=\"twitter:card\" content=\"summary_large_image\" \/>\n<script type=\"application\/ld+json\" class=\"yoast-schema-graph\">{\"@context\":\"https:\/\/schema.org\",\"@graph\":[{\"@type\":\"WebPage\",\"@id\":\"https:\/\/www.joker-fastener.com\/es\/\",\"url\":\"https:\/\/www.joker-fastener.com\/es\/\",\"name\":\"Proveedor de sujetadores | JOKER | ETA certificaci\u00f3n IATF 16949\",\"isPartOf\":{\"@id\":\"https:\/\/www.joker-fastener.com\/#website\"},\"datePublished\":\"2022-01-27T03:17:20+00:00\",\"dateModified\":\"2025-03-05T03:57:44+00:00\",\"description\":\"Joker Fastener es un proveedor y fabricante de calidad con aprobaci\u00f3n ETA Opci\u00f3n 1 en Taiw\u00e1n. Con m\u00e1s de 40 a\u00f1os de experiencia en la fabricaci\u00f3n de anclajes de construcci\u00f3n y certificaci\u00f3n IATF 16949 para la industria automotriz, somos expertos en el desarrollo de nuevos elementos de fijaci\u00f3n y la mejora de los procesos de producci\u00f3n. Como proveedor confiable de elementos de fijaci\u00f3n, atendemos a una amplia variedad de clientes en las industrias de la construcci\u00f3n y automotriz en todo el mundo.\",\"breadcrumb\":{\"@id\":\"https:\/\/www.joker-fastener.com\/es\/#breadcrumb\"},\"inLanguage\":\"es\",\"potentialAction\":[{\"@type\":\"ReadAction\",\"target\":[\"https:\/\/www.joker-fastener.com\/es\/\"]}]},{\"@type\":\"BreadcrumbList\",\"@id\":\"https:\/\/www.joker-fastener.com\/es\/#breadcrumb\",\"itemListElement\":[{\"@type\":\"ListItem\",\"position\":1,\"name\":\"Home\",\"item\":\"https:\/\/www.joker-fastener.com\/es\/\"},{\"@type\":\"ListItem\",\"position\":2,\"name\":\"Home\"}]},{\"@type\":\"WebSite\",\"@id\":\"https:\/\/www.joker-fastener.com\/#website\",\"url\":\"https:\/\/www.joker-fastener.com\/\",\"name\":\"JOKER INDUSTRIAL CO., LTD\",\"description\":\"Supplier Manufacturer\",\"potentialAction\":[{\"@type\":\"SearchAction\",\"target\":{\"@type\":\"EntryPoint\",\"urlTemplate\":\"https:\/\/www.joker-fastener.com\/?s={search_term_string}\"},\"query-input\":{\"@type\":\"PropertyValueSpecification\",\"valueRequired\":true,\"valueName\":\"search_term_string\"}}],\"inLanguage\":\"es\"}]}<\/script>\n<!-- \/ Yoast SEO plugin. -->","yoast_head_json":{"title":"Proveedor de sujetadores | JOKER | ETA certificaci\u00f3n IATF 16949","description":"Joker Fastener es un proveedor y fabricante de calidad con aprobaci\u00f3n ETA Opci\u00f3n 1 en Taiw\u00e1n. Con m\u00e1s de 40 a\u00f1os de experiencia en la fabricaci\u00f3n de anclajes de construcci\u00f3n y certificaci\u00f3n IATF 16949 para la industria automotriz, somos expertos en el desarrollo de nuevos elementos de fijaci\u00f3n y la mejora de los procesos de producci\u00f3n. Como proveedor confiable de elementos de fijaci\u00f3n, atendemos a una amplia variedad de clientes en las industrias de la construcci\u00f3n y automotriz en todo el mundo.","robots":{"index":"index","follow":"follow","max-snippet":"max-snippet:-1","max-image-preview":"max-image-preview:large","max-video-preview":"max-video-preview:-1"},"canonical":"https:\/\/www.joker-fastener.com\/es\/","og_locale":"es_ES","og_type":"article","og_title":"Proveedor de sujetadores | JOKER | ETA certificaci\u00f3n IATF 16949","og_description":"Joker Fastener es un proveedor y fabricante de calidad con aprobaci\u00f3n ETA Opci\u00f3n 1 en Taiw\u00e1n. Con m\u00e1s de 40 a\u00f1os de experiencia en la fabricaci\u00f3n de anclajes de construcci\u00f3n y certificaci\u00f3n IATF 16949 para la industria automotriz, somos expertos en el desarrollo de nuevos elementos de fijaci\u00f3n y la mejora de los procesos de producci\u00f3n. Como proveedor confiable de elementos de fijaci\u00f3n, atendemos a una amplia variedad de clientes en las industrias de la construcci\u00f3n y automotriz en todo el mundo.","og_url":"https:\/\/www.joker-fastener.com\/es\/","og_site_name":"JOKER INDUSTRIAL CO., LTD","article_modified_time":"2025-03-05T03:57:44+00:00","twitter_card":"summary_large_image","schema":{"@context":"https:\/\/schema.org","@graph":[{"@type":"WebPage","@id":"https:\/\/www.joker-fastener.com\/es\/","url":"https:\/\/www.joker-fastener.com\/es\/","name":"Proveedor de sujetadores | JOKER | ETA certificaci\u00f3n IATF 16949","isPartOf":{"@id":"https:\/\/www.joker-fastener.com\/#website"},"datePublished":"2022-01-27T03:17:20+00:00","dateModified":"2025-03-05T03:57:44+00:00","description":"Joker Fastener es un proveedor y fabricante de calidad con aprobaci\u00f3n ETA Opci\u00f3n 1 en Taiw\u00e1n. Con m\u00e1s de 40 a\u00f1os de experiencia en la fabricaci\u00f3n de anclajes de construcci\u00f3n y certificaci\u00f3n IATF 16949 para la industria automotriz, somos expertos en el desarrollo de nuevos elementos de fijaci\u00f3n y la mejora de los procesos de producci\u00f3n. Como proveedor confiable de elementos de fijaci\u00f3n, atendemos a una amplia variedad de clientes en las industrias de la construcci\u00f3n y automotriz en todo el mundo.","breadcrumb":{"@id":"https:\/\/www.joker-fastener.com\/es\/#breadcrumb"},"inLanguage":"es","potentialAction":[{"@type":"ReadAction","target":["https:\/\/www.joker-fastener.com\/es\/"]}]},{"@type":"BreadcrumbList","@id":"https:\/\/www.joker-fastener.com\/es\/#breadcrumb","itemListElement":[{"@type":"ListItem","position":1,"name":"Home","item":"https:\/\/www.joker-fastener.com\/es\/"},{"@type":"ListItem","position":2,"name":"Home"}]},{"@type":"WebSite","@id":"https:\/\/www.joker-fastener.com\/#website","url":"https:\/\/www.joker-fastener.com\/","name":"JOKER INDUSTRIAL CO., LTD","description":"Supplier Manufacturer","potentialAction":[{"@type":"SearchAction","target":{"@type":"EntryPoint","urlTemplate":"https:\/\/www.joker-fastener.com\/?s={search_term_string}"},"query-input":{"@type":"PropertyValueSpecification","valueRequired":true,"valueName":"search_term_string"}}],"inLanguage":"es"}]}},"_links":{"self":[{"href":"https:\/\/www.joker-fastener.com\/es\/wp-json\/wp\/v2\/pages\/4598","targetHints":{"allow":["GET"]}}],"collection":[{"href":"https:\/\/www.joker-fastener.com\/es\/wp-json\/wp\/v2\/pages"}],"about":[{"href":"https:\/\/www.joker-fastener.com\/es\/wp-json\/wp\/v2\/types\/page"}],"author":[{"embeddable":true,"href":"https:\/\/www.joker-fastener.com\/es\/wp-json\/wp\/v2\/users\/1"}],"replies":[{"embeddable":true,"href":"https:\/\/www.joker-fastener.com\/es\/wp-json\/wp\/v2\/comments?post=4598"}],"version-history":[{"count":5,"href":"https:\/\/www.joker-fastener.com\/es\/wp-json\/wp\/v2\/pages\/4598\/revisions"}],"predecessor-version":[{"id":7868,"href":"https:\/\/www.joker-fastener.com\/es\/wp-json\/wp\/v2\/pages\/4598\/revisions\/7868"}],"wp:attachment":[{"href":"https:\/\/www.joker-fastener.com\/es\/wp-json\/wp\/v2\/media?parent=4598"}],"curies":[{"name":"wp","href":"https:\/\/api.w.org\/{rel}","templated":true}]}}