{"id":4800,"date":"2022-06-03T11:10:02","date_gmt":"2022-06-03T03:10:02","guid":{"rendered":"https:\/\/www.joker-fastener.com\/product\/o-c-l-hollow-wall-hook-anchor\/"},"modified":"2022-09-20T09:44:04","modified_gmt":"2022-09-20T01:44:04","slug":"o-c-l-hollow-wall-hook-anchor","status":"publish","type":"product","link":"https:\/\/www.joker-fastener.com\/es\/product\/o-c-l-hollow-wall-hook-anchor\/","title":{"rendered":"Taco met\u00e1lico para paredes huecas con hook"},"content":{"rendered":"<p>Taco met\u00e1lico para paredes huecas con hook tornillo est\u00e1 dise\u00f1ado para su uso en materiales base como placas de yeso, aglomerado o madera contrachapada. El anclaje para pared hueca se coloca en la instalaci\u00f3n preposicionada con la herramienta de colocaci\u00f3n Joker. Joker dise\u00f1\u00f3 la nueva estructura inteligente para un contacto plano con el material base e imposible de da\u00f1ar por una instalaci\u00f3n excesiva.<\/p>\n","protected":false},"excerpt":{"rendered":"<p>Taco met\u00e1lico para paredes huecas con hook tornillo est\u00e1 dise\u00f1ado para su uso en materiales base como placas de yeso, aglomerado o madera contrachapada. El anclaje para pared hueca se coloca en la instalaci\u00f3n preposicionada con la herramienta de colocaci\u00f3n Joker. Joker dise\u00f1\u00f3 la nueva estructura inteligente para un contacto plano con el material base [&hellip;]<\/p>\n","protected":false},"featured_media":2427,"template":"","meta":{"_acf_changed":false},"product_brand":[],"product_cat":[161],"product_tag":[],"class_list":{"0":"post-4800","1":"product","2":"type-product","3":"status-publish","4":"has-post-thumbnail","6":"product_cat-cavity-plasterboard-fixings-order-es","8":"first","9":"instock","10":"shipping-taxable","11":"product-type-simple"},"acf":[],"yoast_head":"<!-- This site is optimized with the Yoast SEO plugin v25.0 - https:\/\/yoast.com\/wordpress\/plugins\/seo\/ -->\n<title>Taco met\u00e1lico para paredes huecas con hook - JOKER INDUSTRIAL CO., LTD<\/title>\n<meta name=\"robots\" content=\"index, follow, max-snippet:-1, max-image-preview:large, max-video-preview:-1\" \/>\n<link rel=\"canonical\" href=\"https:\/\/www.joker-fastener.com\/es\/product\/o-c-l-hollow-wall-hook-anchor\/\" \/>\n<meta property=\"og:locale\" content=\"es_ES\" \/>\n<meta property=\"og:type\" content=\"article\" \/>\n<meta property=\"og:title\" content=\"Taco met\u00e1lico para paredes huecas con hook - JOKER INDUSTRIAL CO., LTD\" \/>\n<meta property=\"og:description\" content=\"Taco met\u00e1lico para paredes huecas con hook tornillo est\u00e1 dise\u00f1ado para su uso en materiales base como placas de yeso, aglomerado o madera contrachapada. El anclaje para pared hueca se coloca en la instalaci\u00f3n preposicionada con la herramienta de colocaci\u00f3n Joker. Joker dise\u00f1\u00f3 la nueva estructura inteligente para un contacto plano con el material base [&hellip;]\" \/>\n<meta property=\"og:url\" content=\"https:\/\/www.joker-fastener.com\/es\/product\/o-c-l-hollow-wall-hook-anchor\/\" \/>\n<meta property=\"og:site_name\" content=\"JOKER INDUSTRIAL CO., LTD\" \/>\n<meta property=\"article:modified_time\" content=\"2022-09-20T01:44:04+00:00\" \/>\n<meta property=\"og:image\" content=\"https:\/\/www.joker-fastener.com\/wp-content\/uploads\/2022\/06\/OCL-hollow-wall-anchor-01.jpg\" \/>\n\t<meta property=\"og:image:width\" content=\"806\" \/>\n\t<meta property=\"og:image:height\" content=\"806\" \/>\n\t<meta property=\"og:image:type\" content=\"image\/jpeg\" \/>\n<meta name=\"twitter:card\" content=\"summary_large_image\" \/>\n<script type=\"application\/ld+json\" class=\"yoast-schema-graph\">{\"@context\":\"https:\/\/schema.org\",\"@graph\":[{\"@type\":\"WebPage\",\"@id\":\"https:\/\/www.joker-fastener.com\/es\/product\/o-c-l-hollow-wall-hook-anchor\/\",\"url\":\"https:\/\/www.joker-fastener.com\/es\/product\/o-c-l-hollow-wall-hook-anchor\/\",\"name\":\"Taco met\u00e1lico para paredes huecas con hook - JOKER INDUSTRIAL CO., LTD\",\"isPartOf\":{\"@id\":\"https:\/\/www.joker-fastener.com\/#website\"},\"primaryImageOfPage\":{\"@id\":\"https:\/\/www.joker-fastener.com\/es\/product\/o-c-l-hollow-wall-hook-anchor\/#primaryimage\"},\"image\":{\"@id\":\"https:\/\/www.joker-fastener.com\/es\/product\/o-c-l-hollow-wall-hook-anchor\/#primaryimage\"},\"thumbnailUrl\":\"https:\/\/www.joker-fastener.com\/wp-content\/uploads\/2022\/06\/OCL-hollow-wall-anchor-01.jpg\",\"datePublished\":\"2022-06-03T03:10:02+00:00\",\"dateModified\":\"2022-09-20T01:44:04+00:00\",\"breadcrumb\":{\"@id\":\"https:\/\/www.joker-fastener.com\/es\/product\/o-c-l-hollow-wall-hook-anchor\/#breadcrumb\"},\"inLanguage\":\"es\",\"potentialAction\":[{\"@type\":\"ReadAction\",\"target\":[\"https:\/\/www.joker-fastener.com\/es\/product\/o-c-l-hollow-wall-hook-anchor\/\"]}]},{\"@type\":\"ImageObject\",\"inLanguage\":\"es\",\"@id\":\"https:\/\/www.joker-fastener.com\/es\/product\/o-c-l-hollow-wall-hook-anchor\/#primaryimage\",\"url\":\"https:\/\/www.joker-fastener.com\/wp-content\/uploads\/2022\/06\/OCL-hollow-wall-anchor-01.jpg\",\"contentUrl\":\"https:\/\/www.joker-fastener.com\/wp-content\/uploads\/2022\/06\/OCL-hollow-wall-anchor-01.jpg\",\"width\":806,\"height\":806,\"caption\":\"OCL hook hollow wall anchor\"},{\"@type\":\"BreadcrumbList\",\"@id\":\"https:\/\/www.joker-fastener.com\/es\/product\/o-c-l-hollow-wall-hook-anchor\/#breadcrumb\",\"itemListElement\":[{\"@type\":\"ListItem\",\"position\":1,\"name\":\"Home\",\"item\":\"https:\/\/www.joker-fastener.com\/es\/\"},{\"@type\":\"ListItem\",\"position\":2,\"name\":\"Product\",\"item\":\"https:\/\/www.joker-fastener.com\/product\/\"},{\"@type\":\"ListItem\",\"position\":3,\"name\":\"Taco met\u00e1lico para paredes huecas con hook\"}]},{\"@type\":\"WebSite\",\"@id\":\"https:\/\/www.joker-fastener.com\/#website\",\"url\":\"https:\/\/www.joker-fastener.com\/\",\"name\":\"JOKER INDUSTRIAL CO., LTD\",\"description\":\"Supplier Manufacturer\",\"potentialAction\":[{\"@type\":\"SearchAction\",\"target\":{\"@type\":\"EntryPoint\",\"urlTemplate\":\"https:\/\/www.joker-fastener.com\/?s={search_term_string}\"},\"query-input\":{\"@type\":\"PropertyValueSpecification\",\"valueRequired\":true,\"valueName\":\"search_term_string\"}}],\"inLanguage\":\"es\"}]}<\/script>\n<!-- \/ Yoast SEO plugin. -->","yoast_head_json":{"title":"Taco met\u00e1lico para paredes huecas con hook - JOKER INDUSTRIAL CO., LTD","robots":{"index":"index","follow":"follow","max-snippet":"max-snippet:-1","max-image-preview":"max-image-preview:large","max-video-preview":"max-video-preview:-1"},"canonical":"https:\/\/www.joker-fastener.com\/es\/product\/o-c-l-hollow-wall-hook-anchor\/","og_locale":"es_ES","og_type":"article","og_title":"Taco met\u00e1lico para paredes huecas con hook - JOKER INDUSTRIAL CO., LTD","og_description":"Taco met\u00e1lico para paredes huecas con hook tornillo est\u00e1 dise\u00f1ado para su uso en materiales base como placas de yeso, aglomerado o madera contrachapada. El anclaje para pared hueca se coloca en la instalaci\u00f3n preposicionada con la herramienta de colocaci\u00f3n Joker. Joker dise\u00f1\u00f3 la nueva estructura inteligente para un contacto plano con el material base [&hellip;]","og_url":"https:\/\/www.joker-fastener.com\/es\/product\/o-c-l-hollow-wall-hook-anchor\/","og_site_name":"JOKER INDUSTRIAL CO., LTD","article_modified_time":"2022-09-20T01:44:04+00:00","og_image":[{"width":806,"height":806,"url":"https:\/\/www.joker-fastener.com\/wp-content\/uploads\/2022\/06\/OCL-hollow-wall-anchor-01.jpg","type":"image\/jpeg"}],"twitter_card":"summary_large_image","schema":{"@context":"https:\/\/schema.org","@graph":[{"@type":"WebPage","@id":"https:\/\/www.joker-fastener.com\/es\/product\/o-c-l-hollow-wall-hook-anchor\/","url":"https:\/\/www.joker-fastener.com\/es\/product\/o-c-l-hollow-wall-hook-anchor\/","name":"Taco met\u00e1lico para paredes huecas con hook - JOKER INDUSTRIAL CO., LTD","isPartOf":{"@id":"https:\/\/www.joker-fastener.com\/#website"},"primaryImageOfPage":{"@id":"https:\/\/www.joker-fastener.com\/es\/product\/o-c-l-hollow-wall-hook-anchor\/#primaryimage"},"image":{"@id":"https:\/\/www.joker-fastener.com\/es\/product\/o-c-l-hollow-wall-hook-anchor\/#primaryimage"},"thumbnailUrl":"https:\/\/www.joker-fastener.com\/wp-content\/uploads\/2022\/06\/OCL-hollow-wall-anchor-01.jpg","datePublished":"2022-06-03T03:10:02+00:00","dateModified":"2022-09-20T01:44:04+00:00","breadcrumb":{"@id":"https:\/\/www.joker-fastener.com\/es\/product\/o-c-l-hollow-wall-hook-anchor\/#breadcrumb"},"inLanguage":"es","potentialAction":[{"@type":"ReadAction","target":["https:\/\/www.joker-fastener.com\/es\/product\/o-c-l-hollow-wall-hook-anchor\/"]}]},{"@type":"ImageObject","inLanguage":"es","@id":"https:\/\/www.joker-fastener.com\/es\/product\/o-c-l-hollow-wall-hook-anchor\/#primaryimage","url":"https:\/\/www.joker-fastener.com\/wp-content\/uploads\/2022\/06\/OCL-hollow-wall-anchor-01.jpg","contentUrl":"https:\/\/www.joker-fastener.com\/wp-content\/uploads\/2022\/06\/OCL-hollow-wall-anchor-01.jpg","width":806,"height":806,"caption":"OCL hook hollow wall anchor"},{"@type":"BreadcrumbList","@id":"https:\/\/www.joker-fastener.com\/es\/product\/o-c-l-hollow-wall-hook-anchor\/#breadcrumb","itemListElement":[{"@type":"ListItem","position":1,"name":"Home","item":"https:\/\/www.joker-fastener.com\/es\/"},{"@type":"ListItem","position":2,"name":"Product","item":"https:\/\/www.joker-fastener.com\/product\/"},{"@type":"ListItem","position":3,"name":"Taco met\u00e1lico para paredes huecas con hook"}]},{"@type":"WebSite","@id":"https:\/\/www.joker-fastener.com\/#website","url":"https:\/\/www.joker-fastener.com\/","name":"JOKER INDUSTRIAL CO., LTD","description":"Supplier Manufacturer","potentialAction":[{"@type":"SearchAction","target":{"@type":"EntryPoint","urlTemplate":"https:\/\/www.joker-fastener.com\/?s={search_term_string}"},"query-input":{"@type":"PropertyValueSpecification","valueRequired":true,"valueName":"search_term_string"}}],"inLanguage":"es"}]}},"_links":{"self":[{"href":"https:\/\/www.joker-fastener.com\/es\/wp-json\/wp\/v2\/product\/4800","targetHints":{"allow":["GET"]}}],"collection":[{"href":"https:\/\/www.joker-fastener.com\/es\/wp-json\/wp\/v2\/product"}],"about":[{"href":"https:\/\/www.joker-fastener.com\/es\/wp-json\/wp\/v2\/types\/product"}],"wp:featuredmedia":[{"embeddable":true,"href":"https:\/\/www.joker-fastener.com\/es\/wp-json\/wp\/v2\/media\/2427"}],"wp:attachment":[{"href":"https:\/\/www.joker-fastener.com\/es\/wp-json\/wp\/v2\/media?parent=4800"}],"wp:term":[{"taxonomy":"product_brand","embeddable":true,"href":"https:\/\/www.joker-fastener.com\/es\/wp-json\/wp\/v2\/product_brand?post=4800"},{"taxonomy":"product_cat","embeddable":true,"href":"https:\/\/www.joker-fastener.com\/es\/wp-json\/wp\/v2\/product_cat?post=4800"},{"taxonomy":"product_tag","embeddable":true,"href":"https:\/\/www.joker-fastener.com\/es\/wp-json\/wp\/v2\/product_tag?post=4800"}],"curies":[{"name":"wp","href":"https:\/\/api.w.org\/{rel}","templated":true}]}}