{"id":4805,"date":"2022-06-02T14:55:34","date_gmt":"2022-06-02T06:55:34","guid":{"rendered":"https:\/\/www.joker-fastener.com\/product\/assebling-rod-hanging\/"},"modified":"2023-11-08T15:44:47","modified_gmt":"2023-11-08T07:44:47","slug":"assebling-rod-hanging","status":"publish","type":"product","link":"https:\/\/www.joker-fastener.com\/es\/product\/assebling-rod-hanging\/","title":{"rendered":"tornillo de hormig\u00f3n con rosca interior M8\/M10"},"content":{"rendered":"<p><span style=\"font-weight: 400;\"><img loading=\"lazy\" decoding=\"async\" class=\"alignnone wp-image-365\" src=\"https:\/\/www.joker-fastener.com\/wp-content\/uploads\/2022\/02\/ETA.png\" alt=\"\" width=\"60\" height=\"60\" srcset=\"https:\/\/www.joker-fastener.com\/wp-content\/uploads\/2022\/02\/ETA.png 200w, https:\/\/www.joker-fastener.com\/wp-content\/uploads\/2022\/02\/ETA-150x150.png 150w, https:\/\/www.joker-fastener.com\/wp-content\/uploads\/2022\/02\/ETA-100x100.png 100w\" sizes=\"auto, (max-width: 60px) 100vw, 60px\" \/> <img loading=\"lazy\" decoding=\"async\" class=\"alignnone wp-image-5841\" src=\"https:\/\/www.joker-fastener.com\/wp-content\/uploads\/2023\/04\/\u7051\u6c34\u8a8d\u8b49\u5716\u793a-1-600x600.png\" alt=\"VdS CEA 4001\" width=\"60\" height=\"60\" srcset=\"https:\/\/www.joker-fastener.com\/wp-content\/uploads\/2023\/04\/\u7051\u6c34\u8a8d\u8b49\u5716\u793a-1-600x600.png 600w, https:\/\/www.joker-fastener.com\/wp-content\/uploads\/2023\/04\/\u7051\u6c34\u8a8d\u8b49\u5716\u793a-1-150x150.png 150w, https:\/\/www.joker-fastener.com\/wp-content\/uploads\/2023\/04\/\u7051\u6c34\u8a8d\u8b49\u5716\u793a-1-768x768.png 768w, https:\/\/www.joker-fastener.com\/wp-content\/uploads\/2023\/04\/\u7051\u6c34\u8a8d\u8b49\u5716\u793a-1-300x300.png 300w, https:\/\/www.joker-fastener.com\/wp-content\/uploads\/2023\/04\/\u7051\u6c34\u8a8d\u8b49\u5716\u793a-1-100x100.png 100w, https:\/\/www.joker-fastener.com\/wp-content\/uploads\/2023\/04\/\u7051\u6c34\u8a8d\u8b49\u5716\u793a-1.png 850w\" sizes=\"auto, (max-width: 60px) 100vw, 60px\" \/><\/span><span style=\"font-weight: 400;\"><img loading=\"lazy\" decoding=\"async\" class=\"alignnone wp-image-366\" src=\"https:\/\/www.joker-fastener.com\/wp-content\/uploads\/2022\/02\/FIRE-RESISTANCE.png\" alt=\"\" width=\"60\" height=\"60\" srcset=\"https:\/\/www.joker-fastener.com\/wp-content\/uploads\/2022\/02\/FIRE-RESISTANCE.png 200w, https:\/\/www.joker-fastener.com\/wp-content\/uploads\/2022\/02\/FIRE-RESISTANCE-150x150.png 150w, https:\/\/www.joker-fastener.com\/wp-content\/uploads\/2022\/02\/FIRE-RESISTANCE-100x100.png 100w\" sizes=\"auto, (max-width: 60px) 100vw, 60px\" \/> <\/span><span style=\"font-weight: 400;\"><img loading=\"lazy\" decoding=\"async\" class=\"alignnone wp-image-368\" src=\"https:\/\/www.joker-fastener.com\/wp-content\/uploads\/2022\/02\/SEISMIC.png\" alt=\"\" width=\"60\" height=\"60\" srcset=\"https:\/\/www.joker-fastener.com\/wp-content\/uploads\/2022\/02\/SEISMIC.png 200w, https:\/\/www.joker-fastener.com\/wp-content\/uploads\/2022\/02\/SEISMIC-150x150.png 150w, https:\/\/www.joker-fastener.com\/wp-content\/uploads\/2022\/02\/SEISMIC-100x100.png 100w\" sizes=\"auto, (max-width: 60px) 100vw, 60px\" \/> <\/span><span style=\"font-weight: 400;\"><img loading=\"lazy\" decoding=\"async\" class=\"alignnone wp-image-369\" src=\"https:\/\/www.joker-fastener.com\/wp-content\/uploads\/2022\/02\/ISO\u5c0f\u5716\u793a-1.png\" alt=\"\" width=\"60\" height=\"60\" srcset=\"https:\/\/www.joker-fastener.com\/wp-content\/uploads\/2022\/02\/ISO\u5c0f\u5716\u793a-1.png 200w, https:\/\/www.joker-fastener.com\/wp-content\/uploads\/2022\/02\/ISO\u5c0f\u5716\u793a-1-150x150.png 150w, https:\/\/www.joker-fastener.com\/wp-content\/uploads\/2022\/02\/ISO\u5c0f\u5716\u793a-1-100x100.png 100w\" sizes=\"auto, (max-width: 60px) 100vw, 60px\" \/><\/span><\/p>\n<p>El tornillo de hormig\u00f3n con rosca interior M8\/M10 est\u00e1 fabricado en acero zincado, de gran capacidad de carga, de f\u00e1cil y r\u00e1pida instalaci\u00f3n. Est\u00e1 dise\u00f1ado para aplicaciones como la fijaci\u00f3n de rutas de tuber\u00edas, sistemas de rociadores, bandejas de cables y conductos de ventilaci\u00f3n. La aprobaci\u00f3n de ETA (Documento de Idoneidad T\u00e9cnica Europeo) permite su uso en hormig\u00f3n fisurado y no fisurado, as\u00ed como en losas alveolares prefabricadas y pretensadas para sistemas no estructurales redundantes y la clasificaci\u00f3n en clase de resistencia al fuego garantiza a\u00fan m\u00e1s seguridad.<\/p>\n","protected":false},"excerpt":{"rendered":"<p>El tornillo de hormig\u00f3n con rosca interior M8\/M10 est\u00e1 fabricado en acero zincado, de gran capacidad de carga, de f\u00e1cil y r\u00e1pida instalaci\u00f3n. Est\u00e1 dise\u00f1ado para aplicaciones como la fijaci\u00f3n de rutas de tuber\u00edas, sistemas de rociadores, bandejas de cables y conductos de ventilaci\u00f3n. La aprobaci\u00f3n de ETA (Documento de Idoneidad T\u00e9cnica Europeo) permite su [&hellip;]<\/p>\n","protected":false},"featured_media":2535,"template":"","meta":{"_acf_changed":false},"product_brand":[],"product_cat":[167],"product_tag":[],"class_list":{"0":"post-4805","1":"product","2":"type-product","3":"status-publish","4":"has-post-thumbnail","6":"product_cat-concrete-screw-order-es","8":"first","9":"instock","10":"shipping-taxable","11":"product-type-simple"},"acf":[],"yoast_head":"<!-- This site is optimized with the Yoast SEO plugin v25.0 - https:\/\/yoast.com\/wordpress\/plugins\/seo\/ -->\n<title>tornillo de hormig\u00f3n con rosca interior M8\/M10 - JOKER INDUSTRIAL CO., LTD<\/title>\n<meta name=\"description\" content=\"El tornillo de hormig\u00f3n con rosca interior M8\/M10 est\u00e1 fabricado en acero zincado, de gran capacidad de carga, de f\u00e1cil y r\u00e1pida instalaci\u00f3n.\" \/>\n<meta name=\"robots\" content=\"index, follow, max-snippet:-1, max-image-preview:large, max-video-preview:-1\" \/>\n<link rel=\"canonical\" href=\"https:\/\/www.joker-fastener.com\/es\/product\/assebling-rod-hanging\/\" \/>\n<meta property=\"og:locale\" content=\"es_ES\" \/>\n<meta property=\"og:type\" content=\"article\" \/>\n<meta property=\"og:title\" content=\"tornillo de hormig\u00f3n con rosca interior M8\/M10 - JOKER INDUSTRIAL CO., LTD\" \/>\n<meta property=\"og:description\" content=\"El tornillo de hormig\u00f3n con rosca interior M8\/M10 est\u00e1 fabricado en acero zincado, de gran capacidad de carga, de f\u00e1cil y r\u00e1pida instalaci\u00f3n.\" \/>\n<meta property=\"og:url\" content=\"https:\/\/www.joker-fastener.com\/es\/product\/assebling-rod-hanging\/\" \/>\n<meta property=\"og:site_name\" content=\"JOKER INDUSTRIAL CO., LTD\" \/>\n<meta property=\"article:modified_time\" content=\"2023-11-08T07:44:47+00:00\" \/>\n<meta property=\"og:image\" content=\"https:\/\/www.joker-fastener.com\/wp-content\/uploads\/2022\/06\/1.-Rog-hanger-bolt-assembling.jpg\" \/>\n\t<meta property=\"og:image:width\" content=\"806\" \/>\n\t<meta property=\"og:image:height\" content=\"806\" \/>\n\t<meta property=\"og:image:type\" content=\"image\/jpeg\" \/>\n<meta name=\"twitter:card\" content=\"summary_large_image\" \/>\n<meta name=\"twitter:label1\" content=\"Tiempo de lectura\" \/>\n\t<meta name=\"twitter:data1\" content=\"2 minutos\" \/>\n<script type=\"application\/ld+json\" class=\"yoast-schema-graph\">{\"@context\":\"https:\/\/schema.org\",\"@graph\":[{\"@type\":\"WebPage\",\"@id\":\"https:\/\/www.joker-fastener.com\/es\/product\/assebling-rod-hanging\/\",\"url\":\"https:\/\/www.joker-fastener.com\/es\/product\/assebling-rod-hanging\/\",\"name\":\"tornillo de hormig\u00f3n con rosca interior M8\/M10 - JOKER INDUSTRIAL CO., LTD\",\"isPartOf\":{\"@id\":\"https:\/\/www.joker-fastener.com\/#website\"},\"primaryImageOfPage\":{\"@id\":\"https:\/\/www.joker-fastener.com\/es\/product\/assebling-rod-hanging\/#primaryimage\"},\"image\":{\"@id\":\"https:\/\/www.joker-fastener.com\/es\/product\/assebling-rod-hanging\/#primaryimage\"},\"thumbnailUrl\":\"https:\/\/www.joker-fastener.com\/wp-content\/uploads\/2022\/06\/1.-Rog-hanger-bolt-assembling.jpg\",\"datePublished\":\"2022-06-02T06:55:34+00:00\",\"dateModified\":\"2023-11-08T07:44:47+00:00\",\"description\":\"El tornillo de hormig\u00f3n con rosca interior M8\/M10 est\u00e1 fabricado en acero zincado, de gran capacidad de carga, de f\u00e1cil y r\u00e1pida instalaci\u00f3n.\",\"breadcrumb\":{\"@id\":\"https:\/\/www.joker-fastener.com\/es\/product\/assebling-rod-hanging\/#breadcrumb\"},\"inLanguage\":\"es\",\"potentialAction\":[{\"@type\":\"ReadAction\",\"target\":[\"https:\/\/www.joker-fastener.com\/es\/product\/assebling-rod-hanging\/\"]}]},{\"@type\":\"ImageObject\",\"inLanguage\":\"es\",\"@id\":\"https:\/\/www.joker-fastener.com\/es\/product\/assebling-rod-hanging\/#primaryimage\",\"url\":\"https:\/\/www.joker-fastener.com\/wp-content\/uploads\/2022\/06\/1.-Rog-hanger-bolt-assembling.jpg\",\"contentUrl\":\"https:\/\/www.joker-fastener.com\/wp-content\/uploads\/2022\/06\/1.-Rog-hanger-bolt-assembling.jpg\",\"width\":806,\"height\":806,\"caption\":\"Rog hanger bolt by assembling\"},{\"@type\":\"BreadcrumbList\",\"@id\":\"https:\/\/www.joker-fastener.com\/es\/product\/assebling-rod-hanging\/#breadcrumb\",\"itemListElement\":[{\"@type\":\"ListItem\",\"position\":1,\"name\":\"Home\",\"item\":\"https:\/\/www.joker-fastener.com\/es\/\"},{\"@type\":\"ListItem\",\"position\":2,\"name\":\"Product\",\"item\":\"https:\/\/www.joker-fastener.com\/product\/\"},{\"@type\":\"ListItem\",\"position\":3,\"name\":\"tornillo de hormig\u00f3n con rosca interior M8\/M10\"}]},{\"@type\":\"WebSite\",\"@id\":\"https:\/\/www.joker-fastener.com\/#website\",\"url\":\"https:\/\/www.joker-fastener.com\/\",\"name\":\"JOKER INDUSTRIAL CO., LTD\",\"description\":\"Supplier Manufacturer\",\"potentialAction\":[{\"@type\":\"SearchAction\",\"target\":{\"@type\":\"EntryPoint\",\"urlTemplate\":\"https:\/\/www.joker-fastener.com\/?s={search_term_string}\"},\"query-input\":{\"@type\":\"PropertyValueSpecification\",\"valueRequired\":true,\"valueName\":\"search_term_string\"}}],\"inLanguage\":\"es\"}]}<\/script>\n<!-- \/ Yoast SEO plugin. -->","yoast_head_json":{"title":"tornillo de hormig\u00f3n con rosca interior M8\/M10 - JOKER INDUSTRIAL CO., LTD","description":"El tornillo de hormig\u00f3n con rosca interior M8\/M10 est\u00e1 fabricado en acero zincado, de gran capacidad de carga, de f\u00e1cil y r\u00e1pida instalaci\u00f3n.","robots":{"index":"index","follow":"follow","max-snippet":"max-snippet:-1","max-image-preview":"max-image-preview:large","max-video-preview":"max-video-preview:-1"},"canonical":"https:\/\/www.joker-fastener.com\/es\/product\/assebling-rod-hanging\/","og_locale":"es_ES","og_type":"article","og_title":"tornillo de hormig\u00f3n con rosca interior M8\/M10 - JOKER INDUSTRIAL CO., LTD","og_description":"El tornillo de hormig\u00f3n con rosca interior M8\/M10 est\u00e1 fabricado en acero zincado, de gran capacidad de carga, de f\u00e1cil y r\u00e1pida instalaci\u00f3n.","og_url":"https:\/\/www.joker-fastener.com\/es\/product\/assebling-rod-hanging\/","og_site_name":"JOKER INDUSTRIAL CO., LTD","article_modified_time":"2023-11-08T07:44:47+00:00","og_image":[{"width":806,"height":806,"url":"https:\/\/www.joker-fastener.com\/wp-content\/uploads\/2022\/06\/1.-Rog-hanger-bolt-assembling.jpg","type":"image\/jpeg"}],"twitter_card":"summary_large_image","twitter_misc":{"Tiempo de lectura":"2 minutos"},"schema":{"@context":"https:\/\/schema.org","@graph":[{"@type":"WebPage","@id":"https:\/\/www.joker-fastener.com\/es\/product\/assebling-rod-hanging\/","url":"https:\/\/www.joker-fastener.com\/es\/product\/assebling-rod-hanging\/","name":"tornillo de hormig\u00f3n con rosca interior M8\/M10 - JOKER INDUSTRIAL CO., LTD","isPartOf":{"@id":"https:\/\/www.joker-fastener.com\/#website"},"primaryImageOfPage":{"@id":"https:\/\/www.joker-fastener.com\/es\/product\/assebling-rod-hanging\/#primaryimage"},"image":{"@id":"https:\/\/www.joker-fastener.com\/es\/product\/assebling-rod-hanging\/#primaryimage"},"thumbnailUrl":"https:\/\/www.joker-fastener.com\/wp-content\/uploads\/2022\/06\/1.-Rog-hanger-bolt-assembling.jpg","datePublished":"2022-06-02T06:55:34+00:00","dateModified":"2023-11-08T07:44:47+00:00","description":"El tornillo de hormig\u00f3n con rosca interior M8\/M10 est\u00e1 fabricado en acero zincado, de gran capacidad de carga, de f\u00e1cil y r\u00e1pida instalaci\u00f3n.","breadcrumb":{"@id":"https:\/\/www.joker-fastener.com\/es\/product\/assebling-rod-hanging\/#breadcrumb"},"inLanguage":"es","potentialAction":[{"@type":"ReadAction","target":["https:\/\/www.joker-fastener.com\/es\/product\/assebling-rod-hanging\/"]}]},{"@type":"ImageObject","inLanguage":"es","@id":"https:\/\/www.joker-fastener.com\/es\/product\/assebling-rod-hanging\/#primaryimage","url":"https:\/\/www.joker-fastener.com\/wp-content\/uploads\/2022\/06\/1.-Rog-hanger-bolt-assembling.jpg","contentUrl":"https:\/\/www.joker-fastener.com\/wp-content\/uploads\/2022\/06\/1.-Rog-hanger-bolt-assembling.jpg","width":806,"height":806,"caption":"Rog hanger bolt by assembling"},{"@type":"BreadcrumbList","@id":"https:\/\/www.joker-fastener.com\/es\/product\/assebling-rod-hanging\/#breadcrumb","itemListElement":[{"@type":"ListItem","position":1,"name":"Home","item":"https:\/\/www.joker-fastener.com\/es\/"},{"@type":"ListItem","position":2,"name":"Product","item":"https:\/\/www.joker-fastener.com\/product\/"},{"@type":"ListItem","position":3,"name":"tornillo de hormig\u00f3n con rosca interior M8\/M10"}]},{"@type":"WebSite","@id":"https:\/\/www.joker-fastener.com\/#website","url":"https:\/\/www.joker-fastener.com\/","name":"JOKER INDUSTRIAL CO., LTD","description":"Supplier Manufacturer","potentialAction":[{"@type":"SearchAction","target":{"@type":"EntryPoint","urlTemplate":"https:\/\/www.joker-fastener.com\/?s={search_term_string}"},"query-input":{"@type":"PropertyValueSpecification","valueRequired":true,"valueName":"search_term_string"}}],"inLanguage":"es"}]}},"_links":{"self":[{"href":"https:\/\/www.joker-fastener.com\/es\/wp-json\/wp\/v2\/product\/4805","targetHints":{"allow":["GET"]}}],"collection":[{"href":"https:\/\/www.joker-fastener.com\/es\/wp-json\/wp\/v2\/product"}],"about":[{"href":"https:\/\/www.joker-fastener.com\/es\/wp-json\/wp\/v2\/types\/product"}],"wp:featuredmedia":[{"embeddable":true,"href":"https:\/\/www.joker-fastener.com\/es\/wp-json\/wp\/v2\/media\/2535"}],"wp:attachment":[{"href":"https:\/\/www.joker-fastener.com\/es\/wp-json\/wp\/v2\/media?parent=4805"}],"wp:term":[{"taxonomy":"product_brand","embeddable":true,"href":"https:\/\/www.joker-fastener.com\/es\/wp-json\/wp\/v2\/product_brand?post=4805"},{"taxonomy":"product_cat","embeddable":true,"href":"https:\/\/www.joker-fastener.com\/es\/wp-json\/wp\/v2\/product_cat?post=4805"},{"taxonomy":"product_tag","embeddable":true,"href":"https:\/\/www.joker-fastener.com\/es\/wp-json\/wp\/v2\/product_tag?post=4805"}],"curies":[{"name":"wp","href":"https:\/\/api.w.org\/{rel}","templated":true}]}}