{"id":4806,"date":"2022-10-02T11:22:25","date_gmt":"2022-10-02T03:22:25","guid":{"rendered":"https:\/\/www.joker-fastener.com\/product\/bi-metal\/"},"modified":"2024-07-10T16:51:20","modified_gmt":"2024-07-10T08:51:20","slug":"bi-metal","status":"publish","type":"product","link":"https:\/\/www.joker-fastener.com\/es\/product\/bi-metal\/","title":{"rendered":"Tornillo de hormig\u00f3n acero inoxidable A4"},"content":{"rendered":"<p><span style=\"font-weight: 400;\"><img loading=\"lazy\" decoding=\"async\" class=\"alignnone wp-image-365\" src=\"https:\/\/www.joker-fastener.com\/wp-content\/uploads\/2022\/02\/ETA.png\" alt=\"\" width=\"60\" height=\"60\" srcset=\"https:\/\/www.joker-fastener.com\/wp-content\/uploads\/2022\/02\/ETA.png 200w, https:\/\/www.joker-fastener.com\/wp-content\/uploads\/2022\/02\/ETA-150x150.png 150w, https:\/\/www.joker-fastener.com\/wp-content\/uploads\/2022\/02\/ETA-100x100.png 100w\" sizes=\"auto, (max-width: 60px) 100vw, 60px\" \/> <\/span><span style=\"font-weight: 400;\"><img loading=\"lazy\" decoding=\"async\" class=\"alignnone wp-image-366\" src=\"https:\/\/www.joker-fastener.com\/wp-content\/uploads\/2022\/02\/FIRE-RESISTANCE.png\" alt=\"\" width=\"60\" height=\"60\" srcset=\"https:\/\/www.joker-fastener.com\/wp-content\/uploads\/2022\/02\/FIRE-RESISTANCE.png 200w, https:\/\/www.joker-fastener.com\/wp-content\/uploads\/2022\/02\/FIRE-RESISTANCE-150x150.png 150w, https:\/\/www.joker-fastener.com\/wp-content\/uploads\/2022\/02\/FIRE-RESISTANCE-100x100.png 100w\" sizes=\"auto, (max-width: 60px) 100vw, 60px\" \/> <\/span><span style=\"font-weight: 400;\">\u00a0<\/span><span style=\"font-weight: 400;\"><img loading=\"lazy\" decoding=\"async\" class=\"alignnone wp-image-369\" src=\"https:\/\/www.joker-fastener.com\/wp-content\/uploads\/2022\/02\/ISO\u5c0f\u5716\u793a-1.png\" alt=\"\" width=\"60\" height=\"60\" srcset=\"https:\/\/www.joker-fastener.com\/wp-content\/uploads\/2022\/02\/ISO\u5c0f\u5716\u793a-1.png 200w, https:\/\/www.joker-fastener.com\/wp-content\/uploads\/2022\/02\/ISO\u5c0f\u5716\u793a-1-150x150.png 150w, https:\/\/www.joker-fastener.com\/wp-content\/uploads\/2022\/02\/ISO\u5c0f\u5716\u793a-1-100x100.png 100w\" sizes=\"auto, (max-width: 60px) 100vw, 60px\" \/><\/span><\/p>\n<p>&nbsp;<\/p>\n<p>Para aumentar la alta anticorrosi\u00f3n y se puede usar en exteriores, en atm\u00f3sferas industriales, \u00e1reas costeras y ambientes interiores h\u00famedos permanentes para obtener una vida \u00fatil m\u00ednima de 50 a\u00f1os, JOKER produjo un v\u00e1stago de acero inoxidable A4 soldado con punta de perforaci\u00f3n afilada de acero al carbono, y porque El tornillo de hormig\u00f3n autorroscante Joker A4 con rosca triple alta-baja ofrece la m\u00e1xima carga de extracci\u00f3n y un montaje eficiente.<\/p>\n<p>&nbsp;<\/p>\n<p>A4-316 Tornillo para hormig\u00f3n inoxidable austen\u00edtico a evaluar por ETA a finales de 2022 en los tama\u00f1os 6, 8 y 10.<\/p>\n","protected":false},"excerpt":{"rendered":"<p>\u00a0 &nbsp; Para aumentar la alta anticorrosi\u00f3n y se puede usar en exteriores, en atm\u00f3sferas industriales, \u00e1reas costeras y ambientes interiores h\u00famedos permanentes para obtener una vida \u00fatil m\u00ednima de 50 a\u00f1os, JOKER produjo un v\u00e1stago de acero inoxidable A4 soldado con punta de perforaci\u00f3n afilada de acero al carbono, y porque El tornillo de [&hellip;]<\/p>\n","protected":false},"featured_media":5411,"template":"","meta":{"_acf_changed":false},"product_brand":[],"product_cat":[149,167],"product_tag":[],"class_list":{"0":"post-4806","1":"product","2":"type-product","3":"status-publish","4":"has-post-thumbnail","6":"product_cat-concrete-fixings-order-es","7":"product_cat-concrete-screw-order-es","9":"first","10":"instock","11":"shipping-taxable","12":"product-type-simple"},"acf":[],"yoast_head":"<!-- This site is optimized with the Yoast SEO plugin v25.0 - https:\/\/yoast.com\/wordpress\/plugins\/seo\/ -->\n<title>Tornillo de hormig\u00f3n acero inoxidable A4 - JOKER INDUSTRIAL CO., LTD<\/title>\n<meta name=\"description\" content=\"JOKER produjo un v\u00e1stago de acero inoxidable A4 soldado con punta de perforaci\u00f3n afilada de acero al carbono, y porque El tornillo de hormig\u00f3n autorroscante Joker A4 con rosca triple alta-baja ofrece la m\u00e1xima carga de extracci\u00f3n y un montaje eficiente.\" \/>\n<meta name=\"robots\" content=\"index, follow, max-snippet:-1, max-image-preview:large, max-video-preview:-1\" \/>\n<link rel=\"canonical\" href=\"https:\/\/www.joker-fastener.com\/es\/product\/bi-metal\/\" \/>\n<meta property=\"og:locale\" content=\"es_ES\" \/>\n<meta property=\"og:type\" content=\"article\" \/>\n<meta property=\"og:title\" content=\"Tornillo de hormig\u00f3n acero inoxidable A4 - JOKER INDUSTRIAL CO., LTD\" \/>\n<meta property=\"og:description\" content=\"JOKER produjo un v\u00e1stago de acero inoxidable A4 soldado con punta de perforaci\u00f3n afilada de acero al carbono, y porque El tornillo de hormig\u00f3n autorroscante Joker A4 con rosca triple alta-baja ofrece la m\u00e1xima carga de extracci\u00f3n y un montaje eficiente.\" \/>\n<meta property=\"og:url\" content=\"https:\/\/www.joker-fastener.com\/es\/product\/bi-metal\/\" \/>\n<meta property=\"og:site_name\" content=\"JOKER INDUSTRIAL CO., LTD\" \/>\n<meta property=\"article:modified_time\" content=\"2024-07-10T08:51:20+00:00\" \/>\n<meta property=\"og:image\" content=\"https:\/\/www.joker-fastener.com\/wp-content\/uploads\/2022\/12\/Bi-metal-concrete-screw-01.jpg\" \/>\n\t<meta property=\"og:image:width\" content=\"800\" \/>\n\t<meta property=\"og:image:height\" content=\"800\" \/>\n\t<meta property=\"og:image:type\" content=\"image\/jpeg\" \/>\n<meta name=\"twitter:card\" content=\"summary_large_image\" \/>\n<meta name=\"twitter:label1\" content=\"Tiempo de lectura\" \/>\n\t<meta name=\"twitter:data1\" content=\"2 minutos\" \/>\n<script type=\"application\/ld+json\" class=\"yoast-schema-graph\">{\"@context\":\"https:\/\/schema.org\",\"@graph\":[{\"@type\":\"WebPage\",\"@id\":\"https:\/\/www.joker-fastener.com\/es\/product\/bi-metal\/\",\"url\":\"https:\/\/www.joker-fastener.com\/es\/product\/bi-metal\/\",\"name\":\"Tornillo de hormig\u00f3n acero inoxidable A4 - JOKER INDUSTRIAL CO., LTD\",\"isPartOf\":{\"@id\":\"https:\/\/www.joker-fastener.com\/#website\"},\"primaryImageOfPage\":{\"@id\":\"https:\/\/www.joker-fastener.com\/es\/product\/bi-metal\/#primaryimage\"},\"image\":{\"@id\":\"https:\/\/www.joker-fastener.com\/es\/product\/bi-metal\/#primaryimage\"},\"thumbnailUrl\":\"https:\/\/www.joker-fastener.com\/wp-content\/uploads\/2022\/12\/Bi-metal-concrete-screw-01.jpg\",\"datePublished\":\"2022-10-02T03:22:25+00:00\",\"dateModified\":\"2024-07-10T08:51:20+00:00\",\"description\":\"JOKER produjo un v\u00e1stago de acero inoxidable A4 soldado con punta de perforaci\u00f3n afilada de acero al carbono, y porque El tornillo de hormig\u00f3n autorroscante Joker A4 con rosca triple alta-baja ofrece la m\u00e1xima carga de extracci\u00f3n y un montaje eficiente.\",\"breadcrumb\":{\"@id\":\"https:\/\/www.joker-fastener.com\/es\/product\/bi-metal\/#breadcrumb\"},\"inLanguage\":\"es\",\"potentialAction\":[{\"@type\":\"ReadAction\",\"target\":[\"https:\/\/www.joker-fastener.com\/es\/product\/bi-metal\/\"]}]},{\"@type\":\"ImageObject\",\"inLanguage\":\"es\",\"@id\":\"https:\/\/www.joker-fastener.com\/es\/product\/bi-metal\/#primaryimage\",\"url\":\"https:\/\/www.joker-fastener.com\/wp-content\/uploads\/2022\/12\/Bi-metal-concrete-screw-01.jpg\",\"contentUrl\":\"https:\/\/www.joker-fastener.com\/wp-content\/uploads\/2022\/12\/Bi-metal-concrete-screw-01.jpg\",\"width\":800,\"height\":800,\"caption\":\"Bi-metal concrete screw\"},{\"@type\":\"BreadcrumbList\",\"@id\":\"https:\/\/www.joker-fastener.com\/es\/product\/bi-metal\/#breadcrumb\",\"itemListElement\":[{\"@type\":\"ListItem\",\"position\":1,\"name\":\"Home\",\"item\":\"https:\/\/www.joker-fastener.com\/es\/\"},{\"@type\":\"ListItem\",\"position\":2,\"name\":\"Product\",\"item\":\"https:\/\/www.joker-fastener.com\/product\/\"},{\"@type\":\"ListItem\",\"position\":3,\"name\":\"Tornillo de hormig\u00f3n acero inoxidable A4\"}]},{\"@type\":\"WebSite\",\"@id\":\"https:\/\/www.joker-fastener.com\/#website\",\"url\":\"https:\/\/www.joker-fastener.com\/\",\"name\":\"JOKER INDUSTRIAL CO., LTD\",\"description\":\"Supplier Manufacturer\",\"potentialAction\":[{\"@type\":\"SearchAction\",\"target\":{\"@type\":\"EntryPoint\",\"urlTemplate\":\"https:\/\/www.joker-fastener.com\/?s={search_term_string}\"},\"query-input\":{\"@type\":\"PropertyValueSpecification\",\"valueRequired\":true,\"valueName\":\"search_term_string\"}}],\"inLanguage\":\"es\"}]}<\/script>\n<!-- \/ Yoast SEO plugin. -->","yoast_head_json":{"title":"Tornillo de hormig\u00f3n acero inoxidable A4 - JOKER INDUSTRIAL CO., LTD","description":"JOKER produjo un v\u00e1stago de acero inoxidable A4 soldado con punta de perforaci\u00f3n afilada de acero al carbono, y porque El tornillo de hormig\u00f3n autorroscante Joker A4 con rosca triple alta-baja ofrece la m\u00e1xima carga de extracci\u00f3n y un montaje eficiente.","robots":{"index":"index","follow":"follow","max-snippet":"max-snippet:-1","max-image-preview":"max-image-preview:large","max-video-preview":"max-video-preview:-1"},"canonical":"https:\/\/www.joker-fastener.com\/es\/product\/bi-metal\/","og_locale":"es_ES","og_type":"article","og_title":"Tornillo de hormig\u00f3n acero inoxidable A4 - JOKER INDUSTRIAL CO., LTD","og_description":"JOKER produjo un v\u00e1stago de acero inoxidable A4 soldado con punta de perforaci\u00f3n afilada de acero al carbono, y porque El tornillo de hormig\u00f3n autorroscante Joker A4 con rosca triple alta-baja ofrece la m\u00e1xima carga de extracci\u00f3n y un montaje eficiente.","og_url":"https:\/\/www.joker-fastener.com\/es\/product\/bi-metal\/","og_site_name":"JOKER INDUSTRIAL CO., LTD","article_modified_time":"2024-07-10T08:51:20+00:00","og_image":[{"width":800,"height":800,"url":"https:\/\/www.joker-fastener.com\/wp-content\/uploads\/2022\/12\/Bi-metal-concrete-screw-01.jpg","type":"image\/jpeg"}],"twitter_card":"summary_large_image","twitter_misc":{"Tiempo de lectura":"2 minutos"},"schema":{"@context":"https:\/\/schema.org","@graph":[{"@type":"WebPage","@id":"https:\/\/www.joker-fastener.com\/es\/product\/bi-metal\/","url":"https:\/\/www.joker-fastener.com\/es\/product\/bi-metal\/","name":"Tornillo de hormig\u00f3n acero inoxidable A4 - JOKER INDUSTRIAL CO., LTD","isPartOf":{"@id":"https:\/\/www.joker-fastener.com\/#website"},"primaryImageOfPage":{"@id":"https:\/\/www.joker-fastener.com\/es\/product\/bi-metal\/#primaryimage"},"image":{"@id":"https:\/\/www.joker-fastener.com\/es\/product\/bi-metal\/#primaryimage"},"thumbnailUrl":"https:\/\/www.joker-fastener.com\/wp-content\/uploads\/2022\/12\/Bi-metal-concrete-screw-01.jpg","datePublished":"2022-10-02T03:22:25+00:00","dateModified":"2024-07-10T08:51:20+00:00","description":"JOKER produjo un v\u00e1stago de acero inoxidable A4 soldado con punta de perforaci\u00f3n afilada de acero al carbono, y porque El tornillo de hormig\u00f3n autorroscante Joker A4 con rosca triple alta-baja ofrece la m\u00e1xima carga de extracci\u00f3n y un montaje eficiente.","breadcrumb":{"@id":"https:\/\/www.joker-fastener.com\/es\/product\/bi-metal\/#breadcrumb"},"inLanguage":"es","potentialAction":[{"@type":"ReadAction","target":["https:\/\/www.joker-fastener.com\/es\/product\/bi-metal\/"]}]},{"@type":"ImageObject","inLanguage":"es","@id":"https:\/\/www.joker-fastener.com\/es\/product\/bi-metal\/#primaryimage","url":"https:\/\/www.joker-fastener.com\/wp-content\/uploads\/2022\/12\/Bi-metal-concrete-screw-01.jpg","contentUrl":"https:\/\/www.joker-fastener.com\/wp-content\/uploads\/2022\/12\/Bi-metal-concrete-screw-01.jpg","width":800,"height":800,"caption":"Bi-metal concrete screw"},{"@type":"BreadcrumbList","@id":"https:\/\/www.joker-fastener.com\/es\/product\/bi-metal\/#breadcrumb","itemListElement":[{"@type":"ListItem","position":1,"name":"Home","item":"https:\/\/www.joker-fastener.com\/es\/"},{"@type":"ListItem","position":2,"name":"Product","item":"https:\/\/www.joker-fastener.com\/product\/"},{"@type":"ListItem","position":3,"name":"Tornillo de hormig\u00f3n acero inoxidable A4"}]},{"@type":"WebSite","@id":"https:\/\/www.joker-fastener.com\/#website","url":"https:\/\/www.joker-fastener.com\/","name":"JOKER INDUSTRIAL CO., LTD","description":"Supplier Manufacturer","potentialAction":[{"@type":"SearchAction","target":{"@type":"EntryPoint","urlTemplate":"https:\/\/www.joker-fastener.com\/?s={search_term_string}"},"query-input":{"@type":"PropertyValueSpecification","valueRequired":true,"valueName":"search_term_string"}}],"inLanguage":"es"}]}},"_links":{"self":[{"href":"https:\/\/www.joker-fastener.com\/es\/wp-json\/wp\/v2\/product\/4806","targetHints":{"allow":["GET"]}}],"collection":[{"href":"https:\/\/www.joker-fastener.com\/es\/wp-json\/wp\/v2\/product"}],"about":[{"href":"https:\/\/www.joker-fastener.com\/es\/wp-json\/wp\/v2\/types\/product"}],"wp:featuredmedia":[{"embeddable":true,"href":"https:\/\/www.joker-fastener.com\/es\/wp-json\/wp\/v2\/media\/5411"}],"wp:attachment":[{"href":"https:\/\/www.joker-fastener.com\/es\/wp-json\/wp\/v2\/media?parent=4806"}],"wp:term":[{"taxonomy":"product_brand","embeddable":true,"href":"https:\/\/www.joker-fastener.com\/es\/wp-json\/wp\/v2\/product_brand?post=4806"},{"taxonomy":"product_cat","embeddable":true,"href":"https:\/\/www.joker-fastener.com\/es\/wp-json\/wp\/v2\/product_cat?post=4806"},{"taxonomy":"product_tag","embeddable":true,"href":"https:\/\/www.joker-fastener.com\/es\/wp-json\/wp\/v2\/product_tag?post=4806"}],"curies":[{"name":"wp","href":"https:\/\/api.w.org\/{rel}","templated":true}]}}