{"id":4818,"date":"2022-12-28T15:23:53","date_gmt":"2022-12-28T07:23:53","guid":{"rendered":"https:\/\/www.joker-fastener.com\/product\/sissy-anchor\/"},"modified":"2024-07-15T09:34:21","modified_gmt":"2024-07-15T01:34:21","slug":"sissy-anchor","status":"publish","type":"product","link":"https:\/\/www.joker-fastener.com\/es\/product\/sissy-anchor\/","title":{"rendered":"ANCLAJES CON ROSCA INTERNA"},"content":{"rendered":"<p>El anclaje Joker Sissy es el anclaje de enchufe de hormig\u00f3n autorroscante m\u00e1s innovador que existe, puede reemplazar el anclaje de ca\u00edda y es f\u00e1cil de instalar directamente en todos los materiales de base s\u00f3lida, tambi\u00e9n en madera con una llave de impacto el\u00e9ctrica, una llave Allen y una llave dinamom\u00e9trica. La instalaci\u00f3n est\u00e1ndar del anclaje sissy es plana con material base, si desea aumentar la carga de extracci\u00f3n, no necesita los tornillos de mayor longitud, solo aumente la profundidad de instalaci\u00f3n. La rosca interna significa que puede usarlos con cualquier perno m\u00e9trico, varilla roscada, sujetador o componente.<\/p>\n","protected":false},"excerpt":{"rendered":"<p>El anclaje Joker Sissy es el anclaje de enchufe de hormig\u00f3n autorroscante m\u00e1s innovador que existe, puede reemplazar el anclaje de ca\u00edda y es f\u00e1cil de instalar directamente en todos los materiales de base s\u00f3lida, tambi\u00e9n en madera con una llave de impacto el\u00e9ctrica, una llave Allen y una llave dinamom\u00e9trica. La instalaci\u00f3n est\u00e1ndar del [&hellip;]<\/p>\n","protected":false},"featured_media":3188,"template":"","meta":{"_acf_changed":false},"product_brand":[],"product_cat":[149],"product_tag":[],"class_list":{"0":"post-4818","1":"product","2":"type-product","3":"status-publish","4":"has-post-thumbnail","6":"product_cat-concrete-fixings-order-es","8":"first","9":"instock","10":"shipping-taxable","11":"product-type-simple"},"acf":[],"yoast_head":"<!-- This site is optimized with the Yoast SEO plugin v25.0 - https:\/\/yoast.com\/wordpress\/plugins\/seo\/ -->\n<title>ANCLAJES CON ROSCA INTERNA - JOKER INDUSTRIAL CO., LTD<\/title>\n<meta name=\"robots\" content=\"index, follow, max-snippet:-1, max-image-preview:large, max-video-preview:-1\" \/>\n<link rel=\"canonical\" href=\"https:\/\/www.joker-fastener.com\/es\/product\/sissy-anchor\/\" \/>\n<meta property=\"og:locale\" content=\"es_ES\" \/>\n<meta property=\"og:type\" content=\"article\" \/>\n<meta property=\"og:title\" content=\"ANCLAJES CON ROSCA INTERNA - JOKER INDUSTRIAL CO., LTD\" \/>\n<meta property=\"og:description\" content=\"El anclaje Joker Sissy es el anclaje de enchufe de hormig\u00f3n autorroscante m\u00e1s innovador que existe, puede reemplazar el anclaje de ca\u00edda y es f\u00e1cil de instalar directamente en todos los materiales de base s\u00f3lida, tambi\u00e9n en madera con una llave de impacto el\u00e9ctrica, una llave Allen y una llave dinamom\u00e9trica. La instalaci\u00f3n est\u00e1ndar del [&hellip;]\" \/>\n<meta property=\"og:url\" content=\"https:\/\/www.joker-fastener.com\/es\/product\/sissy-anchor\/\" \/>\n<meta property=\"og:site_name\" content=\"JOKER INDUSTRIAL CO., LTD\" \/>\n<meta property=\"article:modified_time\" content=\"2024-07-15T01:34:21+00:00\" \/>\n<meta property=\"og:image\" content=\"https:\/\/www.joker-fastener.com\/wp-content\/uploads\/2022\/06\/sissy-anchor.jpg\" \/>\n\t<meta property=\"og:image:width\" content=\"806\" \/>\n\t<meta property=\"og:image:height\" content=\"806\" \/>\n\t<meta property=\"og:image:type\" content=\"image\/jpeg\" \/>\n<meta name=\"twitter:card\" content=\"summary_large_image\" \/>\n<meta name=\"twitter:label1\" content=\"Tiempo de lectura\" \/>\n\t<meta name=\"twitter:data1\" content=\"1 minuto\" \/>\n<script type=\"application\/ld+json\" class=\"yoast-schema-graph\">{\"@context\":\"https:\/\/schema.org\",\"@graph\":[{\"@type\":\"WebPage\",\"@id\":\"https:\/\/www.joker-fastener.com\/es\/product\/sissy-anchor\/\",\"url\":\"https:\/\/www.joker-fastener.com\/es\/product\/sissy-anchor\/\",\"name\":\"ANCLAJES CON ROSCA INTERNA - JOKER INDUSTRIAL CO., LTD\",\"isPartOf\":{\"@id\":\"https:\/\/www.joker-fastener.com\/#website\"},\"primaryImageOfPage\":{\"@id\":\"https:\/\/www.joker-fastener.com\/es\/product\/sissy-anchor\/#primaryimage\"},\"image\":{\"@id\":\"https:\/\/www.joker-fastener.com\/es\/product\/sissy-anchor\/#primaryimage\"},\"thumbnailUrl\":\"https:\/\/www.joker-fastener.com\/wp-content\/uploads\/2022\/06\/sissy-anchor.jpg\",\"datePublished\":\"2022-12-28T07:23:53+00:00\",\"dateModified\":\"2024-07-15T01:34:21+00:00\",\"breadcrumb\":{\"@id\":\"https:\/\/www.joker-fastener.com\/es\/product\/sissy-anchor\/#breadcrumb\"},\"inLanguage\":\"es\",\"potentialAction\":[{\"@type\":\"ReadAction\",\"target\":[\"https:\/\/www.joker-fastener.com\/es\/product\/sissy-anchor\/\"]}]},{\"@type\":\"ImageObject\",\"inLanguage\":\"es\",\"@id\":\"https:\/\/www.joker-fastener.com\/es\/product\/sissy-anchor\/#primaryimage\",\"url\":\"https:\/\/www.joker-fastener.com\/wp-content\/uploads\/2022\/06\/sissy-anchor.jpg\",\"contentUrl\":\"https:\/\/www.joker-fastener.com\/wp-content\/uploads\/2022\/06\/sissy-anchor.jpg\",\"width\":806,\"height\":806,\"caption\":\"internal thread cutting screw anchor\"},{\"@type\":\"BreadcrumbList\",\"@id\":\"https:\/\/www.joker-fastener.com\/es\/product\/sissy-anchor\/#breadcrumb\",\"itemListElement\":[{\"@type\":\"ListItem\",\"position\":1,\"name\":\"Home\",\"item\":\"https:\/\/www.joker-fastener.com\/es\/\"},{\"@type\":\"ListItem\",\"position\":2,\"name\":\"Product\",\"item\":\"https:\/\/www.joker-fastener.com\/product\/\"},{\"@type\":\"ListItem\",\"position\":3,\"name\":\"ANCLAJES CON ROSCA INTERNA\"}]},{\"@type\":\"WebSite\",\"@id\":\"https:\/\/www.joker-fastener.com\/#website\",\"url\":\"https:\/\/www.joker-fastener.com\/\",\"name\":\"JOKER INDUSTRIAL CO., LTD\",\"description\":\"Supplier Manufacturer\",\"potentialAction\":[{\"@type\":\"SearchAction\",\"target\":{\"@type\":\"EntryPoint\",\"urlTemplate\":\"https:\/\/www.joker-fastener.com\/?s={search_term_string}\"},\"query-input\":{\"@type\":\"PropertyValueSpecification\",\"valueRequired\":true,\"valueName\":\"search_term_string\"}}],\"inLanguage\":\"es\"}]}<\/script>\n<!-- \/ Yoast SEO plugin. -->","yoast_head_json":{"title":"ANCLAJES CON ROSCA INTERNA - JOKER INDUSTRIAL CO., LTD","robots":{"index":"index","follow":"follow","max-snippet":"max-snippet:-1","max-image-preview":"max-image-preview:large","max-video-preview":"max-video-preview:-1"},"canonical":"https:\/\/www.joker-fastener.com\/es\/product\/sissy-anchor\/","og_locale":"es_ES","og_type":"article","og_title":"ANCLAJES CON ROSCA INTERNA - JOKER INDUSTRIAL CO., LTD","og_description":"El anclaje Joker Sissy es el anclaje de enchufe de hormig\u00f3n autorroscante m\u00e1s innovador que existe, puede reemplazar el anclaje de ca\u00edda y es f\u00e1cil de instalar directamente en todos los materiales de base s\u00f3lida, tambi\u00e9n en madera con una llave de impacto el\u00e9ctrica, una llave Allen y una llave dinamom\u00e9trica. La instalaci\u00f3n est\u00e1ndar del [&hellip;]","og_url":"https:\/\/www.joker-fastener.com\/es\/product\/sissy-anchor\/","og_site_name":"JOKER INDUSTRIAL CO., LTD","article_modified_time":"2024-07-15T01:34:21+00:00","og_image":[{"width":806,"height":806,"url":"https:\/\/www.joker-fastener.com\/wp-content\/uploads\/2022\/06\/sissy-anchor.jpg","type":"image\/jpeg"}],"twitter_card":"summary_large_image","twitter_misc":{"Tiempo de lectura":"1 minuto"},"schema":{"@context":"https:\/\/schema.org","@graph":[{"@type":"WebPage","@id":"https:\/\/www.joker-fastener.com\/es\/product\/sissy-anchor\/","url":"https:\/\/www.joker-fastener.com\/es\/product\/sissy-anchor\/","name":"ANCLAJES CON ROSCA INTERNA - JOKER INDUSTRIAL CO., LTD","isPartOf":{"@id":"https:\/\/www.joker-fastener.com\/#website"},"primaryImageOfPage":{"@id":"https:\/\/www.joker-fastener.com\/es\/product\/sissy-anchor\/#primaryimage"},"image":{"@id":"https:\/\/www.joker-fastener.com\/es\/product\/sissy-anchor\/#primaryimage"},"thumbnailUrl":"https:\/\/www.joker-fastener.com\/wp-content\/uploads\/2022\/06\/sissy-anchor.jpg","datePublished":"2022-12-28T07:23:53+00:00","dateModified":"2024-07-15T01:34:21+00:00","breadcrumb":{"@id":"https:\/\/www.joker-fastener.com\/es\/product\/sissy-anchor\/#breadcrumb"},"inLanguage":"es","potentialAction":[{"@type":"ReadAction","target":["https:\/\/www.joker-fastener.com\/es\/product\/sissy-anchor\/"]}]},{"@type":"ImageObject","inLanguage":"es","@id":"https:\/\/www.joker-fastener.com\/es\/product\/sissy-anchor\/#primaryimage","url":"https:\/\/www.joker-fastener.com\/wp-content\/uploads\/2022\/06\/sissy-anchor.jpg","contentUrl":"https:\/\/www.joker-fastener.com\/wp-content\/uploads\/2022\/06\/sissy-anchor.jpg","width":806,"height":806,"caption":"internal thread cutting screw anchor"},{"@type":"BreadcrumbList","@id":"https:\/\/www.joker-fastener.com\/es\/product\/sissy-anchor\/#breadcrumb","itemListElement":[{"@type":"ListItem","position":1,"name":"Home","item":"https:\/\/www.joker-fastener.com\/es\/"},{"@type":"ListItem","position":2,"name":"Product","item":"https:\/\/www.joker-fastener.com\/product\/"},{"@type":"ListItem","position":3,"name":"ANCLAJES CON ROSCA INTERNA"}]},{"@type":"WebSite","@id":"https:\/\/www.joker-fastener.com\/#website","url":"https:\/\/www.joker-fastener.com\/","name":"JOKER INDUSTRIAL CO., LTD","description":"Supplier Manufacturer","potentialAction":[{"@type":"SearchAction","target":{"@type":"EntryPoint","urlTemplate":"https:\/\/www.joker-fastener.com\/?s={search_term_string}"},"query-input":{"@type":"PropertyValueSpecification","valueRequired":true,"valueName":"search_term_string"}}],"inLanguage":"es"}]}},"_links":{"self":[{"href":"https:\/\/www.joker-fastener.com\/es\/wp-json\/wp\/v2\/product\/4818","targetHints":{"allow":["GET"]}}],"collection":[{"href":"https:\/\/www.joker-fastener.com\/es\/wp-json\/wp\/v2\/product"}],"about":[{"href":"https:\/\/www.joker-fastener.com\/es\/wp-json\/wp\/v2\/types\/product"}],"wp:featuredmedia":[{"embeddable":true,"href":"https:\/\/www.joker-fastener.com\/es\/wp-json\/wp\/v2\/media\/3188"}],"wp:attachment":[{"href":"https:\/\/www.joker-fastener.com\/es\/wp-json\/wp\/v2\/media?parent=4818"}],"wp:term":[{"taxonomy":"product_brand","embeddable":true,"href":"https:\/\/www.joker-fastener.com\/es\/wp-json\/wp\/v2\/product_brand?post=4818"},{"taxonomy":"product_cat","embeddable":true,"href":"https:\/\/www.joker-fastener.com\/es\/wp-json\/wp\/v2\/product_cat?post=4818"},{"taxonomy":"product_tag","embeddable":true,"href":"https:\/\/www.joker-fastener.com\/es\/wp-json\/wp\/v2\/product_tag?post=4818"}],"curies":[{"name":"wp","href":"https:\/\/api.w.org\/{rel}","templated":true}]}}