{"id":4819,"date":"2022-12-23T11:28:23","date_gmt":"2022-12-23T03:28:23","guid":{"rendered":"https:\/\/www.joker-fastener.com\/product\/ceiling-anchor-2\/"},"modified":"2024-02-19T11:16:55","modified_gmt":"2024-02-19T03:16:55","slug":"ceiling-anchor-2","status":"publish","type":"product","link":"https:\/\/www.joker-fastener.com\/es\/product\/ceiling-anchor-2\/","title":{"rendered":"Anclaje clavo para techo"},"content":{"rendered":"<p>El pin de anclaje es un anclaje de u\u00f1as de acero peque\u00f1o que est\u00e1 dise\u00f1ado para uso elevado en el techo.<\/p>\n<p>Sin herramienta especial, su dise\u00f1o simple los hace r\u00e1pidos de instalar y su cabeza de brida grande evita que se tire, este sujetador no se puede quitar, muy seguro.<\/p>\n","protected":false},"excerpt":{"rendered":"<p>El pin de anclaje es un anclaje de u\u00f1as de acero peque\u00f1o que est\u00e1 dise\u00f1ado para uso elevado en el techo. Sin herramienta especial, su dise\u00f1o simple los hace r\u00e1pidos de instalar y su cabeza de brida grande evita que se tire, este sujetador no se puede quitar, muy seguro.<\/p>\n","protected":false},"featured_media":2659,"template":"","meta":{"_acf_changed":false},"product_brand":[],"product_cat":[149,143],"product_tag":[],"class_list":{"0":"post-4819","1":"product","2":"type-product","3":"status-publish","4":"has-post-thumbnail","6":"product_cat-concrete-fixings-order-es","7":"product_cat-hammer-in-fixings-order-es","9":"first","10":"instock","11":"shipping-taxable","12":"product-type-simple"},"acf":[],"yoast_head":"<!-- This site is optimized with the Yoast SEO plugin v25.0 - https:\/\/yoast.com\/wordpress\/plugins\/seo\/ -->\n<title>Anclaje clavo para techo - JOKER INDUSTRIAL CO., LTD<\/title>\n<meta name=\"robots\" content=\"index, follow, max-snippet:-1, max-image-preview:large, max-video-preview:-1\" \/>\n<link rel=\"canonical\" href=\"https:\/\/www.joker-fastener.com\/es\/product\/ceiling-anchor-2\/\" \/>\n<meta property=\"og:locale\" content=\"es_ES\" \/>\n<meta property=\"og:type\" content=\"article\" \/>\n<meta property=\"og:title\" content=\"Anclaje clavo para techo - JOKER INDUSTRIAL CO., LTD\" \/>\n<meta property=\"og:description\" content=\"El pin de anclaje es un anclaje de u\u00f1as de acero peque\u00f1o que est\u00e1 dise\u00f1ado para uso elevado en el techo. Sin herramienta especial, su dise\u00f1o simple los hace r\u00e1pidos de instalar y su cabeza de brida grande evita que se tire, este sujetador no se puede quitar, muy seguro.\" \/>\n<meta property=\"og:url\" content=\"https:\/\/www.joker-fastener.com\/es\/product\/ceiling-anchor-2\/\" \/>\n<meta property=\"og:site_name\" content=\"JOKER INDUSTRIAL CO., LTD\" \/>\n<meta property=\"article:modified_time\" content=\"2024-02-19T03:16:55+00:00\" \/>\n<meta property=\"og:image\" content=\"https:\/\/www.joker-fastener.com\/wp-content\/uploads\/2022\/07\/1.-Ceciling-anchor-01.jpg\" \/>\n\t<meta property=\"og:image:width\" content=\"806\" \/>\n\t<meta property=\"og:image:height\" content=\"806\" \/>\n\t<meta property=\"og:image:type\" content=\"image\/jpeg\" \/>\n<meta name=\"twitter:card\" content=\"summary_large_image\" \/>\n<meta name=\"twitter:label1\" content=\"Tiempo de lectura\" \/>\n\t<meta name=\"twitter:data1\" content=\"1 minuto\" \/>\n<script type=\"application\/ld+json\" class=\"yoast-schema-graph\">{\"@context\":\"https:\/\/schema.org\",\"@graph\":[{\"@type\":\"WebPage\",\"@id\":\"https:\/\/www.joker-fastener.com\/es\/product\/ceiling-anchor-2\/\",\"url\":\"https:\/\/www.joker-fastener.com\/es\/product\/ceiling-anchor-2\/\",\"name\":\"Anclaje clavo para techo - JOKER INDUSTRIAL CO., LTD\",\"isPartOf\":{\"@id\":\"https:\/\/www.joker-fastener.com\/#website\"},\"primaryImageOfPage\":{\"@id\":\"https:\/\/www.joker-fastener.com\/es\/product\/ceiling-anchor-2\/#primaryimage\"},\"image\":{\"@id\":\"https:\/\/www.joker-fastener.com\/es\/product\/ceiling-anchor-2\/#primaryimage\"},\"thumbnailUrl\":\"https:\/\/www.joker-fastener.com\/wp-content\/uploads\/2022\/07\/1.-Ceciling-anchor-01.jpg\",\"datePublished\":\"2022-12-23T03:28:23+00:00\",\"dateModified\":\"2024-02-19T03:16:55+00:00\",\"breadcrumb\":{\"@id\":\"https:\/\/www.joker-fastener.com\/es\/product\/ceiling-anchor-2\/#breadcrumb\"},\"inLanguage\":\"es\",\"potentialAction\":[{\"@type\":\"ReadAction\",\"target\":[\"https:\/\/www.joker-fastener.com\/es\/product\/ceiling-anchor-2\/\"]}]},{\"@type\":\"ImageObject\",\"inLanguage\":\"es\",\"@id\":\"https:\/\/www.joker-fastener.com\/es\/product\/ceiling-anchor-2\/#primaryimage\",\"url\":\"https:\/\/www.joker-fastener.com\/wp-content\/uploads\/2022\/07\/1.-Ceciling-anchor-01.jpg\",\"contentUrl\":\"https:\/\/www.joker-fastener.com\/wp-content\/uploads\/2022\/07\/1.-Ceciling-anchor-01.jpg\",\"width\":806,\"height\":806,\"caption\":\"Ceiling anchor\"},{\"@type\":\"BreadcrumbList\",\"@id\":\"https:\/\/www.joker-fastener.com\/es\/product\/ceiling-anchor-2\/#breadcrumb\",\"itemListElement\":[{\"@type\":\"ListItem\",\"position\":1,\"name\":\"Home\",\"item\":\"https:\/\/www.joker-fastener.com\/es\/\"},{\"@type\":\"ListItem\",\"position\":2,\"name\":\"Product\",\"item\":\"https:\/\/www.joker-fastener.com\/product\/\"},{\"@type\":\"ListItem\",\"position\":3,\"name\":\"Anclaje clavo para techo\"}]},{\"@type\":\"WebSite\",\"@id\":\"https:\/\/www.joker-fastener.com\/#website\",\"url\":\"https:\/\/www.joker-fastener.com\/\",\"name\":\"JOKER INDUSTRIAL CO., LTD\",\"description\":\"Supplier Manufacturer\",\"potentialAction\":[{\"@type\":\"SearchAction\",\"target\":{\"@type\":\"EntryPoint\",\"urlTemplate\":\"https:\/\/www.joker-fastener.com\/?s={search_term_string}\"},\"query-input\":{\"@type\":\"PropertyValueSpecification\",\"valueRequired\":true,\"valueName\":\"search_term_string\"}}],\"inLanguage\":\"es\"}]}<\/script>\n<!-- \/ Yoast SEO plugin. -->","yoast_head_json":{"title":"Anclaje clavo para techo - JOKER INDUSTRIAL CO., LTD","robots":{"index":"index","follow":"follow","max-snippet":"max-snippet:-1","max-image-preview":"max-image-preview:large","max-video-preview":"max-video-preview:-1"},"canonical":"https:\/\/www.joker-fastener.com\/es\/product\/ceiling-anchor-2\/","og_locale":"es_ES","og_type":"article","og_title":"Anclaje clavo para techo - JOKER INDUSTRIAL CO., LTD","og_description":"El pin de anclaje es un anclaje de u\u00f1as de acero peque\u00f1o que est\u00e1 dise\u00f1ado para uso elevado en el techo. Sin herramienta especial, su dise\u00f1o simple los hace r\u00e1pidos de instalar y su cabeza de brida grande evita que se tire, este sujetador no se puede quitar, muy seguro.","og_url":"https:\/\/www.joker-fastener.com\/es\/product\/ceiling-anchor-2\/","og_site_name":"JOKER INDUSTRIAL CO., LTD","article_modified_time":"2024-02-19T03:16:55+00:00","og_image":[{"width":806,"height":806,"url":"https:\/\/www.joker-fastener.com\/wp-content\/uploads\/2022\/07\/1.-Ceciling-anchor-01.jpg","type":"image\/jpeg"}],"twitter_card":"summary_large_image","twitter_misc":{"Tiempo de lectura":"1 minuto"},"schema":{"@context":"https:\/\/schema.org","@graph":[{"@type":"WebPage","@id":"https:\/\/www.joker-fastener.com\/es\/product\/ceiling-anchor-2\/","url":"https:\/\/www.joker-fastener.com\/es\/product\/ceiling-anchor-2\/","name":"Anclaje clavo para techo - JOKER INDUSTRIAL CO., LTD","isPartOf":{"@id":"https:\/\/www.joker-fastener.com\/#website"},"primaryImageOfPage":{"@id":"https:\/\/www.joker-fastener.com\/es\/product\/ceiling-anchor-2\/#primaryimage"},"image":{"@id":"https:\/\/www.joker-fastener.com\/es\/product\/ceiling-anchor-2\/#primaryimage"},"thumbnailUrl":"https:\/\/www.joker-fastener.com\/wp-content\/uploads\/2022\/07\/1.-Ceciling-anchor-01.jpg","datePublished":"2022-12-23T03:28:23+00:00","dateModified":"2024-02-19T03:16:55+00:00","breadcrumb":{"@id":"https:\/\/www.joker-fastener.com\/es\/product\/ceiling-anchor-2\/#breadcrumb"},"inLanguage":"es","potentialAction":[{"@type":"ReadAction","target":["https:\/\/www.joker-fastener.com\/es\/product\/ceiling-anchor-2\/"]}]},{"@type":"ImageObject","inLanguage":"es","@id":"https:\/\/www.joker-fastener.com\/es\/product\/ceiling-anchor-2\/#primaryimage","url":"https:\/\/www.joker-fastener.com\/wp-content\/uploads\/2022\/07\/1.-Ceciling-anchor-01.jpg","contentUrl":"https:\/\/www.joker-fastener.com\/wp-content\/uploads\/2022\/07\/1.-Ceciling-anchor-01.jpg","width":806,"height":806,"caption":"Ceiling anchor"},{"@type":"BreadcrumbList","@id":"https:\/\/www.joker-fastener.com\/es\/product\/ceiling-anchor-2\/#breadcrumb","itemListElement":[{"@type":"ListItem","position":1,"name":"Home","item":"https:\/\/www.joker-fastener.com\/es\/"},{"@type":"ListItem","position":2,"name":"Product","item":"https:\/\/www.joker-fastener.com\/product\/"},{"@type":"ListItem","position":3,"name":"Anclaje clavo para techo"}]},{"@type":"WebSite","@id":"https:\/\/www.joker-fastener.com\/#website","url":"https:\/\/www.joker-fastener.com\/","name":"JOKER INDUSTRIAL CO., LTD","description":"Supplier Manufacturer","potentialAction":[{"@type":"SearchAction","target":{"@type":"EntryPoint","urlTemplate":"https:\/\/www.joker-fastener.com\/?s={search_term_string}"},"query-input":{"@type":"PropertyValueSpecification","valueRequired":true,"valueName":"search_term_string"}}],"inLanguage":"es"}]}},"_links":{"self":[{"href":"https:\/\/www.joker-fastener.com\/es\/wp-json\/wp\/v2\/product\/4819","targetHints":{"allow":["GET"]}}],"collection":[{"href":"https:\/\/www.joker-fastener.com\/es\/wp-json\/wp\/v2\/product"}],"about":[{"href":"https:\/\/www.joker-fastener.com\/es\/wp-json\/wp\/v2\/types\/product"}],"wp:featuredmedia":[{"embeddable":true,"href":"https:\/\/www.joker-fastener.com\/es\/wp-json\/wp\/v2\/media\/2659"}],"wp:attachment":[{"href":"https:\/\/www.joker-fastener.com\/es\/wp-json\/wp\/v2\/media?parent=4819"}],"wp:term":[{"taxonomy":"product_brand","embeddable":true,"href":"https:\/\/www.joker-fastener.com\/es\/wp-json\/wp\/v2\/product_brand?post=4819"},{"taxonomy":"product_cat","embeddable":true,"href":"https:\/\/www.joker-fastener.com\/es\/wp-json\/wp\/v2\/product_cat?post=4819"},{"taxonomy":"product_tag","embeddable":true,"href":"https:\/\/www.joker-fastener.com\/es\/wp-json\/wp\/v2\/product_tag?post=4819"}],"curies":[{"name":"wp","href":"https:\/\/api.w.org\/{rel}","templated":true}]}}