{"id":4827,"date":"2022-08-11T15:14:45","date_gmt":"2022-08-11T07:14:45","guid":{"rendered":"https:\/\/www.joker-fastener.com\/product\/1804\/"},"modified":"2022-09-19T17:53:27","modified_gmt":"2022-09-19T09:53:27","slug":"1804","status":"publish","type":"product","link":"https:\/\/www.joker-fastener.com\/es\/product\/1804\/","title":{"rendered":"Pinza montaje para taco met\u00e1lico M4-M8, 1804"},"content":{"rendered":"<p>La herramienta de configuraci\u00f3n m\u00e1s nueva para mejorar su contrapeso para la fijaci\u00f3n del usuario en un estado c\u00f3modo, y tambi\u00e9n es buena para manejar con manos peque\u00f1as. Su dise\u00f1o ergon\u00f3mico de acci\u00f3n de bombeo hace que los anclajes se expandan f\u00e1cilmente. Uso para M4-M8.<\/p>\n","protected":false},"excerpt":{"rendered":"<p>La herramienta de configuraci\u00f3n m\u00e1s nueva para mejorar su contrapeso para la fijaci\u00f3n del usuario en un estado c\u00f3modo, y tambi\u00e9n es buena para manejar con manos peque\u00f1as. Su dise\u00f1o ergon\u00f3mico de acci\u00f3n de bombeo hace que los anclajes se expandan f\u00e1cilmente. Uso para M4-M8.<\/p>\n","protected":false},"featured_media":2109,"template":"","meta":{"_acf_changed":false},"product_brand":[],"product_cat":[137],"product_tag":[],"class_list":{"0":"post-4827","1":"product","2":"type-product","3":"status-publish","4":"has-post-thumbnail","6":"product_cat-setting-tools-order-es","8":"first","9":"instock","10":"shipping-taxable","11":"product-type-simple"},"acf":[],"yoast_head":"<!-- This site is optimized with the Yoast SEO plugin v25.0 - https:\/\/yoast.com\/wordpress\/plugins\/seo\/ -->\n<title>Pinza montaje para taco met\u00e1lico M4-M8, 1804 - JOKER INDUSTRIAL CO., LTD<\/title>\n<meta name=\"robots\" content=\"index, follow, max-snippet:-1, max-image-preview:large, max-video-preview:-1\" \/>\n<link rel=\"canonical\" href=\"https:\/\/www.joker-fastener.com\/es\/product\/1804\/\" \/>\n<meta property=\"og:locale\" content=\"es_ES\" \/>\n<meta property=\"og:type\" content=\"article\" \/>\n<meta property=\"og:title\" content=\"Pinza montaje para taco met\u00e1lico M4-M8, 1804 - JOKER INDUSTRIAL CO., LTD\" \/>\n<meta property=\"og:description\" content=\"La herramienta de configuraci\u00f3n m\u00e1s nueva para mejorar su contrapeso para la fijaci\u00f3n del usuario en un estado c\u00f3modo, y tambi\u00e9n es buena para manejar con manos peque\u00f1as. Su dise\u00f1o ergon\u00f3mico de acci\u00f3n de bombeo hace que los anclajes se expandan f\u00e1cilmente. Uso para M4-M8.\" \/>\n<meta property=\"og:url\" content=\"https:\/\/www.joker-fastener.com\/es\/product\/1804\/\" \/>\n<meta property=\"og:site_name\" content=\"JOKER INDUSTRIAL CO., LTD\" \/>\n<meta property=\"article:modified_time\" content=\"2022-09-19T09:53:27+00:00\" \/>\n<meta property=\"og:image\" content=\"https:\/\/www.joker-fastener.com\/wp-content\/uploads\/2022\/06\/1804-01.jpg\" \/>\n\t<meta property=\"og:image:width\" content=\"806\" \/>\n\t<meta property=\"og:image:height\" content=\"806\" \/>\n\t<meta property=\"og:image:type\" content=\"image\/jpeg\" \/>\n<meta name=\"twitter:card\" content=\"summary_large_image\" \/>\n<script type=\"application\/ld+json\" class=\"yoast-schema-graph\">{\"@context\":\"https:\/\/schema.org\",\"@graph\":[{\"@type\":\"WebPage\",\"@id\":\"https:\/\/www.joker-fastener.com\/es\/product\/1804\/\",\"url\":\"https:\/\/www.joker-fastener.com\/es\/product\/1804\/\",\"name\":\"Pinza montaje para taco met\u00e1lico M4-M8, 1804 - JOKER INDUSTRIAL CO., LTD\",\"isPartOf\":{\"@id\":\"https:\/\/www.joker-fastener.com\/#website\"},\"primaryImageOfPage\":{\"@id\":\"https:\/\/www.joker-fastener.com\/es\/product\/1804\/#primaryimage\"},\"image\":{\"@id\":\"https:\/\/www.joker-fastener.com\/es\/product\/1804\/#primaryimage\"},\"thumbnailUrl\":\"https:\/\/www.joker-fastener.com\/wp-content\/uploads\/2022\/06\/1804-01.jpg\",\"datePublished\":\"2022-08-11T07:14:45+00:00\",\"dateModified\":\"2022-09-19T09:53:27+00:00\",\"breadcrumb\":{\"@id\":\"https:\/\/www.joker-fastener.com\/es\/product\/1804\/#breadcrumb\"},\"inLanguage\":\"es\",\"potentialAction\":[{\"@type\":\"ReadAction\",\"target\":[\"https:\/\/www.joker-fastener.com\/es\/product\/1804\/\"]}]},{\"@type\":\"ImageObject\",\"inLanguage\":\"es\",\"@id\":\"https:\/\/www.joker-fastener.com\/es\/product\/1804\/#primaryimage\",\"url\":\"https:\/\/www.joker-fastener.com\/wp-content\/uploads\/2022\/06\/1804-01.jpg\",\"contentUrl\":\"https:\/\/www.joker-fastener.com\/wp-content\/uploads\/2022\/06\/1804-01.jpg\",\"width\":806,\"height\":806,\"caption\":\"metal hollow wall anchor mounting tool\"},{\"@type\":\"BreadcrumbList\",\"@id\":\"https:\/\/www.joker-fastener.com\/es\/product\/1804\/#breadcrumb\",\"itemListElement\":[{\"@type\":\"ListItem\",\"position\":1,\"name\":\"Home\",\"item\":\"https:\/\/www.joker-fastener.com\/es\/\"},{\"@type\":\"ListItem\",\"position\":2,\"name\":\"Product\",\"item\":\"https:\/\/www.joker-fastener.com\/product\/\"},{\"@type\":\"ListItem\",\"position\":3,\"name\":\"Pinza montaje para taco met\u00e1lico M4-M8, 1804\"}]},{\"@type\":\"WebSite\",\"@id\":\"https:\/\/www.joker-fastener.com\/#website\",\"url\":\"https:\/\/www.joker-fastener.com\/\",\"name\":\"JOKER INDUSTRIAL CO., LTD\",\"description\":\"Supplier Manufacturer\",\"potentialAction\":[{\"@type\":\"SearchAction\",\"target\":{\"@type\":\"EntryPoint\",\"urlTemplate\":\"https:\/\/www.joker-fastener.com\/?s={search_term_string}\"},\"query-input\":{\"@type\":\"PropertyValueSpecification\",\"valueRequired\":true,\"valueName\":\"search_term_string\"}}],\"inLanguage\":\"es\"}]}<\/script>\n<!-- \/ Yoast SEO plugin. -->","yoast_head_json":{"title":"Pinza montaje para taco met\u00e1lico M4-M8, 1804 - JOKER INDUSTRIAL CO., LTD","robots":{"index":"index","follow":"follow","max-snippet":"max-snippet:-1","max-image-preview":"max-image-preview:large","max-video-preview":"max-video-preview:-1"},"canonical":"https:\/\/www.joker-fastener.com\/es\/product\/1804\/","og_locale":"es_ES","og_type":"article","og_title":"Pinza montaje para taco met\u00e1lico M4-M8, 1804 - JOKER INDUSTRIAL CO., LTD","og_description":"La herramienta de configuraci\u00f3n m\u00e1s nueva para mejorar su contrapeso para la fijaci\u00f3n del usuario en un estado c\u00f3modo, y tambi\u00e9n es buena para manejar con manos peque\u00f1as. Su dise\u00f1o ergon\u00f3mico de acci\u00f3n de bombeo hace que los anclajes se expandan f\u00e1cilmente. Uso para M4-M8.","og_url":"https:\/\/www.joker-fastener.com\/es\/product\/1804\/","og_site_name":"JOKER INDUSTRIAL CO., LTD","article_modified_time":"2022-09-19T09:53:27+00:00","og_image":[{"width":806,"height":806,"url":"https:\/\/www.joker-fastener.com\/wp-content\/uploads\/2022\/06\/1804-01.jpg","type":"image\/jpeg"}],"twitter_card":"summary_large_image","schema":{"@context":"https:\/\/schema.org","@graph":[{"@type":"WebPage","@id":"https:\/\/www.joker-fastener.com\/es\/product\/1804\/","url":"https:\/\/www.joker-fastener.com\/es\/product\/1804\/","name":"Pinza montaje para taco met\u00e1lico M4-M8, 1804 - JOKER INDUSTRIAL CO., LTD","isPartOf":{"@id":"https:\/\/www.joker-fastener.com\/#website"},"primaryImageOfPage":{"@id":"https:\/\/www.joker-fastener.com\/es\/product\/1804\/#primaryimage"},"image":{"@id":"https:\/\/www.joker-fastener.com\/es\/product\/1804\/#primaryimage"},"thumbnailUrl":"https:\/\/www.joker-fastener.com\/wp-content\/uploads\/2022\/06\/1804-01.jpg","datePublished":"2022-08-11T07:14:45+00:00","dateModified":"2022-09-19T09:53:27+00:00","breadcrumb":{"@id":"https:\/\/www.joker-fastener.com\/es\/product\/1804\/#breadcrumb"},"inLanguage":"es","potentialAction":[{"@type":"ReadAction","target":["https:\/\/www.joker-fastener.com\/es\/product\/1804\/"]}]},{"@type":"ImageObject","inLanguage":"es","@id":"https:\/\/www.joker-fastener.com\/es\/product\/1804\/#primaryimage","url":"https:\/\/www.joker-fastener.com\/wp-content\/uploads\/2022\/06\/1804-01.jpg","contentUrl":"https:\/\/www.joker-fastener.com\/wp-content\/uploads\/2022\/06\/1804-01.jpg","width":806,"height":806,"caption":"metal hollow wall anchor mounting tool"},{"@type":"BreadcrumbList","@id":"https:\/\/www.joker-fastener.com\/es\/product\/1804\/#breadcrumb","itemListElement":[{"@type":"ListItem","position":1,"name":"Home","item":"https:\/\/www.joker-fastener.com\/es\/"},{"@type":"ListItem","position":2,"name":"Product","item":"https:\/\/www.joker-fastener.com\/product\/"},{"@type":"ListItem","position":3,"name":"Pinza montaje para taco met\u00e1lico M4-M8, 1804"}]},{"@type":"WebSite","@id":"https:\/\/www.joker-fastener.com\/#website","url":"https:\/\/www.joker-fastener.com\/","name":"JOKER INDUSTRIAL CO., LTD","description":"Supplier Manufacturer","potentialAction":[{"@type":"SearchAction","target":{"@type":"EntryPoint","urlTemplate":"https:\/\/www.joker-fastener.com\/?s={search_term_string}"},"query-input":{"@type":"PropertyValueSpecification","valueRequired":true,"valueName":"search_term_string"}}],"inLanguage":"es"}]}},"_links":{"self":[{"href":"https:\/\/www.joker-fastener.com\/es\/wp-json\/wp\/v2\/product\/4827","targetHints":{"allow":["GET"]}}],"collection":[{"href":"https:\/\/www.joker-fastener.com\/es\/wp-json\/wp\/v2\/product"}],"about":[{"href":"https:\/\/www.joker-fastener.com\/es\/wp-json\/wp\/v2\/types\/product"}],"wp:featuredmedia":[{"embeddable":true,"href":"https:\/\/www.joker-fastener.com\/es\/wp-json\/wp\/v2\/media\/2109"}],"wp:attachment":[{"href":"https:\/\/www.joker-fastener.com\/es\/wp-json\/wp\/v2\/media?parent=4827"}],"wp:term":[{"taxonomy":"product_brand","embeddable":true,"href":"https:\/\/www.joker-fastener.com\/es\/wp-json\/wp\/v2\/product_brand?post=4827"},{"taxonomy":"product_cat","embeddable":true,"href":"https:\/\/www.joker-fastener.com\/es\/wp-json\/wp\/v2\/product_cat?post=4827"},{"taxonomy":"product_tag","embeddable":true,"href":"https:\/\/www.joker-fastener.com\/es\/wp-json\/wp\/v2\/product_tag?post=4827"}],"curies":[{"name":"wp","href":"https:\/\/api.w.org\/{rel}","templated":true}]}}