{"id":4879,"date":"2022-12-25T12:05:32","date_gmt":"2022-12-25T04:05:32","guid":{"rendered":"https:\/\/www.joker-fastener.com\/product\/flange-nut\/"},"modified":"2022-09-29T14:29:51","modified_gmt":"2022-09-29T06:29:51","slug":"flange-nut","status":"publish","type":"product","link":"https:\/\/www.joker-fastener.com\/es\/product\/flange-nut\/","title":{"rendered":"Anclajes met\u00e1licos para hormig\u00f3n"},"content":{"rendered":"<p>El Tacos met\u00e1licos para hormig\u00f3n es ideal para fijaciones preensambladas ligeras o pesadas en concreto. Tales como voladizos, pasamanos, bandejas de cables y asegurando las vigas de la plataforma. El usuario final del dise\u00f1o de patente optimizado podr\u00eda torcer e instalar f\u00e1cilmente el anclaje. Los anclajes de manga funcionan insert\u00e1ndolos en un orificio perforado en el concreto. Al girar la tuerca, se tira del extremo de trabajo del ancla hacia arriba a trav\u00e9s del manguito, expandi\u00e9ndose y acopl\u00e1ndose de forma segura en el hormig\u00f3n, ladrillo o bloque.<\/p>\n","protected":false},"excerpt":{"rendered":"<p>El Tacos met\u00e1licos para hormig\u00f3n es ideal para fijaciones preensambladas ligeras o pesadas en concreto. Tales como voladizos, pasamanos, bandejas de cables y asegurando las vigas de la plataforma. El usuario final del dise\u00f1o de patente optimizado podr\u00eda torcer e instalar f\u00e1cilmente el anclaje. Los anclajes de manga funcionan insert\u00e1ndolos en un orificio perforado en [&hellip;]<\/p>\n","protected":false},"featured_media":1904,"template":"","meta":{"_acf_changed":false},"product_brand":[],"product_cat":[149],"product_tag":[],"class_list":{"0":"post-4879","1":"product","2":"type-product","3":"status-publish","4":"has-post-thumbnail","6":"product_cat-concrete-fixings-order-es","8":"first","9":"instock","10":"shipping-taxable","11":"product-type-simple"},"acf":[],"yoast_head":"<!-- This site is optimized with the Yoast SEO plugin v25.0 - https:\/\/yoast.com\/wordpress\/plugins\/seo\/ -->\n<title>Anclajes met\u00e1licos para hormig\u00f3n - JOKER INDUSTRIAL CO., LTD<\/title>\n<meta name=\"robots\" content=\"index, follow, max-snippet:-1, max-image-preview:large, max-video-preview:-1\" \/>\n<link rel=\"canonical\" href=\"https:\/\/www.joker-fastener.com\/es\/product\/flange-nut\/\" \/>\n<meta property=\"og:locale\" content=\"es_ES\" \/>\n<meta property=\"og:type\" content=\"article\" \/>\n<meta property=\"og:title\" content=\"Anclajes met\u00e1licos para hormig\u00f3n - JOKER INDUSTRIAL CO., LTD\" \/>\n<meta property=\"og:description\" content=\"El Tacos met\u00e1licos para hormig\u00f3n es ideal para fijaciones preensambladas ligeras o pesadas en concreto. Tales como voladizos, pasamanos, bandejas de cables y asegurando las vigas de la plataforma. El usuario final del dise\u00f1o de patente optimizado podr\u00eda torcer e instalar f\u00e1cilmente el anclaje. Los anclajes de manga funcionan insert\u00e1ndolos en un orificio perforado en [&hellip;]\" \/>\n<meta property=\"og:url\" content=\"https:\/\/www.joker-fastener.com\/es\/product\/flange-nut\/\" \/>\n<meta property=\"og:site_name\" content=\"JOKER INDUSTRIAL CO., LTD\" \/>\n<meta property=\"og:image\" content=\"https:\/\/www.joker-fastener.com\/wp-content\/uploads\/2022\/06\/Sleeve-anchor-flange-nut-01.jpg\" \/>\n\t<meta property=\"og:image:width\" content=\"806\" \/>\n\t<meta property=\"og:image:height\" content=\"806\" \/>\n\t<meta property=\"og:image:type\" content=\"image\/jpeg\" \/>\n<meta name=\"twitter:card\" content=\"summary_large_image\" \/>\n<script type=\"application\/ld+json\" class=\"yoast-schema-graph\">{\"@context\":\"https:\/\/schema.org\",\"@graph\":[{\"@type\":\"WebPage\",\"@id\":\"https:\/\/www.joker-fastener.com\/es\/product\/flange-nut\/\",\"url\":\"https:\/\/www.joker-fastener.com\/es\/product\/flange-nut\/\",\"name\":\"Anclajes met\u00e1licos para hormig\u00f3n - JOKER INDUSTRIAL CO., LTD\",\"isPartOf\":{\"@id\":\"https:\/\/www.joker-fastener.com\/#website\"},\"primaryImageOfPage\":{\"@id\":\"https:\/\/www.joker-fastener.com\/es\/product\/flange-nut\/#primaryimage\"},\"image\":{\"@id\":\"https:\/\/www.joker-fastener.com\/es\/product\/flange-nut\/#primaryimage\"},\"thumbnailUrl\":\"https:\/\/www.joker-fastener.com\/wp-content\/uploads\/2022\/06\/Sleeve-anchor-flange-nut-01.jpg\",\"datePublished\":\"2022-12-25T04:05:32+00:00\",\"breadcrumb\":{\"@id\":\"https:\/\/www.joker-fastener.com\/es\/product\/flange-nut\/#breadcrumb\"},\"inLanguage\":\"es\",\"potentialAction\":[{\"@type\":\"ReadAction\",\"target\":[\"https:\/\/www.joker-fastener.com\/es\/product\/flange-nut\/\"]}]},{\"@type\":\"ImageObject\",\"inLanguage\":\"es\",\"@id\":\"https:\/\/www.joker-fastener.com\/es\/product\/flange-nut\/#primaryimage\",\"url\":\"https:\/\/www.joker-fastener.com\/wp-content\/uploads\/2022\/06\/Sleeve-anchor-flange-nut-01.jpg\",\"contentUrl\":\"https:\/\/www.joker-fastener.com\/wp-content\/uploads\/2022\/06\/Sleeve-anchor-flange-nut-01.jpg\",\"width\":806,\"height\":806,\"caption\":\"Sleeve-anchor-flange\"},{\"@type\":\"BreadcrumbList\",\"@id\":\"https:\/\/www.joker-fastener.com\/es\/product\/flange-nut\/#breadcrumb\",\"itemListElement\":[{\"@type\":\"ListItem\",\"position\":1,\"name\":\"Home\",\"item\":\"https:\/\/www.joker-fastener.com\/es\/\"},{\"@type\":\"ListItem\",\"position\":2,\"name\":\"Product\",\"item\":\"https:\/\/www.joker-fastener.com\/product\/\"},{\"@type\":\"ListItem\",\"position\":3,\"name\":\"Anclajes met\u00e1licos para hormig\u00f3n\"}]},{\"@type\":\"WebSite\",\"@id\":\"https:\/\/www.joker-fastener.com\/#website\",\"url\":\"https:\/\/www.joker-fastener.com\/\",\"name\":\"JOKER INDUSTRIAL CO., LTD\",\"description\":\"Supplier Manufacturer\",\"potentialAction\":[{\"@type\":\"SearchAction\",\"target\":{\"@type\":\"EntryPoint\",\"urlTemplate\":\"https:\/\/www.joker-fastener.com\/?s={search_term_string}\"},\"query-input\":{\"@type\":\"PropertyValueSpecification\",\"valueRequired\":true,\"valueName\":\"search_term_string\"}}],\"inLanguage\":\"es\"}]}<\/script>\n<!-- \/ Yoast SEO plugin. -->","yoast_head_json":{"title":"Anclajes met\u00e1licos para hormig\u00f3n - JOKER INDUSTRIAL CO., LTD","robots":{"index":"index","follow":"follow","max-snippet":"max-snippet:-1","max-image-preview":"max-image-preview:large","max-video-preview":"max-video-preview:-1"},"canonical":"https:\/\/www.joker-fastener.com\/es\/product\/flange-nut\/","og_locale":"es_ES","og_type":"article","og_title":"Anclajes met\u00e1licos para hormig\u00f3n - JOKER INDUSTRIAL CO., LTD","og_description":"El Tacos met\u00e1licos para hormig\u00f3n es ideal para fijaciones preensambladas ligeras o pesadas en concreto. Tales como voladizos, pasamanos, bandejas de cables y asegurando las vigas de la plataforma. El usuario final del dise\u00f1o de patente optimizado podr\u00eda torcer e instalar f\u00e1cilmente el anclaje. Los anclajes de manga funcionan insert\u00e1ndolos en un orificio perforado en [&hellip;]","og_url":"https:\/\/www.joker-fastener.com\/es\/product\/flange-nut\/","og_site_name":"JOKER INDUSTRIAL CO., LTD","og_image":[{"width":806,"height":806,"url":"https:\/\/www.joker-fastener.com\/wp-content\/uploads\/2022\/06\/Sleeve-anchor-flange-nut-01.jpg","type":"image\/jpeg"}],"twitter_card":"summary_large_image","schema":{"@context":"https:\/\/schema.org","@graph":[{"@type":"WebPage","@id":"https:\/\/www.joker-fastener.com\/es\/product\/flange-nut\/","url":"https:\/\/www.joker-fastener.com\/es\/product\/flange-nut\/","name":"Anclajes met\u00e1licos para hormig\u00f3n - JOKER INDUSTRIAL CO., LTD","isPartOf":{"@id":"https:\/\/www.joker-fastener.com\/#website"},"primaryImageOfPage":{"@id":"https:\/\/www.joker-fastener.com\/es\/product\/flange-nut\/#primaryimage"},"image":{"@id":"https:\/\/www.joker-fastener.com\/es\/product\/flange-nut\/#primaryimage"},"thumbnailUrl":"https:\/\/www.joker-fastener.com\/wp-content\/uploads\/2022\/06\/Sleeve-anchor-flange-nut-01.jpg","datePublished":"2022-12-25T04:05:32+00:00","breadcrumb":{"@id":"https:\/\/www.joker-fastener.com\/es\/product\/flange-nut\/#breadcrumb"},"inLanguage":"es","potentialAction":[{"@type":"ReadAction","target":["https:\/\/www.joker-fastener.com\/es\/product\/flange-nut\/"]}]},{"@type":"ImageObject","inLanguage":"es","@id":"https:\/\/www.joker-fastener.com\/es\/product\/flange-nut\/#primaryimage","url":"https:\/\/www.joker-fastener.com\/wp-content\/uploads\/2022\/06\/Sleeve-anchor-flange-nut-01.jpg","contentUrl":"https:\/\/www.joker-fastener.com\/wp-content\/uploads\/2022\/06\/Sleeve-anchor-flange-nut-01.jpg","width":806,"height":806,"caption":"Sleeve-anchor-flange"},{"@type":"BreadcrumbList","@id":"https:\/\/www.joker-fastener.com\/es\/product\/flange-nut\/#breadcrumb","itemListElement":[{"@type":"ListItem","position":1,"name":"Home","item":"https:\/\/www.joker-fastener.com\/es\/"},{"@type":"ListItem","position":2,"name":"Product","item":"https:\/\/www.joker-fastener.com\/product\/"},{"@type":"ListItem","position":3,"name":"Anclajes met\u00e1licos para hormig\u00f3n"}]},{"@type":"WebSite","@id":"https:\/\/www.joker-fastener.com\/#website","url":"https:\/\/www.joker-fastener.com\/","name":"JOKER INDUSTRIAL CO., LTD","description":"Supplier Manufacturer","potentialAction":[{"@type":"SearchAction","target":{"@type":"EntryPoint","urlTemplate":"https:\/\/www.joker-fastener.com\/?s={search_term_string}"},"query-input":{"@type":"PropertyValueSpecification","valueRequired":true,"valueName":"search_term_string"}}],"inLanguage":"es"}]}},"_links":{"self":[{"href":"https:\/\/www.joker-fastener.com\/es\/wp-json\/wp\/v2\/product\/4879","targetHints":{"allow":["GET"]}}],"collection":[{"href":"https:\/\/www.joker-fastener.com\/es\/wp-json\/wp\/v2\/product"}],"about":[{"href":"https:\/\/www.joker-fastener.com\/es\/wp-json\/wp\/v2\/types\/product"}],"wp:featuredmedia":[{"embeddable":true,"href":"https:\/\/www.joker-fastener.com\/es\/wp-json\/wp\/v2\/media\/1904"}],"wp:attachment":[{"href":"https:\/\/www.joker-fastener.com\/es\/wp-json\/wp\/v2\/media?parent=4879"}],"wp:term":[{"taxonomy":"product_brand","embeddable":true,"href":"https:\/\/www.joker-fastener.com\/es\/wp-json\/wp\/v2\/product_brand?post=4879"},{"taxonomy":"product_cat","embeddable":true,"href":"https:\/\/www.joker-fastener.com\/es\/wp-json\/wp\/v2\/product_cat?post=4879"},{"taxonomy":"product_tag","embeddable":true,"href":"https:\/\/www.joker-fastener.com\/es\/wp-json\/wp\/v2\/product_tag?post=4879"}],"curies":[{"name":"wp","href":"https:\/\/api.w.org\/{rel}","templated":true}]}}