{"id":4298,"date":"2022-01-27T11:17:20","date_gmt":"2022-01-27T03:17:20","guid":{"rendered":"https:\/\/www.joker-fastener.com\/home\/"},"modified":"2025-03-05T11:52:50","modified_gmt":"2025-03-05T03:52:50","slug":"home","status":"publish","type":"page","link":"https:\/\/www.joker-fastener.com\/fr\/","title":{"rendered":"Home"},"content":{"rendered":"","protected":false},"excerpt":{"rendered":"","protected":false},"author":1,"featured_media":0,"parent":0,"menu_order":0,"comment_status":"closed","ping_status":"closed","template":"","meta":{"_acf_changed":false,"footnotes":""},"class_list":["post-4298","page","type-page","status-publish","hentry"],"acf":[],"yoast_head":"<!-- This site is optimized with the Yoast SEO plugin v25.0 - https:\/\/yoast.com\/wordpress\/plugins\/seo\/ -->\n<title>JOKER - Principal fabricant de fixations | Certifi\u00e9 ATE &amp; IATF 16949<\/title>\n<meta name=\"description\" content=\"Joker, fort de 40 ans d&#039;expertise, est un fabricant leader de fixations, vis pour b\u00e9ton et ancrages \u00e0 Ta\u00efwan. Nous d\u00e9tenons les certifications IATF 16949, ATE Option 1 et sismique C1\/C2, garantissant des produits fiables.\" \/>\n<meta name=\"robots\" content=\"index, follow, max-snippet:-1, max-image-preview:large, max-video-preview:-1\" \/>\n<link rel=\"canonical\" href=\"https:\/\/www.joker-fastener.com\/fr\/\" \/>\n<meta property=\"og:locale\" content=\"fr_FR\" \/>\n<meta property=\"og:type\" content=\"article\" \/>\n<meta property=\"og:title\" content=\"JOKER - Principal fabricant de fixations | Certifi\u00e9 ATE &amp; IATF 16949\" \/>\n<meta property=\"og:description\" content=\"Joker, fort de 40 ans d&#039;expertise, est un fabricant leader de fixations, vis pour b\u00e9ton et ancrages \u00e0 Ta\u00efwan. Nous d\u00e9tenons les certifications IATF 16949, ATE Option 1 et sismique C1\/C2, garantissant des produits fiables.\" \/>\n<meta property=\"og:url\" content=\"https:\/\/www.joker-fastener.com\/fr\/\" \/>\n<meta property=\"og:site_name\" content=\"JOKER INDUSTRIAL CO., LTD\" \/>\n<meta property=\"article:modified_time\" content=\"2025-03-05T03:52:50+00:00\" \/>\n<meta name=\"twitter:card\" content=\"summary_large_image\" \/>\n<script type=\"application\/ld+json\" class=\"yoast-schema-graph\">{\"@context\":\"https:\/\/schema.org\",\"@graph\":[{\"@type\":\"WebPage\",\"@id\":\"https:\/\/www.joker-fastener.com\/fr\/\",\"url\":\"https:\/\/www.joker-fastener.com\/fr\/\",\"name\":\"JOKER - Principal fabricant de fixations | Certifi\u00e9 ATE & IATF 16949\",\"isPartOf\":{\"@id\":\"https:\/\/www.joker-fastener.com\/#website\"},\"datePublished\":\"2022-01-27T03:17:20+00:00\",\"dateModified\":\"2025-03-05T03:52:50+00:00\",\"description\":\"Joker, fort de 40 ans d'expertise, est un fabricant leader de fixations, vis pour b\u00e9ton et ancrages \u00e0 Ta\u00efwan. Nous d\u00e9tenons les certifications IATF 16949, ATE Option 1 et sismique C1\/C2, garantissant des produits fiables.\",\"breadcrumb\":{\"@id\":\"https:\/\/www.joker-fastener.com\/fr\/#breadcrumb\"},\"inLanguage\":\"fr-FR\",\"potentialAction\":[{\"@type\":\"ReadAction\",\"target\":[\"https:\/\/www.joker-fastener.com\/fr\/\"]}]},{\"@type\":\"BreadcrumbList\",\"@id\":\"https:\/\/www.joker-fastener.com\/fr\/#breadcrumb\",\"itemListElement\":[{\"@type\":\"ListItem\",\"position\":1,\"name\":\"Home\",\"item\":\"https:\/\/www.joker-fastener.com\/fr\/\"},{\"@type\":\"ListItem\",\"position\":2,\"name\":\"Home\"}]},{\"@type\":\"WebSite\",\"@id\":\"https:\/\/www.joker-fastener.com\/#website\",\"url\":\"https:\/\/www.joker-fastener.com\/\",\"name\":\"JOKER INDUSTRIAL CO., LTD\",\"description\":\"Supplier Manufacturer\",\"potentialAction\":[{\"@type\":\"SearchAction\",\"target\":{\"@type\":\"EntryPoint\",\"urlTemplate\":\"https:\/\/www.joker-fastener.com\/?s={search_term_string}\"},\"query-input\":{\"@type\":\"PropertyValueSpecification\",\"valueRequired\":true,\"valueName\":\"search_term_string\"}}],\"inLanguage\":\"fr-FR\"}]}<\/script>\n<!-- \/ Yoast SEO plugin. -->","yoast_head_json":{"title":"JOKER - Principal fabricant de fixations | Certifi\u00e9 ATE & IATF 16949","description":"Joker, fort de 40 ans d'expertise, est un fabricant leader de fixations, vis pour b\u00e9ton et ancrages \u00e0 Ta\u00efwan. Nous d\u00e9tenons les certifications IATF 16949, ATE Option 1 et sismique C1\/C2, garantissant des produits fiables.","robots":{"index":"index","follow":"follow","max-snippet":"max-snippet:-1","max-image-preview":"max-image-preview:large","max-video-preview":"max-video-preview:-1"},"canonical":"https:\/\/www.joker-fastener.com\/fr\/","og_locale":"fr_FR","og_type":"article","og_title":"JOKER - Principal fabricant de fixations | Certifi\u00e9 ATE & IATF 16949","og_description":"Joker, fort de 40 ans d'expertise, est un fabricant leader de fixations, vis pour b\u00e9ton et ancrages \u00e0 Ta\u00efwan. Nous d\u00e9tenons les certifications IATF 16949, ATE Option 1 et sismique C1\/C2, garantissant des produits fiables.","og_url":"https:\/\/www.joker-fastener.com\/fr\/","og_site_name":"JOKER INDUSTRIAL CO., LTD","article_modified_time":"2025-03-05T03:52:50+00:00","twitter_card":"summary_large_image","schema":{"@context":"https:\/\/schema.org","@graph":[{"@type":"WebPage","@id":"https:\/\/www.joker-fastener.com\/fr\/","url":"https:\/\/www.joker-fastener.com\/fr\/","name":"JOKER - Principal fabricant de fixations | Certifi\u00e9 ATE & IATF 16949","isPartOf":{"@id":"https:\/\/www.joker-fastener.com\/#website"},"datePublished":"2022-01-27T03:17:20+00:00","dateModified":"2025-03-05T03:52:50+00:00","description":"Joker, fort de 40 ans d'expertise, est un fabricant leader de fixations, vis pour b\u00e9ton et ancrages \u00e0 Ta\u00efwan. Nous d\u00e9tenons les certifications IATF 16949, ATE Option 1 et sismique C1\/C2, garantissant des produits fiables.","breadcrumb":{"@id":"https:\/\/www.joker-fastener.com\/fr\/#breadcrumb"},"inLanguage":"fr-FR","potentialAction":[{"@type":"ReadAction","target":["https:\/\/www.joker-fastener.com\/fr\/"]}]},{"@type":"BreadcrumbList","@id":"https:\/\/www.joker-fastener.com\/fr\/#breadcrumb","itemListElement":[{"@type":"ListItem","position":1,"name":"Home","item":"https:\/\/www.joker-fastener.com\/fr\/"},{"@type":"ListItem","position":2,"name":"Home"}]},{"@type":"WebSite","@id":"https:\/\/www.joker-fastener.com\/#website","url":"https:\/\/www.joker-fastener.com\/","name":"JOKER INDUSTRIAL CO., LTD","description":"Supplier Manufacturer","potentialAction":[{"@type":"SearchAction","target":{"@type":"EntryPoint","urlTemplate":"https:\/\/www.joker-fastener.com\/?s={search_term_string}"},"query-input":{"@type":"PropertyValueSpecification","valueRequired":true,"valueName":"search_term_string"}}],"inLanguage":"fr-FR"}]}},"_links":{"self":[{"href":"https:\/\/www.joker-fastener.com\/fr\/wp-json\/wp\/v2\/pages\/4298","targetHints":{"allow":["GET"]}}],"collection":[{"href":"https:\/\/www.joker-fastener.com\/fr\/wp-json\/wp\/v2\/pages"}],"about":[{"href":"https:\/\/www.joker-fastener.com\/fr\/wp-json\/wp\/v2\/types\/page"}],"author":[{"embeddable":true,"href":"https:\/\/www.joker-fastener.com\/fr\/wp-json\/wp\/v2\/users\/1"}],"replies":[{"embeddable":true,"href":"https:\/\/www.joker-fastener.com\/fr\/wp-json\/wp\/v2\/comments?post=4298"}],"version-history":[{"count":9,"href":"https:\/\/www.joker-fastener.com\/fr\/wp-json\/wp\/v2\/pages\/4298\/revisions"}],"predecessor-version":[{"id":7865,"href":"https:\/\/www.joker-fastener.com\/fr\/wp-json\/wp\/v2\/pages\/4298\/revisions\/7865"}],"wp:attachment":[{"href":"https:\/\/www.joker-fastener.com\/fr\/wp-json\/wp\/v2\/media?parent=4298"}],"curies":[{"name":"wp","href":"https:\/\/api.w.org\/{rel}","templated":true}]}}