{"id":4533,"date":"2022-06-02T10:59:11","date_gmt":"2022-06-02T02:59:11","guid":{"rendered":"https:\/\/www.joker-fastener.com\/product\/easy-anchor-zamac-alloy\/"},"modified":"2022-09-20T18:11:51","modified_gmt":"2022-09-20T10:11:51","slug":"easy-anchor-zamac-alloy","status":"publish","type":"product","link":"https:\/\/www.joker-fastener.com\/fr\/product\/easy-anchor-zamac-alloy\/","title":{"rendered":"CHEVILLE \u00c0 VISSER ZAMAK AUTOPERCEUSE"},"content":{"rendered":"<p>La <strong>cheville \u00e0 visser<\/strong> est utile pour des charges plus l\u00e9g\u00e8res comme une applique par exemple. Elle ne n\u00e9cessite pas d\u2019outil sp\u00e9cifique, seulement un tournevis ou une visseuse avec un embout cruciforme standard.<\/p>\n","protected":false},"excerpt":{"rendered":"<p>La cheville \u00e0 visser est utile pour des charges plus l\u00e9g\u00e8res comme une applique par exemple. Elle ne n\u00e9cessite pas d\u2019outil sp\u00e9cifique, seulement un tournevis ou une visseuse avec un embout cruciforme standard.<\/p>\n","protected":false},"featured_media":1781,"template":"","meta":{"_acf_changed":false},"product_brand":[],"product_cat":[157],"product_tag":[],"class_list":{"0":"post-4533","1":"product","2":"type-product","3":"status-publish","4":"has-post-thumbnail","6":"product_cat-cavity-plasterboard-fixings-order-fr","8":"first","9":"instock","10":"shipping-taxable","11":"product-type-simple"},"acf":[],"yoast_head":"<!-- This site is optimized with the Yoast SEO plugin v25.0 - https:\/\/yoast.com\/wordpress\/plugins\/seo\/ -->\n<title>CHEVILLE \u00c0 VISSER ZAMAK AUTOPERCEUSE - JOKER INDUSTRIAL CO., LTD<\/title>\n<meta name=\"robots\" content=\"index, follow, max-snippet:-1, max-image-preview:large, max-video-preview:-1\" \/>\n<link rel=\"canonical\" href=\"https:\/\/www.joker-fastener.com\/fr\/product\/easy-anchor-zamac-alloy\/\" \/>\n<meta property=\"og:locale\" content=\"fr_FR\" \/>\n<meta property=\"og:type\" content=\"article\" \/>\n<meta property=\"og:title\" content=\"CHEVILLE \u00c0 VISSER ZAMAK AUTOPERCEUSE - JOKER INDUSTRIAL CO., LTD\" \/>\n<meta property=\"og:description\" content=\"La cheville \u00e0 visser est utile pour des charges plus l\u00e9g\u00e8res comme une applique par exemple. Elle ne n\u00e9cessite pas d\u2019outil sp\u00e9cifique, seulement un tournevis ou une visseuse avec un embout cruciforme standard.\" \/>\n<meta property=\"og:url\" content=\"https:\/\/www.joker-fastener.com\/fr\/product\/easy-anchor-zamac-alloy\/\" \/>\n<meta property=\"og:site_name\" content=\"JOKER INDUSTRIAL CO., LTD\" \/>\n<meta property=\"article:modified_time\" content=\"2022-09-20T10:11:51+00:00\" \/>\n<meta property=\"og:image\" content=\"https:\/\/www.joker-fastener.com\/wp-content\/uploads\/2022\/06\/EASY-ANCHOR.png\" \/>\n\t<meta property=\"og:image:width\" content=\"600\" \/>\n\t<meta property=\"og:image:height\" content=\"600\" \/>\n\t<meta property=\"og:image:type\" content=\"image\/png\" \/>\n<meta name=\"twitter:card\" content=\"summary_large_image\" \/>\n<script type=\"application\/ld+json\" class=\"yoast-schema-graph\">{\"@context\":\"https:\/\/schema.org\",\"@graph\":[{\"@type\":\"WebPage\",\"@id\":\"https:\/\/www.joker-fastener.com\/fr\/product\/easy-anchor-zamac-alloy\/\",\"url\":\"https:\/\/www.joker-fastener.com\/fr\/product\/easy-anchor-zamac-alloy\/\",\"name\":\"CHEVILLE \u00c0 VISSER ZAMAK AUTOPERCEUSE - JOKER INDUSTRIAL CO., LTD\",\"isPartOf\":{\"@id\":\"https:\/\/www.joker-fastener.com\/#website\"},\"primaryImageOfPage\":{\"@id\":\"https:\/\/www.joker-fastener.com\/fr\/product\/easy-anchor-zamac-alloy\/#primaryimage\"},\"image\":{\"@id\":\"https:\/\/www.joker-fastener.com\/fr\/product\/easy-anchor-zamac-alloy\/#primaryimage\"},\"thumbnailUrl\":\"https:\/\/www.joker-fastener.com\/wp-content\/uploads\/2022\/06\/EASY-ANCHOR.png\",\"datePublished\":\"2022-06-02T02:59:11+00:00\",\"dateModified\":\"2022-09-20T10:11:51+00:00\",\"breadcrumb\":{\"@id\":\"https:\/\/www.joker-fastener.com\/fr\/product\/easy-anchor-zamac-alloy\/#breadcrumb\"},\"inLanguage\":\"fr-FR\",\"potentialAction\":[{\"@type\":\"ReadAction\",\"target\":[\"https:\/\/www.joker-fastener.com\/fr\/product\/easy-anchor-zamac-alloy\/\"]}]},{\"@type\":\"ImageObject\",\"inLanguage\":\"fr-FR\",\"@id\":\"https:\/\/www.joker-fastener.com\/fr\/product\/easy-anchor-zamac-alloy\/#primaryimage\",\"url\":\"https:\/\/www.joker-fastener.com\/wp-content\/uploads\/2022\/06\/EASY-ANCHOR.png\",\"contentUrl\":\"https:\/\/www.joker-fastener.com\/wp-content\/uploads\/2022\/06\/EASY-ANCHOR.png\",\"width\":600,\"height\":600,\"caption\":\"easy anchor\"},{\"@type\":\"BreadcrumbList\",\"@id\":\"https:\/\/www.joker-fastener.com\/fr\/product\/easy-anchor-zamac-alloy\/#breadcrumb\",\"itemListElement\":[{\"@type\":\"ListItem\",\"position\":1,\"name\":\"Home\",\"item\":\"https:\/\/www.joker-fastener.com\/fr\/\"},{\"@type\":\"ListItem\",\"position\":2,\"name\":\"Product\",\"item\":\"https:\/\/www.joker-fastener.com\/product\/\"},{\"@type\":\"ListItem\",\"position\":3,\"name\":\"CHEVILLE \u00c0 VISSER ZAMAK AUTOPERCEUSE\"}]},{\"@type\":\"WebSite\",\"@id\":\"https:\/\/www.joker-fastener.com\/#website\",\"url\":\"https:\/\/www.joker-fastener.com\/\",\"name\":\"JOKER INDUSTRIAL CO., LTD\",\"description\":\"Supplier Manufacturer\",\"potentialAction\":[{\"@type\":\"SearchAction\",\"target\":{\"@type\":\"EntryPoint\",\"urlTemplate\":\"https:\/\/www.joker-fastener.com\/?s={search_term_string}\"},\"query-input\":{\"@type\":\"PropertyValueSpecification\",\"valueRequired\":true,\"valueName\":\"search_term_string\"}}],\"inLanguage\":\"fr-FR\"}]}<\/script>\n<!-- \/ Yoast SEO plugin. -->","yoast_head_json":{"title":"CHEVILLE \u00c0 VISSER ZAMAK AUTOPERCEUSE - JOKER INDUSTRIAL CO., LTD","robots":{"index":"index","follow":"follow","max-snippet":"max-snippet:-1","max-image-preview":"max-image-preview:large","max-video-preview":"max-video-preview:-1"},"canonical":"https:\/\/www.joker-fastener.com\/fr\/product\/easy-anchor-zamac-alloy\/","og_locale":"fr_FR","og_type":"article","og_title":"CHEVILLE \u00c0 VISSER ZAMAK AUTOPERCEUSE - JOKER INDUSTRIAL CO., LTD","og_description":"La cheville \u00e0 visser est utile pour des charges plus l\u00e9g\u00e8res comme une applique par exemple. Elle ne n\u00e9cessite pas d\u2019outil sp\u00e9cifique, seulement un tournevis ou une visseuse avec un embout cruciforme standard.","og_url":"https:\/\/www.joker-fastener.com\/fr\/product\/easy-anchor-zamac-alloy\/","og_site_name":"JOKER INDUSTRIAL CO., LTD","article_modified_time":"2022-09-20T10:11:51+00:00","og_image":[{"width":600,"height":600,"url":"https:\/\/www.joker-fastener.com\/wp-content\/uploads\/2022\/06\/EASY-ANCHOR.png","type":"image\/png"}],"twitter_card":"summary_large_image","schema":{"@context":"https:\/\/schema.org","@graph":[{"@type":"WebPage","@id":"https:\/\/www.joker-fastener.com\/fr\/product\/easy-anchor-zamac-alloy\/","url":"https:\/\/www.joker-fastener.com\/fr\/product\/easy-anchor-zamac-alloy\/","name":"CHEVILLE \u00c0 VISSER ZAMAK AUTOPERCEUSE - JOKER INDUSTRIAL CO., LTD","isPartOf":{"@id":"https:\/\/www.joker-fastener.com\/#website"},"primaryImageOfPage":{"@id":"https:\/\/www.joker-fastener.com\/fr\/product\/easy-anchor-zamac-alloy\/#primaryimage"},"image":{"@id":"https:\/\/www.joker-fastener.com\/fr\/product\/easy-anchor-zamac-alloy\/#primaryimage"},"thumbnailUrl":"https:\/\/www.joker-fastener.com\/wp-content\/uploads\/2022\/06\/EASY-ANCHOR.png","datePublished":"2022-06-02T02:59:11+00:00","dateModified":"2022-09-20T10:11:51+00:00","breadcrumb":{"@id":"https:\/\/www.joker-fastener.com\/fr\/product\/easy-anchor-zamac-alloy\/#breadcrumb"},"inLanguage":"fr-FR","potentialAction":[{"@type":"ReadAction","target":["https:\/\/www.joker-fastener.com\/fr\/product\/easy-anchor-zamac-alloy\/"]}]},{"@type":"ImageObject","inLanguage":"fr-FR","@id":"https:\/\/www.joker-fastener.com\/fr\/product\/easy-anchor-zamac-alloy\/#primaryimage","url":"https:\/\/www.joker-fastener.com\/wp-content\/uploads\/2022\/06\/EASY-ANCHOR.png","contentUrl":"https:\/\/www.joker-fastener.com\/wp-content\/uploads\/2022\/06\/EASY-ANCHOR.png","width":600,"height":600,"caption":"easy anchor"},{"@type":"BreadcrumbList","@id":"https:\/\/www.joker-fastener.com\/fr\/product\/easy-anchor-zamac-alloy\/#breadcrumb","itemListElement":[{"@type":"ListItem","position":1,"name":"Home","item":"https:\/\/www.joker-fastener.com\/fr\/"},{"@type":"ListItem","position":2,"name":"Product","item":"https:\/\/www.joker-fastener.com\/product\/"},{"@type":"ListItem","position":3,"name":"CHEVILLE \u00c0 VISSER ZAMAK AUTOPERCEUSE"}]},{"@type":"WebSite","@id":"https:\/\/www.joker-fastener.com\/#website","url":"https:\/\/www.joker-fastener.com\/","name":"JOKER INDUSTRIAL CO., LTD","description":"Supplier Manufacturer","potentialAction":[{"@type":"SearchAction","target":{"@type":"EntryPoint","urlTemplate":"https:\/\/www.joker-fastener.com\/?s={search_term_string}"},"query-input":{"@type":"PropertyValueSpecification","valueRequired":true,"valueName":"search_term_string"}}],"inLanguage":"fr-FR"}]}},"_links":{"self":[{"href":"https:\/\/www.joker-fastener.com\/fr\/wp-json\/wp\/v2\/product\/4533","targetHints":{"allow":["GET"]}}],"collection":[{"href":"https:\/\/www.joker-fastener.com\/fr\/wp-json\/wp\/v2\/product"}],"about":[{"href":"https:\/\/www.joker-fastener.com\/fr\/wp-json\/wp\/v2\/types\/product"}],"wp:featuredmedia":[{"embeddable":true,"href":"https:\/\/www.joker-fastener.com\/fr\/wp-json\/wp\/v2\/media\/1781"}],"wp:attachment":[{"href":"https:\/\/www.joker-fastener.com\/fr\/wp-json\/wp\/v2\/media?parent=4533"}],"wp:term":[{"taxonomy":"product_brand","embeddable":true,"href":"https:\/\/www.joker-fastener.com\/fr\/wp-json\/wp\/v2\/product_brand?post=4533"},{"taxonomy":"product_cat","embeddable":true,"href":"https:\/\/www.joker-fastener.com\/fr\/wp-json\/wp\/v2\/product_cat?post=4533"},{"taxonomy":"product_tag","embeddable":true,"href":"https:\/\/www.joker-fastener.com\/fr\/wp-json\/wp\/v2\/product_tag?post=4533"}],"curies":[{"name":"wp","href":"https:\/\/api.w.org\/{rel}","templated":true}]}}