{"id":4534,"date":"2022-06-05T10:24:54","date_gmt":"2022-06-05T02:24:54","guid":{"rendered":"https:\/\/www.joker-fastener.com\/product\/hollow-wall-anchor-molly-bolts\/"},"modified":"2026-01-22T08:38:46","modified_gmt":"2026-01-22T00:38:46","slug":"hollow-wall-anchor-molly-bolts","status":"publish","type":"product","link":"https:\/\/www.joker-fastener.com\/fr\/product\/hollow-wall-anchor-molly-bolts\/","title":{"rendered":"Cheville \u00e0 expansion metallique, Cheville molly"},"content":{"rendered":"<p>Cheville pour charges moyennes facile \u00e0 installer<\/p>\n<p>Cheville ancre se d\u00e9ploie et s&rsquo;ancre solidement dans le mat\u00e9riau. Les branches d\u00e9formables se plient et se plaquent au dos du mat\u00e9riau creux (en forme de parapluie ou d\u2019\u00e9toile), et agrandissent la surface d&rsquo;appui g\u00e9n\u00e9rant ainsi une r\u00e9sistance optimale \u00e0 l&rsquo;arrachement.<\/p>\n<p><span style=\"font-weight: 400;\">\u00a0<\/span><\/p>\n","protected":false},"excerpt":{"rendered":"<p>Cheville pour charges moyennes facile \u00e0 installer Cheville ancre se d\u00e9ploie et s&rsquo;ancre solidement dans le mat\u00e9riau. Les branches d\u00e9formables se plient et se plaquent au dos du mat\u00e9riau creux (en forme de parapluie ou d\u2019\u00e9toile), et agrandissent la surface d&rsquo;appui g\u00e9n\u00e9rant ainsi une r\u00e9sistance optimale \u00e0 l&rsquo;arrachement. \u00a0<\/p>\n","protected":false},"featured_media":2986,"template":"","meta":{"_acf_changed":false},"product_brand":[],"product_cat":[157],"product_tag":[],"class_list":{"0":"post-4534","1":"product","2":"type-product","3":"status-publish","4":"has-post-thumbnail","6":"product_cat-cavity-plasterboard-fixings-order-fr","8":"first","9":"instock","10":"shipping-taxable","11":"product-type-simple"},"acf":[],"yoast_head":"<!-- This site is optimized with the Yoast SEO plugin v25.0 - https:\/\/yoast.com\/wordpress\/plugins\/seo\/ -->\n<title>Cheville \u00e0 expansion metallique, Cheville molly - JOKER INDUSTRIAL CO., LTD<\/title>\n<meta name=\"robots\" content=\"index, follow, max-snippet:-1, max-image-preview:large, max-video-preview:-1\" \/>\n<link rel=\"canonical\" href=\"https:\/\/www.joker-fastener.com\/fr\/product\/hollow-wall-anchor-molly-bolts\/\" \/>\n<meta property=\"og:locale\" content=\"fr_FR\" \/>\n<meta property=\"og:type\" content=\"article\" \/>\n<meta property=\"og:title\" content=\"Cheville \u00e0 expansion metallique, Cheville molly - JOKER INDUSTRIAL CO., LTD\" \/>\n<meta property=\"og:description\" content=\"Cheville pour charges moyennes facile \u00e0 installer Cheville ancre se d\u00e9ploie et s&rsquo;ancre solidement dans le mat\u00e9riau. Les branches d\u00e9formables se plient et se plaquent au dos du mat\u00e9riau creux (en forme de parapluie ou d\u2019\u00e9toile), et agrandissent la surface d&rsquo;appui g\u00e9n\u00e9rant ainsi une r\u00e9sistance optimale \u00e0 l&rsquo;arrachement. \u00a0\" \/>\n<meta property=\"og:url\" content=\"https:\/\/www.joker-fastener.com\/fr\/product\/hollow-wall-anchor-molly-bolts\/\" \/>\n<meta property=\"og:site_name\" content=\"JOKER INDUSTRIAL CO., LTD\" \/>\n<meta property=\"article:modified_time\" content=\"2026-01-22T00:38:46+00:00\" \/>\n<meta property=\"og:image\" content=\"https:\/\/www.joker-fastener.com\/wp-content\/uploads\/2022\/06\/Hollow-wall-anchor-Wuga-01.jpg\" \/>\n\t<meta property=\"og:image:width\" content=\"806\" \/>\n\t<meta property=\"og:image:height\" content=\"806\" \/>\n\t<meta property=\"og:image:type\" content=\"image\/jpeg\" \/>\n<meta name=\"twitter:card\" content=\"summary_large_image\" \/>\n<meta name=\"twitter:label1\" content=\"Dur\u00e9e de lecture estim\u00e9e\" \/>\n\t<meta name=\"twitter:data1\" content=\"1 minute\" \/>\n<script type=\"application\/ld+json\" class=\"yoast-schema-graph\">{\"@context\":\"https:\/\/schema.org\",\"@graph\":[{\"@type\":\"WebPage\",\"@id\":\"https:\/\/www.joker-fastener.com\/fr\/product\/hollow-wall-anchor-molly-bolts\/\",\"url\":\"https:\/\/www.joker-fastener.com\/fr\/product\/hollow-wall-anchor-molly-bolts\/\",\"name\":\"Cheville \u00e0 expansion metallique, Cheville molly - JOKER INDUSTRIAL CO., LTD\",\"isPartOf\":{\"@id\":\"https:\/\/www.joker-fastener.com\/#website\"},\"primaryImageOfPage\":{\"@id\":\"https:\/\/www.joker-fastener.com\/fr\/product\/hollow-wall-anchor-molly-bolts\/#primaryimage\"},\"image\":{\"@id\":\"https:\/\/www.joker-fastener.com\/fr\/product\/hollow-wall-anchor-molly-bolts\/#primaryimage\"},\"thumbnailUrl\":\"https:\/\/www.joker-fastener.com\/wp-content\/uploads\/2022\/06\/Hollow-wall-anchor-Wuga-01.jpg\",\"datePublished\":\"2022-06-05T02:24:54+00:00\",\"dateModified\":\"2026-01-22T00:38:46+00:00\",\"breadcrumb\":{\"@id\":\"https:\/\/www.joker-fastener.com\/fr\/product\/hollow-wall-anchor-molly-bolts\/#breadcrumb\"},\"inLanguage\":\"fr-FR\",\"potentialAction\":[{\"@type\":\"ReadAction\",\"target\":[\"https:\/\/www.joker-fastener.com\/fr\/product\/hollow-wall-anchor-molly-bolts\/\"]}]},{\"@type\":\"ImageObject\",\"inLanguage\":\"fr-FR\",\"@id\":\"https:\/\/www.joker-fastener.com\/fr\/product\/hollow-wall-anchor-molly-bolts\/#primaryimage\",\"url\":\"https:\/\/www.joker-fastener.com\/wp-content\/uploads\/2022\/06\/Hollow-wall-anchor-Wuga-01.jpg\",\"contentUrl\":\"https:\/\/www.joker-fastener.com\/wp-content\/uploads\/2022\/06\/Hollow-wall-anchor-Wuga-01.jpg\",\"width\":806,\"height\":806,\"caption\":\"molly hollow wall anchor with patent\"},{\"@type\":\"BreadcrumbList\",\"@id\":\"https:\/\/www.joker-fastener.com\/fr\/product\/hollow-wall-anchor-molly-bolts\/#breadcrumb\",\"itemListElement\":[{\"@type\":\"ListItem\",\"position\":1,\"name\":\"Home\",\"item\":\"https:\/\/www.joker-fastener.com\/fr\/\"},{\"@type\":\"ListItem\",\"position\":2,\"name\":\"Product\",\"item\":\"https:\/\/www.joker-fastener.com\/product\/\"},{\"@type\":\"ListItem\",\"position\":3,\"name\":\"Cheville \u00e0 expansion metallique, Cheville molly\"}]},{\"@type\":\"WebSite\",\"@id\":\"https:\/\/www.joker-fastener.com\/#website\",\"url\":\"https:\/\/www.joker-fastener.com\/\",\"name\":\"JOKER INDUSTRIAL CO., LTD\",\"description\":\"Supplier Manufacturer\",\"potentialAction\":[{\"@type\":\"SearchAction\",\"target\":{\"@type\":\"EntryPoint\",\"urlTemplate\":\"https:\/\/www.joker-fastener.com\/?s={search_term_string}\"},\"query-input\":{\"@type\":\"PropertyValueSpecification\",\"valueRequired\":true,\"valueName\":\"search_term_string\"}}],\"inLanguage\":\"fr-FR\"}]}<\/script>\n<!-- \/ Yoast SEO plugin. -->","yoast_head_json":{"title":"Cheville \u00e0 expansion metallique, Cheville molly - JOKER INDUSTRIAL CO., LTD","robots":{"index":"index","follow":"follow","max-snippet":"max-snippet:-1","max-image-preview":"max-image-preview:large","max-video-preview":"max-video-preview:-1"},"canonical":"https:\/\/www.joker-fastener.com\/fr\/product\/hollow-wall-anchor-molly-bolts\/","og_locale":"fr_FR","og_type":"article","og_title":"Cheville \u00e0 expansion metallique, Cheville molly - JOKER INDUSTRIAL CO., LTD","og_description":"Cheville pour charges moyennes facile \u00e0 installer Cheville ancre se d\u00e9ploie et s&rsquo;ancre solidement dans le mat\u00e9riau. Les branches d\u00e9formables se plient et se plaquent au dos du mat\u00e9riau creux (en forme de parapluie ou d\u2019\u00e9toile), et agrandissent la surface d&rsquo;appui g\u00e9n\u00e9rant ainsi une r\u00e9sistance optimale \u00e0 l&rsquo;arrachement. \u00a0","og_url":"https:\/\/www.joker-fastener.com\/fr\/product\/hollow-wall-anchor-molly-bolts\/","og_site_name":"JOKER INDUSTRIAL CO., LTD","article_modified_time":"2026-01-22T00:38:46+00:00","og_image":[{"width":806,"height":806,"url":"https:\/\/www.joker-fastener.com\/wp-content\/uploads\/2022\/06\/Hollow-wall-anchor-Wuga-01.jpg","type":"image\/jpeg"}],"twitter_card":"summary_large_image","twitter_misc":{"Dur\u00e9e de lecture estim\u00e9e":"1 minute"},"schema":{"@context":"https:\/\/schema.org","@graph":[{"@type":"WebPage","@id":"https:\/\/www.joker-fastener.com\/fr\/product\/hollow-wall-anchor-molly-bolts\/","url":"https:\/\/www.joker-fastener.com\/fr\/product\/hollow-wall-anchor-molly-bolts\/","name":"Cheville \u00e0 expansion metallique, Cheville molly - JOKER INDUSTRIAL CO., LTD","isPartOf":{"@id":"https:\/\/www.joker-fastener.com\/#website"},"primaryImageOfPage":{"@id":"https:\/\/www.joker-fastener.com\/fr\/product\/hollow-wall-anchor-molly-bolts\/#primaryimage"},"image":{"@id":"https:\/\/www.joker-fastener.com\/fr\/product\/hollow-wall-anchor-molly-bolts\/#primaryimage"},"thumbnailUrl":"https:\/\/www.joker-fastener.com\/wp-content\/uploads\/2022\/06\/Hollow-wall-anchor-Wuga-01.jpg","datePublished":"2022-06-05T02:24:54+00:00","dateModified":"2026-01-22T00:38:46+00:00","breadcrumb":{"@id":"https:\/\/www.joker-fastener.com\/fr\/product\/hollow-wall-anchor-molly-bolts\/#breadcrumb"},"inLanguage":"fr-FR","potentialAction":[{"@type":"ReadAction","target":["https:\/\/www.joker-fastener.com\/fr\/product\/hollow-wall-anchor-molly-bolts\/"]}]},{"@type":"ImageObject","inLanguage":"fr-FR","@id":"https:\/\/www.joker-fastener.com\/fr\/product\/hollow-wall-anchor-molly-bolts\/#primaryimage","url":"https:\/\/www.joker-fastener.com\/wp-content\/uploads\/2022\/06\/Hollow-wall-anchor-Wuga-01.jpg","contentUrl":"https:\/\/www.joker-fastener.com\/wp-content\/uploads\/2022\/06\/Hollow-wall-anchor-Wuga-01.jpg","width":806,"height":806,"caption":"molly hollow wall anchor with patent"},{"@type":"BreadcrumbList","@id":"https:\/\/www.joker-fastener.com\/fr\/product\/hollow-wall-anchor-molly-bolts\/#breadcrumb","itemListElement":[{"@type":"ListItem","position":1,"name":"Home","item":"https:\/\/www.joker-fastener.com\/fr\/"},{"@type":"ListItem","position":2,"name":"Product","item":"https:\/\/www.joker-fastener.com\/product\/"},{"@type":"ListItem","position":3,"name":"Cheville \u00e0 expansion metallique, Cheville molly"}]},{"@type":"WebSite","@id":"https:\/\/www.joker-fastener.com\/#website","url":"https:\/\/www.joker-fastener.com\/","name":"JOKER INDUSTRIAL CO., LTD","description":"Supplier Manufacturer","potentialAction":[{"@type":"SearchAction","target":{"@type":"EntryPoint","urlTemplate":"https:\/\/www.joker-fastener.com\/?s={search_term_string}"},"query-input":{"@type":"PropertyValueSpecification","valueRequired":true,"valueName":"search_term_string"}}],"inLanguage":"fr-FR"}]}},"_links":{"self":[{"href":"https:\/\/www.joker-fastener.com\/fr\/wp-json\/wp\/v2\/product\/4534","targetHints":{"allow":["GET"]}}],"collection":[{"href":"https:\/\/www.joker-fastener.com\/fr\/wp-json\/wp\/v2\/product"}],"about":[{"href":"https:\/\/www.joker-fastener.com\/fr\/wp-json\/wp\/v2\/types\/product"}],"wp:featuredmedia":[{"embeddable":true,"href":"https:\/\/www.joker-fastener.com\/fr\/wp-json\/wp\/v2\/media\/2986"}],"wp:attachment":[{"href":"https:\/\/www.joker-fastener.com\/fr\/wp-json\/wp\/v2\/media?parent=4534"}],"wp:term":[{"taxonomy":"product_brand","embeddable":true,"href":"https:\/\/www.joker-fastener.com\/fr\/wp-json\/wp\/v2\/product_brand?post=4534"},{"taxonomy":"product_cat","embeddable":true,"href":"https:\/\/www.joker-fastener.com\/fr\/wp-json\/wp\/v2\/product_cat?post=4534"},{"taxonomy":"product_tag","embeddable":true,"href":"https:\/\/www.joker-fastener.com\/fr\/wp-json\/wp\/v2\/product_tag?post=4534"}],"curies":[{"name":"wp","href":"https:\/\/api.w.org\/{rel}","templated":true}]}}