{"id":4535,"date":"2022-12-28T10:50:28","date_gmt":"2022-12-28T02:50:28","guid":{"rendered":"https:\/\/www.joker-fastener.com\/product\/hammer-in-fixingsnew-fixing\/"},"modified":"2022-09-22T14:55:20","modified_gmt":"2022-09-22T06:55:20","slug":"hammer-in-fixingsnew-fixing","status":"publish","type":"product","link":"https:\/\/www.joker-fastener.com\/fr\/product\/hammer-in-fixingsnew-fixing\/","title":{"rendered":"Cheville de fixation extra  sp\u00e9ciale pl\u00e2te, GOLD ray\/ram fix"},"content":{"rendered":"<p>Le principal avantage de ce type de cheville est sa rapidit\u00e9 de pose, il n\u2019y a pas besoin de percer, est une cheville en acier \u00e0 enfoncer pour plaques de pl\u00e2tre. Gr\u00e2ce \u00e0 son embout crant\u00e9, le pr\u00e9-per\u00e7age n&rsquo;est pas n\u00e9cessaire. Une fois enfonc\u00e9e au marteau, la cheville s&rsquo;expanse au vissage et ne tourne pas. Elle peut supporter jusqu&rsquo;\u00e0 20 kg.<\/p>\n","protected":false},"excerpt":{"rendered":"<p>Le principal avantage de ce type de cheville est sa rapidit\u00e9 de pose, il n\u2019y a pas besoin de percer, est une cheville en acier \u00e0 enfoncer pour plaques de pl\u00e2tre. Gr\u00e2ce \u00e0 son embout crant\u00e9, le pr\u00e9-per\u00e7age n&rsquo;est pas n\u00e9cessaire. Une fois enfonc\u00e9e au marteau, la cheville s&rsquo;expanse au vissage et ne tourne pas. [&hellip;]<\/p>\n","protected":false},"featured_media":5258,"template":"","meta":{"_acf_changed":false},"product_brand":[],"product_cat":[159,140,157,158],"product_tag":[],"class_list":{"0":"post-4535","1":"product","2":"type-product","3":"status-publish","4":"has-post-thumbnail","6":"product_cat-cavity-plasterboard-fixings-order-zh-hant","7":"product_cat-hammer-in-fixings-order-fr","8":"product_cat-cavity-plasterboard-fixings-order-fr","9":"product_cat-cavity-plasterboard-fixings-order-de","11":"first","12":"instock","13":"shipping-taxable","14":"product-type-simple"},"acf":[],"yoast_head":"<!-- This site is optimized with the Yoast SEO plugin v25.0 - https:\/\/yoast.com\/wordpress\/plugins\/seo\/ -->\n<title>Cheville de fixation extra sp\u00e9ciale pl\u00e2te, GOLD ray\/ram fix - JOKER INDUSTRIAL CO., LTD<\/title>\n<meta name=\"robots\" content=\"index, follow, max-snippet:-1, max-image-preview:large, max-video-preview:-1\" \/>\n<link rel=\"canonical\" href=\"https:\/\/www.joker-fastener.com\/fr\/product\/hammer-in-fixingsnew-fixing\/\" \/>\n<meta property=\"og:locale\" content=\"fr_FR\" \/>\n<meta property=\"og:type\" content=\"article\" \/>\n<meta property=\"og:title\" content=\"Cheville de fixation extra sp\u00e9ciale pl\u00e2te, GOLD ray\/ram fix - JOKER INDUSTRIAL CO., LTD\" \/>\n<meta property=\"og:description\" content=\"Le principal avantage de ce type de cheville est sa rapidit\u00e9 de pose, il n\u2019y a pas besoin de percer, est une cheville en acier \u00e0 enfoncer pour plaques de pl\u00e2tre. Gr\u00e2ce \u00e0 son embout crant\u00e9, le pr\u00e9-per\u00e7age n&rsquo;est pas n\u00e9cessaire. Une fois enfonc\u00e9e au marteau, la cheville s&rsquo;expanse au vissage et ne tourne pas. [&hellip;]\" \/>\n<meta property=\"og:url\" content=\"https:\/\/www.joker-fastener.com\/fr\/product\/hammer-in-fixingsnew-fixing\/\" \/>\n<meta property=\"og:site_name\" content=\"JOKER INDUSTRIAL CO., LTD\" \/>\n<meta property=\"og:image\" content=\"https:\/\/www.joker-fastener.com\/wp-content\/uploads\/2022\/06\/02-1.png\" \/>\n\t<meta property=\"og:image:width\" content=\"2000\" \/>\n\t<meta property=\"og:image:height\" content=\"2000\" \/>\n\t<meta property=\"og:image:type\" content=\"image\/png\" \/>\n<meta name=\"twitter:card\" content=\"summary_large_image\" \/>\n<script type=\"application\/ld+json\" class=\"yoast-schema-graph\">{\"@context\":\"https:\/\/schema.org\",\"@graph\":[{\"@type\":\"WebPage\",\"@id\":\"https:\/\/www.joker-fastener.com\/fr\/product\/hammer-in-fixingsnew-fixing\/\",\"url\":\"https:\/\/www.joker-fastener.com\/fr\/product\/hammer-in-fixingsnew-fixing\/\",\"name\":\"Cheville de fixation extra sp\u00e9ciale pl\u00e2te, GOLD ray\/ram fix - JOKER INDUSTRIAL CO., LTD\",\"isPartOf\":{\"@id\":\"https:\/\/www.joker-fastener.com\/#website\"},\"primaryImageOfPage\":{\"@id\":\"https:\/\/www.joker-fastener.com\/fr\/product\/hammer-in-fixingsnew-fixing\/#primaryimage\"},\"image\":{\"@id\":\"https:\/\/www.joker-fastener.com\/fr\/product\/hammer-in-fixingsnew-fixing\/#primaryimage\"},\"thumbnailUrl\":\"https:\/\/www.joker-fastener.com\/wp-content\/uploads\/2022\/11\/new-fixings.jpg\",\"datePublished\":\"2022-12-28T02:50:28+00:00\",\"breadcrumb\":{\"@id\":\"https:\/\/www.joker-fastener.com\/fr\/product\/hammer-in-fixingsnew-fixing\/#breadcrumb\"},\"inLanguage\":\"fr-FR\",\"potentialAction\":[{\"@type\":\"ReadAction\",\"target\":[\"https:\/\/www.joker-fastener.com\/fr\/product\/hammer-in-fixingsnew-fixing\/\"]}]},{\"@type\":\"ImageObject\",\"inLanguage\":\"fr-FR\",\"@id\":\"https:\/\/www.joker-fastener.com\/fr\/product\/hammer-in-fixingsnew-fixing\/#primaryimage\",\"url\":\"https:\/\/www.joker-fastener.com\/wp-content\/uploads\/2022\/11\/new-fixings.jpg\",\"contentUrl\":\"https:\/\/www.joker-fastener.com\/wp-content\/uploads\/2022\/11\/new-fixings.jpg\",\"width\":360,\"height\":360,\"caption\":\"new fixings\"},{\"@type\":\"BreadcrumbList\",\"@id\":\"https:\/\/www.joker-fastener.com\/fr\/product\/hammer-in-fixingsnew-fixing\/#breadcrumb\",\"itemListElement\":[{\"@type\":\"ListItem\",\"position\":1,\"name\":\"Home\",\"item\":\"https:\/\/www.joker-fastener.com\/fr\/\"},{\"@type\":\"ListItem\",\"position\":2,\"name\":\"Product\",\"item\":\"https:\/\/www.joker-fastener.com\/product\/\"},{\"@type\":\"ListItem\",\"position\":3,\"name\":\"Cheville de fixation extra sp\u00e9ciale pl\u00e2te, GOLD ray\/ram fix\"}]},{\"@type\":\"WebSite\",\"@id\":\"https:\/\/www.joker-fastener.com\/#website\",\"url\":\"https:\/\/www.joker-fastener.com\/\",\"name\":\"JOKER INDUSTRIAL CO., LTD\",\"description\":\"Supplier Manufacturer\",\"potentialAction\":[{\"@type\":\"SearchAction\",\"target\":{\"@type\":\"EntryPoint\",\"urlTemplate\":\"https:\/\/www.joker-fastener.com\/?s={search_term_string}\"},\"query-input\":{\"@type\":\"PropertyValueSpecification\",\"valueRequired\":true,\"valueName\":\"search_term_string\"}}],\"inLanguage\":\"fr-FR\"}]}<\/script>\n<!-- \/ Yoast SEO plugin. -->","yoast_head_json":{"title":"Cheville de fixation extra sp\u00e9ciale pl\u00e2te, GOLD ray\/ram fix - JOKER INDUSTRIAL CO., LTD","robots":{"index":"index","follow":"follow","max-snippet":"max-snippet:-1","max-image-preview":"max-image-preview:large","max-video-preview":"max-video-preview:-1"},"canonical":"https:\/\/www.joker-fastener.com\/fr\/product\/hammer-in-fixingsnew-fixing\/","og_locale":"fr_FR","og_type":"article","og_title":"Cheville de fixation extra sp\u00e9ciale pl\u00e2te, GOLD ray\/ram fix - JOKER INDUSTRIAL CO., LTD","og_description":"Le principal avantage de ce type de cheville est sa rapidit\u00e9 de pose, il n\u2019y a pas besoin de percer, est une cheville en acier \u00e0 enfoncer pour plaques de pl\u00e2tre. Gr\u00e2ce \u00e0 son embout crant\u00e9, le pr\u00e9-per\u00e7age n&rsquo;est pas n\u00e9cessaire. Une fois enfonc\u00e9e au marteau, la cheville s&rsquo;expanse au vissage et ne tourne pas. [&hellip;]","og_url":"https:\/\/www.joker-fastener.com\/fr\/product\/hammer-in-fixingsnew-fixing\/","og_site_name":"JOKER INDUSTRIAL CO., LTD","og_image":[{"width":2000,"height":2000,"url":"https:\/\/www.joker-fastener.com\/wp-content\/uploads\/2022\/06\/02-1.png","type":"image\/png"}],"twitter_card":"summary_large_image","schema":{"@context":"https:\/\/schema.org","@graph":[{"@type":"WebPage","@id":"https:\/\/www.joker-fastener.com\/fr\/product\/hammer-in-fixingsnew-fixing\/","url":"https:\/\/www.joker-fastener.com\/fr\/product\/hammer-in-fixingsnew-fixing\/","name":"Cheville de fixation extra sp\u00e9ciale pl\u00e2te, GOLD ray\/ram fix - JOKER INDUSTRIAL CO., LTD","isPartOf":{"@id":"https:\/\/www.joker-fastener.com\/#website"},"primaryImageOfPage":{"@id":"https:\/\/www.joker-fastener.com\/fr\/product\/hammer-in-fixingsnew-fixing\/#primaryimage"},"image":{"@id":"https:\/\/www.joker-fastener.com\/fr\/product\/hammer-in-fixingsnew-fixing\/#primaryimage"},"thumbnailUrl":"https:\/\/www.joker-fastener.com\/wp-content\/uploads\/2022\/11\/new-fixings.jpg","datePublished":"2022-12-28T02:50:28+00:00","breadcrumb":{"@id":"https:\/\/www.joker-fastener.com\/fr\/product\/hammer-in-fixingsnew-fixing\/#breadcrumb"},"inLanguage":"fr-FR","potentialAction":[{"@type":"ReadAction","target":["https:\/\/www.joker-fastener.com\/fr\/product\/hammer-in-fixingsnew-fixing\/"]}]},{"@type":"ImageObject","inLanguage":"fr-FR","@id":"https:\/\/www.joker-fastener.com\/fr\/product\/hammer-in-fixingsnew-fixing\/#primaryimage","url":"https:\/\/www.joker-fastener.com\/wp-content\/uploads\/2022\/11\/new-fixings.jpg","contentUrl":"https:\/\/www.joker-fastener.com\/wp-content\/uploads\/2022\/11\/new-fixings.jpg","width":360,"height":360,"caption":"new fixings"},{"@type":"BreadcrumbList","@id":"https:\/\/www.joker-fastener.com\/fr\/product\/hammer-in-fixingsnew-fixing\/#breadcrumb","itemListElement":[{"@type":"ListItem","position":1,"name":"Home","item":"https:\/\/www.joker-fastener.com\/fr\/"},{"@type":"ListItem","position":2,"name":"Product","item":"https:\/\/www.joker-fastener.com\/product\/"},{"@type":"ListItem","position":3,"name":"Cheville de fixation extra sp\u00e9ciale pl\u00e2te, GOLD ray\/ram fix"}]},{"@type":"WebSite","@id":"https:\/\/www.joker-fastener.com\/#website","url":"https:\/\/www.joker-fastener.com\/","name":"JOKER INDUSTRIAL CO., LTD","description":"Supplier Manufacturer","potentialAction":[{"@type":"SearchAction","target":{"@type":"EntryPoint","urlTemplate":"https:\/\/www.joker-fastener.com\/?s={search_term_string}"},"query-input":{"@type":"PropertyValueSpecification","valueRequired":true,"valueName":"search_term_string"}}],"inLanguage":"fr-FR"}]}},"_links":{"self":[{"href":"https:\/\/www.joker-fastener.com\/fr\/wp-json\/wp\/v2\/product\/4535","targetHints":{"allow":["GET"]}}],"collection":[{"href":"https:\/\/www.joker-fastener.com\/fr\/wp-json\/wp\/v2\/product"}],"about":[{"href":"https:\/\/www.joker-fastener.com\/fr\/wp-json\/wp\/v2\/types\/product"}],"wp:featuredmedia":[{"embeddable":true,"href":"https:\/\/www.joker-fastener.com\/fr\/wp-json\/wp\/v2\/media\/5258"}],"wp:attachment":[{"href":"https:\/\/www.joker-fastener.com\/fr\/wp-json\/wp\/v2\/media?parent=4535"}],"wp:term":[{"taxonomy":"product_brand","embeddable":true,"href":"https:\/\/www.joker-fastener.com\/fr\/wp-json\/wp\/v2\/product_brand?post=4535"},{"taxonomy":"product_cat","embeddable":true,"href":"https:\/\/www.joker-fastener.com\/fr\/wp-json\/wp\/v2\/product_cat?post=4535"},{"taxonomy":"product_tag","embeddable":true,"href":"https:\/\/www.joker-fastener.com\/fr\/wp-json\/wp\/v2\/product_tag?post=4535"}],"curies":[{"name":"wp","href":"https:\/\/api.w.org\/{rel}","templated":true}]}}