{"id":4536,"date":"2022-10-02T11:22:25","date_gmt":"2022-10-02T03:22:25","guid":{"rendered":"https:\/\/www.joker-fastener.com\/product\/bi-metal\/"},"modified":"2024-07-10T16:42:14","modified_gmt":"2024-07-10T08:42:14","slug":"bi-metal","status":"publish","type":"product","link":"https:\/\/www.joker-fastener.com\/fr\/product\/bi-metal\/","title":{"rendered":"VIS B\u00c9TON T\u00caTE HEXAGONALE \u00c0 EMBASE &#8211; INOX A4"},"content":{"rendered":"<p><span style=\"font-weight: 400;\"><img loading=\"lazy\" decoding=\"async\" class=\"alignnone wp-image-365\" src=\"https:\/\/www.joker-fastener.com\/wp-content\/uploads\/2022\/02\/ETA.png\" alt=\"\" width=\"60\" height=\"60\" srcset=\"https:\/\/www.joker-fastener.com\/wp-content\/uploads\/2022\/02\/ETA.png 200w, https:\/\/www.joker-fastener.com\/wp-content\/uploads\/2022\/02\/ETA-150x150.png 150w, https:\/\/www.joker-fastener.com\/wp-content\/uploads\/2022\/02\/ETA-100x100.png 100w\" sizes=\"auto, (max-width: 60px) 100vw, 60px\" \/> <\/span><span style=\"font-weight: 400;\"><img loading=\"lazy\" decoding=\"async\" class=\"alignnone wp-image-366\" src=\"https:\/\/www.joker-fastener.com\/wp-content\/uploads\/2022\/02\/FIRE-RESISTANCE.png\" alt=\"\" width=\"60\" height=\"60\" srcset=\"https:\/\/www.joker-fastener.com\/wp-content\/uploads\/2022\/02\/FIRE-RESISTANCE.png 200w, https:\/\/www.joker-fastener.com\/wp-content\/uploads\/2022\/02\/FIRE-RESISTANCE-150x150.png 150w, https:\/\/www.joker-fastener.com\/wp-content\/uploads\/2022\/02\/FIRE-RESISTANCE-100x100.png 100w\" sizes=\"auto, (max-width: 60px) 100vw, 60px\" \/> <\/span><span style=\"font-weight: 400;\">\u00a0<\/span><span style=\"font-weight: 400;\"><img loading=\"lazy\" decoding=\"async\" class=\"alignnone wp-image-369\" src=\"https:\/\/www.joker-fastener.com\/wp-content\/uploads\/2022\/02\/ISO\u5c0f\u5716\u793a-1.png\" alt=\"\" width=\"60\" height=\"60\" srcset=\"https:\/\/www.joker-fastener.com\/wp-content\/uploads\/2022\/02\/ISO\u5c0f\u5716\u793a-1.png 200w, https:\/\/www.joker-fastener.com\/wp-content\/uploads\/2022\/02\/ISO\u5c0f\u5716\u793a-1-150x150.png 150w, https:\/\/www.joker-fastener.com\/wp-content\/uploads\/2022\/02\/ISO\u5c0f\u5716\u793a-1-100x100.png 100w\" sizes=\"auto, (max-width: 60px) 100vw, 60px\" \/><\/span><\/p>\n<p>&nbsp;<\/p>\n<p>Pour une meilleure protection contre la corrosion et peut \u00eatre utilis\u00e9 \u00e0 l&rsquo;ext\u00e9rieur, dans les atmosph\u00e8res industrielles, les zones c\u00f4ti\u00e8res et les environnements int\u00e9rieurs humides permanents pour obtenir une dur\u00e9e de vie minimale de 50 ans, JOKER a produit une tige en acier inoxydable A4 soud\u00e9e avec une pointe de per\u00e7age en acier au carbone, et parce que La vis \u00e0 b\u00e9ton autotaraudeuse Joker A4 avec triple filetage haut-bas offre une charge d&rsquo;extraction maximale et un montage efficace.<\/p>\n<p>&nbsp;<\/p>\n<p>A4-316 Vis \u00e0 b\u00e9ton en acier inoxydable aust\u00e9nitique \u00e0 \u00e9valuer par ETE d&rsquo;ici la fin de 2022 dans les tailles 6, 8 et 10.<\/p>\n","protected":false},"excerpt":{"rendered":"<p>\u00a0 &nbsp; Pour une meilleure protection contre la corrosion et peut \u00eatre utilis\u00e9 \u00e0 l&rsquo;ext\u00e9rieur, dans les atmosph\u00e8res industrielles, les zones c\u00f4ti\u00e8res et les environnements int\u00e9rieurs humides permanents pour obtenir une dur\u00e9e de vie minimale de 50 ans, JOKER a produit une tige en acier inoxydable A4 soud\u00e9e avec une pointe de per\u00e7age en acier [&hellip;]<\/p>\n","protected":false},"featured_media":5408,"template":"","meta":{"_acf_changed":false},"product_brand":[],"product_cat":[146,164],"product_tag":[],"class_list":{"0":"post-4536","1":"product","2":"type-product","3":"status-publish","4":"has-post-thumbnail","6":"product_cat-concrete-fixings-order-fr","7":"product_cat-concrete-screw-order-fr","9":"first","10":"instock","11":"shipping-taxable","12":"product-type-simple"},"acf":[],"yoast_head":"<!-- This site is optimized with the Yoast SEO plugin v25.0 - https:\/\/yoast.com\/wordpress\/plugins\/seo\/ -->\n<title>VIS B\u00c9TON T\u00caTE HEXAGONALE \u00c0 EMBASE - INOX A4 - JOKER INDUSTRIAL CO., LTD<\/title>\n<meta name=\"description\" content=\"JOKER a produit une tige en acier inoxydable A4 soud\u00e9e avec une pointe de per\u00e7age en acier au carbone, et parce que La vis \u00e0 b\u00e9ton autotaraudeuse Joker A4 avec triple filetage haut-bas offre une charge d&#039;extraction maximale et un montage efficace.\" \/>\n<meta name=\"robots\" content=\"index, follow, max-snippet:-1, max-image-preview:large, max-video-preview:-1\" \/>\n<link rel=\"canonical\" href=\"https:\/\/www.joker-fastener.com\/fr\/product\/bi-metal\/\" \/>\n<meta property=\"og:locale\" content=\"fr_FR\" \/>\n<meta property=\"og:type\" content=\"article\" \/>\n<meta property=\"og:title\" content=\"VIS B\u00c9TON T\u00caTE HEXAGONALE \u00c0 EMBASE - INOX A4 - JOKER INDUSTRIAL CO., LTD\" \/>\n<meta property=\"og:description\" content=\"JOKER a produit une tige en acier inoxydable A4 soud\u00e9e avec une pointe de per\u00e7age en acier au carbone, et parce que La vis \u00e0 b\u00e9ton autotaraudeuse Joker A4 avec triple filetage haut-bas offre une charge d&#039;extraction maximale et un montage efficace.\" \/>\n<meta property=\"og:url\" content=\"https:\/\/www.joker-fastener.com\/fr\/product\/bi-metal\/\" \/>\n<meta property=\"og:site_name\" content=\"JOKER INDUSTRIAL CO., LTD\" \/>\n<meta property=\"article:modified_time\" content=\"2024-07-10T08:42:14+00:00\" \/>\n<meta property=\"og:image\" content=\"https:\/\/www.joker-fastener.com\/wp-content\/uploads\/2022\/12\/Bi-metal-concrete-screw-01.jpg\" \/>\n\t<meta property=\"og:image:width\" content=\"800\" \/>\n\t<meta property=\"og:image:height\" content=\"800\" \/>\n\t<meta property=\"og:image:type\" content=\"image\/jpeg\" \/>\n<meta name=\"twitter:card\" content=\"summary_large_image\" \/>\n<meta name=\"twitter:label1\" content=\"Dur\u00e9e de lecture estim\u00e9e\" \/>\n\t<meta name=\"twitter:data1\" content=\"2 minutes\" \/>\n<script type=\"application\/ld+json\" class=\"yoast-schema-graph\">{\"@context\":\"https:\/\/schema.org\",\"@graph\":[{\"@type\":\"WebPage\",\"@id\":\"https:\/\/www.joker-fastener.com\/fr\/product\/bi-metal\/\",\"url\":\"https:\/\/www.joker-fastener.com\/fr\/product\/bi-metal\/\",\"name\":\"VIS B\u00c9TON T\u00caTE HEXAGONALE \u00c0 EMBASE - INOX A4 - JOKER INDUSTRIAL CO., LTD\",\"isPartOf\":{\"@id\":\"https:\/\/www.joker-fastener.com\/#website\"},\"primaryImageOfPage\":{\"@id\":\"https:\/\/www.joker-fastener.com\/fr\/product\/bi-metal\/#primaryimage\"},\"image\":{\"@id\":\"https:\/\/www.joker-fastener.com\/fr\/product\/bi-metal\/#primaryimage\"},\"thumbnailUrl\":\"https:\/\/www.joker-fastener.com\/wp-content\/uploads\/2022\/12\/Bi-metal-concrete-screw-01.jpg\",\"datePublished\":\"2022-10-02T03:22:25+00:00\",\"dateModified\":\"2024-07-10T08:42:14+00:00\",\"description\":\"JOKER a produit une tige en acier inoxydable A4 soud\u00e9e avec une pointe de per\u00e7age en acier au carbone, et parce que La vis \u00e0 b\u00e9ton autotaraudeuse Joker A4 avec triple filetage haut-bas offre une charge d'extraction maximale et un montage efficace.\",\"breadcrumb\":{\"@id\":\"https:\/\/www.joker-fastener.com\/fr\/product\/bi-metal\/#breadcrumb\"},\"inLanguage\":\"fr-FR\",\"potentialAction\":[{\"@type\":\"ReadAction\",\"target\":[\"https:\/\/www.joker-fastener.com\/fr\/product\/bi-metal\/\"]}]},{\"@type\":\"ImageObject\",\"inLanguage\":\"fr-FR\",\"@id\":\"https:\/\/www.joker-fastener.com\/fr\/product\/bi-metal\/#primaryimage\",\"url\":\"https:\/\/www.joker-fastener.com\/wp-content\/uploads\/2022\/12\/Bi-metal-concrete-screw-01.jpg\",\"contentUrl\":\"https:\/\/www.joker-fastener.com\/wp-content\/uploads\/2022\/12\/Bi-metal-concrete-screw-01.jpg\",\"width\":800,\"height\":800,\"caption\":\"A4 Bi-metal concrete screw\"},{\"@type\":\"BreadcrumbList\",\"@id\":\"https:\/\/www.joker-fastener.com\/fr\/product\/bi-metal\/#breadcrumb\",\"itemListElement\":[{\"@type\":\"ListItem\",\"position\":1,\"name\":\"Home\",\"item\":\"https:\/\/www.joker-fastener.com\/fr\/\"},{\"@type\":\"ListItem\",\"position\":2,\"name\":\"Product\",\"item\":\"https:\/\/www.joker-fastener.com\/product\/\"},{\"@type\":\"ListItem\",\"position\":3,\"name\":\"VIS B\u00c9TON T\u00caTE HEXAGONALE \u00c0 EMBASE &#8211; INOX A4\"}]},{\"@type\":\"WebSite\",\"@id\":\"https:\/\/www.joker-fastener.com\/#website\",\"url\":\"https:\/\/www.joker-fastener.com\/\",\"name\":\"JOKER INDUSTRIAL CO., LTD\",\"description\":\"Supplier Manufacturer\",\"potentialAction\":[{\"@type\":\"SearchAction\",\"target\":{\"@type\":\"EntryPoint\",\"urlTemplate\":\"https:\/\/www.joker-fastener.com\/?s={search_term_string}\"},\"query-input\":{\"@type\":\"PropertyValueSpecification\",\"valueRequired\":true,\"valueName\":\"search_term_string\"}}],\"inLanguage\":\"fr-FR\"}]}<\/script>\n<!-- \/ Yoast SEO plugin. -->","yoast_head_json":{"title":"VIS B\u00c9TON T\u00caTE HEXAGONALE \u00c0 EMBASE - INOX A4 - JOKER INDUSTRIAL CO., LTD","description":"JOKER a produit une tige en acier inoxydable A4 soud\u00e9e avec une pointe de per\u00e7age en acier au carbone, et parce que La vis \u00e0 b\u00e9ton autotaraudeuse Joker A4 avec triple filetage haut-bas offre une charge d'extraction maximale et un montage efficace.","robots":{"index":"index","follow":"follow","max-snippet":"max-snippet:-1","max-image-preview":"max-image-preview:large","max-video-preview":"max-video-preview:-1"},"canonical":"https:\/\/www.joker-fastener.com\/fr\/product\/bi-metal\/","og_locale":"fr_FR","og_type":"article","og_title":"VIS B\u00c9TON T\u00caTE HEXAGONALE \u00c0 EMBASE - INOX A4 - JOKER INDUSTRIAL CO., LTD","og_description":"JOKER a produit une tige en acier inoxydable A4 soud\u00e9e avec une pointe de per\u00e7age en acier au carbone, et parce que La vis \u00e0 b\u00e9ton autotaraudeuse Joker A4 avec triple filetage haut-bas offre une charge d'extraction maximale et un montage efficace.","og_url":"https:\/\/www.joker-fastener.com\/fr\/product\/bi-metal\/","og_site_name":"JOKER INDUSTRIAL CO., LTD","article_modified_time":"2024-07-10T08:42:14+00:00","og_image":[{"width":800,"height":800,"url":"https:\/\/www.joker-fastener.com\/wp-content\/uploads\/2022\/12\/Bi-metal-concrete-screw-01.jpg","type":"image\/jpeg"}],"twitter_card":"summary_large_image","twitter_misc":{"Dur\u00e9e de lecture estim\u00e9e":"2 minutes"},"schema":{"@context":"https:\/\/schema.org","@graph":[{"@type":"WebPage","@id":"https:\/\/www.joker-fastener.com\/fr\/product\/bi-metal\/","url":"https:\/\/www.joker-fastener.com\/fr\/product\/bi-metal\/","name":"VIS B\u00c9TON T\u00caTE HEXAGONALE \u00c0 EMBASE - INOX A4 - JOKER INDUSTRIAL CO., LTD","isPartOf":{"@id":"https:\/\/www.joker-fastener.com\/#website"},"primaryImageOfPage":{"@id":"https:\/\/www.joker-fastener.com\/fr\/product\/bi-metal\/#primaryimage"},"image":{"@id":"https:\/\/www.joker-fastener.com\/fr\/product\/bi-metal\/#primaryimage"},"thumbnailUrl":"https:\/\/www.joker-fastener.com\/wp-content\/uploads\/2022\/12\/Bi-metal-concrete-screw-01.jpg","datePublished":"2022-10-02T03:22:25+00:00","dateModified":"2024-07-10T08:42:14+00:00","description":"JOKER a produit une tige en acier inoxydable A4 soud\u00e9e avec une pointe de per\u00e7age en acier au carbone, et parce que La vis \u00e0 b\u00e9ton autotaraudeuse Joker A4 avec triple filetage haut-bas offre une charge d'extraction maximale et un montage efficace.","breadcrumb":{"@id":"https:\/\/www.joker-fastener.com\/fr\/product\/bi-metal\/#breadcrumb"},"inLanguage":"fr-FR","potentialAction":[{"@type":"ReadAction","target":["https:\/\/www.joker-fastener.com\/fr\/product\/bi-metal\/"]}]},{"@type":"ImageObject","inLanguage":"fr-FR","@id":"https:\/\/www.joker-fastener.com\/fr\/product\/bi-metal\/#primaryimage","url":"https:\/\/www.joker-fastener.com\/wp-content\/uploads\/2022\/12\/Bi-metal-concrete-screw-01.jpg","contentUrl":"https:\/\/www.joker-fastener.com\/wp-content\/uploads\/2022\/12\/Bi-metal-concrete-screw-01.jpg","width":800,"height":800,"caption":"A4 Bi-metal concrete screw"},{"@type":"BreadcrumbList","@id":"https:\/\/www.joker-fastener.com\/fr\/product\/bi-metal\/#breadcrumb","itemListElement":[{"@type":"ListItem","position":1,"name":"Home","item":"https:\/\/www.joker-fastener.com\/fr\/"},{"@type":"ListItem","position":2,"name":"Product","item":"https:\/\/www.joker-fastener.com\/product\/"},{"@type":"ListItem","position":3,"name":"VIS B\u00c9TON T\u00caTE HEXAGONALE \u00c0 EMBASE &#8211; INOX A4"}]},{"@type":"WebSite","@id":"https:\/\/www.joker-fastener.com\/#website","url":"https:\/\/www.joker-fastener.com\/","name":"JOKER INDUSTRIAL CO., LTD","description":"Supplier Manufacturer","potentialAction":[{"@type":"SearchAction","target":{"@type":"EntryPoint","urlTemplate":"https:\/\/www.joker-fastener.com\/?s={search_term_string}"},"query-input":{"@type":"PropertyValueSpecification","valueRequired":true,"valueName":"search_term_string"}}],"inLanguage":"fr-FR"}]}},"_links":{"self":[{"href":"https:\/\/www.joker-fastener.com\/fr\/wp-json\/wp\/v2\/product\/4536","targetHints":{"allow":["GET"]}}],"collection":[{"href":"https:\/\/www.joker-fastener.com\/fr\/wp-json\/wp\/v2\/product"}],"about":[{"href":"https:\/\/www.joker-fastener.com\/fr\/wp-json\/wp\/v2\/types\/product"}],"wp:featuredmedia":[{"embeddable":true,"href":"https:\/\/www.joker-fastener.com\/fr\/wp-json\/wp\/v2\/media\/5408"}],"wp:attachment":[{"href":"https:\/\/www.joker-fastener.com\/fr\/wp-json\/wp\/v2\/media?parent=4536"}],"wp:term":[{"taxonomy":"product_brand","embeddable":true,"href":"https:\/\/www.joker-fastener.com\/fr\/wp-json\/wp\/v2\/product_brand?post=4536"},{"taxonomy":"product_cat","embeddable":true,"href":"https:\/\/www.joker-fastener.com\/fr\/wp-json\/wp\/v2\/product_cat?post=4536"},{"taxonomy":"product_tag","embeddable":true,"href":"https:\/\/www.joker-fastener.com\/fr\/wp-json\/wp\/v2\/product_tag?post=4536"}],"curies":[{"name":"wp","href":"https:\/\/api.w.org\/{rel}","templated":true}]}}