{"id":4538,"date":"2022-06-04T14:52:16","date_gmt":"2022-06-04T06:52:16","guid":{"rendered":"https:\/\/www.joker-fastener.com\/product\/double-thread-type\/"},"modified":"2022-09-22T14:44:13","modified_gmt":"2022-09-22T06:44:13","slug":"double-thread-type","status":"publish","type":"product","link":"https:\/\/www.joker-fastener.com\/fr\/product\/double-thread-type\/","title":{"rendered":"Vis \u00e0 b\u00e9ton avec filetage m\u00e9canique m\u00e9trique"},"content":{"rendered":"<p><span style=\"font-weight: 400;\"><img loading=\"lazy\" decoding=\"async\" class=\"alignnone wp-image-365\" src=\"https:\/\/www.joker-fastener.com\/wp-content\/uploads\/2022\/02\/ETA.png\" alt=\"\" width=\"60\" height=\"60\" srcset=\"https:\/\/www.joker-fastener.com\/wp-content\/uploads\/2022\/02\/ETA.png 200w, https:\/\/www.joker-fastener.com\/wp-content\/uploads\/2022\/02\/ETA-150x150.png 150w, https:\/\/www.joker-fastener.com\/wp-content\/uploads\/2022\/02\/ETA-100x100.png 100w\" sizes=\"auto, (max-width: 60px) 100vw, 60px\" \/> <\/span><span style=\"font-weight: 400;\"><img loading=\"lazy\" decoding=\"async\" class=\"alignnone wp-image-366\" src=\"https:\/\/www.joker-fastener.com\/wp-content\/uploads\/2022\/02\/FIRE-RESISTANCE.png\" alt=\"\" width=\"60\" height=\"60\" srcset=\"https:\/\/www.joker-fastener.com\/wp-content\/uploads\/2022\/02\/FIRE-RESISTANCE.png 200w, https:\/\/www.joker-fastener.com\/wp-content\/uploads\/2022\/02\/FIRE-RESISTANCE-150x150.png 150w, https:\/\/www.joker-fastener.com\/wp-content\/uploads\/2022\/02\/FIRE-RESISTANCE-100x100.png 100w\" sizes=\"auto, (max-width: 60px) 100vw, 60px\" \/> <\/span><span style=\"font-weight: 400;\"><img loading=\"lazy\" decoding=\"async\" class=\"alignnone wp-image-368\" src=\"https:\/\/www.joker-fastener.com\/wp-content\/uploads\/2022\/02\/SEISMIC.png\" alt=\"\" width=\"60\" height=\"60\" srcset=\"https:\/\/www.joker-fastener.com\/wp-content\/uploads\/2022\/02\/SEISMIC.png 200w, https:\/\/www.joker-fastener.com\/wp-content\/uploads\/2022\/02\/SEISMIC-150x150.png 150w, https:\/\/www.joker-fastener.com\/wp-content\/uploads\/2022\/02\/SEISMIC-100x100.png 100w\" sizes=\"auto, (max-width: 60px) 100vw, 60px\" \/> <\/span><span style=\"font-weight: 400;\"><img loading=\"lazy\" decoding=\"async\" class=\"alignnone wp-image-369\" src=\"https:\/\/www.joker-fastener.com\/wp-content\/uploads\/2022\/02\/ISO\u5c0f\u5716\u793a-1.png\" alt=\"\" width=\"60\" height=\"60\" srcset=\"https:\/\/www.joker-fastener.com\/wp-content\/uploads\/2022\/02\/ISO\u5c0f\u5716\u793a-1.png 200w, https:\/\/www.joker-fastener.com\/wp-content\/uploads\/2022\/02\/ISO\u5c0f\u5716\u793a-1-150x150.png 150w, https:\/\/www.joker-fastener.com\/wp-content\/uploads\/2022\/02\/ISO\u5c0f\u5716\u793a-1-100x100.png 100w\" sizes=\"auto, (max-width: 60px) 100vw, 60px\" \/><\/span><\/p>\n<p>&nbsp;<\/p>\n<p>Cette vis \u00e0 b\u00e9ton autotaraudeuse combine deux filetages diff\u00e9rents, un c\u00f4t\u00e9 est un filetage en b\u00e9ton et l&rsquo;autre est un filetage m\u00e9canique m\u00e9trique, cette conception permet de fixer facilement des machines avec sol ou de connecter deux objets diff\u00e9rents ensemble. Fixation \u00e0 point d\u2019ancrage unitaire dans le b\u00e9ton fissur\u00e9 et non fissur\u00e9. Fixations multiples dans le b\u00e9ton et les dalles alv\u00e9olaires en b\u00e9ton pr\u00e9contraint.<\/p>\n<p>Tailles de filetage m\u00e9canique m\u00e9trique, M6, M8, M10, M12<\/p>\n","protected":false},"excerpt":{"rendered":"<p>&nbsp; Cette vis \u00e0 b\u00e9ton autotaraudeuse combine deux filetages diff\u00e9rents, un c\u00f4t\u00e9 est un filetage en b\u00e9ton et l&rsquo;autre est un filetage m\u00e9canique m\u00e9trique, cette conception permet de fixer facilement des machines avec sol ou de connecter deux objets diff\u00e9rents ensemble. Fixation \u00e0 point d\u2019ancrage unitaire dans le b\u00e9ton fissur\u00e9 et non fissur\u00e9. Fixations multiples [&hellip;]<\/p>\n","protected":false},"featured_media":2511,"template":"","meta":{"_acf_changed":false},"product_brand":[],"product_cat":[164],"product_tag":[],"class_list":{"0":"post-4538","1":"product","2":"type-product","3":"status-publish","4":"has-post-thumbnail","6":"product_cat-concrete-screw-order-fr","8":"first","9":"instock","10":"shipping-taxable","11":"product-type-simple"},"acf":[],"yoast_head":"<!-- This site is optimized with the Yoast SEO plugin v25.0 - https:\/\/yoast.com\/wordpress\/plugins\/seo\/ -->\n<title>Vis \u00e0 b\u00e9ton avec filetage m\u00e9canique m\u00e9trique - JOKER INDUSTRIAL CO., LTD<\/title>\n<meta name=\"robots\" content=\"index, follow, max-snippet:-1, max-image-preview:large, max-video-preview:-1\" \/>\n<link rel=\"canonical\" href=\"https:\/\/www.joker-fastener.com\/fr\/product\/double-thread-type\/\" \/>\n<meta property=\"og:locale\" content=\"fr_FR\" \/>\n<meta property=\"og:type\" content=\"article\" \/>\n<meta property=\"og:title\" content=\"Vis \u00e0 b\u00e9ton avec filetage m\u00e9canique m\u00e9trique - JOKER INDUSTRIAL CO., LTD\" \/>\n<meta property=\"og:description\" content=\"&nbsp; Cette vis \u00e0 b\u00e9ton autotaraudeuse combine deux filetages diff\u00e9rents, un c\u00f4t\u00e9 est un filetage en b\u00e9ton et l&rsquo;autre est un filetage m\u00e9canique m\u00e9trique, cette conception permet de fixer facilement des machines avec sol ou de connecter deux objets diff\u00e9rents ensemble. Fixation \u00e0 point d\u2019ancrage unitaire dans le b\u00e9ton fissur\u00e9 et non fissur\u00e9. Fixations multiples [&hellip;]\" \/>\n<meta property=\"og:url\" content=\"https:\/\/www.joker-fastener.com\/fr\/product\/double-thread-type\/\" \/>\n<meta property=\"og:site_name\" content=\"JOKER INDUSTRIAL CO., LTD\" \/>\n<meta property=\"article:modified_time\" content=\"2022-09-22T06:44:13+00:00\" \/>\n<meta property=\"og:image\" content=\"https:\/\/www.joker-fastener.com\/wp-content\/uploads\/2022\/06\/1.-double-thread-concrete-screw-01.jpg\" \/>\n\t<meta property=\"og:image:width\" content=\"806\" \/>\n\t<meta property=\"og:image:height\" content=\"806\" \/>\n\t<meta property=\"og:image:type\" content=\"image\/jpeg\" \/>\n<meta name=\"twitter:card\" content=\"summary_large_image\" \/>\n<script type=\"application\/ld+json\" class=\"yoast-schema-graph\">{\"@context\":\"https:\/\/schema.org\",\"@graph\":[{\"@type\":\"WebPage\",\"@id\":\"https:\/\/www.joker-fastener.com\/fr\/product\/double-thread-type\/\",\"url\":\"https:\/\/www.joker-fastener.com\/fr\/product\/double-thread-type\/\",\"name\":\"Vis \u00e0 b\u00e9ton avec filetage m\u00e9canique m\u00e9trique - JOKER INDUSTRIAL CO., LTD\",\"isPartOf\":{\"@id\":\"https:\/\/www.joker-fastener.com\/#website\"},\"primaryImageOfPage\":{\"@id\":\"https:\/\/www.joker-fastener.com\/fr\/product\/double-thread-type\/#primaryimage\"},\"image\":{\"@id\":\"https:\/\/www.joker-fastener.com\/fr\/product\/double-thread-type\/#primaryimage\"},\"thumbnailUrl\":\"https:\/\/www.joker-fastener.com\/wp-content\/uploads\/2022\/06\/1.-double-thread-concrete-screw-01.jpg\",\"datePublished\":\"2022-06-04T06:52:16+00:00\",\"dateModified\":\"2022-09-22T06:44:13+00:00\",\"breadcrumb\":{\"@id\":\"https:\/\/www.joker-fastener.com\/fr\/product\/double-thread-type\/#breadcrumb\"},\"inLanguage\":\"fr-FR\",\"potentialAction\":[{\"@type\":\"ReadAction\",\"target\":[\"https:\/\/www.joker-fastener.com\/fr\/product\/double-thread-type\/\"]}]},{\"@type\":\"ImageObject\",\"inLanguage\":\"fr-FR\",\"@id\":\"https:\/\/www.joker-fastener.com\/fr\/product\/double-thread-type\/#primaryimage\",\"url\":\"https:\/\/www.joker-fastener.com\/wp-content\/uploads\/2022\/06\/1.-double-thread-concrete-screw-01.jpg\",\"contentUrl\":\"https:\/\/www.joker-fastener.com\/wp-content\/uploads\/2022\/06\/1.-double-thread-concrete-screw-01.jpg\",\"width\":806,\"height\":806,\"caption\":\"mechanical thread concrete screw\"},{\"@type\":\"BreadcrumbList\",\"@id\":\"https:\/\/www.joker-fastener.com\/fr\/product\/double-thread-type\/#breadcrumb\",\"itemListElement\":[{\"@type\":\"ListItem\",\"position\":1,\"name\":\"Home\",\"item\":\"https:\/\/www.joker-fastener.com\/fr\/\"},{\"@type\":\"ListItem\",\"position\":2,\"name\":\"Product\",\"item\":\"https:\/\/www.joker-fastener.com\/product\/\"},{\"@type\":\"ListItem\",\"position\":3,\"name\":\"Vis \u00e0 b\u00e9ton avec filetage m\u00e9canique m\u00e9trique\"}]},{\"@type\":\"WebSite\",\"@id\":\"https:\/\/www.joker-fastener.com\/#website\",\"url\":\"https:\/\/www.joker-fastener.com\/\",\"name\":\"JOKER INDUSTRIAL CO., LTD\",\"description\":\"Supplier Manufacturer\",\"potentialAction\":[{\"@type\":\"SearchAction\",\"target\":{\"@type\":\"EntryPoint\",\"urlTemplate\":\"https:\/\/www.joker-fastener.com\/?s={search_term_string}\"},\"query-input\":{\"@type\":\"PropertyValueSpecification\",\"valueRequired\":true,\"valueName\":\"search_term_string\"}}],\"inLanguage\":\"fr-FR\"}]}<\/script>\n<!-- \/ Yoast SEO plugin. -->","yoast_head_json":{"title":"Vis \u00e0 b\u00e9ton avec filetage m\u00e9canique m\u00e9trique - JOKER INDUSTRIAL CO., LTD","robots":{"index":"index","follow":"follow","max-snippet":"max-snippet:-1","max-image-preview":"max-image-preview:large","max-video-preview":"max-video-preview:-1"},"canonical":"https:\/\/www.joker-fastener.com\/fr\/product\/double-thread-type\/","og_locale":"fr_FR","og_type":"article","og_title":"Vis \u00e0 b\u00e9ton avec filetage m\u00e9canique m\u00e9trique - JOKER INDUSTRIAL CO., LTD","og_description":"&nbsp; Cette vis \u00e0 b\u00e9ton autotaraudeuse combine deux filetages diff\u00e9rents, un c\u00f4t\u00e9 est un filetage en b\u00e9ton et l&rsquo;autre est un filetage m\u00e9canique m\u00e9trique, cette conception permet de fixer facilement des machines avec sol ou de connecter deux objets diff\u00e9rents ensemble. Fixation \u00e0 point d\u2019ancrage unitaire dans le b\u00e9ton fissur\u00e9 et non fissur\u00e9. Fixations multiples [&hellip;]","og_url":"https:\/\/www.joker-fastener.com\/fr\/product\/double-thread-type\/","og_site_name":"JOKER INDUSTRIAL CO., LTD","article_modified_time":"2022-09-22T06:44:13+00:00","og_image":[{"width":806,"height":806,"url":"https:\/\/www.joker-fastener.com\/wp-content\/uploads\/2022\/06\/1.-double-thread-concrete-screw-01.jpg","type":"image\/jpeg"}],"twitter_card":"summary_large_image","schema":{"@context":"https:\/\/schema.org","@graph":[{"@type":"WebPage","@id":"https:\/\/www.joker-fastener.com\/fr\/product\/double-thread-type\/","url":"https:\/\/www.joker-fastener.com\/fr\/product\/double-thread-type\/","name":"Vis \u00e0 b\u00e9ton avec filetage m\u00e9canique m\u00e9trique - JOKER INDUSTRIAL CO., LTD","isPartOf":{"@id":"https:\/\/www.joker-fastener.com\/#website"},"primaryImageOfPage":{"@id":"https:\/\/www.joker-fastener.com\/fr\/product\/double-thread-type\/#primaryimage"},"image":{"@id":"https:\/\/www.joker-fastener.com\/fr\/product\/double-thread-type\/#primaryimage"},"thumbnailUrl":"https:\/\/www.joker-fastener.com\/wp-content\/uploads\/2022\/06\/1.-double-thread-concrete-screw-01.jpg","datePublished":"2022-06-04T06:52:16+00:00","dateModified":"2022-09-22T06:44:13+00:00","breadcrumb":{"@id":"https:\/\/www.joker-fastener.com\/fr\/product\/double-thread-type\/#breadcrumb"},"inLanguage":"fr-FR","potentialAction":[{"@type":"ReadAction","target":["https:\/\/www.joker-fastener.com\/fr\/product\/double-thread-type\/"]}]},{"@type":"ImageObject","inLanguage":"fr-FR","@id":"https:\/\/www.joker-fastener.com\/fr\/product\/double-thread-type\/#primaryimage","url":"https:\/\/www.joker-fastener.com\/wp-content\/uploads\/2022\/06\/1.-double-thread-concrete-screw-01.jpg","contentUrl":"https:\/\/www.joker-fastener.com\/wp-content\/uploads\/2022\/06\/1.-double-thread-concrete-screw-01.jpg","width":806,"height":806,"caption":"mechanical thread concrete screw"},{"@type":"BreadcrumbList","@id":"https:\/\/www.joker-fastener.com\/fr\/product\/double-thread-type\/#breadcrumb","itemListElement":[{"@type":"ListItem","position":1,"name":"Home","item":"https:\/\/www.joker-fastener.com\/fr\/"},{"@type":"ListItem","position":2,"name":"Product","item":"https:\/\/www.joker-fastener.com\/product\/"},{"@type":"ListItem","position":3,"name":"Vis \u00e0 b\u00e9ton avec filetage m\u00e9canique m\u00e9trique"}]},{"@type":"WebSite","@id":"https:\/\/www.joker-fastener.com\/#website","url":"https:\/\/www.joker-fastener.com\/","name":"JOKER INDUSTRIAL CO., LTD","description":"Supplier Manufacturer","potentialAction":[{"@type":"SearchAction","target":{"@type":"EntryPoint","urlTemplate":"https:\/\/www.joker-fastener.com\/?s={search_term_string}"},"query-input":{"@type":"PropertyValueSpecification","valueRequired":true,"valueName":"search_term_string"}}],"inLanguage":"fr-FR"}]}},"_links":{"self":[{"href":"https:\/\/www.joker-fastener.com\/fr\/wp-json\/wp\/v2\/product\/4538","targetHints":{"allow":["GET"]}}],"collection":[{"href":"https:\/\/www.joker-fastener.com\/fr\/wp-json\/wp\/v2\/product"}],"about":[{"href":"https:\/\/www.joker-fastener.com\/fr\/wp-json\/wp\/v2\/types\/product"}],"wp:featuredmedia":[{"embeddable":true,"href":"https:\/\/www.joker-fastener.com\/fr\/wp-json\/wp\/v2\/media\/2511"}],"wp:attachment":[{"href":"https:\/\/www.joker-fastener.com\/fr\/wp-json\/wp\/v2\/media?parent=4538"}],"wp:term":[{"taxonomy":"product_brand","embeddable":true,"href":"https:\/\/www.joker-fastener.com\/fr\/wp-json\/wp\/v2\/product_brand?post=4538"},{"taxonomy":"product_cat","embeddable":true,"href":"https:\/\/www.joker-fastener.com\/fr\/wp-json\/wp\/v2\/product_cat?post=4538"},{"taxonomy":"product_tag","embeddable":true,"href":"https:\/\/www.joker-fastener.com\/fr\/wp-json\/wp\/v2\/product_tag?post=4538"}],"curies":[{"name":"wp","href":"https:\/\/api.w.org\/{rel}","templated":true}]}}