{"id":4539,"date":"2022-09-30T14:26:06","date_gmt":"2022-09-30T06:26:06","guid":{"rendered":"https:\/\/www.joker-fastener.com\/product\/hex-washer-head\/"},"modified":"2024-08-08T16:16:06","modified_gmt":"2024-08-08T08:16:06","slug":"hex-washer-head","status":"publish","type":"product","link":"https:\/\/www.joker-fastener.com\/fr\/product\/hex-washer-head\/","title":{"rendered":"Vis \u00e0 b\u00e9ton ETE Option 1 &#8211; Hexagonale Bride"},"content":{"rendered":"<p><span style=\"font-weight: 400;\"><img loading=\"lazy\" decoding=\"async\" class=\"alignnone wp-image-365\" src=\"https:\/\/www.joker-fastener.com\/wp-content\/uploads\/2022\/02\/ETA.png\" alt=\"ETE option 1\" width=\"60\" height=\"60\" srcset=\"https:\/\/www.joker-fastener.com\/wp-content\/uploads\/2022\/02\/ETA.png 200w, https:\/\/www.joker-fastener.com\/wp-content\/uploads\/2022\/02\/ETA-150x150.png 150w, https:\/\/www.joker-fastener.com\/wp-content\/uploads\/2022\/02\/ETA-100x100.png 100w\" sizes=\"auto, (max-width: 60px) 100vw, 60px\" \/> <\/span><span style=\"font-weight: 400;\"><img loading=\"lazy\" decoding=\"async\" class=\"alignnone wp-image-366\" src=\"https:\/\/www.joker-fastener.com\/wp-content\/uploads\/2022\/02\/FIRE-RESISTANCE.png\" alt=\"FEU 120\" width=\"60\" height=\"60\" srcset=\"https:\/\/www.joker-fastener.com\/wp-content\/uploads\/2022\/02\/FIRE-RESISTANCE.png 200w, https:\/\/www.joker-fastener.com\/wp-content\/uploads\/2022\/02\/FIRE-RESISTANCE-150x150.png 150w, https:\/\/www.joker-fastener.com\/wp-content\/uploads\/2022\/02\/FIRE-RESISTANCE-100x100.png 100w\" sizes=\"auto, (max-width: 60px) 100vw, 60px\" \/> <\/span><span style=\"font-weight: 400;\"><img loading=\"lazy\" decoding=\"async\" class=\"alignnone wp-image-368\" src=\"https:\/\/www.joker-fastener.com\/wp-content\/uploads\/2022\/02\/SEISMIC.png\" alt=\"sismique C1 et C2 \" width=\"60\" height=\"60\" srcset=\"https:\/\/www.joker-fastener.com\/wp-content\/uploads\/2022\/02\/SEISMIC.png 200w, https:\/\/www.joker-fastener.com\/wp-content\/uploads\/2022\/02\/SEISMIC-150x150.png 150w, https:\/\/www.joker-fastener.com\/wp-content\/uploads\/2022\/02\/SEISMIC-100x100.png 100w\" sizes=\"auto, (max-width: 60px) 100vw, 60px\" \/> <\/span><span style=\"font-weight: 400;\"><img loading=\"lazy\" decoding=\"async\" class=\"alignnone wp-image-369\" src=\"https:\/\/www.joker-fastener.com\/wp-content\/uploads\/2022\/02\/ISO\u5c0f\u5716\u793a-1.png\" alt=\"ISO 9001\" width=\"60\" height=\"60\" srcset=\"https:\/\/www.joker-fastener.com\/wp-content\/uploads\/2022\/02\/ISO\u5c0f\u5716\u793a-1.png 200w, https:\/\/www.joker-fastener.com\/wp-content\/uploads\/2022\/02\/ISO\u5c0f\u5716\u793a-1-150x150.png 150w, https:\/\/www.joker-fastener.com\/wp-content\/uploads\/2022\/02\/ISO\u5c0f\u5716\u793a-1-100x100.png 100w\" sizes=\"auto, (max-width: 60px) 100vw, 60px\" \/><\/span><\/p>\n<p>&nbsp;<\/p>\n<p>Les vis \u00e0 b\u00e9ton constituent l&rsquo;une des solutions les plus rapides et en m\u00eame temps l&rsquo;une des plus simples \u00e0 mettre en oeuvre: il suffit de percer, d\u00e9poussi\u00e9rer le trou et de visser directement dans le b\u00e9ton. Nous sommes le premier fabricant \u00e0 Ta\u00efwan \u00e0 avoir approuv\u00e9 l&rsquo;ancrage \u00e0 vis pour b\u00e9ton. Fabriqu\u00e9 \u00e0 100% \u00e0 Taiwan, application b\u00e9ton fissur\u00e9 et non fissur\u00e9 C20 \/ C25 &#8211; C50 \/ C60 avec r\u00e9sistance au feu de classe F120, sismique C1 und C2. Notre ancre \u00e0 vis pour b\u00e9ton avec placage de zinc et rev\u00eatement au brouillard salin 1000 heures Silver Ruspert est \u00e9galement disponible.<\/p>\n<p>Diam\u00e8tre du foret 6mm, 8mm, 10mm, 12mm, 14mm<\/p>\n","protected":false},"excerpt":{"rendered":"<p>&nbsp; Les vis \u00e0 b\u00e9ton constituent l&rsquo;une des solutions les plus rapides et en m\u00eame temps l&rsquo;une des plus simples \u00e0 mettre en oeuvre: il suffit de percer, d\u00e9poussi\u00e9rer le trou et de visser directement dans le b\u00e9ton. Nous sommes le premier fabricant \u00e0 Ta\u00efwan \u00e0 avoir approuv\u00e9 l&rsquo;ancrage \u00e0 vis pour b\u00e9ton. Fabriqu\u00e9 \u00e0 [&hellip;]<\/p>\n","protected":false},"featured_media":2171,"template":"","meta":{"_acf_changed":false},"product_brand":[],"product_cat":[146,164],"product_tag":[],"class_list":{"0":"post-4539","1":"product","2":"type-product","3":"status-publish","4":"has-post-thumbnail","6":"product_cat-concrete-fixings-order-fr","7":"product_cat-concrete-screw-order-fr","9":"first","10":"instock","11":"shipping-taxable","12":"product-type-simple"},"acf":[],"yoast_head":"<!-- This site is optimized with the Yoast SEO plugin v25.0 - https:\/\/yoast.com\/wordpress\/plugins\/seo\/ -->\n<title>Vis \u00e0 b\u00e9ton ETE option1, sismique C1&amp;C2 - Fabricant de JOKER<\/title>\n<meta name=\"description\" content=\"La vis \u00e0 b\u00e9ton Joker avec t\u00eate hexagonale \u00e0 rondelle est le produit le plus populaire, dot\u00e9 de l&#039;option ETE 1 et de la partie 6, r\u00e9sistant aux s\u00e9ismes C1 et C2, r\u00e9sistant au feu, et d&#039;un design de filetage brevet\u00e9 avec une haute\" \/>\n<meta name=\"robots\" content=\"index, follow, max-snippet:-1, max-image-preview:large, max-video-preview:-1\" \/>\n<link rel=\"canonical\" href=\"https:\/\/www.joker-fastener.com\/fr\/product\/hex-washer-head\/\" \/>\n<meta property=\"og:locale\" content=\"fr_FR\" \/>\n<meta property=\"og:type\" content=\"article\" \/>\n<meta property=\"og:title\" content=\"Vis \u00e0 b\u00e9ton ETE option1, sismique C1&amp;C2 - Fabricant de JOKER\" \/>\n<meta property=\"og:description\" content=\"La vis \u00e0 b\u00e9ton Joker avec t\u00eate hexagonale \u00e0 rondelle est le produit le plus populaire, dot\u00e9 de l&#039;option ETE 1 et de la partie 6, r\u00e9sistant aux s\u00e9ismes C1 et C2, r\u00e9sistant au feu, et d&#039;un design de filetage brevet\u00e9 avec une haute\" \/>\n<meta property=\"og:url\" content=\"https:\/\/www.joker-fastener.com\/fr\/product\/hex-washer-head\/\" \/>\n<meta property=\"og:site_name\" content=\"JOKER INDUSTRIAL CO., LTD\" \/>\n<meta property=\"article:modified_time\" content=\"2024-08-08T08:16:06+00:00\" \/>\n<meta property=\"og:image\" content=\"https:\/\/www.joker-fastener.com\/wp-content\/uploads\/2022\/06\/Hex-washer-head-concrete-screw.jpg\" \/>\n\t<meta property=\"og:image:width\" content=\"745\" \/>\n\t<meta property=\"og:image:height\" content=\"788\" \/>\n\t<meta property=\"og:image:type\" content=\"image\/jpeg\" \/>\n<meta name=\"twitter:card\" content=\"summary_large_image\" \/>\n<meta name=\"twitter:label1\" content=\"Dur\u00e9e de lecture estim\u00e9e\" \/>\n\t<meta name=\"twitter:data1\" content=\"2 minutes\" \/>\n<script type=\"application\/ld+json\" class=\"yoast-schema-graph\">{\"@context\":\"https:\/\/schema.org\",\"@graph\":[{\"@type\":\"WebPage\",\"@id\":\"https:\/\/www.joker-fastener.com\/fr\/product\/hex-washer-head\/\",\"url\":\"https:\/\/www.joker-fastener.com\/fr\/product\/hex-washer-head\/\",\"name\":\"Vis \u00e0 b\u00e9ton ETE option1, sismique C1&C2 - Fabricant de JOKER\",\"isPartOf\":{\"@id\":\"https:\/\/www.joker-fastener.com\/#website\"},\"primaryImageOfPage\":{\"@id\":\"https:\/\/www.joker-fastener.com\/fr\/product\/hex-washer-head\/#primaryimage\"},\"image\":{\"@id\":\"https:\/\/www.joker-fastener.com\/fr\/product\/hex-washer-head\/#primaryimage\"},\"thumbnailUrl\":\"https:\/\/www.joker-fastener.com\/wp-content\/uploads\/2022\/06\/Hex-washer-head-concrete-screw.jpg\",\"datePublished\":\"2022-09-30T06:26:06+00:00\",\"dateModified\":\"2024-08-08T08:16:06+00:00\",\"description\":\"La vis \u00e0 b\u00e9ton Joker avec t\u00eate hexagonale \u00e0 rondelle est le produit le plus populaire, dot\u00e9 de l'option ETE 1 et de la partie 6, r\u00e9sistant aux s\u00e9ismes C1 et C2, r\u00e9sistant au feu, et d'un design de filetage brevet\u00e9 avec une haute\",\"breadcrumb\":{\"@id\":\"https:\/\/www.joker-fastener.com\/fr\/product\/hex-washer-head\/#breadcrumb\"},\"inLanguage\":\"fr-FR\",\"potentialAction\":[{\"@type\":\"ReadAction\",\"target\":[\"https:\/\/www.joker-fastener.com\/fr\/product\/hex-washer-head\/\"]}]},{\"@type\":\"ImageObject\",\"inLanguage\":\"fr-FR\",\"@id\":\"https:\/\/www.joker-fastener.com\/fr\/product\/hex-washer-head\/#primaryimage\",\"url\":\"https:\/\/www.joker-fastener.com\/wp-content\/uploads\/2022\/06\/Hex-washer-head-concrete-screw.jpg\",\"contentUrl\":\"https:\/\/www.joker-fastener.com\/wp-content\/uploads\/2022\/06\/Hex-washer-head-concrete-screw.jpg\",\"width\":745,\"height\":788,\"caption\":\"Vis b\u00e9ton ETE Option 1- 1000 Test au brouillard salin de 1000 heures\"},{\"@type\":\"BreadcrumbList\",\"@id\":\"https:\/\/www.joker-fastener.com\/fr\/product\/hex-washer-head\/#breadcrumb\",\"itemListElement\":[{\"@type\":\"ListItem\",\"position\":1,\"name\":\"Home\",\"item\":\"https:\/\/www.joker-fastener.com\/fr\/\"},{\"@type\":\"ListItem\",\"position\":2,\"name\":\"Product\",\"item\":\"https:\/\/www.joker-fastener.com\/product\/\"},{\"@type\":\"ListItem\",\"position\":3,\"name\":\"Vis \u00e0 b\u00e9ton ETE Option 1 &#8211; Hexagonale Bride\"}]},{\"@type\":\"WebSite\",\"@id\":\"https:\/\/www.joker-fastener.com\/#website\",\"url\":\"https:\/\/www.joker-fastener.com\/\",\"name\":\"JOKER INDUSTRIAL CO., LTD\",\"description\":\"Supplier Manufacturer\",\"potentialAction\":[{\"@type\":\"SearchAction\",\"target\":{\"@type\":\"EntryPoint\",\"urlTemplate\":\"https:\/\/www.joker-fastener.com\/?s={search_term_string}\"},\"query-input\":{\"@type\":\"PropertyValueSpecification\",\"valueRequired\":true,\"valueName\":\"search_term_string\"}}],\"inLanguage\":\"fr-FR\"}]}<\/script>\n<!-- \/ Yoast SEO plugin. -->","yoast_head_json":{"title":"Vis \u00e0 b\u00e9ton ETE option1, sismique C1&C2 - Fabricant de JOKER","description":"La vis \u00e0 b\u00e9ton Joker avec t\u00eate hexagonale \u00e0 rondelle est le produit le plus populaire, dot\u00e9 de l'option ETE 1 et de la partie 6, r\u00e9sistant aux s\u00e9ismes C1 et C2, r\u00e9sistant au feu, et d'un design de filetage brevet\u00e9 avec une haute","robots":{"index":"index","follow":"follow","max-snippet":"max-snippet:-1","max-image-preview":"max-image-preview:large","max-video-preview":"max-video-preview:-1"},"canonical":"https:\/\/www.joker-fastener.com\/fr\/product\/hex-washer-head\/","og_locale":"fr_FR","og_type":"article","og_title":"Vis \u00e0 b\u00e9ton ETE option1, sismique C1&C2 - Fabricant de JOKER","og_description":"La vis \u00e0 b\u00e9ton Joker avec t\u00eate hexagonale \u00e0 rondelle est le produit le plus populaire, dot\u00e9 de l'option ETE 1 et de la partie 6, r\u00e9sistant aux s\u00e9ismes C1 et C2, r\u00e9sistant au feu, et d'un design de filetage brevet\u00e9 avec une haute","og_url":"https:\/\/www.joker-fastener.com\/fr\/product\/hex-washer-head\/","og_site_name":"JOKER INDUSTRIAL CO., LTD","article_modified_time":"2024-08-08T08:16:06+00:00","og_image":[{"width":745,"height":788,"url":"https:\/\/www.joker-fastener.com\/wp-content\/uploads\/2022\/06\/Hex-washer-head-concrete-screw.jpg","type":"image\/jpeg"}],"twitter_card":"summary_large_image","twitter_misc":{"Dur\u00e9e de lecture estim\u00e9e":"2 minutes"},"schema":{"@context":"https:\/\/schema.org","@graph":[{"@type":"WebPage","@id":"https:\/\/www.joker-fastener.com\/fr\/product\/hex-washer-head\/","url":"https:\/\/www.joker-fastener.com\/fr\/product\/hex-washer-head\/","name":"Vis \u00e0 b\u00e9ton ETE option1, sismique C1&C2 - Fabricant de JOKER","isPartOf":{"@id":"https:\/\/www.joker-fastener.com\/#website"},"primaryImageOfPage":{"@id":"https:\/\/www.joker-fastener.com\/fr\/product\/hex-washer-head\/#primaryimage"},"image":{"@id":"https:\/\/www.joker-fastener.com\/fr\/product\/hex-washer-head\/#primaryimage"},"thumbnailUrl":"https:\/\/www.joker-fastener.com\/wp-content\/uploads\/2022\/06\/Hex-washer-head-concrete-screw.jpg","datePublished":"2022-09-30T06:26:06+00:00","dateModified":"2024-08-08T08:16:06+00:00","description":"La vis \u00e0 b\u00e9ton Joker avec t\u00eate hexagonale \u00e0 rondelle est le produit le plus populaire, dot\u00e9 de l'option ETE 1 et de la partie 6, r\u00e9sistant aux s\u00e9ismes C1 et C2, r\u00e9sistant au feu, et d'un design de filetage brevet\u00e9 avec une haute","breadcrumb":{"@id":"https:\/\/www.joker-fastener.com\/fr\/product\/hex-washer-head\/#breadcrumb"},"inLanguage":"fr-FR","potentialAction":[{"@type":"ReadAction","target":["https:\/\/www.joker-fastener.com\/fr\/product\/hex-washer-head\/"]}]},{"@type":"ImageObject","inLanguage":"fr-FR","@id":"https:\/\/www.joker-fastener.com\/fr\/product\/hex-washer-head\/#primaryimage","url":"https:\/\/www.joker-fastener.com\/wp-content\/uploads\/2022\/06\/Hex-washer-head-concrete-screw.jpg","contentUrl":"https:\/\/www.joker-fastener.com\/wp-content\/uploads\/2022\/06\/Hex-washer-head-concrete-screw.jpg","width":745,"height":788,"caption":"Vis b\u00e9ton ETE Option 1- 1000 Test au brouillard salin de 1000 heures"},{"@type":"BreadcrumbList","@id":"https:\/\/www.joker-fastener.com\/fr\/product\/hex-washer-head\/#breadcrumb","itemListElement":[{"@type":"ListItem","position":1,"name":"Home","item":"https:\/\/www.joker-fastener.com\/fr\/"},{"@type":"ListItem","position":2,"name":"Product","item":"https:\/\/www.joker-fastener.com\/product\/"},{"@type":"ListItem","position":3,"name":"Vis \u00e0 b\u00e9ton ETE Option 1 &#8211; Hexagonale Bride"}]},{"@type":"WebSite","@id":"https:\/\/www.joker-fastener.com\/#website","url":"https:\/\/www.joker-fastener.com\/","name":"JOKER INDUSTRIAL CO., LTD","description":"Supplier Manufacturer","potentialAction":[{"@type":"SearchAction","target":{"@type":"EntryPoint","urlTemplate":"https:\/\/www.joker-fastener.com\/?s={search_term_string}"},"query-input":{"@type":"PropertyValueSpecification","valueRequired":true,"valueName":"search_term_string"}}],"inLanguage":"fr-FR"}]}},"_links":{"self":[{"href":"https:\/\/www.joker-fastener.com\/fr\/wp-json\/wp\/v2\/product\/4539","targetHints":{"allow":["GET"]}}],"collection":[{"href":"https:\/\/www.joker-fastener.com\/fr\/wp-json\/wp\/v2\/product"}],"about":[{"href":"https:\/\/www.joker-fastener.com\/fr\/wp-json\/wp\/v2\/types\/product"}],"wp:featuredmedia":[{"embeddable":true,"href":"https:\/\/www.joker-fastener.com\/fr\/wp-json\/wp\/v2\/media\/2171"}],"wp:attachment":[{"href":"https:\/\/www.joker-fastener.com\/fr\/wp-json\/wp\/v2\/media?parent=4539"}],"wp:term":[{"taxonomy":"product_brand","embeddable":true,"href":"https:\/\/www.joker-fastener.com\/fr\/wp-json\/wp\/v2\/product_brand?post=4539"},{"taxonomy":"product_cat","embeddable":true,"href":"https:\/\/www.joker-fastener.com\/fr\/wp-json\/wp\/v2\/product_cat?post=4539"},{"taxonomy":"product_tag","embeddable":true,"href":"https:\/\/www.joker-fastener.com\/fr\/wp-json\/wp\/v2\/product_tag?post=4539"}],"curies":[{"name":"wp","href":"https:\/\/api.w.org\/{rel}","templated":true}]}}