{"id":4541,"date":"2022-10-01T14:20:02","date_gmt":"2022-10-01T06:20:02","guid":{"rendered":"https:\/\/www.joker-fastener.com\/product\/rod-hanging-type\/"},"modified":"2025-07-11T15:47:39","modified_gmt":"2025-07-11T07:47:39","slug":"rod-hanging-type","status":"publish","type":"product","link":"https:\/\/www.joker-fastener.com\/fr\/product\/rod-hanging-type\/","title":{"rendered":"Vis \u00e0 b\u00e9ton filetage femelle Diam\u00e8tre du foret 6 mm"},"content":{"rendered":"<p><span style=\"font-weight: 400;\"><img loading=\"lazy\" decoding=\"async\" class=\"alignnone wp-image-365\" src=\"https:\/\/www.joker-fastener.com\/wp-content\/uploads\/2022\/02\/ETA.png\" alt=\"\" width=\"60\" height=\"60\" srcset=\"https:\/\/www.joker-fastener.com\/wp-content\/uploads\/2022\/02\/ETA.png 200w, https:\/\/www.joker-fastener.com\/wp-content\/uploads\/2022\/02\/ETA-150x150.png 150w, https:\/\/www.joker-fastener.com\/wp-content\/uploads\/2022\/02\/ETA-100x100.png 100w\" sizes=\"auto, (max-width: 60px) 100vw, 60px\" \/> <img loading=\"lazy\" decoding=\"async\" class=\"alignnone wp-image-5838\" src=\"https:\/\/www.joker-fastener.com\/wp-content\/uploads\/2023\/04\/\u7051\u6c34\u8a8d\u8b49\u5716\u793a-1-150x150.png\" alt=\"VdS CEA 4001\" width=\"60\" height=\"60\" srcset=\"https:\/\/www.joker-fastener.com\/wp-content\/uploads\/2023\/04\/\u7051\u6c34\u8a8d\u8b49\u5716\u793a-1-150x150.png 150w, https:\/\/www.joker-fastener.com\/wp-content\/uploads\/2023\/04\/\u7051\u6c34\u8a8d\u8b49\u5716\u793a-1-600x600.png 600w, https:\/\/www.joker-fastener.com\/wp-content\/uploads\/2023\/04\/\u7051\u6c34\u8a8d\u8b49\u5716\u793a-1-768x768.png 768w, https:\/\/www.joker-fastener.com\/wp-content\/uploads\/2023\/04\/\u7051\u6c34\u8a8d\u8b49\u5716\u793a-1-300x300.png 300w, https:\/\/www.joker-fastener.com\/wp-content\/uploads\/2023\/04\/\u7051\u6c34\u8a8d\u8b49\u5716\u793a-1-100x100.png 100w, https:\/\/www.joker-fastener.com\/wp-content\/uploads\/2023\/04\/\u7051\u6c34\u8a8d\u8b49\u5716\u793a-1.png 850w\" sizes=\"auto, (max-width: 60px) 100vw, 60px\" \/><\/span><span style=\"font-weight: 400;\"><img loading=\"lazy\" decoding=\"async\" class=\"alignnone wp-image-366\" src=\"https:\/\/www.joker-fastener.com\/wp-content\/uploads\/2022\/02\/FIRE-RESISTANCE.png\" alt=\"\" width=\"60\" height=\"60\" srcset=\"https:\/\/www.joker-fastener.com\/wp-content\/uploads\/2022\/02\/FIRE-RESISTANCE.png 200w, https:\/\/www.joker-fastener.com\/wp-content\/uploads\/2022\/02\/FIRE-RESISTANCE-150x150.png 150w, https:\/\/www.joker-fastener.com\/wp-content\/uploads\/2022\/02\/FIRE-RESISTANCE-100x100.png 100w\" sizes=\"auto, (max-width: 60px) 100vw, 60px\" \/> <\/span><span style=\"font-weight: 400;\"><img loading=\"lazy\" decoding=\"async\" class=\"alignnone wp-image-368\" src=\"https:\/\/www.joker-fastener.com\/wp-content\/uploads\/2022\/02\/SEISMIC.png\" alt=\"\" width=\"60\" height=\"60\" srcset=\"https:\/\/www.joker-fastener.com\/wp-content\/uploads\/2022\/02\/SEISMIC.png 200w, https:\/\/www.joker-fastener.com\/wp-content\/uploads\/2022\/02\/SEISMIC-150x150.png 150w, https:\/\/www.joker-fastener.com\/wp-content\/uploads\/2022\/02\/SEISMIC-100x100.png 100w\" sizes=\"auto, (max-width: 60px) 100vw, 60px\" \/> <\/span><span style=\"font-weight: 400;\"><img loading=\"lazy\" decoding=\"async\" class=\"alignnone wp-image-369\" src=\"https:\/\/www.joker-fastener.com\/wp-content\/uploads\/2022\/02\/ISO\u5c0f\u5716\u793a-1.png\" alt=\"\" width=\"60\" height=\"60\" srcset=\"https:\/\/www.joker-fastener.com\/wp-content\/uploads\/2022\/02\/ISO\u5c0f\u5716\u793a-1.png 200w, https:\/\/www.joker-fastener.com\/wp-content\/uploads\/2022\/02\/ISO\u5c0f\u5716\u793a-1-150x150.png 150w, https:\/\/www.joker-fastener.com\/wp-content\/uploads\/2022\/02\/ISO\u5c0f\u5716\u793a-1-100x100.png 100w\" sizes=\"auto, (max-width: 60px) 100vw, 60px\" \/><\/span><\/p>\n<p>La vis \u00e0 b\u00e9ton est l&rsquo;une des fixations les plus rapides sur b\u00e9ton et peut \u00eatre install\u00e9e avec une simple perceuse, une visseuse ou une visseuse \u00e0 choc. L&rsquo;\u00e9conomie de temps peut atteindre 1\/3 par fixation si on compare avec des m\u00e9thodes d&rsquo;installation traditionnelles. La vis \u00e0 b\u00e9ton ne requiert aucun outil de r\u00e9glage, ce qui rend sa mise en \u0153uvre plus rapide et moins fatigante surtout dans le cadre d&rsquo;une installation en hauteur. Il est con\u00e7u pour des applications telles que la fixation de chemins de tuyauterie, de syst\u00e8mes de gicleurs, de chemins de c\u00e2bles et de conduits de ventilation.<\/p>\n","protected":false},"excerpt":{"rendered":"<p>La vis \u00e0 b\u00e9ton est l&rsquo;une des fixations les plus rapides sur b\u00e9ton et peut \u00eatre install\u00e9e avec une simple perceuse, une visseuse ou une visseuse \u00e0 choc. L&rsquo;\u00e9conomie de temps peut atteindre 1\/3 par fixation si on compare avec des m\u00e9thodes d&rsquo;installation traditionnelles. La vis \u00e0 b\u00e9ton ne requiert aucun outil de r\u00e9glage, ce [&hellip;]<\/p>\n","protected":false},"featured_media":2472,"template":"","meta":{"_acf_changed":false},"product_brand":[],"product_cat":[146,164],"product_tag":[],"class_list":{"0":"post-4541","1":"product","2":"type-product","3":"status-publish","4":"has-post-thumbnail","6":"product_cat-concrete-fixings-order-fr","7":"product_cat-concrete-screw-order-fr","9":"first","10":"instock","11":"shipping-taxable","12":"product-type-simple"},"acf":[],"yoast_head":"<!-- This site is optimized with the Yoast SEO plugin v25.0 - https:\/\/yoast.com\/wordpress\/plugins\/seo\/ -->\n<title>Vis \u00e0 b\u00e9ton filetage femelle Diam\u00e8tre du foret 6 mm<\/title>\n<meta name=\"description\" content=\"Vis \u00e0 b\u00e9ton filetage femelle Vis \u00e0 b\u00e9ton filetage femelle Il est con\u00e7u pour des applications telles que la fixation de chemins de tuyauterie, de syst\u00e8mes de gicleurs, de chemins de c\u00e2bles et de conduits de ventilation.\" \/>\n<meta name=\"robots\" content=\"index, follow, max-snippet:-1, max-image-preview:large, max-video-preview:-1\" \/>\n<link rel=\"canonical\" href=\"https:\/\/www.joker-fastener.com\/fr\/product\/rod-hanging-type\/\" \/>\n<meta property=\"og:locale\" content=\"fr_FR\" \/>\n<meta property=\"og:type\" content=\"article\" \/>\n<meta property=\"og:title\" content=\"Vis \u00e0 b\u00e9ton filetage femelle Diam\u00e8tre du foret 6 mm\" \/>\n<meta property=\"og:description\" content=\"Vis \u00e0 b\u00e9ton filetage femelle Vis \u00e0 b\u00e9ton filetage femelle Il est con\u00e7u pour des applications telles que la fixation de chemins de tuyauterie, de syst\u00e8mes de gicleurs, de chemins de c\u00e2bles et de conduits de ventilation.\" \/>\n<meta property=\"og:url\" content=\"https:\/\/www.joker-fastener.com\/fr\/product\/rod-hanging-type\/\" \/>\n<meta property=\"og:site_name\" content=\"JOKER INDUSTRIAL CO., LTD\" \/>\n<meta property=\"article:modified_time\" content=\"2025-07-11T07:47:39+00:00\" \/>\n<meta property=\"og:image\" content=\"https:\/\/www.joker-fastener.com\/wp-content\/uploads\/2022\/06\/Rog-hanger-screw-anchor.jpg\" \/>\n\t<meta property=\"og:image:width\" content=\"806\" \/>\n\t<meta property=\"og:image:height\" content=\"806\" \/>\n\t<meta property=\"og:image:type\" content=\"image\/jpeg\" \/>\n<meta name=\"twitter:card\" content=\"summary_large_image\" \/>\n<meta name=\"twitter:label1\" content=\"Dur\u00e9e de lecture estim\u00e9e\" \/>\n\t<meta name=\"twitter:data1\" content=\"2 minutes\" \/>\n<script type=\"application\/ld+json\" class=\"yoast-schema-graph\">{\"@context\":\"https:\/\/schema.org\",\"@graph\":[{\"@type\":\"WebPage\",\"@id\":\"https:\/\/www.joker-fastener.com\/fr\/product\/rod-hanging-type\/\",\"url\":\"https:\/\/www.joker-fastener.com\/fr\/product\/rod-hanging-type\/\",\"name\":\"Vis \u00e0 b\u00e9ton filetage femelle Diam\u00e8tre du foret 6 mm\",\"isPartOf\":{\"@id\":\"https:\/\/www.joker-fastener.com\/#website\"},\"primaryImageOfPage\":{\"@id\":\"https:\/\/www.joker-fastener.com\/fr\/product\/rod-hanging-type\/#primaryimage\"},\"image\":{\"@id\":\"https:\/\/www.joker-fastener.com\/fr\/product\/rod-hanging-type\/#primaryimage\"},\"thumbnailUrl\":\"https:\/\/www.joker-fastener.com\/wp-content\/uploads\/2022\/06\/Rog-hanger-screw-anchor.jpg\",\"datePublished\":\"2022-10-01T06:20:02+00:00\",\"dateModified\":\"2025-07-11T07:47:39+00:00\",\"description\":\"Vis \u00e0 b\u00e9ton filetage femelle Vis \u00e0 b\u00e9ton filetage femelle Il est con\u00e7u pour des applications telles que la fixation de chemins de tuyauterie, de syst\u00e8mes de gicleurs, de chemins de c\u00e2bles et de conduits de ventilation.\",\"breadcrumb\":{\"@id\":\"https:\/\/www.joker-fastener.com\/fr\/product\/rod-hanging-type\/#breadcrumb\"},\"inLanguage\":\"fr-FR\",\"potentialAction\":[{\"@type\":\"ReadAction\",\"target\":[\"https:\/\/www.joker-fastener.com\/fr\/product\/rod-hanging-type\/\"]}]},{\"@type\":\"ImageObject\",\"inLanguage\":\"fr-FR\",\"@id\":\"https:\/\/www.joker-fastener.com\/fr\/product\/rod-hanging-type\/#primaryimage\",\"url\":\"https:\/\/www.joker-fastener.com\/wp-content\/uploads\/2022\/06\/Rog-hanger-screw-anchor.jpg\",\"contentUrl\":\"https:\/\/www.joker-fastener.com\/wp-content\/uploads\/2022\/06\/Rog-hanger-screw-anchor.jpg\",\"width\":806,\"height\":806,\"caption\":\"Rod hanger concrete screw\"},{\"@type\":\"BreadcrumbList\",\"@id\":\"https:\/\/www.joker-fastener.com\/fr\/product\/rod-hanging-type\/#breadcrumb\",\"itemListElement\":[{\"@type\":\"ListItem\",\"position\":1,\"name\":\"Home\",\"item\":\"https:\/\/www.joker-fastener.com\/fr\/\"},{\"@type\":\"ListItem\",\"position\":2,\"name\":\"Product\",\"item\":\"https:\/\/www.joker-fastener.com\/product\/\"},{\"@type\":\"ListItem\",\"position\":3,\"name\":\"Vis \u00e0 b\u00e9ton filetage femelle Diam\u00e8tre du foret 6 mm\"}]},{\"@type\":\"WebSite\",\"@id\":\"https:\/\/www.joker-fastener.com\/#website\",\"url\":\"https:\/\/www.joker-fastener.com\/\",\"name\":\"JOKER INDUSTRIAL CO., LTD\",\"description\":\"Supplier Manufacturer\",\"potentialAction\":[{\"@type\":\"SearchAction\",\"target\":{\"@type\":\"EntryPoint\",\"urlTemplate\":\"https:\/\/www.joker-fastener.com\/?s={search_term_string}\"},\"query-input\":{\"@type\":\"PropertyValueSpecification\",\"valueRequired\":true,\"valueName\":\"search_term_string\"}}],\"inLanguage\":\"fr-FR\"}]}<\/script>\n<!-- \/ Yoast SEO plugin. -->","yoast_head_json":{"title":"Vis \u00e0 b\u00e9ton filetage femelle Diam\u00e8tre du foret 6 mm","description":"Vis \u00e0 b\u00e9ton filetage femelle Vis \u00e0 b\u00e9ton filetage femelle Il est con\u00e7u pour des applications telles que la fixation de chemins de tuyauterie, de syst\u00e8mes de gicleurs, de chemins de c\u00e2bles et de conduits de ventilation.","robots":{"index":"index","follow":"follow","max-snippet":"max-snippet:-1","max-image-preview":"max-image-preview:large","max-video-preview":"max-video-preview:-1"},"canonical":"https:\/\/www.joker-fastener.com\/fr\/product\/rod-hanging-type\/","og_locale":"fr_FR","og_type":"article","og_title":"Vis \u00e0 b\u00e9ton filetage femelle Diam\u00e8tre du foret 6 mm","og_description":"Vis \u00e0 b\u00e9ton filetage femelle Vis \u00e0 b\u00e9ton filetage femelle Il est con\u00e7u pour des applications telles que la fixation de chemins de tuyauterie, de syst\u00e8mes de gicleurs, de chemins de c\u00e2bles et de conduits de ventilation.","og_url":"https:\/\/www.joker-fastener.com\/fr\/product\/rod-hanging-type\/","og_site_name":"JOKER INDUSTRIAL CO., LTD","article_modified_time":"2025-07-11T07:47:39+00:00","og_image":[{"width":806,"height":806,"url":"https:\/\/www.joker-fastener.com\/wp-content\/uploads\/2022\/06\/Rog-hanger-screw-anchor.jpg","type":"image\/jpeg"}],"twitter_card":"summary_large_image","twitter_misc":{"Dur\u00e9e de lecture estim\u00e9e":"2 minutes"},"schema":{"@context":"https:\/\/schema.org","@graph":[{"@type":"WebPage","@id":"https:\/\/www.joker-fastener.com\/fr\/product\/rod-hanging-type\/","url":"https:\/\/www.joker-fastener.com\/fr\/product\/rod-hanging-type\/","name":"Vis \u00e0 b\u00e9ton filetage femelle Diam\u00e8tre du foret 6 mm","isPartOf":{"@id":"https:\/\/www.joker-fastener.com\/#website"},"primaryImageOfPage":{"@id":"https:\/\/www.joker-fastener.com\/fr\/product\/rod-hanging-type\/#primaryimage"},"image":{"@id":"https:\/\/www.joker-fastener.com\/fr\/product\/rod-hanging-type\/#primaryimage"},"thumbnailUrl":"https:\/\/www.joker-fastener.com\/wp-content\/uploads\/2022\/06\/Rog-hanger-screw-anchor.jpg","datePublished":"2022-10-01T06:20:02+00:00","dateModified":"2025-07-11T07:47:39+00:00","description":"Vis \u00e0 b\u00e9ton filetage femelle Vis \u00e0 b\u00e9ton filetage femelle Il est con\u00e7u pour des applications telles que la fixation de chemins de tuyauterie, de syst\u00e8mes de gicleurs, de chemins de c\u00e2bles et de conduits de ventilation.","breadcrumb":{"@id":"https:\/\/www.joker-fastener.com\/fr\/product\/rod-hanging-type\/#breadcrumb"},"inLanguage":"fr-FR","potentialAction":[{"@type":"ReadAction","target":["https:\/\/www.joker-fastener.com\/fr\/product\/rod-hanging-type\/"]}]},{"@type":"ImageObject","inLanguage":"fr-FR","@id":"https:\/\/www.joker-fastener.com\/fr\/product\/rod-hanging-type\/#primaryimage","url":"https:\/\/www.joker-fastener.com\/wp-content\/uploads\/2022\/06\/Rog-hanger-screw-anchor.jpg","contentUrl":"https:\/\/www.joker-fastener.com\/wp-content\/uploads\/2022\/06\/Rog-hanger-screw-anchor.jpg","width":806,"height":806,"caption":"Rod hanger concrete screw"},{"@type":"BreadcrumbList","@id":"https:\/\/www.joker-fastener.com\/fr\/product\/rod-hanging-type\/#breadcrumb","itemListElement":[{"@type":"ListItem","position":1,"name":"Home","item":"https:\/\/www.joker-fastener.com\/fr\/"},{"@type":"ListItem","position":2,"name":"Product","item":"https:\/\/www.joker-fastener.com\/product\/"},{"@type":"ListItem","position":3,"name":"Vis \u00e0 b\u00e9ton filetage femelle Diam\u00e8tre du foret 6 mm"}]},{"@type":"WebSite","@id":"https:\/\/www.joker-fastener.com\/#website","url":"https:\/\/www.joker-fastener.com\/","name":"JOKER INDUSTRIAL CO., LTD","description":"Supplier Manufacturer","potentialAction":[{"@type":"SearchAction","target":{"@type":"EntryPoint","urlTemplate":"https:\/\/www.joker-fastener.com\/?s={search_term_string}"},"query-input":{"@type":"PropertyValueSpecification","valueRequired":true,"valueName":"search_term_string"}}],"inLanguage":"fr-FR"}]}},"_links":{"self":[{"href":"https:\/\/www.joker-fastener.com\/fr\/wp-json\/wp\/v2\/product\/4541","targetHints":{"allow":["GET"]}}],"collection":[{"href":"https:\/\/www.joker-fastener.com\/fr\/wp-json\/wp\/v2\/product"}],"about":[{"href":"https:\/\/www.joker-fastener.com\/fr\/wp-json\/wp\/v2\/types\/product"}],"wp:featuredmedia":[{"embeddable":true,"href":"https:\/\/www.joker-fastener.com\/fr\/wp-json\/wp\/v2\/media\/2472"}],"wp:attachment":[{"href":"https:\/\/www.joker-fastener.com\/fr\/wp-json\/wp\/v2\/media?parent=4541"}],"wp:term":[{"taxonomy":"product_brand","embeddable":true,"href":"https:\/\/www.joker-fastener.com\/fr\/wp-json\/wp\/v2\/product_brand?post=4541"},{"taxonomy":"product_cat","embeddable":true,"href":"https:\/\/www.joker-fastener.com\/fr\/wp-json\/wp\/v2\/product_cat?post=4541"},{"taxonomy":"product_tag","embeddable":true,"href":"https:\/\/www.joker-fastener.com\/fr\/wp-json\/wp\/v2\/product_tag?post=4541"}],"curies":[{"name":"wp","href":"https:\/\/api.w.org\/{rel}","templated":true}]}}