{"id":4543,"date":"2022-05-23T11:37:20","date_gmt":"2022-05-23T03:37:20","guid":{"rendered":"https:\/\/www.joker-fastener.com\/product\/jack-nut\/"},"modified":"2023-02-16T13:52:48","modified_gmt":"2023-02-16T05:52:48","slug":"jack-rivet-ecrou","status":"publish","type":"product","link":"https:\/\/www.joker-fastener.com\/fr\/product\/jack-rivet-ecrou\/","title":{"rendered":"Jack rivet \u00e9crou"},"content":{"rendered":"<p>Jack \u00e9crous \u00e0 sertir en aveugle fendus avec filet sp\u00e9cialement con\u00e7us pour une utilisation dans les mat\u00e9riaux fragiles et tendres comme par exemple le plastique ou le plexiglas. Sur les surfaces irr\u00e9guli\u00e8res particuli\u00e8rement, ces \u00e9crous \u00e0 sertir en aveugle offrent une excellente s\u00e9curit\u00e9 contre la torsion.<\/p>\n<p>&nbsp;<\/p>\n<p>Les \u00e9crous aveugles sont un rivet \u00e9conomique dans la fixation automobile. Bon pour la fixation de t\u00f4les fines, toujours utilis\u00e9 pour les plaques automobiles et la d\u00e9coration. Gr\u00e2ce \u00e0 la grande plage de sertissage, une utilisation flexible est possible avec diff\u00e9rentes \u00e9paisseurs de mat\u00e9riau.<\/p>\n<p>&nbsp;<\/p>\n<p>En 2023, nous obtenons le certificat IATF 16949 et l&rsquo;acier au carbone\/inoxydable tous deux disponibles.<\/p>\n<p><img loading=\"lazy\" decoding=\"async\" class=\"alignleft size-thumbnail wp-image-5564\" src=\"https:\/\/www.joker-fastener.com\/wp-content\/uploads\/2022\/05\/IATF-16949-ISO-9001_URS-URS-150x86.jpg\" alt=\"IATF 16949 URS\" width=\"150\" height=\"86\" srcset=\"https:\/\/www.joker-fastener.com\/wp-content\/uploads\/2022\/05\/IATF-16949-ISO-9001_URS-URS-150x86.jpg 150w, https:\/\/www.joker-fastener.com\/wp-content\/uploads\/2022\/05\/IATF-16949-ISO-9001_URS-URS-600x343.jpg 600w, https:\/\/www.joker-fastener.com\/wp-content\/uploads\/2022\/05\/IATF-16949-ISO-9001_URS-URS-1024x586.jpg 1024w, https:\/\/www.joker-fastener.com\/wp-content\/uploads\/2022\/05\/IATF-16949-ISO-9001_URS-URS-768x439.jpg 768w, https:\/\/www.joker-fastener.com\/wp-content\/uploads\/2022\/05\/IATF-16949-ISO-9001_URS-URS.jpg 1241w\" sizes=\"auto, (max-width: 150px) 100vw, 150px\" \/><\/p>\n","protected":false},"excerpt":{"rendered":"<p>Jack \u00e9crous \u00e0 sertir en aveugle fendus avec filet sp\u00e9cialement con\u00e7us pour une utilisation dans les mat\u00e9riaux fragiles et tendres comme par exemple le plastique ou le plexiglas. Sur les surfaces irr\u00e9guli\u00e8res particuli\u00e8rement, ces \u00e9crous \u00e0 sertir en aveugle offrent une excellente s\u00e9curit\u00e9 contre la torsion. &nbsp; Les \u00e9crous aveugles sont un rivet \u00e9conomique dans [&hellip;]<\/p>\n","protected":false},"featured_media":1621,"template":"","meta":{"_acf_changed":false},"product_brand":[],"product_cat":[152],"product_tag":[],"class_list":{"0":"post-4543","1":"product","2":"type-product","3":"status-publish","4":"has-post-thumbnail","6":"product_cat-blind-jack-nuts-order-fr","8":"first","9":"instock","10":"shipping-taxable","11":"product-type-simple"},"acf":[],"yoast_head":"<!-- This site is optimized with the Yoast SEO plugin v25.0 - https:\/\/yoast.com\/wordpress\/plugins\/seo\/ -->\n<title>Jack rivet \u00e9crou - JOKER INDUSTRIAL CO., LTD<\/title>\n<meta name=\"description\" content=\"Les \u00e9crous aveugles sont un rivet \u00e9conomique dans la fixation automobile. Bon pour la fixation de t\u00f4les fines, toujours utilis\u00e9 pour les plaques automobiles et la d\u00e9coration.\" \/>\n<meta name=\"robots\" content=\"index, follow, max-snippet:-1, max-image-preview:large, max-video-preview:-1\" \/>\n<link rel=\"canonical\" href=\"https:\/\/www.joker-fastener.com\/fr\/product\/jack-rivet-ecrou\/\" \/>\n<meta property=\"og:locale\" content=\"fr_FR\" \/>\n<meta property=\"og:type\" content=\"article\" \/>\n<meta property=\"og:title\" content=\"Jack rivet \u00e9crou - JOKER INDUSTRIAL CO., LTD\" \/>\n<meta property=\"og:description\" content=\"Les \u00e9crous aveugles sont un rivet \u00e9conomique dans la fixation automobile. Bon pour la fixation de t\u00f4les fines, toujours utilis\u00e9 pour les plaques automobiles et la d\u00e9coration.\" \/>\n<meta property=\"og:url\" content=\"https:\/\/www.joker-fastener.com\/fr\/product\/jack-rivet-ecrou\/\" \/>\n<meta property=\"og:site_name\" content=\"JOKER INDUSTRIAL CO., LTD\" \/>\n<meta property=\"article:modified_time\" content=\"2023-02-16T05:52:48+00:00\" \/>\n<meta property=\"og:image\" content=\"https:\/\/www.joker-fastener.com\/wp-content\/uploads\/2022\/05\/JACK-NUT-1.png\" \/>\n\t<meta property=\"og:image:width\" content=\"1000\" \/>\n\t<meta property=\"og:image:height\" content=\"1000\" \/>\n\t<meta property=\"og:image:type\" content=\"image\/png\" \/>\n<meta name=\"twitter:card\" content=\"summary_large_image\" \/>\n<meta name=\"twitter:label1\" content=\"Dur\u00e9e de lecture estim\u00e9e\" \/>\n\t<meta name=\"twitter:data1\" content=\"1 minute\" \/>\n<script type=\"application\/ld+json\" class=\"yoast-schema-graph\">{\"@context\":\"https:\/\/schema.org\",\"@graph\":[{\"@type\":\"WebPage\",\"@id\":\"https:\/\/www.joker-fastener.com\/fr\/product\/jack-rivet-ecrou\/\",\"url\":\"https:\/\/www.joker-fastener.com\/fr\/product\/jack-rivet-ecrou\/\",\"name\":\"Jack rivet \u00e9crou - JOKER INDUSTRIAL CO., LTD\",\"isPartOf\":{\"@id\":\"https:\/\/www.joker-fastener.com\/#website\"},\"primaryImageOfPage\":{\"@id\":\"https:\/\/www.joker-fastener.com\/fr\/product\/jack-rivet-ecrou\/#primaryimage\"},\"image\":{\"@id\":\"https:\/\/www.joker-fastener.com\/fr\/product\/jack-rivet-ecrou\/#primaryimage\"},\"thumbnailUrl\":\"https:\/\/www.joker-fastener.com\/wp-content\/uploads\/2022\/05\/JACK-NUT-1.png\",\"datePublished\":\"2022-05-23T03:37:20+00:00\",\"dateModified\":\"2023-02-16T05:52:48+00:00\",\"description\":\"Les \u00e9crous aveugles sont un rivet \u00e9conomique dans la fixation automobile. Bon pour la fixation de t\u00f4les fines, toujours utilis\u00e9 pour les plaques automobiles et la d\u00e9coration.\",\"breadcrumb\":{\"@id\":\"https:\/\/www.joker-fastener.com\/fr\/product\/jack-rivet-ecrou\/#breadcrumb\"},\"inLanguage\":\"fr-FR\",\"potentialAction\":[{\"@type\":\"ReadAction\",\"target\":[\"https:\/\/www.joker-fastener.com\/fr\/product\/jack-rivet-ecrou\/\"]}]},{\"@type\":\"ImageObject\",\"inLanguage\":\"fr-FR\",\"@id\":\"https:\/\/www.joker-fastener.com\/fr\/product\/jack-rivet-ecrou\/#primaryimage\",\"url\":\"https:\/\/www.joker-fastener.com\/wp-content\/uploads\/2022\/05\/JACK-NUT-1.png\",\"contentUrl\":\"https:\/\/www.joker-fastener.com\/wp-content\/uploads\/2022\/05\/JACK-NUT-1.png\",\"width\":1000,\"height\":1000,\"caption\":\"jack nut\"},{\"@type\":\"BreadcrumbList\",\"@id\":\"https:\/\/www.joker-fastener.com\/fr\/product\/jack-rivet-ecrou\/#breadcrumb\",\"itemListElement\":[{\"@type\":\"ListItem\",\"position\":1,\"name\":\"Home\",\"item\":\"https:\/\/www.joker-fastener.com\/fr\/\"},{\"@type\":\"ListItem\",\"position\":2,\"name\":\"Product\",\"item\":\"https:\/\/www.joker-fastener.com\/product\/\"},{\"@type\":\"ListItem\",\"position\":3,\"name\":\"Jack rivet \u00e9crou\"}]},{\"@type\":\"WebSite\",\"@id\":\"https:\/\/www.joker-fastener.com\/#website\",\"url\":\"https:\/\/www.joker-fastener.com\/\",\"name\":\"JOKER INDUSTRIAL CO., LTD\",\"description\":\"Supplier Manufacturer\",\"potentialAction\":[{\"@type\":\"SearchAction\",\"target\":{\"@type\":\"EntryPoint\",\"urlTemplate\":\"https:\/\/www.joker-fastener.com\/?s={search_term_string}\"},\"query-input\":{\"@type\":\"PropertyValueSpecification\",\"valueRequired\":true,\"valueName\":\"search_term_string\"}}],\"inLanguage\":\"fr-FR\"}]}<\/script>\n<!-- \/ Yoast SEO plugin. -->","yoast_head_json":{"title":"Jack rivet \u00e9crou - JOKER INDUSTRIAL CO., LTD","description":"Les \u00e9crous aveugles sont un rivet \u00e9conomique dans la fixation automobile. Bon pour la fixation de t\u00f4les fines, toujours utilis\u00e9 pour les plaques automobiles et la d\u00e9coration.","robots":{"index":"index","follow":"follow","max-snippet":"max-snippet:-1","max-image-preview":"max-image-preview:large","max-video-preview":"max-video-preview:-1"},"canonical":"https:\/\/www.joker-fastener.com\/fr\/product\/jack-rivet-ecrou\/","og_locale":"fr_FR","og_type":"article","og_title":"Jack rivet \u00e9crou - JOKER INDUSTRIAL CO., LTD","og_description":"Les \u00e9crous aveugles sont un rivet \u00e9conomique dans la fixation automobile. Bon pour la fixation de t\u00f4les fines, toujours utilis\u00e9 pour les plaques automobiles et la d\u00e9coration.","og_url":"https:\/\/www.joker-fastener.com\/fr\/product\/jack-rivet-ecrou\/","og_site_name":"JOKER INDUSTRIAL CO., LTD","article_modified_time":"2023-02-16T05:52:48+00:00","og_image":[{"width":1000,"height":1000,"url":"https:\/\/www.joker-fastener.com\/wp-content\/uploads\/2022\/05\/JACK-NUT-1.png","type":"image\/png"}],"twitter_card":"summary_large_image","twitter_misc":{"Dur\u00e9e de lecture estim\u00e9e":"1 minute"},"schema":{"@context":"https:\/\/schema.org","@graph":[{"@type":"WebPage","@id":"https:\/\/www.joker-fastener.com\/fr\/product\/jack-rivet-ecrou\/","url":"https:\/\/www.joker-fastener.com\/fr\/product\/jack-rivet-ecrou\/","name":"Jack rivet \u00e9crou - JOKER INDUSTRIAL CO., LTD","isPartOf":{"@id":"https:\/\/www.joker-fastener.com\/#website"},"primaryImageOfPage":{"@id":"https:\/\/www.joker-fastener.com\/fr\/product\/jack-rivet-ecrou\/#primaryimage"},"image":{"@id":"https:\/\/www.joker-fastener.com\/fr\/product\/jack-rivet-ecrou\/#primaryimage"},"thumbnailUrl":"https:\/\/www.joker-fastener.com\/wp-content\/uploads\/2022\/05\/JACK-NUT-1.png","datePublished":"2022-05-23T03:37:20+00:00","dateModified":"2023-02-16T05:52:48+00:00","description":"Les \u00e9crous aveugles sont un rivet \u00e9conomique dans la fixation automobile. Bon pour la fixation de t\u00f4les fines, toujours utilis\u00e9 pour les plaques automobiles et la d\u00e9coration.","breadcrumb":{"@id":"https:\/\/www.joker-fastener.com\/fr\/product\/jack-rivet-ecrou\/#breadcrumb"},"inLanguage":"fr-FR","potentialAction":[{"@type":"ReadAction","target":["https:\/\/www.joker-fastener.com\/fr\/product\/jack-rivet-ecrou\/"]}]},{"@type":"ImageObject","inLanguage":"fr-FR","@id":"https:\/\/www.joker-fastener.com\/fr\/product\/jack-rivet-ecrou\/#primaryimage","url":"https:\/\/www.joker-fastener.com\/wp-content\/uploads\/2022\/05\/JACK-NUT-1.png","contentUrl":"https:\/\/www.joker-fastener.com\/wp-content\/uploads\/2022\/05\/JACK-NUT-1.png","width":1000,"height":1000,"caption":"jack nut"},{"@type":"BreadcrumbList","@id":"https:\/\/www.joker-fastener.com\/fr\/product\/jack-rivet-ecrou\/#breadcrumb","itemListElement":[{"@type":"ListItem","position":1,"name":"Home","item":"https:\/\/www.joker-fastener.com\/fr\/"},{"@type":"ListItem","position":2,"name":"Product","item":"https:\/\/www.joker-fastener.com\/product\/"},{"@type":"ListItem","position":3,"name":"Jack rivet \u00e9crou"}]},{"@type":"WebSite","@id":"https:\/\/www.joker-fastener.com\/#website","url":"https:\/\/www.joker-fastener.com\/","name":"JOKER INDUSTRIAL CO., LTD","description":"Supplier Manufacturer","potentialAction":[{"@type":"SearchAction","target":{"@type":"EntryPoint","urlTemplate":"https:\/\/www.joker-fastener.com\/?s={search_term_string}"},"query-input":{"@type":"PropertyValueSpecification","valueRequired":true,"valueName":"search_term_string"}}],"inLanguage":"fr-FR"}]}},"_links":{"self":[{"href":"https:\/\/www.joker-fastener.com\/fr\/wp-json\/wp\/v2\/product\/4543","targetHints":{"allow":["GET"]}}],"collection":[{"href":"https:\/\/www.joker-fastener.com\/fr\/wp-json\/wp\/v2\/product"}],"about":[{"href":"https:\/\/www.joker-fastener.com\/fr\/wp-json\/wp\/v2\/types\/product"}],"wp:featuredmedia":[{"embeddable":true,"href":"https:\/\/www.joker-fastener.com\/fr\/wp-json\/wp\/v2\/media\/1621"}],"wp:attachment":[{"href":"https:\/\/www.joker-fastener.com\/fr\/wp-json\/wp\/v2\/media?parent=4543"}],"wp:term":[{"taxonomy":"product_brand","embeddable":true,"href":"https:\/\/www.joker-fastener.com\/fr\/wp-json\/wp\/v2\/product_brand?post=4543"},{"taxonomy":"product_cat","embeddable":true,"href":"https:\/\/www.joker-fastener.com\/fr\/wp-json\/wp\/v2\/product_cat?post=4543"},{"taxonomy":"product_tag","embeddable":true,"href":"https:\/\/www.joker-fastener.com\/fr\/wp-json\/wp\/v2\/product_tag?post=4543"}],"curies":[{"name":"wp","href":"https:\/\/api.w.org\/{rel}","templated":true}]}}