{"id":4544,"date":"2022-12-28T15:23:53","date_gmt":"2022-12-28T07:23:53","guid":{"rendered":"https:\/\/www.joker-fastener.com\/product\/sissy-anchor\/"},"modified":"2024-07-15T09:32:12","modified_gmt":"2024-07-15T01:32:12","slug":"sissy-anchor","status":"publish","type":"product","link":"https:\/\/www.joker-fastener.com\/fr\/product\/sissy-anchor\/","title":{"rendered":"Vis \u00e0 b\u00e9ton \u00e0 filetage int\u00e9rieur &#8211; brevet global"},"content":{"rendered":"<p>SISSY Anchor\u00ae, qui tire le premier alphabet du syst\u00e8me Screw In Screw.<\/p>\n<p>La fa\u00e7on dont JOKER con\u00e7oit ses produits est toujours de penser du point de vue de l&rsquo;utilisateur final.<\/p>\n<p>Ancres \u00e0 douille autotaraudantes \u00e0 filetage interne pour b\u00e9ton<\/p>\n<p>SISSY Anchor\u00ae pourrait facilement remplacer les ancres \u00e0 expansion traditionnelles. Ce type d&rsquo;ancrage de sous-d\u00e9pouille a des exigences limit\u00e9es pour l&rsquo;environnement d&rsquo;installation.<\/p>\n<p>Il s&rsquo;agit d&rsquo;une ancre de b\u00e9ton autotaraudeuse la plus innovante jamais con\u00e7ue, mais elle peut \u00e9galement \u00eatre utilis\u00e9e pour l&rsquo;installation de tous les mat\u00e9riaux de base solides gr\u00e2ce \u00e0 sa fonction de syst\u00e8me de vis \u00e0 vis. Vous n&rsquo;avez pas besoin de vis plus longues pour augmenter la charge d&rsquo;extraction, il suffit d&rsquo;augmenter la profondeur de r\u00e9glage.<\/p>\n","protected":false},"excerpt":{"rendered":"<p>SISSY Anchor\u00ae, qui tire le premier alphabet du syst\u00e8me Screw In Screw. La fa\u00e7on dont JOKER con\u00e7oit ses produits est toujours de penser du point de vue de l&rsquo;utilisateur final. Ancres \u00e0 douille autotaraudantes \u00e0 filetage interne pour b\u00e9ton SISSY Anchor\u00ae pourrait facilement remplacer les ancres \u00e0 expansion traditionnelles. Ce type d&rsquo;ancrage de sous-d\u00e9pouille a [&hellip;]<\/p>\n","protected":false},"featured_media":3185,"template":"","meta":{"_acf_changed":false},"product_brand":[],"product_cat":[146],"product_tag":[],"class_list":{"0":"post-4544","1":"product","2":"type-product","3":"status-publish","4":"has-post-thumbnail","6":"product_cat-concrete-fixings-order-fr","8":"first","9":"instock","10":"shipping-taxable","11":"product-type-simple"},"acf":[],"yoast_head":"<!-- This site is optimized with the Yoast SEO plugin v25.0 - https:\/\/yoast.com\/wordpress\/plugins\/seo\/ -->\n<title>Vis \u00e0 b\u00e9ton \u00e0 filetage int\u00e9rieur - brevet global - JOKER INDUSTRIAL CO., LTD<\/title>\n<meta name=\"robots\" content=\"index, follow, max-snippet:-1, max-image-preview:large, max-video-preview:-1\" \/>\n<link rel=\"canonical\" href=\"https:\/\/www.joker-fastener.com\/fr\/product\/sissy-anchor\/\" \/>\n<meta property=\"og:locale\" content=\"fr_FR\" \/>\n<meta property=\"og:type\" content=\"article\" \/>\n<meta property=\"og:title\" content=\"Vis \u00e0 b\u00e9ton \u00e0 filetage int\u00e9rieur - brevet global - JOKER INDUSTRIAL CO., LTD\" \/>\n<meta property=\"og:description\" content=\"SISSY Anchor\u00ae, qui tire le premier alphabet du syst\u00e8me Screw In Screw. La fa\u00e7on dont JOKER con\u00e7oit ses produits est toujours de penser du point de vue de l&rsquo;utilisateur final. Ancres \u00e0 douille autotaraudantes \u00e0 filetage interne pour b\u00e9ton SISSY Anchor\u00ae pourrait facilement remplacer les ancres \u00e0 expansion traditionnelles. Ce type d&rsquo;ancrage de sous-d\u00e9pouille a [&hellip;]\" \/>\n<meta property=\"og:url\" content=\"https:\/\/www.joker-fastener.com\/fr\/product\/sissy-anchor\/\" \/>\n<meta property=\"og:site_name\" content=\"JOKER INDUSTRIAL CO., LTD\" \/>\n<meta property=\"article:modified_time\" content=\"2024-07-15T01:32:12+00:00\" \/>\n<meta property=\"og:image\" content=\"https:\/\/www.joker-fastener.com\/wp-content\/uploads\/2022\/06\/sissy-anchor.jpg\" \/>\n\t<meta property=\"og:image:width\" content=\"806\" \/>\n\t<meta property=\"og:image:height\" content=\"806\" \/>\n\t<meta property=\"og:image:type\" content=\"image\/jpeg\" \/>\n<meta name=\"twitter:card\" content=\"summary_large_image\" \/>\n<meta name=\"twitter:label1\" content=\"Dur\u00e9e de lecture estim\u00e9e\" \/>\n\t<meta name=\"twitter:data1\" content=\"1 minute\" \/>\n<script type=\"application\/ld+json\" class=\"yoast-schema-graph\">{\"@context\":\"https:\/\/schema.org\",\"@graph\":[{\"@type\":\"WebPage\",\"@id\":\"https:\/\/www.joker-fastener.com\/fr\/product\/sissy-anchor\/\",\"url\":\"https:\/\/www.joker-fastener.com\/fr\/product\/sissy-anchor\/\",\"name\":\"Vis \u00e0 b\u00e9ton \u00e0 filetage int\u00e9rieur - brevet global - JOKER INDUSTRIAL CO., LTD\",\"isPartOf\":{\"@id\":\"https:\/\/www.joker-fastener.com\/#website\"},\"primaryImageOfPage\":{\"@id\":\"https:\/\/www.joker-fastener.com\/fr\/product\/sissy-anchor\/#primaryimage\"},\"image\":{\"@id\":\"https:\/\/www.joker-fastener.com\/fr\/product\/sissy-anchor\/#primaryimage\"},\"thumbnailUrl\":\"https:\/\/www.joker-fastener.com\/wp-content\/uploads\/2022\/06\/sissy-anchor.jpg\",\"datePublished\":\"2022-12-28T07:23:53+00:00\",\"dateModified\":\"2024-07-15T01:32:12+00:00\",\"breadcrumb\":{\"@id\":\"https:\/\/www.joker-fastener.com\/fr\/product\/sissy-anchor\/#breadcrumb\"},\"inLanguage\":\"fr-FR\",\"potentialAction\":[{\"@type\":\"ReadAction\",\"target\":[\"https:\/\/www.joker-fastener.com\/fr\/product\/sissy-anchor\/\"]}]},{\"@type\":\"ImageObject\",\"inLanguage\":\"fr-FR\",\"@id\":\"https:\/\/www.joker-fastener.com\/fr\/product\/sissy-anchor\/#primaryimage\",\"url\":\"https:\/\/www.joker-fastener.com\/wp-content\/uploads\/2022\/06\/sissy-anchor.jpg\",\"contentUrl\":\"https:\/\/www.joker-fastener.com\/wp-content\/uploads\/2022\/06\/sissy-anchor.jpg\",\"width\":806,\"height\":806,\"caption\":\"internal thread cutting screw anchor\"},{\"@type\":\"BreadcrumbList\",\"@id\":\"https:\/\/www.joker-fastener.com\/fr\/product\/sissy-anchor\/#breadcrumb\",\"itemListElement\":[{\"@type\":\"ListItem\",\"position\":1,\"name\":\"Home\",\"item\":\"https:\/\/www.joker-fastener.com\/fr\/\"},{\"@type\":\"ListItem\",\"position\":2,\"name\":\"Product\",\"item\":\"https:\/\/www.joker-fastener.com\/product\/\"},{\"@type\":\"ListItem\",\"position\":3,\"name\":\"Vis \u00e0 b\u00e9ton \u00e0 filetage int\u00e9rieur &#8211; brevet global\"}]},{\"@type\":\"WebSite\",\"@id\":\"https:\/\/www.joker-fastener.com\/#website\",\"url\":\"https:\/\/www.joker-fastener.com\/\",\"name\":\"JOKER INDUSTRIAL CO., LTD\",\"description\":\"Supplier Manufacturer\",\"potentialAction\":[{\"@type\":\"SearchAction\",\"target\":{\"@type\":\"EntryPoint\",\"urlTemplate\":\"https:\/\/www.joker-fastener.com\/?s={search_term_string}\"},\"query-input\":{\"@type\":\"PropertyValueSpecification\",\"valueRequired\":true,\"valueName\":\"search_term_string\"}}],\"inLanguage\":\"fr-FR\"}]}<\/script>\n<!-- \/ Yoast SEO plugin. -->","yoast_head_json":{"title":"Vis \u00e0 b\u00e9ton \u00e0 filetage int\u00e9rieur - brevet global - JOKER INDUSTRIAL CO., LTD","robots":{"index":"index","follow":"follow","max-snippet":"max-snippet:-1","max-image-preview":"max-image-preview:large","max-video-preview":"max-video-preview:-1"},"canonical":"https:\/\/www.joker-fastener.com\/fr\/product\/sissy-anchor\/","og_locale":"fr_FR","og_type":"article","og_title":"Vis \u00e0 b\u00e9ton \u00e0 filetage int\u00e9rieur - brevet global - JOKER INDUSTRIAL CO., LTD","og_description":"SISSY Anchor\u00ae, qui tire le premier alphabet du syst\u00e8me Screw In Screw. La fa\u00e7on dont JOKER con\u00e7oit ses produits est toujours de penser du point de vue de l&rsquo;utilisateur final. Ancres \u00e0 douille autotaraudantes \u00e0 filetage interne pour b\u00e9ton SISSY Anchor\u00ae pourrait facilement remplacer les ancres \u00e0 expansion traditionnelles. Ce type d&rsquo;ancrage de sous-d\u00e9pouille a [&hellip;]","og_url":"https:\/\/www.joker-fastener.com\/fr\/product\/sissy-anchor\/","og_site_name":"JOKER INDUSTRIAL CO., LTD","article_modified_time":"2024-07-15T01:32:12+00:00","og_image":[{"width":806,"height":806,"url":"https:\/\/www.joker-fastener.com\/wp-content\/uploads\/2022\/06\/sissy-anchor.jpg","type":"image\/jpeg"}],"twitter_card":"summary_large_image","twitter_misc":{"Dur\u00e9e de lecture estim\u00e9e":"1 minute"},"schema":{"@context":"https:\/\/schema.org","@graph":[{"@type":"WebPage","@id":"https:\/\/www.joker-fastener.com\/fr\/product\/sissy-anchor\/","url":"https:\/\/www.joker-fastener.com\/fr\/product\/sissy-anchor\/","name":"Vis \u00e0 b\u00e9ton \u00e0 filetage int\u00e9rieur - brevet global - JOKER INDUSTRIAL CO., LTD","isPartOf":{"@id":"https:\/\/www.joker-fastener.com\/#website"},"primaryImageOfPage":{"@id":"https:\/\/www.joker-fastener.com\/fr\/product\/sissy-anchor\/#primaryimage"},"image":{"@id":"https:\/\/www.joker-fastener.com\/fr\/product\/sissy-anchor\/#primaryimage"},"thumbnailUrl":"https:\/\/www.joker-fastener.com\/wp-content\/uploads\/2022\/06\/sissy-anchor.jpg","datePublished":"2022-12-28T07:23:53+00:00","dateModified":"2024-07-15T01:32:12+00:00","breadcrumb":{"@id":"https:\/\/www.joker-fastener.com\/fr\/product\/sissy-anchor\/#breadcrumb"},"inLanguage":"fr-FR","potentialAction":[{"@type":"ReadAction","target":["https:\/\/www.joker-fastener.com\/fr\/product\/sissy-anchor\/"]}]},{"@type":"ImageObject","inLanguage":"fr-FR","@id":"https:\/\/www.joker-fastener.com\/fr\/product\/sissy-anchor\/#primaryimage","url":"https:\/\/www.joker-fastener.com\/wp-content\/uploads\/2022\/06\/sissy-anchor.jpg","contentUrl":"https:\/\/www.joker-fastener.com\/wp-content\/uploads\/2022\/06\/sissy-anchor.jpg","width":806,"height":806,"caption":"internal thread cutting screw anchor"},{"@type":"BreadcrumbList","@id":"https:\/\/www.joker-fastener.com\/fr\/product\/sissy-anchor\/#breadcrumb","itemListElement":[{"@type":"ListItem","position":1,"name":"Home","item":"https:\/\/www.joker-fastener.com\/fr\/"},{"@type":"ListItem","position":2,"name":"Product","item":"https:\/\/www.joker-fastener.com\/product\/"},{"@type":"ListItem","position":3,"name":"Vis \u00e0 b\u00e9ton \u00e0 filetage int\u00e9rieur &#8211; brevet global"}]},{"@type":"WebSite","@id":"https:\/\/www.joker-fastener.com\/#website","url":"https:\/\/www.joker-fastener.com\/","name":"JOKER INDUSTRIAL CO., LTD","description":"Supplier Manufacturer","potentialAction":[{"@type":"SearchAction","target":{"@type":"EntryPoint","urlTemplate":"https:\/\/www.joker-fastener.com\/?s={search_term_string}"},"query-input":{"@type":"PropertyValueSpecification","valueRequired":true,"valueName":"search_term_string"}}],"inLanguage":"fr-FR"}]}},"_links":{"self":[{"href":"https:\/\/www.joker-fastener.com\/fr\/wp-json\/wp\/v2\/product\/4544","targetHints":{"allow":["GET"]}}],"collection":[{"href":"https:\/\/www.joker-fastener.com\/fr\/wp-json\/wp\/v2\/product"}],"about":[{"href":"https:\/\/www.joker-fastener.com\/fr\/wp-json\/wp\/v2\/types\/product"}],"wp:featuredmedia":[{"embeddable":true,"href":"https:\/\/www.joker-fastener.com\/fr\/wp-json\/wp\/v2\/media\/3185"}],"wp:attachment":[{"href":"https:\/\/www.joker-fastener.com\/fr\/wp-json\/wp\/v2\/media?parent=4544"}],"wp:term":[{"taxonomy":"product_brand","embeddable":true,"href":"https:\/\/www.joker-fastener.com\/fr\/wp-json\/wp\/v2\/product_brand?post=4544"},{"taxonomy":"product_cat","embeddable":true,"href":"https:\/\/www.joker-fastener.com\/fr\/wp-json\/wp\/v2\/product_cat?post=4544"},{"taxonomy":"product_tag","embeddable":true,"href":"https:\/\/www.joker-fastener.com\/fr\/wp-json\/wp\/v2\/product_tag?post=4544"}],"curies":[{"name":"wp","href":"https:\/\/api.w.org\/{rel}","templated":true}]}}