{"id":4545,"date":"2022-12-23T11:28:23","date_gmt":"2022-12-23T03:28:23","guid":{"rendered":"https:\/\/www.joker-fastener.com\/product\/ceiling-anchor-2\/"},"modified":"2024-02-19T11:15:51","modified_gmt":"2024-02-19T03:15:51","slug":"ceiling-anchor-2","status":"publish","type":"product","link":"https:\/\/www.joker-fastener.com\/fr\/product\/ceiling-anchor-2\/","title":{"rendered":"Frapper ancrage m\u00e9tallique pour plafond suspendu"},"content":{"rendered":"<p>Ancrage m\u00e9tallique pour plafond suspendu ce jeu de clous pour assemblage d&rsquo;\u00e9l\u00e9ments en haute duret\u00e9 est tr\u00e8s r\u00e9sistant \u00e0 l&rsquo;arrachement aussi bien qu&rsquo;\u00e0 la rupture Trait distinctif: les clous d&rsquo;ancrage \u00e0 montage sans cheville sont reconnus pour leur fiabilit\u00e9, simplicit\u00e9 et solidit\u00e9<\/p>\n","protected":false},"excerpt":{"rendered":"<p>Ancrage m\u00e9tallique pour plafond suspendu ce jeu de clous pour assemblage d&rsquo;\u00e9l\u00e9ments en haute duret\u00e9 est tr\u00e8s r\u00e9sistant \u00e0 l&rsquo;arrachement aussi bien qu&rsquo;\u00e0 la rupture Trait distinctif: les clous d&rsquo;ancrage \u00e0 montage sans cheville sont reconnus pour leur fiabilit\u00e9, simplicit\u00e9 et solidit\u00e9<\/p>\n","protected":false},"featured_media":2656,"template":"","meta":{"_acf_changed":false},"product_brand":[],"product_cat":[140,146],"product_tag":[],"class_list":{"0":"post-4545","1":"product","2":"type-product","3":"status-publish","4":"has-post-thumbnail","6":"product_cat-hammer-in-fixings-order-fr","7":"product_cat-concrete-fixings-order-fr","9":"first","10":"instock","11":"shipping-taxable","12":"product-type-simple"},"acf":[],"yoast_head":"<!-- This site is optimized with the Yoast SEO plugin v25.0 - https:\/\/yoast.com\/wordpress\/plugins\/seo\/ -->\n<title>Frapper ancrage m\u00e9tallique pour plafond suspendu - JOKER INDUSTRIAL CO., LTD<\/title>\n<meta name=\"robots\" content=\"index, follow, max-snippet:-1, max-image-preview:large, max-video-preview:-1\" \/>\n<link rel=\"canonical\" href=\"https:\/\/www.joker-fastener.com\/fr\/product\/ceiling-anchor-2\/\" \/>\n<meta property=\"og:locale\" content=\"fr_FR\" \/>\n<meta property=\"og:type\" content=\"article\" \/>\n<meta property=\"og:title\" content=\"Frapper ancrage m\u00e9tallique pour plafond suspendu - JOKER INDUSTRIAL CO., LTD\" \/>\n<meta property=\"og:description\" content=\"Ancrage m\u00e9tallique pour plafond suspendu ce jeu de clous pour assemblage d&rsquo;\u00e9l\u00e9ments en haute duret\u00e9 est tr\u00e8s r\u00e9sistant \u00e0 l&rsquo;arrachement aussi bien qu&rsquo;\u00e0 la rupture Trait distinctif: les clous d&rsquo;ancrage \u00e0 montage sans cheville sont reconnus pour leur fiabilit\u00e9, simplicit\u00e9 et solidit\u00e9\" \/>\n<meta property=\"og:url\" content=\"https:\/\/www.joker-fastener.com\/fr\/product\/ceiling-anchor-2\/\" \/>\n<meta property=\"og:site_name\" content=\"JOKER INDUSTRIAL CO., LTD\" \/>\n<meta property=\"article:modified_time\" content=\"2024-02-19T03:15:51+00:00\" \/>\n<meta property=\"og:image\" content=\"https:\/\/www.joker-fastener.com\/wp-content\/uploads\/2022\/07\/1.-Ceciling-anchor-01.jpg\" \/>\n\t<meta property=\"og:image:width\" content=\"806\" \/>\n\t<meta property=\"og:image:height\" content=\"806\" \/>\n\t<meta property=\"og:image:type\" content=\"image\/jpeg\" \/>\n<meta name=\"twitter:card\" content=\"summary_large_image\" \/>\n<meta name=\"twitter:label1\" content=\"Dur\u00e9e de lecture estim\u00e9e\" \/>\n\t<meta name=\"twitter:data1\" content=\"1 minute\" \/>\n<script type=\"application\/ld+json\" class=\"yoast-schema-graph\">{\"@context\":\"https:\/\/schema.org\",\"@graph\":[{\"@type\":\"WebPage\",\"@id\":\"https:\/\/www.joker-fastener.com\/fr\/product\/ceiling-anchor-2\/\",\"url\":\"https:\/\/www.joker-fastener.com\/fr\/product\/ceiling-anchor-2\/\",\"name\":\"Frapper ancrage m\u00e9tallique pour plafond suspendu - JOKER INDUSTRIAL CO., LTD\",\"isPartOf\":{\"@id\":\"https:\/\/www.joker-fastener.com\/#website\"},\"primaryImageOfPage\":{\"@id\":\"https:\/\/www.joker-fastener.com\/fr\/product\/ceiling-anchor-2\/#primaryimage\"},\"image\":{\"@id\":\"https:\/\/www.joker-fastener.com\/fr\/product\/ceiling-anchor-2\/#primaryimage\"},\"thumbnailUrl\":\"https:\/\/www.joker-fastener.com\/wp-content\/uploads\/2022\/07\/1.-Ceciling-anchor-01.jpg\",\"datePublished\":\"2022-12-23T03:28:23+00:00\",\"dateModified\":\"2024-02-19T03:15:51+00:00\",\"breadcrumb\":{\"@id\":\"https:\/\/www.joker-fastener.com\/fr\/product\/ceiling-anchor-2\/#breadcrumb\"},\"inLanguage\":\"fr-FR\",\"potentialAction\":[{\"@type\":\"ReadAction\",\"target\":[\"https:\/\/www.joker-fastener.com\/fr\/product\/ceiling-anchor-2\/\"]}]},{\"@type\":\"ImageObject\",\"inLanguage\":\"fr-FR\",\"@id\":\"https:\/\/www.joker-fastener.com\/fr\/product\/ceiling-anchor-2\/#primaryimage\",\"url\":\"https:\/\/www.joker-fastener.com\/wp-content\/uploads\/2022\/07\/1.-Ceciling-anchor-01.jpg\",\"contentUrl\":\"https:\/\/www.joker-fastener.com\/wp-content\/uploads\/2022\/07\/1.-Ceciling-anchor-01.jpg\",\"width\":806,\"height\":806,\"caption\":\"Ceiling anchor\"},{\"@type\":\"BreadcrumbList\",\"@id\":\"https:\/\/www.joker-fastener.com\/fr\/product\/ceiling-anchor-2\/#breadcrumb\",\"itemListElement\":[{\"@type\":\"ListItem\",\"position\":1,\"name\":\"Home\",\"item\":\"https:\/\/www.joker-fastener.com\/fr\/\"},{\"@type\":\"ListItem\",\"position\":2,\"name\":\"Product\",\"item\":\"https:\/\/www.joker-fastener.com\/product\/\"},{\"@type\":\"ListItem\",\"position\":3,\"name\":\"Frapper ancrage m\u00e9tallique pour plafond suspendu\"}]},{\"@type\":\"WebSite\",\"@id\":\"https:\/\/www.joker-fastener.com\/#website\",\"url\":\"https:\/\/www.joker-fastener.com\/\",\"name\":\"JOKER INDUSTRIAL CO., LTD\",\"description\":\"Supplier Manufacturer\",\"potentialAction\":[{\"@type\":\"SearchAction\",\"target\":{\"@type\":\"EntryPoint\",\"urlTemplate\":\"https:\/\/www.joker-fastener.com\/?s={search_term_string}\"},\"query-input\":{\"@type\":\"PropertyValueSpecification\",\"valueRequired\":true,\"valueName\":\"search_term_string\"}}],\"inLanguage\":\"fr-FR\"}]}<\/script>\n<!-- \/ Yoast SEO plugin. -->","yoast_head_json":{"title":"Frapper ancrage m\u00e9tallique pour plafond suspendu - JOKER INDUSTRIAL CO., LTD","robots":{"index":"index","follow":"follow","max-snippet":"max-snippet:-1","max-image-preview":"max-image-preview:large","max-video-preview":"max-video-preview:-1"},"canonical":"https:\/\/www.joker-fastener.com\/fr\/product\/ceiling-anchor-2\/","og_locale":"fr_FR","og_type":"article","og_title":"Frapper ancrage m\u00e9tallique pour plafond suspendu - JOKER INDUSTRIAL CO., LTD","og_description":"Ancrage m\u00e9tallique pour plafond suspendu ce jeu de clous pour assemblage d&rsquo;\u00e9l\u00e9ments en haute duret\u00e9 est tr\u00e8s r\u00e9sistant \u00e0 l&rsquo;arrachement aussi bien qu&rsquo;\u00e0 la rupture Trait distinctif: les clous d&rsquo;ancrage \u00e0 montage sans cheville sont reconnus pour leur fiabilit\u00e9, simplicit\u00e9 et solidit\u00e9","og_url":"https:\/\/www.joker-fastener.com\/fr\/product\/ceiling-anchor-2\/","og_site_name":"JOKER INDUSTRIAL CO., LTD","article_modified_time":"2024-02-19T03:15:51+00:00","og_image":[{"width":806,"height":806,"url":"https:\/\/www.joker-fastener.com\/wp-content\/uploads\/2022\/07\/1.-Ceciling-anchor-01.jpg","type":"image\/jpeg"}],"twitter_card":"summary_large_image","twitter_misc":{"Dur\u00e9e de lecture estim\u00e9e":"1 minute"},"schema":{"@context":"https:\/\/schema.org","@graph":[{"@type":"WebPage","@id":"https:\/\/www.joker-fastener.com\/fr\/product\/ceiling-anchor-2\/","url":"https:\/\/www.joker-fastener.com\/fr\/product\/ceiling-anchor-2\/","name":"Frapper ancrage m\u00e9tallique pour plafond suspendu - JOKER INDUSTRIAL CO., LTD","isPartOf":{"@id":"https:\/\/www.joker-fastener.com\/#website"},"primaryImageOfPage":{"@id":"https:\/\/www.joker-fastener.com\/fr\/product\/ceiling-anchor-2\/#primaryimage"},"image":{"@id":"https:\/\/www.joker-fastener.com\/fr\/product\/ceiling-anchor-2\/#primaryimage"},"thumbnailUrl":"https:\/\/www.joker-fastener.com\/wp-content\/uploads\/2022\/07\/1.-Ceciling-anchor-01.jpg","datePublished":"2022-12-23T03:28:23+00:00","dateModified":"2024-02-19T03:15:51+00:00","breadcrumb":{"@id":"https:\/\/www.joker-fastener.com\/fr\/product\/ceiling-anchor-2\/#breadcrumb"},"inLanguage":"fr-FR","potentialAction":[{"@type":"ReadAction","target":["https:\/\/www.joker-fastener.com\/fr\/product\/ceiling-anchor-2\/"]}]},{"@type":"ImageObject","inLanguage":"fr-FR","@id":"https:\/\/www.joker-fastener.com\/fr\/product\/ceiling-anchor-2\/#primaryimage","url":"https:\/\/www.joker-fastener.com\/wp-content\/uploads\/2022\/07\/1.-Ceciling-anchor-01.jpg","contentUrl":"https:\/\/www.joker-fastener.com\/wp-content\/uploads\/2022\/07\/1.-Ceciling-anchor-01.jpg","width":806,"height":806,"caption":"Ceiling anchor"},{"@type":"BreadcrumbList","@id":"https:\/\/www.joker-fastener.com\/fr\/product\/ceiling-anchor-2\/#breadcrumb","itemListElement":[{"@type":"ListItem","position":1,"name":"Home","item":"https:\/\/www.joker-fastener.com\/fr\/"},{"@type":"ListItem","position":2,"name":"Product","item":"https:\/\/www.joker-fastener.com\/product\/"},{"@type":"ListItem","position":3,"name":"Frapper ancrage m\u00e9tallique pour plafond suspendu"}]},{"@type":"WebSite","@id":"https:\/\/www.joker-fastener.com\/#website","url":"https:\/\/www.joker-fastener.com\/","name":"JOKER INDUSTRIAL CO., LTD","description":"Supplier Manufacturer","potentialAction":[{"@type":"SearchAction","target":{"@type":"EntryPoint","urlTemplate":"https:\/\/www.joker-fastener.com\/?s={search_term_string}"},"query-input":{"@type":"PropertyValueSpecification","valueRequired":true,"valueName":"search_term_string"}}],"inLanguage":"fr-FR"}]}},"_links":{"self":[{"href":"https:\/\/www.joker-fastener.com\/fr\/wp-json\/wp\/v2\/product\/4545","targetHints":{"allow":["GET"]}}],"collection":[{"href":"https:\/\/www.joker-fastener.com\/fr\/wp-json\/wp\/v2\/product"}],"about":[{"href":"https:\/\/www.joker-fastener.com\/fr\/wp-json\/wp\/v2\/types\/product"}],"wp:featuredmedia":[{"embeddable":true,"href":"https:\/\/www.joker-fastener.com\/fr\/wp-json\/wp\/v2\/media\/2656"}],"wp:attachment":[{"href":"https:\/\/www.joker-fastener.com\/fr\/wp-json\/wp\/v2\/media?parent=4545"}],"wp:term":[{"taxonomy":"product_brand","embeddable":true,"href":"https:\/\/www.joker-fastener.com\/fr\/wp-json\/wp\/v2\/product_brand?post=4545"},{"taxonomy":"product_cat","embeddable":true,"href":"https:\/\/www.joker-fastener.com\/fr\/wp-json\/wp\/v2\/product_cat?post=4545"},{"taxonomy":"product_tag","embeddable":true,"href":"https:\/\/www.joker-fastener.com\/fr\/wp-json\/wp\/v2\/product_tag?post=4545"}],"curies":[{"name":"wp","href":"https:\/\/api.w.org\/{rel}","templated":true}]}}