{"id":4552,"date":"2022-06-22T13:52:18","date_gmt":"2022-06-22T05:52:18","guid":{"rendered":"https:\/\/www.joker-fastener.com\/product\/wire-ceiling-hanger-anchors\/"},"modified":"2022-09-19T22:27:05","modified_gmt":"2022-09-19T14:27:05","slug":"wire-ceiling-hanger-anchors","status":"publish","type":"product","link":"https:\/\/www.joker-fastener.com\/fr\/product\/wire-ceiling-hanger-anchors\/","title":{"rendered":"Cheville m\u00e9tallique \u00e0 \u0153illet pour c\u00e2bles et luminaires"},"content":{"rendered":"<p>Les Cheville m\u00e9talliques \u00e0 \u0153illet sont des ancrages l\u00e9gers et sont utilis\u00e9s pour c\u00e2bler les suspentes et les supports de c\u00e2bles au plafond. Il fonctionne comme une goupille\/clou express o\u00f9 aucun clou ou vis n&rsquo;est n\u00e9cessaire, il suffit de percer et de nettoyer le trou, puis de marteler l&rsquo;ancre.<\/p>\n","protected":false},"excerpt":{"rendered":"<p>Les Cheville m\u00e9talliques \u00e0 \u0153illet sont des ancrages l\u00e9gers et sont utilis\u00e9s pour c\u00e2bler les suspentes et les supports de c\u00e2bles au plafond. Il fonctionne comme une goupille\/clou express o\u00f9 aucun clou ou vis n&rsquo;est n\u00e9cessaire, il suffit de percer et de nettoyer le trou, puis de marteler l&rsquo;ancre.<\/p>\n","protected":false},"featured_media":2056,"template":"","meta":{"_acf_changed":false},"product_brand":[],"product_cat":[140],"product_tag":[],"class_list":{"0":"post-4552","1":"product","2":"type-product","3":"status-publish","4":"has-post-thumbnail","6":"product_cat-hammer-in-fixings-order-fr","8":"first","9":"instock","10":"shipping-taxable","11":"product-type-simple"},"acf":[],"yoast_head":"<!-- This site is optimized with the Yoast SEO plugin v25.0 - https:\/\/yoast.com\/wordpress\/plugins\/seo\/ -->\n<title>Cheville m\u00e9tallique \u00e0 \u0153illet pour c\u00e2bles et luminaires - JOKER INDUSTRIAL CO., LTD<\/title>\n<meta name=\"robots\" content=\"index, follow, max-snippet:-1, max-image-preview:large, max-video-preview:-1\" \/>\n<link rel=\"canonical\" href=\"https:\/\/www.joker-fastener.com\/fr\/product\/wire-ceiling-hanger-anchors\/\" \/>\n<meta property=\"og:locale\" content=\"fr_FR\" \/>\n<meta property=\"og:type\" content=\"article\" \/>\n<meta property=\"og:title\" content=\"Cheville m\u00e9tallique \u00e0 \u0153illet pour c\u00e2bles et luminaires - JOKER INDUSTRIAL CO., LTD\" \/>\n<meta property=\"og:description\" content=\"Les Cheville m\u00e9talliques \u00e0 \u0153illet sont des ancrages l\u00e9gers et sont utilis\u00e9s pour c\u00e2bler les suspentes et les supports de c\u00e2bles au plafond. Il fonctionne comme une goupille\/clou express o\u00f9 aucun clou ou vis n&rsquo;est n\u00e9cessaire, il suffit de percer et de nettoyer le trou, puis de marteler l&rsquo;ancre.\" \/>\n<meta property=\"og:url\" content=\"https:\/\/www.joker-fastener.com\/fr\/product\/wire-ceiling-hanger-anchors\/\" \/>\n<meta property=\"og:site_name\" content=\"JOKER INDUSTRIAL CO., LTD\" \/>\n<meta property=\"article:modified_time\" content=\"2022-09-19T14:27:05+00:00\" \/>\n<meta property=\"og:image\" content=\"https:\/\/www.joker-fastener.com\/wp-content\/uploads\/2022\/06\/express-hanger-anchor-01.jpg\" \/>\n\t<meta property=\"og:image:width\" content=\"806\" \/>\n\t<meta property=\"og:image:height\" content=\"806\" \/>\n\t<meta property=\"og:image:type\" content=\"image\/jpeg\" \/>\n<meta name=\"twitter:card\" content=\"summary_large_image\" \/>\n<script type=\"application\/ld+json\" class=\"yoast-schema-graph\">{\"@context\":\"https:\/\/schema.org\",\"@graph\":[{\"@type\":\"WebPage\",\"@id\":\"https:\/\/www.joker-fastener.com\/fr\/product\/wire-ceiling-hanger-anchors\/\",\"url\":\"https:\/\/www.joker-fastener.com\/fr\/product\/wire-ceiling-hanger-anchors\/\",\"name\":\"Cheville m\u00e9tallique \u00e0 \u0153illet pour c\u00e2bles et luminaires - JOKER INDUSTRIAL CO., LTD\",\"isPartOf\":{\"@id\":\"https:\/\/www.joker-fastener.com\/#website\"},\"primaryImageOfPage\":{\"@id\":\"https:\/\/www.joker-fastener.com\/fr\/product\/wire-ceiling-hanger-anchors\/#primaryimage\"},\"image\":{\"@id\":\"https:\/\/www.joker-fastener.com\/fr\/product\/wire-ceiling-hanger-anchors\/#primaryimage\"},\"thumbnailUrl\":\"https:\/\/www.joker-fastener.com\/wp-content\/uploads\/2022\/06\/express-hanger-anchor-01.jpg\",\"datePublished\":\"2022-06-22T05:52:18+00:00\",\"dateModified\":\"2022-09-19T14:27:05+00:00\",\"breadcrumb\":{\"@id\":\"https:\/\/www.joker-fastener.com\/fr\/product\/wire-ceiling-hanger-anchors\/#breadcrumb\"},\"inLanguage\":\"fr-FR\",\"potentialAction\":[{\"@type\":\"ReadAction\",\"target\":[\"https:\/\/www.joker-fastener.com\/fr\/product\/wire-ceiling-hanger-anchors\/\"]}]},{\"@type\":\"ImageObject\",\"inLanguage\":\"fr-FR\",\"@id\":\"https:\/\/www.joker-fastener.com\/fr\/product\/wire-ceiling-hanger-anchors\/#primaryimage\",\"url\":\"https:\/\/www.joker-fastener.com\/wp-content\/uploads\/2022\/06\/express-hanger-anchor-01.jpg\",\"contentUrl\":\"https:\/\/www.joker-fastener.com\/wp-content\/uploads\/2022\/06\/express-hanger-anchor-01.jpg\",\"width\":806,\"height\":806,\"caption\":\"express hammer hanger\"},{\"@type\":\"BreadcrumbList\",\"@id\":\"https:\/\/www.joker-fastener.com\/fr\/product\/wire-ceiling-hanger-anchors\/#breadcrumb\",\"itemListElement\":[{\"@type\":\"ListItem\",\"position\":1,\"name\":\"Home\",\"item\":\"https:\/\/www.joker-fastener.com\/fr\/\"},{\"@type\":\"ListItem\",\"position\":2,\"name\":\"Product\",\"item\":\"https:\/\/www.joker-fastener.com\/product\/\"},{\"@type\":\"ListItem\",\"position\":3,\"name\":\"Cheville m\u00e9tallique \u00e0 \u0153illet pour c\u00e2bles et luminaires\"}]},{\"@type\":\"WebSite\",\"@id\":\"https:\/\/www.joker-fastener.com\/#website\",\"url\":\"https:\/\/www.joker-fastener.com\/\",\"name\":\"JOKER INDUSTRIAL CO., LTD\",\"description\":\"Supplier Manufacturer\",\"potentialAction\":[{\"@type\":\"SearchAction\",\"target\":{\"@type\":\"EntryPoint\",\"urlTemplate\":\"https:\/\/www.joker-fastener.com\/?s={search_term_string}\"},\"query-input\":{\"@type\":\"PropertyValueSpecification\",\"valueRequired\":true,\"valueName\":\"search_term_string\"}}],\"inLanguage\":\"fr-FR\"}]}<\/script>\n<!-- \/ Yoast SEO plugin. -->","yoast_head_json":{"title":"Cheville m\u00e9tallique \u00e0 \u0153illet pour c\u00e2bles et luminaires - JOKER INDUSTRIAL CO., LTD","robots":{"index":"index","follow":"follow","max-snippet":"max-snippet:-1","max-image-preview":"max-image-preview:large","max-video-preview":"max-video-preview:-1"},"canonical":"https:\/\/www.joker-fastener.com\/fr\/product\/wire-ceiling-hanger-anchors\/","og_locale":"fr_FR","og_type":"article","og_title":"Cheville m\u00e9tallique \u00e0 \u0153illet pour c\u00e2bles et luminaires - JOKER INDUSTRIAL CO., LTD","og_description":"Les Cheville m\u00e9talliques \u00e0 \u0153illet sont des ancrages l\u00e9gers et sont utilis\u00e9s pour c\u00e2bler les suspentes et les supports de c\u00e2bles au plafond. Il fonctionne comme une goupille\/clou express o\u00f9 aucun clou ou vis n&rsquo;est n\u00e9cessaire, il suffit de percer et de nettoyer le trou, puis de marteler l&rsquo;ancre.","og_url":"https:\/\/www.joker-fastener.com\/fr\/product\/wire-ceiling-hanger-anchors\/","og_site_name":"JOKER INDUSTRIAL CO., LTD","article_modified_time":"2022-09-19T14:27:05+00:00","og_image":[{"width":806,"height":806,"url":"https:\/\/www.joker-fastener.com\/wp-content\/uploads\/2022\/06\/express-hanger-anchor-01.jpg","type":"image\/jpeg"}],"twitter_card":"summary_large_image","schema":{"@context":"https:\/\/schema.org","@graph":[{"@type":"WebPage","@id":"https:\/\/www.joker-fastener.com\/fr\/product\/wire-ceiling-hanger-anchors\/","url":"https:\/\/www.joker-fastener.com\/fr\/product\/wire-ceiling-hanger-anchors\/","name":"Cheville m\u00e9tallique \u00e0 \u0153illet pour c\u00e2bles et luminaires - JOKER INDUSTRIAL CO., LTD","isPartOf":{"@id":"https:\/\/www.joker-fastener.com\/#website"},"primaryImageOfPage":{"@id":"https:\/\/www.joker-fastener.com\/fr\/product\/wire-ceiling-hanger-anchors\/#primaryimage"},"image":{"@id":"https:\/\/www.joker-fastener.com\/fr\/product\/wire-ceiling-hanger-anchors\/#primaryimage"},"thumbnailUrl":"https:\/\/www.joker-fastener.com\/wp-content\/uploads\/2022\/06\/express-hanger-anchor-01.jpg","datePublished":"2022-06-22T05:52:18+00:00","dateModified":"2022-09-19T14:27:05+00:00","breadcrumb":{"@id":"https:\/\/www.joker-fastener.com\/fr\/product\/wire-ceiling-hanger-anchors\/#breadcrumb"},"inLanguage":"fr-FR","potentialAction":[{"@type":"ReadAction","target":["https:\/\/www.joker-fastener.com\/fr\/product\/wire-ceiling-hanger-anchors\/"]}]},{"@type":"ImageObject","inLanguage":"fr-FR","@id":"https:\/\/www.joker-fastener.com\/fr\/product\/wire-ceiling-hanger-anchors\/#primaryimage","url":"https:\/\/www.joker-fastener.com\/wp-content\/uploads\/2022\/06\/express-hanger-anchor-01.jpg","contentUrl":"https:\/\/www.joker-fastener.com\/wp-content\/uploads\/2022\/06\/express-hanger-anchor-01.jpg","width":806,"height":806,"caption":"express hammer hanger"},{"@type":"BreadcrumbList","@id":"https:\/\/www.joker-fastener.com\/fr\/product\/wire-ceiling-hanger-anchors\/#breadcrumb","itemListElement":[{"@type":"ListItem","position":1,"name":"Home","item":"https:\/\/www.joker-fastener.com\/fr\/"},{"@type":"ListItem","position":2,"name":"Product","item":"https:\/\/www.joker-fastener.com\/product\/"},{"@type":"ListItem","position":3,"name":"Cheville m\u00e9tallique \u00e0 \u0153illet pour c\u00e2bles et luminaires"}]},{"@type":"WebSite","@id":"https:\/\/www.joker-fastener.com\/#website","url":"https:\/\/www.joker-fastener.com\/","name":"JOKER INDUSTRIAL CO., LTD","description":"Supplier Manufacturer","potentialAction":[{"@type":"SearchAction","target":{"@type":"EntryPoint","urlTemplate":"https:\/\/www.joker-fastener.com\/?s={search_term_string}"},"query-input":{"@type":"PropertyValueSpecification","valueRequired":true,"valueName":"search_term_string"}}],"inLanguage":"fr-FR"}]}},"_links":{"self":[{"href":"https:\/\/www.joker-fastener.com\/fr\/wp-json\/wp\/v2\/product\/4552","targetHints":{"allow":["GET"]}}],"collection":[{"href":"https:\/\/www.joker-fastener.com\/fr\/wp-json\/wp\/v2\/product"}],"about":[{"href":"https:\/\/www.joker-fastener.com\/fr\/wp-json\/wp\/v2\/types\/product"}],"wp:featuredmedia":[{"embeddable":true,"href":"https:\/\/www.joker-fastener.com\/fr\/wp-json\/wp\/v2\/media\/2056"}],"wp:attachment":[{"href":"https:\/\/www.joker-fastener.com\/fr\/wp-json\/wp\/v2\/media?parent=4552"}],"wp:term":[{"taxonomy":"product_brand","embeddable":true,"href":"https:\/\/www.joker-fastener.com\/fr\/wp-json\/wp\/v2\/product_brand?post=4552"},{"taxonomy":"product_cat","embeddable":true,"href":"https:\/\/www.joker-fastener.com\/fr\/wp-json\/wp\/v2\/product_cat?post=4552"},{"taxonomy":"product_tag","embeddable":true,"href":"https:\/\/www.joker-fastener.com\/fr\/wp-json\/wp\/v2\/product_tag?post=4552"}],"curies":[{"name":"wp","href":"https:\/\/api.w.org\/{rel}","templated":true}]}}