{"id":4553,"date":"2022-06-22T13:58:07","date_gmt":"2022-06-22T05:58:07","guid":{"rendered":"https:\/\/www.joker-fastener.com\/product\/hollow-wall-anchor-setting-tool\/"},"modified":"2022-09-29T15:07:35","modified_gmt":"2022-09-29T07:07:35","slug":"hollow-wall-anchor-setting-tool","status":"publish","type":"product","link":"https:\/\/www.joker-fastener.com\/fr\/product\/hollow-wall-anchor-setting-tool\/","title":{"rendered":"Pince \u00e0 cheville placo- Facile"},"content":{"rendered":"<p>1801 avec conception simple et \u00e9conomique. Pour le r\u00e9glage des fixations murales de la cavit\u00e9 dans les murs \/ stud creux rapidement et avec pr\u00e9cision. Pour le r\u00e9glage des fixations murales de la cavit\u00e9 dans les murs \/ stud creux rapidement et avec pr\u00e9cision. Montage facile d&rsquo;une cheville pour mur creux et d&rsquo;un \u00e9crou de taille M4 M5 M6.<\/p>\n","protected":false},"excerpt":{"rendered":"<p>1801 avec conception simple et \u00e9conomique. Pour le r\u00e9glage des fixations murales de la cavit\u00e9 dans les murs \/ stud creux rapidement et avec pr\u00e9cision. Pour le r\u00e9glage des fixations murales de la cavit\u00e9 dans les murs \/ stud creux rapidement et avec pr\u00e9cision. Montage facile d&rsquo;une cheville pour mur creux et d&rsquo;un \u00e9crou de [&hellip;]<\/p>\n","protected":false},"featured_media":2071,"template":"","meta":{"_acf_changed":false},"product_brand":[],"product_cat":[135],"product_tag":[],"class_list":{"0":"post-4553","1":"product","2":"type-product","3":"status-publish","4":"has-post-thumbnail","6":"product_cat-setting-tools-order-fr","8":"first","9":"instock","10":"shipping-taxable","11":"product-type-simple"},"acf":[],"yoast_head":"<!-- This site is optimized with the Yoast SEO plugin v25.0 - https:\/\/yoast.com\/wordpress\/plugins\/seo\/ -->\n<title>Pince \u00e0 cheville placo- Facile - JOKER INDUSTRIAL CO., LTD<\/title>\n<meta name=\"robots\" content=\"index, follow, max-snippet:-1, max-image-preview:large, max-video-preview:-1\" \/>\n<link rel=\"canonical\" href=\"https:\/\/www.joker-fastener.com\/fr\/product\/hollow-wall-anchor-setting-tool\/\" \/>\n<meta property=\"og:locale\" content=\"fr_FR\" \/>\n<meta property=\"og:type\" content=\"article\" \/>\n<meta property=\"og:title\" content=\"Pince \u00e0 cheville placo- Facile - JOKER INDUSTRIAL CO., LTD\" \/>\n<meta property=\"og:description\" content=\"1801 avec conception simple et \u00e9conomique. Pour le r\u00e9glage des fixations murales de la cavit\u00e9 dans les murs \/ stud creux rapidement et avec pr\u00e9cision. Pour le r\u00e9glage des fixations murales de la cavit\u00e9 dans les murs \/ stud creux rapidement et avec pr\u00e9cision. Montage facile d&rsquo;une cheville pour mur creux et d&rsquo;un \u00e9crou de [&hellip;]\" \/>\n<meta property=\"og:url\" content=\"https:\/\/www.joker-fastener.com\/fr\/product\/hollow-wall-anchor-setting-tool\/\" \/>\n<meta property=\"og:site_name\" content=\"JOKER INDUSTRIAL CO., LTD\" \/>\n<meta property=\"article:modified_time\" content=\"2022-09-29T07:07:35+00:00\" \/>\n<meta property=\"og:image\" content=\"https:\/\/www.joker-fastener.com\/wp-content\/uploads\/2022\/06\/1801-01.jpg\" \/>\n\t<meta property=\"og:image:width\" content=\"806\" \/>\n\t<meta property=\"og:image:height\" content=\"806\" \/>\n\t<meta property=\"og:image:type\" content=\"image\/jpeg\" \/>\n<meta name=\"twitter:card\" content=\"summary_large_image\" \/>\n<script type=\"application\/ld+json\" class=\"yoast-schema-graph\">{\"@context\":\"https:\/\/schema.org\",\"@graph\":[{\"@type\":\"WebPage\",\"@id\":\"https:\/\/www.joker-fastener.com\/fr\/product\/hollow-wall-anchor-setting-tool\/\",\"url\":\"https:\/\/www.joker-fastener.com\/fr\/product\/hollow-wall-anchor-setting-tool\/\",\"name\":\"Pince \u00e0 cheville placo- Facile - JOKER INDUSTRIAL CO., LTD\",\"isPartOf\":{\"@id\":\"https:\/\/www.joker-fastener.com\/#website\"},\"primaryImageOfPage\":{\"@id\":\"https:\/\/www.joker-fastener.com\/fr\/product\/hollow-wall-anchor-setting-tool\/#primaryimage\"},\"image\":{\"@id\":\"https:\/\/www.joker-fastener.com\/fr\/product\/hollow-wall-anchor-setting-tool\/#primaryimage\"},\"thumbnailUrl\":\"https:\/\/www.joker-fastener.com\/wp-content\/uploads\/2022\/06\/1801-01.jpg\",\"datePublished\":\"2022-06-22T05:58:07+00:00\",\"dateModified\":\"2022-09-29T07:07:35+00:00\",\"breadcrumb\":{\"@id\":\"https:\/\/www.joker-fastener.com\/fr\/product\/hollow-wall-anchor-setting-tool\/#breadcrumb\"},\"inLanguage\":\"fr-FR\",\"potentialAction\":[{\"@type\":\"ReadAction\",\"target\":[\"https:\/\/www.joker-fastener.com\/fr\/product\/hollow-wall-anchor-setting-tool\/\"]}]},{\"@type\":\"ImageObject\",\"inLanguage\":\"fr-FR\",\"@id\":\"https:\/\/www.joker-fastener.com\/fr\/product\/hollow-wall-anchor-setting-tool\/#primaryimage\",\"url\":\"https:\/\/www.joker-fastener.com\/wp-content\/uploads\/2022\/06\/1801-01.jpg\",\"contentUrl\":\"https:\/\/www.joker-fastener.com\/wp-content\/uploads\/2022\/06\/1801-01.jpg\",\"width\":806,\"height\":806,\"caption\":\"simple and economic hollow wall mounting tool\"},{\"@type\":\"BreadcrumbList\",\"@id\":\"https:\/\/www.joker-fastener.com\/fr\/product\/hollow-wall-anchor-setting-tool\/#breadcrumb\",\"itemListElement\":[{\"@type\":\"ListItem\",\"position\":1,\"name\":\"Home\",\"item\":\"https:\/\/www.joker-fastener.com\/fr\/\"},{\"@type\":\"ListItem\",\"position\":2,\"name\":\"Product\",\"item\":\"https:\/\/www.joker-fastener.com\/product\/\"},{\"@type\":\"ListItem\",\"position\":3,\"name\":\"Pince \u00e0 cheville placo- Facile\"}]},{\"@type\":\"WebSite\",\"@id\":\"https:\/\/www.joker-fastener.com\/#website\",\"url\":\"https:\/\/www.joker-fastener.com\/\",\"name\":\"JOKER INDUSTRIAL CO., LTD\",\"description\":\"Supplier Manufacturer\",\"potentialAction\":[{\"@type\":\"SearchAction\",\"target\":{\"@type\":\"EntryPoint\",\"urlTemplate\":\"https:\/\/www.joker-fastener.com\/?s={search_term_string}\"},\"query-input\":{\"@type\":\"PropertyValueSpecification\",\"valueRequired\":true,\"valueName\":\"search_term_string\"}}],\"inLanguage\":\"fr-FR\"}]}<\/script>\n<!-- \/ Yoast SEO plugin. -->","yoast_head_json":{"title":"Pince \u00e0 cheville placo- Facile - JOKER INDUSTRIAL CO., LTD","robots":{"index":"index","follow":"follow","max-snippet":"max-snippet:-1","max-image-preview":"max-image-preview:large","max-video-preview":"max-video-preview:-1"},"canonical":"https:\/\/www.joker-fastener.com\/fr\/product\/hollow-wall-anchor-setting-tool\/","og_locale":"fr_FR","og_type":"article","og_title":"Pince \u00e0 cheville placo- Facile - JOKER INDUSTRIAL CO., LTD","og_description":"1801 avec conception simple et \u00e9conomique. Pour le r\u00e9glage des fixations murales de la cavit\u00e9 dans les murs \/ stud creux rapidement et avec pr\u00e9cision. Pour le r\u00e9glage des fixations murales de la cavit\u00e9 dans les murs \/ stud creux rapidement et avec pr\u00e9cision. Montage facile d&rsquo;une cheville pour mur creux et d&rsquo;un \u00e9crou de [&hellip;]","og_url":"https:\/\/www.joker-fastener.com\/fr\/product\/hollow-wall-anchor-setting-tool\/","og_site_name":"JOKER INDUSTRIAL CO., LTD","article_modified_time":"2022-09-29T07:07:35+00:00","og_image":[{"width":806,"height":806,"url":"https:\/\/www.joker-fastener.com\/wp-content\/uploads\/2022\/06\/1801-01.jpg","type":"image\/jpeg"}],"twitter_card":"summary_large_image","schema":{"@context":"https:\/\/schema.org","@graph":[{"@type":"WebPage","@id":"https:\/\/www.joker-fastener.com\/fr\/product\/hollow-wall-anchor-setting-tool\/","url":"https:\/\/www.joker-fastener.com\/fr\/product\/hollow-wall-anchor-setting-tool\/","name":"Pince \u00e0 cheville placo- Facile - JOKER INDUSTRIAL CO., LTD","isPartOf":{"@id":"https:\/\/www.joker-fastener.com\/#website"},"primaryImageOfPage":{"@id":"https:\/\/www.joker-fastener.com\/fr\/product\/hollow-wall-anchor-setting-tool\/#primaryimage"},"image":{"@id":"https:\/\/www.joker-fastener.com\/fr\/product\/hollow-wall-anchor-setting-tool\/#primaryimage"},"thumbnailUrl":"https:\/\/www.joker-fastener.com\/wp-content\/uploads\/2022\/06\/1801-01.jpg","datePublished":"2022-06-22T05:58:07+00:00","dateModified":"2022-09-29T07:07:35+00:00","breadcrumb":{"@id":"https:\/\/www.joker-fastener.com\/fr\/product\/hollow-wall-anchor-setting-tool\/#breadcrumb"},"inLanguage":"fr-FR","potentialAction":[{"@type":"ReadAction","target":["https:\/\/www.joker-fastener.com\/fr\/product\/hollow-wall-anchor-setting-tool\/"]}]},{"@type":"ImageObject","inLanguage":"fr-FR","@id":"https:\/\/www.joker-fastener.com\/fr\/product\/hollow-wall-anchor-setting-tool\/#primaryimage","url":"https:\/\/www.joker-fastener.com\/wp-content\/uploads\/2022\/06\/1801-01.jpg","contentUrl":"https:\/\/www.joker-fastener.com\/wp-content\/uploads\/2022\/06\/1801-01.jpg","width":806,"height":806,"caption":"simple and economic hollow wall mounting tool"},{"@type":"BreadcrumbList","@id":"https:\/\/www.joker-fastener.com\/fr\/product\/hollow-wall-anchor-setting-tool\/#breadcrumb","itemListElement":[{"@type":"ListItem","position":1,"name":"Home","item":"https:\/\/www.joker-fastener.com\/fr\/"},{"@type":"ListItem","position":2,"name":"Product","item":"https:\/\/www.joker-fastener.com\/product\/"},{"@type":"ListItem","position":3,"name":"Pince \u00e0 cheville placo- Facile"}]},{"@type":"WebSite","@id":"https:\/\/www.joker-fastener.com\/#website","url":"https:\/\/www.joker-fastener.com\/","name":"JOKER INDUSTRIAL CO., LTD","description":"Supplier Manufacturer","potentialAction":[{"@type":"SearchAction","target":{"@type":"EntryPoint","urlTemplate":"https:\/\/www.joker-fastener.com\/?s={search_term_string}"},"query-input":{"@type":"PropertyValueSpecification","valueRequired":true,"valueName":"search_term_string"}}],"inLanguage":"fr-FR"}]}},"_links":{"self":[{"href":"https:\/\/www.joker-fastener.com\/fr\/wp-json\/wp\/v2\/product\/4553","targetHints":{"allow":["GET"]}}],"collection":[{"href":"https:\/\/www.joker-fastener.com\/fr\/wp-json\/wp\/v2\/product"}],"about":[{"href":"https:\/\/www.joker-fastener.com\/fr\/wp-json\/wp\/v2\/types\/product"}],"wp:featuredmedia":[{"embeddable":true,"href":"https:\/\/www.joker-fastener.com\/fr\/wp-json\/wp\/v2\/media\/2071"}],"wp:attachment":[{"href":"https:\/\/www.joker-fastener.com\/fr\/wp-json\/wp\/v2\/media?parent=4553"}],"wp:term":[{"taxonomy":"product_brand","embeddable":true,"href":"https:\/\/www.joker-fastener.com\/fr\/wp-json\/wp\/v2\/product_brand?post=4553"},{"taxonomy":"product_cat","embeddable":true,"href":"https:\/\/www.joker-fastener.com\/fr\/wp-json\/wp\/v2\/product_cat?post=4553"},{"taxonomy":"product_tag","embeddable":true,"href":"https:\/\/www.joker-fastener.com\/fr\/wp-json\/wp\/v2\/product_tag?post=4553"}],"curies":[{"name":"wp","href":"https:\/\/api.w.org\/{rel}","templated":true}]}}