{"id":4556,"date":"2022-08-11T15:14:45","date_gmt":"2022-08-11T07:14:45","guid":{"rendered":"https:\/\/www.joker-fastener.com\/product\/1804\/"},"modified":"2022-09-29T15:06:14","modified_gmt":"2022-09-29T07:06:14","slug":"1804","status":"publish","type":"product","link":"https:\/\/www.joker-fastener.com\/fr\/product\/1804\/","title":{"rendered":"Pince \u00e0 cheville placo-alliage d&rsquo;aluminium"},"content":{"rendered":"<p>Pour le r\u00e9glage des fixations murales de la cavit\u00e9 dans les murs \/ stud creux rapidement et avec pr\u00e9cision. 1804 deux types Pince \u00e0 chevilles pour cloison creuse combinent la conception par l&rsquo;ergonomie, en particulier 1804 avec une conception d&rsquo;action de pompe, aide la force l\u00e9g\u00e8re au montage, aident l&rsquo;utilisateur final \u00e0 \u00e9conomiser du travail. Montage facile d&rsquo;une cheville pour mur creux et d&rsquo;un \u00e9crou de taille M4 M5 M6 M8.<\/p>\n","protected":false},"excerpt":{"rendered":"<p>Pour le r\u00e9glage des fixations murales de la cavit\u00e9 dans les murs \/ stud creux rapidement et avec pr\u00e9cision. 1804 deux types Pince \u00e0 chevilles pour cloison creuse combinent la conception par l&rsquo;ergonomie, en particulier 1804 avec une conception d&rsquo;action de pompe, aide la force l\u00e9g\u00e8re au montage, aident l&rsquo;utilisateur final \u00e0 \u00e9conomiser du travail. [&hellip;]<\/p>\n","protected":false},"featured_media":2106,"template":"","meta":{"_acf_changed":false},"product_brand":[],"product_cat":[135],"product_tag":[],"class_list":{"0":"post-4556","1":"product","2":"type-product","3":"status-publish","4":"has-post-thumbnail","6":"product_cat-setting-tools-order-fr","8":"first","9":"instock","10":"shipping-taxable","11":"product-type-simple"},"acf":[],"yoast_head":"<!-- This site is optimized with the Yoast SEO plugin v25.0 - https:\/\/yoast.com\/wordpress\/plugins\/seo\/ -->\n<title>Pince \u00e0 cheville placo-alliage d&#039;aluminium - JOKER INDUSTRIAL CO., LTD<\/title>\n<meta name=\"robots\" content=\"index, follow, max-snippet:-1, max-image-preview:large, max-video-preview:-1\" \/>\n<link rel=\"canonical\" href=\"https:\/\/www.joker-fastener.com\/fr\/product\/1804\/\" \/>\n<meta property=\"og:locale\" content=\"fr_FR\" \/>\n<meta property=\"og:type\" content=\"article\" \/>\n<meta property=\"og:title\" content=\"Pince \u00e0 cheville placo-alliage d&#039;aluminium - JOKER INDUSTRIAL CO., LTD\" \/>\n<meta property=\"og:description\" content=\"Pour le r\u00e9glage des fixations murales de la cavit\u00e9 dans les murs \/ stud creux rapidement et avec pr\u00e9cision. 1804 deux types Pince \u00e0 chevilles pour cloison creuse combinent la conception par l&rsquo;ergonomie, en particulier 1804 avec une conception d&rsquo;action de pompe, aide la force l\u00e9g\u00e8re au montage, aident l&rsquo;utilisateur final \u00e0 \u00e9conomiser du travail. [&hellip;]\" \/>\n<meta property=\"og:url\" content=\"https:\/\/www.joker-fastener.com\/fr\/product\/1804\/\" \/>\n<meta property=\"og:site_name\" content=\"JOKER INDUSTRIAL CO., LTD\" \/>\n<meta property=\"article:modified_time\" content=\"2022-09-29T07:06:14+00:00\" \/>\n<meta property=\"og:image\" content=\"https:\/\/www.joker-fastener.com\/wp-content\/uploads\/2022\/06\/1804-01.jpg\" \/>\n\t<meta property=\"og:image:width\" content=\"806\" \/>\n\t<meta property=\"og:image:height\" content=\"806\" \/>\n\t<meta property=\"og:image:type\" content=\"image\/jpeg\" \/>\n<meta name=\"twitter:card\" content=\"summary_large_image\" \/>\n<script type=\"application\/ld+json\" class=\"yoast-schema-graph\">{\"@context\":\"https:\/\/schema.org\",\"@graph\":[{\"@type\":\"WebPage\",\"@id\":\"https:\/\/www.joker-fastener.com\/fr\/product\/1804\/\",\"url\":\"https:\/\/www.joker-fastener.com\/fr\/product\/1804\/\",\"name\":\"Pince \u00e0 cheville placo-alliage d'aluminium - JOKER INDUSTRIAL CO., LTD\",\"isPartOf\":{\"@id\":\"https:\/\/www.joker-fastener.com\/#website\"},\"primaryImageOfPage\":{\"@id\":\"https:\/\/www.joker-fastener.com\/fr\/product\/1804\/#primaryimage\"},\"image\":{\"@id\":\"https:\/\/www.joker-fastener.com\/fr\/product\/1804\/#primaryimage\"},\"thumbnailUrl\":\"https:\/\/www.joker-fastener.com\/wp-content\/uploads\/2022\/06\/1804-01.jpg\",\"datePublished\":\"2022-08-11T07:14:45+00:00\",\"dateModified\":\"2022-09-29T07:06:14+00:00\",\"breadcrumb\":{\"@id\":\"https:\/\/www.joker-fastener.com\/fr\/product\/1804\/#breadcrumb\"},\"inLanguage\":\"fr-FR\",\"potentialAction\":[{\"@type\":\"ReadAction\",\"target\":[\"https:\/\/www.joker-fastener.com\/fr\/product\/1804\/\"]}]},{\"@type\":\"ImageObject\",\"inLanguage\":\"fr-FR\",\"@id\":\"https:\/\/www.joker-fastener.com\/fr\/product\/1804\/#primaryimage\",\"url\":\"https:\/\/www.joker-fastener.com\/wp-content\/uploads\/2022\/06\/1804-01.jpg\",\"contentUrl\":\"https:\/\/www.joker-fastener.com\/wp-content\/uploads\/2022\/06\/1804-01.jpg\",\"width\":806,\"height\":806,\"caption\":\"metal hollow wall anchor mounting tool\"},{\"@type\":\"BreadcrumbList\",\"@id\":\"https:\/\/www.joker-fastener.com\/fr\/product\/1804\/#breadcrumb\",\"itemListElement\":[{\"@type\":\"ListItem\",\"position\":1,\"name\":\"Home\",\"item\":\"https:\/\/www.joker-fastener.com\/fr\/\"},{\"@type\":\"ListItem\",\"position\":2,\"name\":\"Product\",\"item\":\"https:\/\/www.joker-fastener.com\/product\/\"},{\"@type\":\"ListItem\",\"position\":3,\"name\":\"Pince \u00e0 cheville placo-alliage d&rsquo;aluminium\"}]},{\"@type\":\"WebSite\",\"@id\":\"https:\/\/www.joker-fastener.com\/#website\",\"url\":\"https:\/\/www.joker-fastener.com\/\",\"name\":\"JOKER INDUSTRIAL CO., LTD\",\"description\":\"Supplier Manufacturer\",\"potentialAction\":[{\"@type\":\"SearchAction\",\"target\":{\"@type\":\"EntryPoint\",\"urlTemplate\":\"https:\/\/www.joker-fastener.com\/?s={search_term_string}\"},\"query-input\":{\"@type\":\"PropertyValueSpecification\",\"valueRequired\":true,\"valueName\":\"search_term_string\"}}],\"inLanguage\":\"fr-FR\"}]}<\/script>\n<!-- \/ Yoast SEO plugin. -->","yoast_head_json":{"title":"Pince \u00e0 cheville placo-alliage d'aluminium - JOKER INDUSTRIAL CO., LTD","robots":{"index":"index","follow":"follow","max-snippet":"max-snippet:-1","max-image-preview":"max-image-preview:large","max-video-preview":"max-video-preview:-1"},"canonical":"https:\/\/www.joker-fastener.com\/fr\/product\/1804\/","og_locale":"fr_FR","og_type":"article","og_title":"Pince \u00e0 cheville placo-alliage d'aluminium - JOKER INDUSTRIAL CO., LTD","og_description":"Pour le r\u00e9glage des fixations murales de la cavit\u00e9 dans les murs \/ stud creux rapidement et avec pr\u00e9cision. 1804 deux types Pince \u00e0 chevilles pour cloison creuse combinent la conception par l&rsquo;ergonomie, en particulier 1804 avec une conception d&rsquo;action de pompe, aide la force l\u00e9g\u00e8re au montage, aident l&rsquo;utilisateur final \u00e0 \u00e9conomiser du travail. [&hellip;]","og_url":"https:\/\/www.joker-fastener.com\/fr\/product\/1804\/","og_site_name":"JOKER INDUSTRIAL CO., LTD","article_modified_time":"2022-09-29T07:06:14+00:00","og_image":[{"width":806,"height":806,"url":"https:\/\/www.joker-fastener.com\/wp-content\/uploads\/2022\/06\/1804-01.jpg","type":"image\/jpeg"}],"twitter_card":"summary_large_image","schema":{"@context":"https:\/\/schema.org","@graph":[{"@type":"WebPage","@id":"https:\/\/www.joker-fastener.com\/fr\/product\/1804\/","url":"https:\/\/www.joker-fastener.com\/fr\/product\/1804\/","name":"Pince \u00e0 cheville placo-alliage d'aluminium - JOKER INDUSTRIAL CO., LTD","isPartOf":{"@id":"https:\/\/www.joker-fastener.com\/#website"},"primaryImageOfPage":{"@id":"https:\/\/www.joker-fastener.com\/fr\/product\/1804\/#primaryimage"},"image":{"@id":"https:\/\/www.joker-fastener.com\/fr\/product\/1804\/#primaryimage"},"thumbnailUrl":"https:\/\/www.joker-fastener.com\/wp-content\/uploads\/2022\/06\/1804-01.jpg","datePublished":"2022-08-11T07:14:45+00:00","dateModified":"2022-09-29T07:06:14+00:00","breadcrumb":{"@id":"https:\/\/www.joker-fastener.com\/fr\/product\/1804\/#breadcrumb"},"inLanguage":"fr-FR","potentialAction":[{"@type":"ReadAction","target":["https:\/\/www.joker-fastener.com\/fr\/product\/1804\/"]}]},{"@type":"ImageObject","inLanguage":"fr-FR","@id":"https:\/\/www.joker-fastener.com\/fr\/product\/1804\/#primaryimage","url":"https:\/\/www.joker-fastener.com\/wp-content\/uploads\/2022\/06\/1804-01.jpg","contentUrl":"https:\/\/www.joker-fastener.com\/wp-content\/uploads\/2022\/06\/1804-01.jpg","width":806,"height":806,"caption":"metal hollow wall anchor mounting tool"},{"@type":"BreadcrumbList","@id":"https:\/\/www.joker-fastener.com\/fr\/product\/1804\/#breadcrumb","itemListElement":[{"@type":"ListItem","position":1,"name":"Home","item":"https:\/\/www.joker-fastener.com\/fr\/"},{"@type":"ListItem","position":2,"name":"Product","item":"https:\/\/www.joker-fastener.com\/product\/"},{"@type":"ListItem","position":3,"name":"Pince \u00e0 cheville placo-alliage d&rsquo;aluminium"}]},{"@type":"WebSite","@id":"https:\/\/www.joker-fastener.com\/#website","url":"https:\/\/www.joker-fastener.com\/","name":"JOKER INDUSTRIAL CO., LTD","description":"Supplier Manufacturer","potentialAction":[{"@type":"SearchAction","target":{"@type":"EntryPoint","urlTemplate":"https:\/\/www.joker-fastener.com\/?s={search_term_string}"},"query-input":{"@type":"PropertyValueSpecification","valueRequired":true,"valueName":"search_term_string"}}],"inLanguage":"fr-FR"}]}},"_links":{"self":[{"href":"https:\/\/www.joker-fastener.com\/fr\/wp-json\/wp\/v2\/product\/4556","targetHints":{"allow":["GET"]}}],"collection":[{"href":"https:\/\/www.joker-fastener.com\/fr\/wp-json\/wp\/v2\/product"}],"about":[{"href":"https:\/\/www.joker-fastener.com\/fr\/wp-json\/wp\/v2\/types\/product"}],"wp:featuredmedia":[{"embeddable":true,"href":"https:\/\/www.joker-fastener.com\/fr\/wp-json\/wp\/v2\/media\/2106"}],"wp:attachment":[{"href":"https:\/\/www.joker-fastener.com\/fr\/wp-json\/wp\/v2\/media?parent=4556"}],"wp:term":[{"taxonomy":"product_brand","embeddable":true,"href":"https:\/\/www.joker-fastener.com\/fr\/wp-json\/wp\/v2\/product_brand?post=4556"},{"taxonomy":"product_cat","embeddable":true,"href":"https:\/\/www.joker-fastener.com\/fr\/wp-json\/wp\/v2\/product_cat?post=4556"},{"taxonomy":"product_tag","embeddable":true,"href":"https:\/\/www.joker-fastener.com\/fr\/wp-json\/wp\/v2\/product_tag?post=4556"}],"curies":[{"name":"wp","href":"https:\/\/api.w.org\/{rel}","templated":true}]}}